{"id":1677,"date":"2018-01-29T13:34:47","date_gmt":"2018-01-29T13:34:47","guid":{"rendered":"http:\/\/localhost\/mira2\/?page_id=1677"},"modified":"2022-09-07T20:37:21","modified_gmt":"2022-09-07T18:37:21","slug":"mobiel-beheer-van-gereedschap-en-materiaal","status":"publish","type":"page","link":"https:\/\/www.mirasoftware.be\/de\/mobile-material-und-werkzeug-verwaltung","title":{"rendered":"Mobiel"},"content":{"rendered":"<div  data-label=\"Features\" data-id=\"features-square-image-section\" data-category=\"features\" class=\"features-square-image-section\" id=\"features-7\" style=\"background-color: #ffffff; background-image: none;\" data-ovid=\"ovid-features-7-824\">\r\n<div  class=\"gridContainer dynamic-color\">\r\n<div  class=\"features-square-image-textrow\">\r\n<div  class=\"features-square-image-textcol\" data-type=\"column\"><\/div>\r\n<\/div>\r\n<div  class=\"features-square-image-innerrow\" data-type=\"row\">\r\n<div  class=\"features-square-image-featcol cp6cols-tablet cp12cols\">\r\n<h2  class=\"\">\u00dcberall den \u00dcberblick behalten<\/h2>\r\n<h3  class=\"\">Werkzeugverfolgung unterwegs oder wo immer Sie sind<\/h3>\r\n<p  class=\"\" style=\"text-align: justify;\">Die mobile Verwaltung von Werkzeugen und Materialien kann \u00fcberall und jederzeit erfolgen. Dank unserer praktischen App k\u00f6nnen Sie Ihr Material, Ihre Ausr\u00fcstung, Werkzeuge, Verbrauchsmaterialien und Ger\u00e4te von \u00fcberall aus verwalten und registrieren. Sie k\u00f6nnen Material im Namen einer Person, eines Projekts, eines Kunden usw. registrieren, aber Sie k\u00f6nnen auch alle Informationen eines bestimmten Werkzeugs abrufen. Ist es Ihnen schon einmal passiert, dass Sie irgendwo eine Maschine finden, von der niemand wei\u00df, wie sie dorthin gekommen ist und wer sie zuletzt benutzt hat? Nun, Mira kann Ihnen genau sagen, wer diese Maschine, wo, wann und wie lange benutzt hat. Sie k\u00f6nnen aber auch sofort mit einem Klick sehen, ob es f\u00fcr diese Maschine <a href=\"https:\/\/www.mirasoftware.be\/de\/modules-materieelbeheer\/reservatiesoftware-materiaal-en-materiaalverhuur\">Materialreservierungen<\/a> gibt, wann sie gewartet oder inspiziert werden sollte, wie die Nutzungshistorie aussieht, usw.<\/p>\r\n\r\n<\/div>\r\n<\/div>\r\n<\/div>\r\n<\/div><div  data-label=\"Content\" data-id=\"content-full-left-image-section\" data-category=\"content\" class=\"content-full-left-image-section\" id=\"content-1\" style=\"background-color: #ffffff; background-image: none;\" data-ovid=\"ovid-content-1-821\">\r\n<div  class=\"content-full-left-image-innerrow\">\r\n<div  data-bg=\"image\" class=\"content-full-left-image-imgcol\" style=\"background-image: url('https:\/\/www.mirasoftware.be\/wp-content\/uploads\/AppWorking.jpg');\"><\/div>\r\n<div  class=\"content-full-left-image-textcol dynamic-color\">\r\n<div  data-type=\"column\" class=\"\">\r\n<h5  class=\"\">Einfach und logisch zu bedienen<\/h5>\r\n<h2  class=\"\">Mobile Werkzeugverwaltung<\/h2>\r\n<p  class=\"\">Dank unserer App k\u00f6nnen Sie die Nutzung oder den Verbrauch von Material auch unterwegs registrieren oder abfragen. Operationen, die auf der App ausgef\u00fchrt werden, werden sofort an die zentrale Datenbank \u00fcbertragen. Eine \u00dcbersicht \u00fcber das Material und die Ger\u00e4te ist somit immer in Echtzeit verf\u00fcgbar. Die Anwendung funktioniert sowohl auf dem Android- als auch auf dem iOS-Betriebssystem und kann auch auf Scannern und Desktops in Ihrer Organisation installiert werden.<\/p>\r\n\r\n<\/div>\r\n<div  class=\"content-full-left-image-featuresrow\">\r\n<div  class=\"content-full-left-image-featurescol\" data-type=\"column\">\r\n<h5  class=\"\">REGISTRATION<\/h5>\r\n<p  class=\"\">Wann wird etwas aus einem Transporter entnommen oder auf einer Baustelle verbraucht?<\/p>\r\n\r\n<h5  class=\"\">TRANSFER<\/h5>\r\n<p  class=\"\">Bewegen Sie Material oder Verbrauchsmaterialien von einem Ort zum anderen.<\/p>\r\n\r\n<\/div>\r\n<div  class=\"content-full-left-image-featurescol\" data-type=\"column\">\r\n<h5  class=\"\">KONSULTATION<\/h5>\r\n<p  class=\"\">Was ist die Geschichte einer Maschine oder eines Teils, das ich irgendwo finde?<\/p>\r\n\r\n<h5  class=\"\">\u00dcBERTRAGUNG<\/h5>\r\n<p  class=\"\">Registrieren Sie, wenn Ihre Mitarbeiter sich gegenseitig Material weitergeben.<\/p>\r\n\r\n<\/div>\r\n<\/div>\r\n<\/div>\r\n<\/div>\r\n<\/div>","protected":false},"excerpt":{"rendered":"<p>Behoud overal het overzicht Opvolging van gereedschap onderweg of waar u ook bent Mobiel beheer van gereedschap en materiaal kan overal en altijd. Dankzij onze handige app kan u uw materiaal, materieel, gereedschap, verbruiksgoederen en toestellen van overal beheren en registreren. U kan materiaal registreren op naam van een persoon, project, klant enz. maar eveneens&hellip; <br \/> <a class=\"button small blue\" href=\"https:\/\/www.mirasoftware.be\/de\/mobile-material-und-werkzeug-verwaltung\">Weiterlesen<\/a><\/p>","protected":false},"author":1,"featured_media":1654,"parent":0,"menu_order":0,"comment_status":"closed","ping_status":"closed","template":"full-width-homepage-header.php","meta":{"_mi_skip_tracking":false,"_exactmetrics_sitenote_active":false,"_exactmetrics_sitenote_note":"","_exactmetrics_sitenote_category":0},"yoast_head":"<!-- This site is optimized with the Yoast SEO Premium plugin v19.2.1 (Yoast SEO v19.6.1) - https:\/\/yoast.com\/wordpress\/plugins\/seo\/ -->\n<title>Mobiel beheer gereedschap materieel en materiaal via app | Mira Software<\/title>\n<meta name=\"description\" content=\"Beheer gereedschap en materiaal. Opvolgen en registreren van gebruik en verbruik onderweg via de mobiele applicatie voor Apple en Android.\" \/>\n<meta name=\"robots\" content=\"index, follow, max-snippet:-1, max-image-preview:large, max-video-preview:-1\" \/>\n<link rel=\"canonical\" href=\"https:\/\/www.mirasoftware.be\/de\/gestione-mobile-dei-materiali-e-strumenti\" \/>\n<meta property=\"og:locale\" content=\"de_DE\" \/>\n<meta property=\"og:type\" content=\"article\" \/>\n<meta property=\"og:title\" content=\"Mobiel\" \/>\n<meta property=\"og:description\" content=\"Behoud overal het overzicht Opvolging van gereedschap onderweg of waar u ook bent Mobiel beheer van gereedschap en materiaal kan overal en altijd. Dankzij\" \/>\n<meta property=\"og:url\" content=\"https:\/\/www.mirasoftware.be\/de\/gestione-mobile-dei-materiali-e-strumenti\" \/>\n<meta property=\"og:site_name\" content=\"Mira Software\" \/>\n<meta property=\"article:publisher\" content=\"https:\/\/www.facebook.com\/MiraSoftware\/\" \/>\n<meta property=\"article:modified_time\" content=\"2022-09-07T18:37:21+00:00\" \/>\n<meta property=\"og:image\" content=\"https:\/\/www.mirasoftware.be\/wp-content\/uploads\/Helm.jpg\" \/>\n\t<meta property=\"og:image:width\" content=\"1491\" \/>\n\t<meta property=\"og:image:height\" content=\"750\" \/>\n\t<meta property=\"og:image:type\" content=\"image\/jpeg\" \/>\n<meta name=\"twitter:card\" content=\"summary_large_image\" \/>\n<meta name=\"twitter:label1\" content=\"Gesch\u00e4tzte Lesezeit\" \/>\n\t<meta name=\"twitter:data1\" content=\"2\u00a0Minuten\" \/>\n<script type=\"application\/ld+json\" class=\"yoast-schema-graph\">{\"@context\":\"https:\/\/schema.org\",\"@graph\":[{\"@type\":\"WebPage\",\"@id\":\"https:\/\/www.mirasoftware.be\/it\/gestione-mobile-dei-materiali-e-strumenti\",\"url\":\"https:\/\/www.mirasoftware.be\/it\/gestione-mobile-dei-materiali-e-strumenti\",\"name\":\"Mobiel beheer gereedschap materieel en materiaal via app | Mira Software\",\"isPartOf\":{\"@id\":\"https:\/\/www.mirasoftware.be\/#website\"},\"datePublished\":\"2018-01-29T13:34:47+00:00\",\"dateModified\":\"2022-09-07T18:37:21+00:00\",\"description\":\"Beheer gereedschap en materiaal. Opvolgen en registreren van gebruik en verbruik onderweg via de mobiele applicatie voor Apple en Android.\",\"breadcrumb\":{\"@id\":\"https:\/\/www.mirasoftware.be\/it\/gestione-mobile-dei-materiali-e-strumenti#breadcrumb\"},\"inLanguage\":\"de\",\"potentialAction\":[{\"@type\":\"ReadAction\",\"target\":[\"https:\/\/www.mirasoftware.be\/it\/gestione-mobile-dei-materiali-e-strumenti\"]}]},{\"@type\":\"BreadcrumbList\",\"@id\":\"https:\/\/www.mirasoftware.be\/it\/gestione-mobile-dei-materiali-e-strumenti#breadcrumb\",\"itemListElement\":[{\"@type\":\"ListItem\",\"position\":1,\"name\":\"Home\",\"item\":\"https:\/\/www.mirasoftware.be\/nl\/\"},{\"@type\":\"ListItem\",\"position\":2,\"name\":\"Mobiel\"}]},{\"@type\":\"WebSite\",\"@id\":\"https:\/\/www.mirasoftware.be\/#website\",\"url\":\"https:\/\/www.mirasoftware.be\/\",\"name\":\"Mira Software\",\"description\":\"Beheer van materiaal\",\"publisher\":{\"@id\":\"https:\/\/www.mirasoftware.be\/#organization\"},\"potentialAction\":[{\"@type\":\"SearchAction\",\"target\":{\"@type\":\"EntryPoint\",\"urlTemplate\":\"https:\/\/www.mirasoftware.be\/?s={search_term_string}\"},\"query-input\":\"required name=search_term_string\"}],\"inLanguage\":\"de\"},{\"@type\":\"Organization\",\"@id\":\"https:\/\/www.mirasoftware.be\/#organization\",\"name\":\"MIRA Software\",\"url\":\"https:\/\/www.mirasoftware.be\/\",\"sameAs\":[\"https:\/\/www.linkedin.com\/company\/mira-software\/\",\"https:\/\/www.youtube.com\/watch?v=XQfjAqMiTiY\",\"https:\/\/www.facebook.com\/MiraSoftware\/\"],\"logo\":{\"@type\":\"ImageObject\",\"inLanguage\":\"de\",\"@id\":\"https:\/\/www.mirasoftware.be\/#\/schema\/logo\/image\/\",\"url\":\"https:\/\/www.mirasoftware.be\/wp-content\/uploads\/Logo-MIRA-Software.jpg\",\"contentUrl\":\"https:\/\/www.mirasoftware.be\/wp-content\/uploads\/Logo-MIRA-Software.jpg\",\"width\":603,\"height\":617,\"caption\":\"MIRA Software\"},\"image\":{\"@id\":\"https:\/\/www.mirasoftware.be\/#\/schema\/logo\/image\/\"}}]}<\/script>\n<!-- \/ Yoast SEO Premium plugin. -->","yoast_head_json":{"title":"Mobile Werkzeug- und Materialverwaltung per App | MIRA Software","description":"Verwalten Sie Werkzeuge und Materialien. Verfolgen und registrieren Sie die Nutzung und den Verbrauch unterwegs \u00fcber die mobile Anwendung f\u00fcr Apple und Android.","robots":{"index":"index","follow":"follow","max-snippet":"max-snippet:-1","max-image-preview":"max-image-preview:large","max-video-preview":"max-video-preview:-1"},"canonical":"https:\/\/www.mirasoftware.be\/de\/gestione-mobile-dei-materiali-e-strumenti","og_locale":"de_DE","og_type":"article","og_title":"Mobiel","og_description":"Behoud overal het overzicht Opvolging van gereedschap onderweg of waar u ook bent Mobiel beheer van gereedschap en materiaal kan overal en altijd. Dankzij","og_url":"https:\/\/www.mirasoftware.be\/de\/gestione-mobile-dei-materiali-e-strumenti","og_site_name":"Mira Software","article_publisher":"https:\/\/www.facebook.com\/MiraSoftware\/","article_modified_time":"2022-09-07T18:37:21+00:00","og_image":[{"width":1491,"height":750,"url":"https:\/\/www.mirasoftware.be\/wp-content\/uploads\/Helm.jpg","type":"image\/jpeg"}],"twitter_card":"summary_large_image","twitter_misc":{"Gesch\u00e4tzte Lesezeit":"2\u00a0Minuten"},"schema":{"@context":"https:\/\/schema.org","@graph":[{"@type":"WebPage","@id":"https:\/\/www.mirasoftware.be\/it\/gestione-mobile-dei-materiali-e-strumenti","url":"https:\/\/www.mirasoftware.be\/it\/gestione-mobile-dei-materiali-e-strumenti","name":"Mobile Werkzeug- und Materialverwaltung per App | MIRA Software","isPartOf":{"@id":"https:\/\/www.mirasoftware.be\/#website"},"datePublished":"2018-01-29T13:34:47+00:00","dateModified":"2022-09-07T18:37:21+00:00","description":"Verwalten Sie Werkzeuge und Materialien. Verfolgen und registrieren Sie die Nutzung und den Verbrauch unterwegs \u00fcber die mobile Anwendung f\u00fcr Apple und Android.","breadcrumb":{"@id":"https:\/\/www.mirasoftware.be\/it\/gestione-mobile-dei-materiali-e-strumenti#breadcrumb"},"inLanguage":"de","potentialAction":[{"@type":"ReadAction","target":["https:\/\/www.mirasoftware.be\/it\/gestione-mobile-dei-materiali-e-strumenti"]}]},{"@type":"BreadcrumbList","@id":"https:\/\/www.mirasoftware.be\/it\/gestione-mobile-dei-materiali-e-strumenti#breadcrumb","itemListElement":[{"@type":"ListItem","position":1,"name":"Home","item":"https:\/\/www.mirasoftware.be\/nl\/"},{"@type":"ListItem","position":2,"name":"Mobiel"}]},{"@type":"WebSite","@id":"https:\/\/www.mirasoftware.be\/#website","url":"https:\/\/www.mirasoftware.be\/","name":"MIRA Software","description":"Materialmanagement","publisher":{"@id":"https:\/\/www.mirasoftware.be\/#organization"},"potentialAction":[{"@type":"SearchAction","target":{"@type":"EntryPoint","urlTemplate":"https:\/\/www.mirasoftware.be\/?s={search_term_string}"},"query-input":"required name=search_term_string"}],"inLanguage":"de"},{"@type":"Organization","@id":"https:\/\/www.mirasoftware.be\/#organization","name":"MIRA Software","url":"https:\/\/www.mirasoftware.be\/","sameAs":["https:\/\/www.linkedin.com\/company\/mira-software\/","https:\/\/www.youtube.com\/watch?v=XQfjAqMiTiY","https:\/\/www.facebook.com\/MiraSoftware\/"],"logo":{"@type":"ImageObject","inLanguage":"de","@id":"https:\/\/www.mirasoftware.be\/#\/schema\/logo\/image\/","url":"https:\/\/www.mirasoftware.be\/wp-content\/uploads\/Logo-MIRA-Software.jpg","contentUrl":"https:\/\/www.mirasoftware.be\/wp-content\/uploads\/Logo-MIRA-Software.jpg","width":603,"height":617,"caption":"MIRA Software"},"image":{"@id":"https:\/\/www.mirasoftware.be\/#\/schema\/logo\/image\/"}}]}},"_links":{"self":[{"href":"https:\/\/www.mirasoftware.be\/de\/wp-json\/wp\/v2\/pages\/1677"}],"collection":[{"href":"https:\/\/www.mirasoftware.be\/de\/wp-json\/wp\/v2\/pages"}],"about":[{"href":"https:\/\/www.mirasoftware.be\/de\/wp-json\/wp\/v2\/types\/page"}],"author":[{"embeddable":true,"href":"https:\/\/www.mirasoftware.be\/de\/wp-json\/wp\/v2\/users\/1"}],"replies":[{"embeddable":true,"href":"https:\/\/www.mirasoftware.be\/de\/wp-json\/wp\/v2\/comments?post=1677"}],"version-history":[{"count":51,"href":"https:\/\/www.mirasoftware.be\/de\/wp-json\/wp\/v2\/pages\/1677\/revisions"}],"predecessor-version":[{"id":4528,"href":"https:\/\/www.mirasoftware.be\/de\/wp-json\/wp\/v2\/pages\/1677\/revisions\/4528"}],"wp:featuredmedia":[{"embeddable":true,"href":"https:\/\/www.mirasoftware.be\/de\/wp-json\/wp\/v2\/media\/1654"}],"wp:attachment":[{"href":"https:\/\/www.mirasoftware.be\/de\/wp-json\/wp\/v2\/media?parent=1677"}],"curies":[{"name":"wp","href":"https:\/\/api.w.org\/{rel}","templated":true}]}}