{"id":1781,"date":"2018-03-10T14:58:50","date_gmt":"2018-03-10T14:58:50","guid":{"rendered":"http:\/\/localhost\/mira2\/?page_id=1781"},"modified":"2022-09-07T20:38:27","modified_gmt":"2022-09-07T18:38:27","slug":"formulier-koppelen-aan-materiaal","status":"publish","type":"page","link":"https:\/\/www.mirasoftware.be\/de\/formular-mit-material-verknupfen","title":{"rendered":"Formen"},"content":{"rendered":"<div  data-label=\"Features\" data-id=\"features-square-image-section\" data-category=\"features\" class=\"features-square-image-section\" id=\"features-7\" style=\"background-color: #ffffff; background-image: none;\" data-ovid=\"ovid-features-7-1676\">\r\n<div  class=\"dynamic-color gridContainer\">\r\n<div  class=\"features-square-image-textrow\">\r\n<div  class=\"features-square-image-textcol\" data-type=\"column\"><\/div>\r\n<\/div>\r\n<div  class=\"features-square-image-innerrow\" data-type=\"row\">\r\n<div  class=\"features-square-image-featcol cp6cols-tablet cp12cols\">\r\n<h3  class=\"\">Kontrollieren Sie mit einem Formular, was Sie mitnehmen oder zur\u00fcckbringen!<\/h3>\r\n<p  class=\"\">Formulare und Kontrolllisten sind sehr praktisch! Wahrscheinlich ist es auch in Ihrem Unternehmen oder Ihrer Organisation schon vorgekommen, dass jemand Material mitnimmt und\/oder zur\u00fcckgibt, das sich hinterher als unvollst\u00e4ndig oder besch\u00e4digt herausstellt. MIRA Software kann Ihnen daf\u00fcr eine L\u00f6sung anbieten. Verwenden Sie ein Formular, wenn etwas weggeht oder zur\u00fcckkommt!<\/p>\r\n<p  class=\"\">Dank dieser Checklisten k\u00f6nnen Sie mit MIRA Software ganz einfach Frageb\u00f6gen erstellen, die Sie dann mit einem Ger\u00e4t, einer Anlage oder einem anderen Artikel verkn\u00fcpfen k\u00f6nnen. Wenn Sie z. B. eine Bohrmaschine ausleihen, k\u00f6nnen Sie fragen, ob der Bohrkopf noch in gutem Zustand ist oder ob der Akku nach dem Gebrauch bereits geladen wurde. Jedes Mal, wenn etwas Ihr Unternehmen verl\u00e4sst oder wenn etwas zur\u00fcckkommt, wird der Fragebogen auf dem Bildschirm angezeigt. Das Ausf\u00fcllen ist f\u00fcr den Verleiher obligatorisch. Auf diese Weise vermeiden Sie unangenehme \u00dcberraschungen f\u00fcr Ihre Mitarbeiter, Kunden, Subunternehmer und so weiter. Dar\u00fcber hinaus behalten Sie eine bessere Kontrolle, was wiederum eine h\u00f6here Rendite gew\u00e4hrleistet. Einfach, nicht wahr?<\/p>\r\n\r\n<\/div>\r\n<\/div>\r\n<\/div>\r\n<\/div><div  data-label=\"Content\" data-id=\"content-image-left\" data-category=\"content\" class=\"content-left-image-section content-image-left\" id=\"content-3\" style=\"background-color: #ffffff; background-image: none;\" data-ovid=\"ovid-content-3-1606\">\r\n<div  class=\"gridContainer\">\r\n<div  class=\"row\">\r\n<div  class=\"content-left-image-imgcol\" data-type=\"column\"><img decoding=\"async\" loading=\"lazy\"  src=\"https:\/\/www.mirasoftware.be\/wp-content\/uploads\/checklist-1-scaled.jpg\" class=\"alignnone\" width=\"2560\" height=\"1707\" alt=\"Formular beim Ausleihen und Zur\u00fcckgeben von Materialien und Werkzeugen\"><\/div>\r\n<div  class=\"content-left-image-textcol dynamic-color\" data-type=\"column\">\r\n<h2  class=\"\">Erstellen Sie Ihre eigenen Frageb\u00f6gen<\/h2>\r\n<p  class=\"\">Sie entscheiden, was f\u00fcr Sie wichtig ist und was nicht. Jedem Ger\u00e4t kann eine separate Checkliste mit den Punkten beigef\u00fcgt werden, die Sie \u00fcberpr\u00fcft sehen m\u00f6chten, wenn dieses Ger\u00e4t Ihr Unternehmen verl\u00e4sst und\/oder zur\u00fcckkehrt.<\/p>\r\n<a class=\"button color1\" href=\"https:\/\/www.mirasoftware.be\/de\/contact\" target=\"_self\" data-icon=\"\" rel=\"noopener noreferrer\"> kontaktieren Sie uns <\/a>\r\n\r\n<\/div>\r\n<\/div>\r\n<\/div>\r\n<\/div>","protected":false},"excerpt":{"rendered":"<p>Controleer wat u meegeeft of terugneemt met een formulier! Formulieren en checklists zijn zeer handig! Het is in uw bedrijf of organisatie waarschijnlijk wel al&nbsp; eens voorgevallen dat iemand materiaal meeneemt en\/of terugbrengt, waarvan achteraf blijkt dat het onvolledig of beschadigd is. MIRA Software kan u hiervoor een oplossing bieden. Gebruik een formulier wanneer iets&hellip; <br \/> <a class=\"button small blue\" href=\"https:\/\/www.mirasoftware.be\/de\/formular-mit-material-verknupfen\">Weiterlesen<\/a><\/p>","protected":false},"author":1,"featured_media":0,"parent":0,"menu_order":0,"comment_status":"closed","ping_status":"closed","template":"page-templates\/homepage.php","meta":{"_mi_skip_tracking":false,"_exactmetrics_sitenote_active":false,"_exactmetrics_sitenote_note":"","_exactmetrics_sitenote_category":0},"yoast_head":"<!-- This site is optimized with the Yoast SEO Premium plugin v19.2.1 (Yoast SEO v19.6.1) - https:\/\/yoast.com\/wordpress\/plugins\/seo\/ -->\n<title>Formulier koppelen aan apparaten voor opvolging | Mira Software<\/title>\n<meta name=\"description\" content=\"Koppel de formulieren in MIRA aan uw materieel, toestellen, apparaten en gereedschap bij het uitlenen en binnenkomen voor betere controle.\" \/>\n<meta name=\"robots\" content=\"index, follow, max-snippet:-1, max-image-preview:large, max-video-preview:-1\" \/>\n<link rel=\"canonical\" href=\"https:\/\/www.mirasoftware.be\/de\/form-linking-to-material\" \/>\n<meta property=\"og:locale\" content=\"de_DE\" \/>\n<meta property=\"og:type\" content=\"article\" \/>\n<meta property=\"og:title\" content=\"Formulieren\" \/>\n<meta property=\"og:description\" content=\"Controleer wat u meegeeft of terugneemt met een formulier! Formulieren en checklists zijn zeer handig! Het is in uw bedrijf of organisatie waarschijnlijk\" \/>\n<meta property=\"og:url\" content=\"https:\/\/www.mirasoftware.be\/de\/form-linking-to-material\" \/>\n<meta property=\"og:site_name\" content=\"Mira Software\" \/>\n<meta property=\"article:publisher\" content=\"https:\/\/www.facebook.com\/MiraSoftware\/\" \/>\n<meta property=\"article:modified_time\" content=\"2022-09-07T18:38:27+00:00\" \/>\n<meta property=\"og:image\" content=\"https:\/\/www.mirasoftware.be\/wp-content\/uploads\/checklist-1-scaled.jpg\" \/>\n<meta name=\"twitter:card\" content=\"summary_large_image\" \/>\n<meta name=\"twitter:label1\" content=\"Gesch\u00e4tzte Lesezeit\" \/>\n\t<meta name=\"twitter:data1\" content=\"2\u00a0Minuten\" \/>\n<script type=\"application\/ld+json\" class=\"yoast-schema-graph\">{\"@context\":\"https:\/\/schema.org\",\"@graph\":[{\"@type\":\"WebPage\",\"@id\":\"https:\/\/www.mirasoftware.be\/en_gb\/form-linking-to-material\",\"url\":\"https:\/\/www.mirasoftware.be\/en_gb\/form-linking-to-material\",\"name\":\"Formulier koppelen aan apparaten voor opvolging | Mira Software\",\"isPartOf\":{\"@id\":\"https:\/\/www.mirasoftware.be\/#website\"},\"datePublished\":\"2018-03-10T14:58:50+00:00\",\"dateModified\":\"2022-09-07T18:38:27+00:00\",\"description\":\"Koppel de formulieren in MIRA aan uw materieel, toestellen, apparaten en gereedschap bij het uitlenen en binnenkomen voor betere controle.\",\"breadcrumb\":{\"@id\":\"https:\/\/www.mirasoftware.be\/en_gb\/form-linking-to-material#breadcrumb\"},\"inLanguage\":\"de\",\"potentialAction\":[{\"@type\":\"ReadAction\",\"target\":[\"https:\/\/www.mirasoftware.be\/en_gb\/form-linking-to-material\"]}]},{\"@type\":\"BreadcrumbList\",\"@id\":\"https:\/\/www.mirasoftware.be\/en_gb\/form-linking-to-material#breadcrumb\",\"itemListElement\":[{\"@type\":\"ListItem\",\"position\":1,\"name\":\"Home\",\"item\":\"https:\/\/www.mirasoftware.be\/nl\/\"},{\"@type\":\"ListItem\",\"position\":2,\"name\":\"Formulieren\"}]},{\"@type\":\"WebSite\",\"@id\":\"https:\/\/www.mirasoftware.be\/#website\",\"url\":\"https:\/\/www.mirasoftware.be\/\",\"name\":\"Mira Software\",\"description\":\"Beheer van materiaal\",\"publisher\":{\"@id\":\"https:\/\/www.mirasoftware.be\/#organization\"},\"potentialAction\":[{\"@type\":\"SearchAction\",\"target\":{\"@type\":\"EntryPoint\",\"urlTemplate\":\"https:\/\/www.mirasoftware.be\/?s={search_term_string}\"},\"query-input\":\"required name=search_term_string\"}],\"inLanguage\":\"de\"},{\"@type\":\"Organization\",\"@id\":\"https:\/\/www.mirasoftware.be\/#organization\",\"name\":\"MIRA Software\",\"url\":\"https:\/\/www.mirasoftware.be\/\",\"sameAs\":[\"https:\/\/www.linkedin.com\/company\/mira-software\/\",\"https:\/\/www.youtube.com\/watch?v=XQfjAqMiTiY\",\"https:\/\/www.facebook.com\/MiraSoftware\/\"],\"logo\":{\"@type\":\"ImageObject\",\"inLanguage\":\"de\",\"@id\":\"https:\/\/www.mirasoftware.be\/#\/schema\/logo\/image\/\",\"url\":\"https:\/\/www.mirasoftware.be\/wp-content\/uploads\/Logo-MIRA-Software.jpg\",\"contentUrl\":\"https:\/\/www.mirasoftware.be\/wp-content\/uploads\/Logo-MIRA-Software.jpg\",\"width\":603,\"height\":617,\"caption\":\"MIRA Software\"},\"image\":{\"@id\":\"https:\/\/www.mirasoftware.be\/#\/schema\/logo\/image\/\"}}]}<\/script>\n<!-- \/ Yoast SEO Premium plugin. -->","yoast_head_json":{"title":"Formular an Ger\u00e4te zur Nachverfolgung verkn\u00fcpfen | MIRA Software","description":"Verkn\u00fcpfen Sie die Formulare in MIRA mit Ihren Anlagen, Ger\u00e4ten und Werkzeugen, wenn diese ausgeliehen und eingebracht werden, um eine bessere Kontrolle zu haben.","robots":{"index":"index","follow":"follow","max-snippet":"max-snippet:-1","max-image-preview":"max-image-preview:large","max-video-preview":"max-video-preview:-1"},"canonical":"https:\/\/www.mirasoftware.be\/de\/form-linking-to-material","og_locale":"de_DE","og_type":"article","og_title":"Formulieren","og_description":"Controleer wat u meegeeft of terugneemt met een formulier! Formulieren en checklists zijn zeer handig! Het is in uw bedrijf of organisatie waarschijnlijk","og_url":"https:\/\/www.mirasoftware.be\/de\/form-linking-to-material","og_site_name":"Mira Software","article_publisher":"https:\/\/www.facebook.com\/MiraSoftware\/","article_modified_time":"2022-09-07T18:38:27+00:00","og_image":[{"url":"https:\/\/www.mirasoftware.be\/wp-content\/uploads\/checklist-1-scaled.jpg"}],"twitter_card":"summary_large_image","twitter_misc":{"Gesch\u00e4tzte Lesezeit":"2\u00a0Minuten"},"schema":{"@context":"https:\/\/schema.org","@graph":[{"@type":"WebPage","@id":"https:\/\/www.mirasoftware.be\/en_gb\/form-linking-to-material","url":"https:\/\/www.mirasoftware.be\/en_gb\/form-linking-to-material","name":"Formular an Ger\u00e4te zur Nachverfolgung verkn\u00fcpfen | MIRA Software","isPartOf":{"@id":"https:\/\/www.mirasoftware.be\/#website"},"datePublished":"2018-03-10T14:58:50+00:00","dateModified":"2022-09-07T18:38:27+00:00","description":"Verkn\u00fcpfen Sie die Formulare in MIRA mit Ihren Anlagen, Ger\u00e4ten und Werkzeugen, wenn diese ausgeliehen und eingebracht werden, um eine bessere Kontrolle zu haben.","breadcrumb":{"@id":"https:\/\/www.mirasoftware.be\/en_gb\/form-linking-to-material#breadcrumb"},"inLanguage":"de","potentialAction":[{"@type":"ReadAction","target":["https:\/\/www.mirasoftware.be\/en_gb\/form-linking-to-material"]}]},{"@type":"BreadcrumbList","@id":"https:\/\/www.mirasoftware.be\/en_gb\/form-linking-to-material#breadcrumb","itemListElement":[{"@type":"ListItem","position":1,"name":"Home","item":"https:\/\/www.mirasoftware.be\/nl\/"},{"@type":"ListItem","position":2,"name":"Formulieren"}]},{"@type":"WebSite","@id":"https:\/\/www.mirasoftware.be\/#website","url":"https:\/\/www.mirasoftware.be\/","name":"MIRA Software","description":"Materialmanagement","publisher":{"@id":"https:\/\/www.mirasoftware.be\/#organization"},"potentialAction":[{"@type":"SearchAction","target":{"@type":"EntryPoint","urlTemplate":"https:\/\/www.mirasoftware.be\/?s={search_term_string}"},"query-input":"required name=search_term_string"}],"inLanguage":"de"},{"@type":"Organization","@id":"https:\/\/www.mirasoftware.be\/#organization","name":"MIRA Software","url":"https:\/\/www.mirasoftware.be\/","sameAs":["https:\/\/www.linkedin.com\/company\/mira-software\/","https:\/\/www.youtube.com\/watch?v=XQfjAqMiTiY","https:\/\/www.facebook.com\/MiraSoftware\/"],"logo":{"@type":"ImageObject","inLanguage":"de","@id":"https:\/\/www.mirasoftware.be\/#\/schema\/logo\/image\/","url":"https:\/\/www.mirasoftware.be\/wp-content\/uploads\/Logo-MIRA-Software.jpg","contentUrl":"https:\/\/www.mirasoftware.be\/wp-content\/uploads\/Logo-MIRA-Software.jpg","width":603,"height":617,"caption":"MIRA Software"},"image":{"@id":"https:\/\/www.mirasoftware.be\/#\/schema\/logo\/image\/"}}]}},"_links":{"self":[{"href":"https:\/\/www.mirasoftware.be\/de\/wp-json\/wp\/v2\/pages\/1781"}],"collection":[{"href":"https:\/\/www.mirasoftware.be\/de\/wp-json\/wp\/v2\/pages"}],"about":[{"href":"https:\/\/www.mirasoftware.be\/de\/wp-json\/wp\/v2\/types\/page"}],"author":[{"embeddable":true,"href":"https:\/\/www.mirasoftware.be\/de\/wp-json\/wp\/v2\/users\/1"}],"replies":[{"embeddable":true,"href":"https:\/\/www.mirasoftware.be\/de\/wp-json\/wp\/v2\/comments?post=1781"}],"version-history":[{"count":30,"href":"https:\/\/www.mirasoftware.be\/de\/wp-json\/wp\/v2\/pages\/1781\/revisions"}],"predecessor-version":[{"id":4529,"href":"https:\/\/www.mirasoftware.be\/de\/wp-json\/wp\/v2\/pages\/1781\/revisions\/4529"}],"wp:attachment":[{"href":"https:\/\/www.mirasoftware.be\/de\/wp-json\/wp\/v2\/media?parent=1781"}],"curies":[{"name":"wp","href":"https:\/\/api.w.org\/{rel}","templated":true}]}}