{"id":1988,"date":"2018-08-02T14:16:09","date_gmt":"2018-08-02T14:16:09","guid":{"rendered":"\/?page_id=1988"},"modified":"2021-01-12T17:16:40","modified_gmt":"2021-01-12T15:16:40","slug":"contact","status":"publish","type":"page","link":"https:\/\/www.mirasoftware.be\/de\/kontakt","title":{"rendered":"Kontakt"},"content":{"rendered":"<h2>Contactinfo<\/h2>\r\n<table style=\"width: 100%;\">\r\n<tbody>\r\n<tr>\r\n<th>\r\n<h3>Wie k\u00f6nnen wir helfen?<\/h3>\r\n\n<div class=\"wpcf7 no-js\" id=\"wpcf7-f1746-o1\" lang=\"en-US\" dir=\"ltr\">\n<div class=\"screen-reader-response\"><p role=\"status\" aria-live=\"polite\" aria-atomic=\"true\"><\/p> <ul><\/ul><\/div>\n<form action=\"\/de\/wp-json\/wp\/v2\/pages\/1988#wpcf7-f1746-o1\" method=\"post\" class=\"wpcf7-form init\" aria-label=\"Contact form\" novalidate=\"novalidate\" data-status=\"init\" data-trp-original-action=\"\/de\/wp-json\/wp\/v2\/pages\/1988#wpcf7-f1746-o1\">\n<div style=\"display: none;\">\n<input type=\"hidden\" name=\"_wpcf7\" value=\"1746\" \/>\n<input type=\"hidden\" name=\"_wpcf7_version\" value=\"5.7.6\" \/>\n<input type=\"hidden\" name=\"_wpcf7_locale\" value=\"en_US\" \/>\n<input type=\"hidden\" name=\"_wpcf7_unit_tag\" value=\"wpcf7-f1746-o1\" \/>\n<input type=\"hidden\" name=\"_wpcf7_container_post\" value=\"0\" \/>\n<input type=\"hidden\" name=\"_wpcf7_posted_data_hash\" value=\"\" \/>\n<input type=\"hidden\" name=\"_wpcf7_recaptcha_response\" value=\"\" \/>\n<\/div>\n<p><label> Ihr Name (*)<br \/>\n<span class=\"wpcf7-form-control-wrap\" data-name=\"your-name\"><input size=\"40\" class=\"wpcf7-form-control wpcf7-text wpcf7-validates-as-required\" aria-required=\"true\" aria-invalid=\"false\" value=\"\" type=\"text\" name=\"your-name\" \/><\/span> <\/label>\n<\/p>\n<p><label> Ihre E-Mail Adresse (*)<br \/>\n<span class=\"wpcf7-form-control-wrap\" data-name=\"your-email\"><input size=\"40\" class=\"wpcf7-form-control wpcf7-text wpcf7-email wpcf7-validates-as-required wpcf7-validates-as-email\" aria-required=\"true\" aria-invalid=\"false\" value=\"\" type=\"email\" name=\"your-email\" \/><\/span> <\/label>\n<\/p>\n<p><label> Ihr Unternehmen oder Ihre Organisation<br \/>\n<span class=\"wpcf7-form-control-wrap\" data-name=\"your-subject\"><input size=\"40\" class=\"wpcf7-form-control wpcf7-text\" aria-invalid=\"false\" value=\"\" type=\"text\" name=\"your-subject\" \/><\/span> <\/label>\n<\/p>\n<p><label> Ihre Telefonnummer<br \/>\n<span class=\"wpcf7-form-control-wrap\" data-name=\"tel-36\"><input size=\"40\" class=\"wpcf7-form-control wpcf7-text wpcf7-tel wpcf7-validates-as-tel\" aria-invalid=\"false\" value=\"\" type=\"tel\" name=\"tel-36\" \/><\/span> <\/label>\n<\/p>\n<p><label> Zus\u00e4tzliche Informationen<br \/>\n<span class=\"wpcf7-form-control-wrap\" data-name=\"your-message\"><textarea cols=\"40\" rows=\"10\" class=\"wpcf7-form-control wpcf7-textarea\" aria-invalid=\"false\" name=\"your-message\"><\/textarea><\/span> <\/label>\n<\/p>\n<span class=\"wpcf7-form-control-wrap recaptcha\" data-name=\"recaptcha\"><span data-sitekey=\"6Lc9ssYZAAAAAIsjdDQayZ5d2RNoch0_YqgrwuLd\" class=\"wpcf7-form-control g-recaptcha wpcf7-recaptcha\"><\/span>\r\n<noscript>\r\n\t<div class=\"grecaptcha-noscript\">\r\n\t\t<iframe src=\"https:\/\/www.google.com\/recaptcha\/api\/fallback?k=6Lc9ssYZAAAAAIsjdDQayZ5d2RNoch0_YqgrwuLd\" frameborder=\"0\" scrolling=\"no\" width=\"310\" height=\"430\">\r\n\t\t<\/iframe>\r\n\t\t<textarea name=\"g-recaptcha-response\" rows=\"3\" cols=\"40\" placeholder=\"reCaptcha Response Here\">\r\n\t\t<\/textarea>\r\n\t<\/div>\r\n<\/noscript>\r\n<\/span>\n<p><input class=\"wpcf7-form-control has-spinner wpcf7-submit\" type=\"submit\" value=\"Versenden\" \/>\n<\/p><input\n                    class=\"apbct_special_field apbct_email_id__wp_contact_form_7\"\n                    name=\"apbct__email_id__wp_contact_form_7\"\n                    aria-label=\"apbct__label_id__wp_contact_form_7\"\n                    type=\"text\" size=\"30\" maxlength=\"200\" autocomplete=\"off\"\n                    value=\"\"\n                \/><input type='hidden' class='wpcf7-pum' value='{\"closepopup\":false,\"closedelay\":0,\"openpopup\":false,\"openpopup_id\":0}' \/><div class=\"wpcf7-response-output\" aria-hidden=\"true\"><\/div>\n<input type=\"hidden\" name=\"trp-form-language\" value=\"de\"\/><\/form>\n<\/div>\n<\/th>\r\n<th>\r\n<h3 style=\"text-align: right;\">Administration<\/h3>\r\n<p style=\"text-align: right;\"><\/p>\r\n<p style=\"text-align: right;\">Mira ist ein Produkt von <a href=\"http:\/\/www.izit.be\">IZIT bvba<\/a><\/p>\r\n<p style=\"text-align: right;\">Dokter Armand Rubbensstraat 1<\/p>\r\n<p style=\"text-align: right;\">9240 Zele<\/p>\r\n<p style=\"text-align: right;\">t: +32 (0)52 52 07 49<\/p>\r\n<p style=\"text-align: right;\">BE0876 820 414<\/p>\r\n<h3 style=\"text-align: right;\">Helpdesk<\/h3>\r\n<p style=\"text-align: right;\"><\/p>\r\n<p style=\"text-align: right;\">Sie sind bereits Kunde und Sie haben eine Frage?<\/p>\r\n<p style=\"text-align: right;\"><a href=\"mailto:support@mirasoftware.be\">support@mirasoftware.be<\/a><\/p>\r\n<p style=\"text-align: right;\">t: +32 (0)52 52 07 49<\/p>\r\n<\/th>\r\n<\/tr>\r\n<\/tbody>\r\n<\/table>","protected":false},"excerpt":{"rendered":"<p>Contactinfo Waarmee kunnen we helpen? Administratie Mira is een product van IZIT bvba Dokter Armand Rubbensstraat 1 9240 Zele t: +32 (0)52 52 07 49 BE0876 820 414 Helpdesk Reeds klant en een vraag? support@mirasoftware.be t: +32 (0)52 52 07 49<\/p>","protected":false},"author":1,"featured_media":0,"parent":0,"menu_order":0,"comment_status":"closed","ping_status":"closed","template":"page-templates\/homepage.php","meta":{"_mi_skip_tracking":false,"_exactmetrics_sitenote_active":false,"_exactmetrics_sitenote_note":"","_exactmetrics_sitenote_category":0},"yoast_head":"<!-- This site is optimized with the Yoast SEO Premium plugin v19.2.1 (Yoast SEO v19.6.1) - https:\/\/yoast.com\/wordpress\/plugins\/seo\/ -->\n<title>Contactinfo Mira software reservatie reservering materiaal en toestellen<\/title>\n<meta name=\"description\" content=\"Contactinfo Mira beheer en digitalisering van materiaal en gereedschap. Opvolging voorraad stock en registratie gebruik materieel. reservatie software\" \/>\n<meta name=\"robots\" content=\"index, follow, max-snippet:-1, max-image-preview:large, max-video-preview:-1\" \/>\n<link rel=\"canonical\" href=\"https:\/\/www.mirasoftware.be\/de\/contact\" \/>\n<meta property=\"og:locale\" content=\"de_DE\" \/>\n<meta property=\"og:type\" content=\"article\" \/>\n<meta property=\"og:title\" content=\"Contact\" \/>\n<meta property=\"og:description\" content=\"Contactinfo Waarmee kunnen we helpen? Administratie Mira is een product van IZIT bvba Dokter Armand Rubbensstraat 1 9240 Zele t: +32 (0)52 52 07 49 BE0876\" \/>\n<meta property=\"og:url\" content=\"https:\/\/www.mirasoftware.be\/de\/contact\" \/>\n<meta property=\"og:site_name\" content=\"Mira Software\" \/>\n<meta property=\"article:publisher\" content=\"https:\/\/www.facebook.com\/MiraSoftware\/\" \/>\n<meta property=\"article:modified_time\" content=\"2021-01-12T15:16:40+00:00\" \/>\n<meta name=\"twitter:card\" content=\"summary_large_image\" \/>\n<script type=\"application\/ld+json\" class=\"yoast-schema-graph\">{\"@context\":\"https:\/\/schema.org\",\"@graph\":[{\"@type\":\"WebPage\",\"@id\":\"https:\/\/www.mirasoftware.be\/nl\/contact\",\"url\":\"https:\/\/www.mirasoftware.be\/nl\/contact\",\"name\":\"Contactinfo Mira software reservatie reservering materiaal en toestellen\",\"isPartOf\":{\"@id\":\"https:\/\/www.mirasoftware.be\/#website\"},\"datePublished\":\"2018-08-02T14:16:09+00:00\",\"dateModified\":\"2021-01-12T15:16:40+00:00\",\"description\":\"Contactinfo Mira beheer en digitalisering van materiaal en gereedschap. Opvolging voorraad stock en registratie gebruik materieel. reservatie software\",\"breadcrumb\":{\"@id\":\"https:\/\/www.mirasoftware.be\/nl\/contact#breadcrumb\"},\"inLanguage\":\"de\",\"potentialAction\":[{\"@type\":\"ReadAction\",\"target\":[\"https:\/\/www.mirasoftware.be\/nl\/contact\"]}]},{\"@type\":\"BreadcrumbList\",\"@id\":\"https:\/\/www.mirasoftware.be\/nl\/contact#breadcrumb\",\"itemListElement\":[{\"@type\":\"ListItem\",\"position\":1,\"name\":\"Home\",\"item\":\"https:\/\/www.mirasoftware.be\/nl\/\"},{\"@type\":\"ListItem\",\"position\":2,\"name\":\"Contact\"}]},{\"@type\":\"WebSite\",\"@id\":\"https:\/\/www.mirasoftware.be\/#website\",\"url\":\"https:\/\/www.mirasoftware.be\/\",\"name\":\"Mira Software\",\"description\":\"Beheer van materiaal\",\"publisher\":{\"@id\":\"https:\/\/www.mirasoftware.be\/#organization\"},\"potentialAction\":[{\"@type\":\"SearchAction\",\"target\":{\"@type\":\"EntryPoint\",\"urlTemplate\":\"https:\/\/www.mirasoftware.be\/?s={search_term_string}\"},\"query-input\":\"required name=search_term_string\"}],\"inLanguage\":\"de\"},{\"@type\":\"Organization\",\"@id\":\"https:\/\/www.mirasoftware.be\/#organization\",\"name\":\"MIRA Software\",\"url\":\"https:\/\/www.mirasoftware.be\/\",\"sameAs\":[\"https:\/\/www.linkedin.com\/company\/mira-software\/\",\"https:\/\/www.youtube.com\/watch?v=XQfjAqMiTiY\",\"https:\/\/www.facebook.com\/MiraSoftware\/\"],\"logo\":{\"@type\":\"ImageObject\",\"inLanguage\":\"de\",\"@id\":\"https:\/\/www.mirasoftware.be\/#\/schema\/logo\/image\/\",\"url\":\"https:\/\/www.mirasoftware.be\/wp-content\/uploads\/Logo-MIRA-Software.jpg\",\"contentUrl\":\"https:\/\/www.mirasoftware.be\/wp-content\/uploads\/Logo-MIRA-Software.jpg\",\"width\":603,\"height\":617,\"caption\":\"MIRA Software\"},\"image\":{\"@id\":\"https:\/\/www.mirasoftware.be\/#\/schema\/logo\/image\/\"}}]}<\/script>\n<!-- \/ Yoast SEO Premium plugin. -->","yoast_head_json":{"title":"Kontaktinfo Mira Software, Reservierung, Ausr\u00fcstung und Ger\u00e4te","description":"Kontakt Mira Verwaltung und Digitalisierung von Material und Werkzeugen. \u00dcberwachung des Bestands und Registrierung der Nutzung von Ger\u00e4ten. Reservierungssoftware.","robots":{"index":"index","follow":"follow","max-snippet":"max-snippet:-1","max-image-preview":"max-image-preview:large","max-video-preview":"max-video-preview:-1"},"canonical":"https:\/\/www.mirasoftware.be\/de\/contact","og_locale":"de_DE","og_type":"article","og_title":"Contact","og_description":"Contactinfo Waarmee kunnen we helpen? Administratie Mira is een product van IZIT bvba Dokter Armand Rubbensstraat 1 9240 Zele t: +32 (0)52 52 07 49 BE0876","og_url":"https:\/\/www.mirasoftware.be\/de\/contact","og_site_name":"Mira Software","article_publisher":"https:\/\/www.facebook.com\/MiraSoftware\/","article_modified_time":"2021-01-12T15:16:40+00:00","twitter_card":"summary_large_image","schema":{"@context":"https:\/\/schema.org","@graph":[{"@type":"WebPage","@id":"https:\/\/www.mirasoftware.be\/nl\/contact","url":"https:\/\/www.mirasoftware.be\/nl\/contact","name":"Kontaktinfo Mira Software, Reservierung, Ausr\u00fcstung und Ger\u00e4te","isPartOf":{"@id":"https:\/\/www.mirasoftware.be\/#website"},"datePublished":"2018-08-02T14:16:09+00:00","dateModified":"2021-01-12T15:16:40+00:00","description":"Kontakt Mira Verwaltung und Digitalisierung von Material und Werkzeugen. \u00dcberwachung des Bestands und Registrierung der Nutzung von Ger\u00e4ten. Reservierungssoftware.","breadcrumb":{"@id":"https:\/\/www.mirasoftware.be\/nl\/contact#breadcrumb"},"inLanguage":"de","potentialAction":[{"@type":"ReadAction","target":["https:\/\/www.mirasoftware.be\/nl\/contact"]}]},{"@type":"BreadcrumbList","@id":"https:\/\/www.mirasoftware.be\/nl\/contact#breadcrumb","itemListElement":[{"@type":"ListItem","position":1,"name":"Home","item":"https:\/\/www.mirasoftware.be\/nl\/"},{"@type":"ListItem","position":2,"name":"Contact"}]},{"@type":"WebSite","@id":"https:\/\/www.mirasoftware.be\/#website","url":"https:\/\/www.mirasoftware.be\/","name":"MIRA Software","description":"Materialmanagement","publisher":{"@id":"https:\/\/www.mirasoftware.be\/#organization"},"potentialAction":[{"@type":"SearchAction","target":{"@type":"EntryPoint","urlTemplate":"https:\/\/www.mirasoftware.be\/?s={search_term_string}"},"query-input":"required name=search_term_string"}],"inLanguage":"de"},{"@type":"Organization","@id":"https:\/\/www.mirasoftware.be\/#organization","name":"MIRA Software","url":"https:\/\/www.mirasoftware.be\/","sameAs":["https:\/\/www.linkedin.com\/company\/mira-software\/","https:\/\/www.youtube.com\/watch?v=XQfjAqMiTiY","https:\/\/www.facebook.com\/MiraSoftware\/"],"logo":{"@type":"ImageObject","inLanguage":"de","@id":"https:\/\/www.mirasoftware.be\/#\/schema\/logo\/image\/","url":"https:\/\/www.mirasoftware.be\/wp-content\/uploads\/Logo-MIRA-Software.jpg","contentUrl":"https:\/\/www.mirasoftware.be\/wp-content\/uploads\/Logo-MIRA-Software.jpg","width":603,"height":617,"caption":"MIRA Software"},"image":{"@id":"https:\/\/www.mirasoftware.be\/#\/schema\/logo\/image\/"}}]}},"_links":{"self":[{"href":"https:\/\/www.mirasoftware.be\/de\/wp-json\/wp\/v2\/pages\/1988"}],"collection":[{"href":"https:\/\/www.mirasoftware.be\/de\/wp-json\/wp\/v2\/pages"}],"about":[{"href":"https:\/\/www.mirasoftware.be\/de\/wp-json\/wp\/v2\/types\/page"}],"author":[{"embeddable":true,"href":"https:\/\/www.mirasoftware.be\/de\/wp-json\/wp\/v2\/users\/1"}],"replies":[{"embeddable":true,"href":"https:\/\/www.mirasoftware.be\/de\/wp-json\/wp\/v2\/comments?post=1988"}],"version-history":[{"count":33,"href":"https:\/\/www.mirasoftware.be\/de\/wp-json\/wp\/v2\/pages\/1988\/revisions"}],"predecessor-version":[{"id":3440,"href":"https:\/\/www.mirasoftware.be\/de\/wp-json\/wp\/v2\/pages\/1988\/revisions\/3440"}],"wp:attachment":[{"href":"https:\/\/www.mirasoftware.be\/de\/wp-json\/wp\/v2\/media?parent=1988"}],"curies":[{"name":"wp","href":"https:\/\/api.w.org\/{rel}","templated":true}]}}