{"id":24,"date":"2013-04-19T10:44:53","date_gmt":"2013-04-19T10:44:53","guid":{"rendered":"http:\/\/vpcdcizit:8000\/wp-mira\/?page_id=24"},"modified":"2021-05-17T17:35:32","modified_gmt":"2021-05-17T15:35:32","slug":"registratie-gebruik-en-verbruik-materiaal-opvolging-per-project-of-persoon","status":"publish","type":"page","link":"https:\/\/www.mirasoftware.be\/de\/module-materialverwaltung\/registrierung-verwendung-und-verbrauch-material-nachbereitung-pro-projekt-oder-person","title":{"rendered":"Registrierung Nutzung &amp; Verbrauch"},"content":{"rendered":"<div >\n\n&nbsp;\n\n<\/div><div  data-label=\"About us\" data-id=\"about-image-section-pro-1\" data-category=\"about\" class=\"about-image-section-pro about-image-section-pro-1\" id=\"about-us-1\" style=\"background-color: #ffffff; background-image: none;\" data-ovid=\"ovid-about-us-1-1086\">\n<div  class=\"\">\n<div  class=\"row about-image-gridcol-pro\">\n<div  class=\"about-image-textcol-pro\" data-type=\"column\">\n<h2  class=\"\" style=\"text-align: left;\">Registrierung der Verwendung von Materialien, Maschinen und Ger\u00e4ten<\/h2>\n<h3  class=\"\" style=\"text-align: left;\">Bessere und schnellere Materialerfassung mit Barcode-Scanning<\/h3>\n<p  class=\"\" style=\"text-align: left;\">Kennen Sie die folgende Situation? Jemand fragt, wo ein Ger\u00e4t ist, weil es sich nicht an seinem festen Platz in der Organisation befindet. Also hat es jemand genommen, aber niemand wei\u00df, wer. Die einzige L\u00f6sung: Anrufen, bis das Ger\u00e4t gefunden wird... So verlieren Sie und Ihre Kollegen j\u00e4hrlich bis zu einer Woche unn\u00f6tiger und frustrierender Suche. Wir (<a  href=\"https:\/\/izit.be\" class=\"\">IZIT bv<\/a>) wollen mit einem <strong >komfortablen System<\/strong> zur <strong >Materialregistrierung<\/strong> durch <strong >Scannen<\/strong>eine Antwort bieten. Jeder kann das Material \u00fcberall nachverfolgen.<\/p>\n\n<\/div>\n<div  data-type=\"column\" class=\"\"><\/div>\n<\/div>\n<\/div>\n<\/div><div  data-label=\"Content\" data-id=\"video-on-bottom-2\" data-category=\"content\" class=\"row_292 video-on-bottom-2\" id=\"content-2\" style=\"background-color: #ffffff; background-image: none;\" data-ovid=\"ovid-content-2-138\">\n<div  class=\"gridContainer\">\n<div  class=\"row\">\n<div  class=\"column_269 dynamic-color\">\n<h2 ><span  style=\"font-weight: 300;\">Sehen Sie, wie einfach die Materialregistrierung mit MIRA ist!<\/span><\/h2>\n<div  class=\"row_296\">\n<div  class=\"content-center-video-imgcol\" data-bg=\"image\" data-type=\"group\" style=\"background-image: url('https:\/\/www.mirasoftware.be\/wp-content\/uploads\/Videomirasoftware.jpg');\"><a  data-fancybox=\"\" href=\"https:\/\/www.youtube.com\/watch?v=XQfjAqMiTiY\" data-video-lightbox=\"true\" class=\"\"> <i  class=\"font-icon-video-on-bottom fa fa-play-circle-o color6\" data-cp-fa=\"true\"><\/i><\/a><\/div>\n<\/div>\n<\/div>\n<\/div>\n<\/div>\n<\/div><div  data-label=\"Features\" data-id=\"features-image-cards-section\" data-category=\"features\" class=\"features-image-cards-section\" style=\"background-color: #f6f6f6;\" id=\"features-2\">\n<div  class=\"gridContainer\">\n<div  class=\"features-image-cards-textrow\">\n<div  class=\"features-image-cards-textcol dynamic-color\" data-type=\"column\">\n<h2  class=\"\">Registrierung von Material und Ger\u00e4ten in vier einfachen Phasen<\/h2>\n<p  class=\"\">Dank des Moduls Registrierung von Materialien und Artikeln wei\u00df jeder in Ihrer Organisation sofort, wer f\u00fcr welche Artikel verantwortlich ist. Schlie\u00dflich ist dies die Basis f\u00fcr eine reibungslose und transparente Materialverwaltung. Das Verfahren zum Scannen von Material ist bewusst sehr einfach gehalten. Material in vier Phasen registrieren:<\/p>\n\n<\/div>\n<\/div>\n<div  class=\"features-image-cards-innerrow flexbox-list dark-text\" data-type=\"row\">\n<div  class=\"features-image-cards-cardcol cp6cols-tablet cp3cols\">\n<div  class=\"features-image-cards-cardrow\">\n\n<img decoding=\"async\" loading=\"lazy\"  class=\"features-image-cards-featimg alignnone\" src=\"https:\/\/www.mirasoftware.be\/wp-content\/uploads\/pijluitlenen.png\" alt=\"Kassenregistrierung mit Mira Software zur Materialverfolgung\" width=\"337\" height=\"337\">\n<div  class=\"features-image-cards-cardtextrow\" data-type=\"column\">\n<h4  class=\"\">PHASE 1: CHECKOUT<\/h4>\n<p  class=\"\">Der berechtigte Mitarbeiter scannt zuerst den Personalausweis. Diese Aktion wird sofort im Programm registriert.<\/p>\n\n<\/div>\n<\/div>\n<\/div>\n<div  class=\"features-image-cards-cardcol cp6cols-tablet cp3cols\">\n<div  class=\"features-image-cards-cardrow\">\n\n<img decoding=\"async\" loading=\"lazy\"  class=\"features-image-cards-featimg alignnone\" src=\"https:\/\/www.mirasoftware.be\/wp-content\/uploads\/stap2.jpg\" alt=\"MIRA-Software-Scanner f\u00fcr die Materialverfolgung\" width=\"1200\" height=\"1200\">\n<div  class=\"features-image-cards-cardtextrow\" data-type=\"column\">\n<h4  class=\"\">PHASE 2: SCAN<\/h4>\n<p  class=\"\">Per Barcode oder QR-Code wird das Werkzeug oder Material gescannt und mit dem Mitarbeiter verkn\u00fcpft.<\/p>\n\n<\/div>\n<\/div>\n<\/div>\n<div  class=\"features-image-cards-cardcol cp6cols-tablet cp3cols\">\n<div  class=\"features-image-cards-cardrow\">\n\n<img decoding=\"async\" loading=\"lazy\"  class=\"features-image-cards-featimg alignnone\" src=\"https:\/\/www.mirasoftware.be\/wp-content\/uploads\/website3.png\" alt=\"Registrierung Kunde, Projekt, Standort in MIRA Materialverfolgungssoftware\" width=\"639\" height=\"639\">\n<div  class=\"features-image-cards-cardtextrow\" data-type=\"column\">\n<h4  class=\"\">PHASE 3: ZUS\u00c4TZLICHE INFORMATIONEN<\/h4>\n<p  class=\"\">Optional wird der gescannte Artikel einem Projekt, Kunden und Standort zugeordnet. Sobald der Artikel registriert ist, ist er einsatzbereit.<\/p>\n\n<\/div>\n<\/div>\n<\/div>\n<div  class=\"features-image-cards-cardcol cp6cols-tablet cp3cols\">\n<div  class=\"features-image-cards-cardrow\">\n\n<img decoding=\"async\" loading=\"lazy\"  class=\"features-image-cards-featimg alignnone\" src=\"https:\/\/www.mirasoftware.be\/wp-content\/uploads\/incheckenmira.jpg\" alt=\"Einchecken des Materials in der MIRA-Materialverfolgungssoftware\" width=\"352\" height=\"352\">\n<div  class=\"features-image-cards-cardtextrow\" data-type=\"column\">\n<h4  class=\"\">PHASE 4: CHECKIN<\/h4>\n<p  class=\"\">Der Mitarbeiter kommt mit dem Artikel zur\u00fcck und scannt ihn ein. Der Artikel ist nun wieder eingecheckt und f\u00fcr den n\u00e4chsten Benutzer verf\u00fcgbar.<\/p>\n\n<\/div>\n<\/div>\n<\/div>\n<\/div>\n<\/div>\n<\/div><div  data-label=\"Content\" data-id=\"content-image-left\" data-category=\"content\" class=\"content-left-image-section content-image-left\" id=\"content-3\" style=\"background-color: #ffffff;\">\n<div  class=\"gridContainer\">\n<div  class=\"row\">\n<div  class=\"content-left-image-imgcol\" data-type=\"column\"><img decoding=\"async\" loading=\"lazy\"  src=\"https:\/\/www.mirasoftware.be\/wp-content\/uploads\/Registratie-scaled.jpg\" class=\"alignnone\" alt=\"Konsultation der Registrierung von Material\" width=\"2560\" height=\"1707\"><\/div>\n<div  class=\"content-left-image-textcol dynamic-color\" data-type=\"column\">\n<h2  class=\"\">Konsultation<\/h2>\n<p  class=\"\">\u00dcber den Konsultationsbildschirm f\u00fcr die Materialregistrierung in MIRA erhalten Sie eine Liste mit einer \u00dcbersicht \u00fcber alle ausgeliehenen und zur\u00fcckgegebenen Materialien. Mit Hilfe des Filters erhalten Sie einen detaillierten \u00dcberblick \u00fcber eine Abteilung, eine Kostenstelle, einen Mitarbeiter, einen Artikel, eine Zeitspanne, ein Projekt, ... Sie k\u00f6nnen diese Daten jederzeit nach Excel exportieren, wenn Sie dies w\u00fcnschen.<\/p>\n<p  class=\"\">Schauen Sie sich auch an, wie die Artikel zusammengestellt sind und aus welchen Teilen sie bestehen. Auf diese Weise wissen Sie genau, was wo liegt. So k\u00f6nnen Sie schnell und effizient Material zu verschiedenen Kunden und Projekten nachfassen. MIRA Software macht die Registrierung von Materialien und Ger\u00e4ten genau und einfach.<\/p>\n\n<\/div>\n<\/div>\n<\/div>\n<\/div><div  data-label=\"Content\" data-id=\"content-image-right\" data-category=\"content\" class=\"content-right-image-section content-image-right\" id=\"content-4\" style=\"background-color: #f6f6f6;\">\n<div  class=\"gridContainer\">\n<div  class=\"content-right-image-gridcol\">\n<div  class=\"content-right-image-textcol dynamic-color\" data-type=\"column\">\n<h2  class=\"\">Materialerfassung mit QR- und Barcode-Scanning<\/h2>\n<p  class=\"large_text\">Das Modul Registrierung verkn\u00fcpft sehr einfach Artikel mit Personen durch schnelles Barcodescanning. Die Barcodes k\u00f6nnen in der Software selbst erstellt werden. Die Verwendung eines Barcodes ist optional, aber wir wissen aus Erfahrung, dass dies viel einfacher und schneller geht. Wenn in Ihrem Unternehmen oder Ihrer Organisation nicht alle Produkte mit einem Barcode ausger\u00fcstet sind, k\u00f6nnen Sie als Alternative mit festen Nummern arbeiten.<\/p>\n\n<\/div>\n<div  class=\"content-right-image-imgcol\" data-type=\"column\"><img decoding=\"async\" loading=\"lazy\"  src=\"https:\/\/www.mirasoftware.be\/wp-content\/uploads\/QR-scanning-scaled.jpg\" class=\"alignnone\" alt=\"Scanner f\u00fcr die Registrierung in der Mira-Software\" width=\"2560\" height=\"1707\"><\/div>\n<\/div>\n<\/div>\n<\/div><div  data-label=\"About\" data-id=\"about-four-boxes-section\" data-category=\"about\" class=\"about-four-boxes-section\" id=\"about-2\" style=\"background-color: #ffffff;\">\n<div  class=\"gridContainer\">\n<div  class=\"about-four-boxes-innerrow flexbox-list\">\n<div  class=\"about-four-boxes-imgcol\" data-bg=\"image\" style=\"background-image: url('https:\/\/www.mirasoftware.be\/wp-content\/uploads\/Consult.jpg');\"><\/div>\n<div  class=\"about-four-boxes-textcol\" data-type=\"column\">\n<h6  class=\"\">KONSULTATION<\/h6>\n<h2  class=\"\">Fragen Sie Mira<\/h2>\n<p  class=\"\">Pr\u00fcfen Sie, wer, was, wo, wann, wie lange, an welchem Projekt, f\u00fcr welchen Kunden, ... Material verwendet oder verbraucht hat. MIRA gibt Ihnen die Antwort in einer \u00fcbersichtlichen Liste, die Sie exportieren k\u00f6nnen.<\/p>\n\n<\/div>\n<div  class=\"about-four-boxes-textcol\" data-type=\"column\">\n<h6  class=\"\">EINFACH &amp; MODERN<\/h6>\n<h2  class=\"\">Gro\u00dfe Tasten<\/h2>\n<p  class=\"\">MIRA Software kann auf einem Touchscreen verwendet werden. Registrieren Sie das Material durch Scannen wie im Supermarkt.<\/p>\n\n<\/div>\n<div  class=\"about-four-boxes-imgcol2\" data-bg=\"image\" style=\"background-image: url('https:\/\/www.mirasoftware.be\/wp-content\/uploads\/Config.jpg');\"><\/div>\n<\/div>\n<\/div>\n<\/div><div  data-label=\"About us\" data-id=\"about-image-section-pro\" data-category=\"about\" class=\"about-image-section-pro\" id=\"about-us-2\" style=\"background-color: #ffffff; background-image: none;\" data-ovid=\"ovid-about-us-2-3112\">\n<div  class=\"gridContainer\">\n<div  class=\"row about-image-gridcol-pro\">\n<div  class=\"about-image-textcol-pro\" data-type=\"column\">\n\n<a class=\"button color1\" href=\"https:\/\/www.mirasoftware.be\/de\/modules-materieelbeheer\" target=\"_self\" data-icon=\"\" rel=\"noopener noreferrer\">\u00dcbersicht der Module<\/a>\n<h2  class=\"\"><\/h2>\n<p  class=\"\">MIRA Software ist ein Produkt von <a  href=\"https:\/\/izit.be\" class=\"\">IZIT bv<\/a><\/p>\n\n<\/div>\n<div  data-type=\"column\" class=\"\"><\/div>\n<\/div>\n<\/div>\n<\/div>","protected":false},"excerpt":{"rendered":"<p>&nbsp; Registratie van gebruik van materiaal, materieel en toestellen Maak materiaalregistratie beter en sneller met barcode scanning Herkent u de volgende situatie? Iemand vraagt waar een toestel is, want het staat niet op zijn vaste plek in de organisatie. Iemand heeft het dus meegenomen, maar niemand weet wie. De enige oplossing: beginnen bellen tot het&hellip; <br \/> <a class=\"button small blue\" href=\"https:\/\/www.mirasoftware.be\/de\/module-materialverwaltung\/registrierung-verwendung-und-verbrauch-material-nachbereitung-pro-projekt-oder-person\">Weiterlesen<\/a><\/p>","protected":false},"author":1,"featured_media":3585,"parent":5,"menu_order":0,"comment_status":"closed","ping_status":"closed","template":"full-width-homepage-header.php","meta":{"_mi_skip_tracking":false,"_exactmetrics_sitenote_active":false,"_exactmetrics_sitenote_note":"","_exactmetrics_sitenote_category":0},"yoast_head":"<!-- This site is optimized with the Yoast SEO Premium plugin v19.2.1 (Yoast SEO v19.6.1) - https:\/\/yoast.com\/wordpress\/plugins\/seo\/ -->\n<title>Registratie materiaal en materieelopvolging via scanning | Mira Software<\/title>\n<meta name=\"description\" content=\"Registratie en opvolging van gebruik en verbruik materiaal, materieel en gereedschap. Uitleningen per project\/werknemer met barcode scanning.\" \/>\n<meta name=\"robots\" content=\"index, follow, max-snippet:-1, max-image-preview:large, max-video-preview:-1\" \/>\n<link rel=\"canonical\" href=\"https:\/\/www.mirasoftware.be\/de\/modules-material-management\/registration-of-use-and-consumption-of-materials-follow-up-by-project-or-person\" \/>\n<meta property=\"og:locale\" content=\"de_DE\" \/>\n<meta property=\"og:type\" content=\"article\" \/>\n<meta property=\"og:title\" content=\"Registratie gebruik &amp; verbruik\" \/>\n<meta property=\"og:description\" content=\"&nbsp; Registratie van gebruik van materiaal, materieel en toestellen Maak materiaalregistratie beter en sneller met barcode scanning Herkent u de\" \/>\n<meta property=\"og:url\" content=\"https:\/\/www.mirasoftware.be\/de\/modules-material-management\/registration-of-use-and-consumption-of-materials-follow-up-by-project-or-person\" \/>\n<meta property=\"og:site_name\" content=\"Mira Software\" \/>\n<meta property=\"article:publisher\" content=\"https:\/\/www.facebook.com\/MiraSoftware\/\" \/>\n<meta property=\"article:modified_time\" content=\"2021-05-17T15:35:32+00:00\" \/>\n<meta property=\"og:image\" content=\"https:\/\/www.mirasoftware.be\/wp-content\/uploads\/werkbak-app-scaled.jpg\" \/>\n\t<meta property=\"og:image:width\" content=\"2560\" \/>\n\t<meta property=\"og:image:height\" content=\"1920\" \/>\n\t<meta property=\"og:image:type\" content=\"image\/jpeg\" \/>\n<meta name=\"twitter:card\" content=\"summary_large_image\" \/>\n<meta name=\"twitter:label1\" content=\"Gesch\u00e4tzte Lesezeit\" \/>\n\t<meta name=\"twitter:data1\" content=\"4\u00a0Minuten\" \/>\n<script type=\"application\/ld+json\" class=\"yoast-schema-graph\">{\"@context\":\"https:\/\/schema.org\",\"@graph\":[{\"@type\":\"WebPage\",\"@id\":\"https:\/\/www.mirasoftware.be\/en_gb\/modules-material-management\/registration-of-use-and-consumption-of-materials-follow-up-by-project-or-person\",\"url\":\"https:\/\/www.mirasoftware.be\/en_gb\/modules-material-management\/registration-of-use-and-consumption-of-materials-follow-up-by-project-or-person\",\"name\":\"Registratie materiaal en materieelopvolging via scanning | Mira Software\",\"isPartOf\":{\"@id\":\"https:\/\/www.mirasoftware.be\/#website\"},\"datePublished\":\"2013-04-19T10:44:53+00:00\",\"dateModified\":\"2021-05-17T15:35:32+00:00\",\"description\":\"Registratie en opvolging van gebruik en verbruik materiaal, materieel en gereedschap. Uitleningen per project\/werknemer met barcode scanning.\",\"breadcrumb\":{\"@id\":\"https:\/\/www.mirasoftware.be\/en_gb\/modules-material-management\/registration-of-use-and-consumption-of-materials-follow-up-by-project-or-person#breadcrumb\"},\"inLanguage\":\"de\",\"potentialAction\":[{\"@type\":\"ReadAction\",\"target\":[\"https:\/\/www.mirasoftware.be\/en_gb\/modules-material-management\/registration-of-use-and-consumption-of-materials-follow-up-by-project-or-person\"]}]},{\"@type\":\"BreadcrumbList\",\"@id\":\"https:\/\/www.mirasoftware.be\/en_gb\/modules-material-management\/registration-of-use-and-consumption-of-materials-follow-up-by-project-or-person#breadcrumb\",\"itemListElement\":[{\"@type\":\"ListItem\",\"position\":1,\"name\":\"Home\",\"item\":\"https:\/\/www.mirasoftware.be\/nl\/\"},{\"@type\":\"ListItem\",\"position\":2,\"name\":\"Modules\",\"item\":\"https:\/\/www.mirasoftware.be\/en_gb\/modules-material-management\"},{\"@type\":\"ListItem\",\"position\":3,\"name\":\"Registratie gebruik &#038; verbruik\"}]},{\"@type\":\"WebSite\",\"@id\":\"https:\/\/www.mirasoftware.be\/#website\",\"url\":\"https:\/\/www.mirasoftware.be\/\",\"name\":\"Mira Software\",\"description\":\"Beheer van materiaal\",\"publisher\":{\"@id\":\"https:\/\/www.mirasoftware.be\/#organization\"},\"potentialAction\":[{\"@type\":\"SearchAction\",\"target\":{\"@type\":\"EntryPoint\",\"urlTemplate\":\"https:\/\/www.mirasoftware.be\/?s={search_term_string}\"},\"query-input\":\"required name=search_term_string\"}],\"inLanguage\":\"de\"},{\"@type\":\"Organization\",\"@id\":\"https:\/\/www.mirasoftware.be\/#organization\",\"name\":\"MIRA Software\",\"url\":\"https:\/\/www.mirasoftware.be\/\",\"sameAs\":[\"https:\/\/www.linkedin.com\/company\/mira-software\/\",\"https:\/\/www.youtube.com\/watch?v=XQfjAqMiTiY\",\"https:\/\/www.facebook.com\/MiraSoftware\/\"],\"logo\":{\"@type\":\"ImageObject\",\"inLanguage\":\"de\",\"@id\":\"https:\/\/www.mirasoftware.be\/#\/schema\/logo\/image\/\",\"url\":\"https:\/\/www.mirasoftware.be\/wp-content\/uploads\/Logo-MIRA-Software.jpg\",\"contentUrl\":\"https:\/\/www.mirasoftware.be\/wp-content\/uploads\/Logo-MIRA-Software.jpg\",\"width\":603,\"height\":617,\"caption\":\"MIRA Software\"},\"image\":{\"@id\":\"https:\/\/www.mirasoftware.be\/#\/schema\/logo\/image\/\"}}]}<\/script>\n<!-- \/ Yoast SEO Premium plugin. -->","yoast_head_json":{"title":"Materialerfassung und Materialverfolgung durch Scannen | Mira Software","description":"Registrierung und Nachverfolgung der Nutzung und des Verbrauchs von Materialien, Ger\u00e4ten und Werkzeugen. Ausleihungen pro Projekt\/Mitarbeiter mit Barcode-Scanning.","robots":{"index":"index","follow":"follow","max-snippet":"max-snippet:-1","max-image-preview":"max-image-preview:large","max-video-preview":"max-video-preview:-1"},"canonical":"https:\/\/www.mirasoftware.be\/de\/modules-material-management\/registration-of-use-and-consumption-of-materials-follow-up-by-project-or-person","og_locale":"de_DE","og_type":"article","og_title":"Registratie gebruik & verbruik","og_description":"&nbsp; Registratie van gebruik van materiaal, materieel en toestellen Maak materiaalregistratie beter en sneller met barcode scanning Herkent u de","og_url":"https:\/\/www.mirasoftware.be\/de\/modules-material-management\/registration-of-use-and-consumption-of-materials-follow-up-by-project-or-person","og_site_name":"Mira Software","article_publisher":"https:\/\/www.facebook.com\/MiraSoftware\/","article_modified_time":"2021-05-17T15:35:32+00:00","og_image":[{"width":2560,"height":1920,"url":"https:\/\/www.mirasoftware.be\/wp-content\/uploads\/werkbak-app-scaled.jpg","type":"image\/jpeg"}],"twitter_card":"summary_large_image","twitter_misc":{"Gesch\u00e4tzte Lesezeit":"4\u00a0Minuten"},"schema":{"@context":"https:\/\/schema.org","@graph":[{"@type":"WebPage","@id":"https:\/\/www.mirasoftware.be\/en_gb\/modules-material-management\/registration-of-use-and-consumption-of-materials-follow-up-by-project-or-person","url":"https:\/\/www.mirasoftware.be\/en_gb\/modules-material-management\/registration-of-use-and-consumption-of-materials-follow-up-by-project-or-person","name":"Materialerfassung und Materialverfolgung durch Scannen | Mira Software","isPartOf":{"@id":"https:\/\/www.mirasoftware.be\/#website"},"datePublished":"2013-04-19T10:44:53+00:00","dateModified":"2021-05-17T15:35:32+00:00","description":"Registrierung und Nachverfolgung der Nutzung und des Verbrauchs von Materialien, Ger\u00e4ten und Werkzeugen. Ausleihungen pro Projekt\/Mitarbeiter mit Barcode-Scanning.","breadcrumb":{"@id":"https:\/\/www.mirasoftware.be\/en_gb\/modules-material-management\/registration-of-use-and-consumption-of-materials-follow-up-by-project-or-person#breadcrumb"},"inLanguage":"de","potentialAction":[{"@type":"ReadAction","target":["https:\/\/www.mirasoftware.be\/en_gb\/modules-material-management\/registration-of-use-and-consumption-of-materials-follow-up-by-project-or-person"]}]},{"@type":"BreadcrumbList","@id":"https:\/\/www.mirasoftware.be\/en_gb\/modules-material-management\/registration-of-use-and-consumption-of-materials-follow-up-by-project-or-person#breadcrumb","itemListElement":[{"@type":"ListItem","position":1,"name":"Home","item":"https:\/\/www.mirasoftware.be\/nl\/"},{"@type":"ListItem","position":2,"name":"Modules","item":"https:\/\/www.mirasoftware.be\/en_gb\/modules-material-management"},{"@type":"ListItem","position":3,"name":"Registratie gebruik &#038; verbruik"}]},{"@type":"WebSite","@id":"https:\/\/www.mirasoftware.be\/#website","url":"https:\/\/www.mirasoftware.be\/","name":"MIRA Software","description":"Materialmanagement","publisher":{"@id":"https:\/\/www.mirasoftware.be\/#organization"},"potentialAction":[{"@type":"SearchAction","target":{"@type":"EntryPoint","urlTemplate":"https:\/\/www.mirasoftware.be\/?s={search_term_string}"},"query-input":"required name=search_term_string"}],"inLanguage":"de"},{"@type":"Organization","@id":"https:\/\/www.mirasoftware.be\/#organization","name":"MIRA Software","url":"https:\/\/www.mirasoftware.be\/","sameAs":["https:\/\/www.linkedin.com\/company\/mira-software\/","https:\/\/www.youtube.com\/watch?v=XQfjAqMiTiY","https:\/\/www.facebook.com\/MiraSoftware\/"],"logo":{"@type":"ImageObject","inLanguage":"de","@id":"https:\/\/www.mirasoftware.be\/#\/schema\/logo\/image\/","url":"https:\/\/www.mirasoftware.be\/wp-content\/uploads\/Logo-MIRA-Software.jpg","contentUrl":"https:\/\/www.mirasoftware.be\/wp-content\/uploads\/Logo-MIRA-Software.jpg","width":603,"height":617,"caption":"MIRA Software"},"image":{"@id":"https:\/\/www.mirasoftware.be\/#\/schema\/logo\/image\/"}}]}},"_links":{"self":[{"href":"https:\/\/www.mirasoftware.be\/de\/wp-json\/wp\/v2\/pages\/24"}],"collection":[{"href":"https:\/\/www.mirasoftware.be\/de\/wp-json\/wp\/v2\/pages"}],"about":[{"href":"https:\/\/www.mirasoftware.be\/de\/wp-json\/wp\/v2\/types\/page"}],"author":[{"embeddable":true,"href":"https:\/\/www.mirasoftware.be\/de\/wp-json\/wp\/v2\/users\/1"}],"replies":[{"embeddable":true,"href":"https:\/\/www.mirasoftware.be\/de\/wp-json\/wp\/v2\/comments?post=24"}],"version-history":[{"count":129,"href":"https:\/\/www.mirasoftware.be\/de\/wp-json\/wp\/v2\/pages\/24\/revisions"}],"predecessor-version":[{"id":4083,"href":"https:\/\/www.mirasoftware.be\/de\/wp-json\/wp\/v2\/pages\/24\/revisions\/4083"}],"up":[{"embeddable":true,"href":"https:\/\/www.mirasoftware.be\/de\/wp-json\/wp\/v2\/pages\/5"}],"wp:featuredmedia":[{"embeddable":true,"href":"https:\/\/www.mirasoftware.be\/de\/wp-json\/wp\/v2\/media\/3585"}],"wp:attachment":[{"href":"https:\/\/www.mirasoftware.be\/de\/wp-json\/wp\/v2\/media?parent=24"}],"curies":[{"name":"wp","href":"https:\/\/api.w.org\/{rel}","templated":true}]}}