{"id":25,"date":"2013-04-19T10:45:12","date_gmt":"2013-04-19T10:45:12","guid":{"rendered":"http:\/\/vpcdcizit:8000\/wp-mira\/?page_id=25"},"modified":"2022-08-01T14:40:51","modified_gmt":"2022-08-01T12:40:51","slug":"reservatiesoftware-materiaal-en-materiaalverhuur","status":"publish","type":"page","link":"https:\/\/www.mirasoftware.be\/de\/module-materialverwaltung\/software-reservierung-und-verleih","title":{"rendered":"Reservierung, Verleih und Picklisten"},"content":{"rendered":"<div  data-label=\"About us\" data-id=\"about-image-section-pro\" data-category=\"about\" class=\"about-image-section-pro\" id=\"about-us-2\" style=\"background-color: rgb(255, 255, 255); background-image: none;\" data-ovid=\"ovid-about-us-2-109\">\r\n<div  class=\"\">\r\n<div  class=\"row about-image-gridcol-pro\">\r\n<div  class=\"about-image-textcol-pro\" data-type=\"column\">\r\n<h2  class=\"\" style=\"text-align: left;\">Ger\u00e4te-Reservierungs- und Vermietungssoftware in einer L\u00f6sung<\/h2>\r\n<h3  class=\"\" style=\"text-align: left;\">Sparen Sie Zeit, indem Sie reservieren, was Sie ben\u00f6tigen<\/h3>\r\n<p  class=\"\" style=\"text-align: left;\">Mit MIRA als Reservierungssoftware k\u00f6nnen Sie Materialien und Werkzeuge im Voraus f\u00fcr einen bestimmten Zeitraum oder ein Projekt reservieren. Die Reservierung wird \u00fcbertragen. Somit ist dank der <strong >Picklisten<\/strong>alles verf\u00fcgbar, wenn Sie es brauchen. Vergleichen Sie den theoretischen mit dem praktischen <strong >Bestand<\/strong>, ergreifen Sie rechtzeitig Ma\u00dfnahmen und vermeiden Sie L\u00fccken in Ihrer <strong >Planung<\/strong>. Das Reservierungsmodul eignet sich auch als Verleihsoftware, um Artikel an Externe zu verleihen oder zu vermieten.<\/p>\r\n\r\n<\/div>\r\n<div  data-type=\"column\" class=\"\"><\/div>\r\n<\/div>\r\n<\/div>\r\n<\/div><div  data-label=\"Content\" data-id=\"content-image-left\" data-category=\"content\" class=\"content-left-image-section content-image-left\" id=\"content-3\" style=\"background-color: rgb(246, 246, 246); background-image: none;\" data-ovid=\"ovid-content-3-112\">\r\n<div  class=\"gridContainer\">\r\n<div  class=\"row\">\r\n<div  class=\"content-left-image-imgcol\" data-type=\"column\"><img decoding=\"async\" loading=\"lazy\"  src=\"https:\/\/www.mirasoftware.be\/wp-content\/uploads\/Reservatie-600x400.jpg\" class=\"alignnone\" alt=\"Reservierungssoftware zur Planung der Materialverwaltung\" width=\"2560\" height=\"1709\"><\/div>\r\n<div  class=\"content-left-image-textcol dynamic-color\" data-type=\"column\">\r\n<h2  class=\"\">Reservierungssoftware<\/h2>\r\n<p  class=\"large_text\">Der Mitarbeiter oder Lagerarbeiter sucht ein bestimmtes Ger\u00e4t und verkn\u00fcpft es mit einer Person oder einem Projekt f\u00fcr einen bestimmten Zeitraum. Bei einer zweiten Beantragung f\u00fcr den gleichen Zeitraum steht dieses bestimmte Ger\u00e4t nicht mehr zur Verf\u00fcgung, kann aber f\u00fcr andere Zeitr\u00e4ume zur Verf\u00fcgung stehen. Als L\u00f6sung k\u00f6nnen dem Antragsteller alternative Ger\u00e4te vorgeschlagen werden. Bleiben Sie also mit Ihrer Planung auf Kurs, indem Sie mit der Reservierungssoftware Ger\u00e4te zur gew\u00fcnschten Zeit und am gew\u00fcnschten Ort reservieren.<\/p>\r\n\r\n<\/div>\r\n<\/div>\r\n<\/div>\r\n<\/div><div  data-label=\"Content\" data-id=\"content-image-right\" data-category=\"content\" class=\"content-right-image-section content-image-right\" id=\"content-4\" style=\"background-color: rgb(255, 255, 255); background-image: none;\" data-ovid=\"ovid-content-4-115\">\r\n<div  class=\"gridContainer\">\r\n<div  class=\"content-right-image-gridcol\">\r\n<div  class=\"content-right-image-textcol dynamic-color\" data-type=\"column\">\r\n<h2  class=\"\">Picklisten<\/h2>\r\n<p  class=\"large_text\">Von jeder Reservierung kann eine \" Pickliste\" erstellt werden. Mit Picklisten k\u00f6nnen Reservierungen vorbereitet werden und alles wird vorbereitet, wenn es Ihnen passt. Anhand eines Farbcodes im Programm k\u00f6nnen Sie verfolgen, inwieweit die Reservierung bereits vorbereitet ist. Wenn Sie kommen, um Ihr reserviertes Ger\u00e4t abzuholen, k\u00f6nnen Sie sicher sein, dass es bereit ist. Mit einem Klick wird das Material erfasst und ausgebucht. So logisch und korrekt kann es mit einer Reservierungssoftware zugehen. Keine unangenehmen \u00dcberraschungen mehr!<\/p>\r\n\r\n<\/div>\r\n<div  class=\"content-right-image-imgcol\" data-type=\"column\"><img decoding=\"async\" loading=\"lazy\"  src=\"https:\/\/www.mirasoftware.be\/wp-content\/uploads\/pickinglist-600x400.jpg\" class=\"alignnone\" alt=\"Kommissionierliste f\u00fcr die Reservierung von Ger\u00e4ten mit Verleihsoftware und Reservierungssoftware\" width=\"2560\" height=\"1707\"><\/div>\r\n<\/div>\r\n<\/div>\r\n<\/div><div  data-label=\"About us\" data-id=\"about-image-section-pro-1\" data-category=\"about\" class=\"about-image-section-pro about-image-section-pro-1\" id=\"about-us-1\" style=\"background-color: rgb(246, 246, 246); background-image: none;\" data-ovid=\"ovid-about-us-1-118\">\r\n<div  class=\"\">\r\n<div  class=\"row about-image-gridcol-pro\">\r\n<div  class=\"about-image-textcol-pro\" data-type=\"column\">\r\n<h2  class=\"\">Vermietungssoftware<\/h2>\r\n<p  class=\"\">Arbeiten Sie f\u00fcr ein Vermietungsunternehmen und vermieten Sie an externe Kunden? Die Reservierungssoftware kann auch als Vermietungssoftware eingesetzt werden. MIRA k\u00fcmmert sich dann nicht nur um die Verwaltung Ihres Materials (Reservierungen), sondern auch um die Kalkulation der Kosten. Es wird einfach sein, den \u00dcberblick zu behalten, welcher Kunde zu welchem Zeitpunkt Ihre Ger\u00e4te mieten m\u00f6chte und wie viel es kosten wird.<\/p>\r\n<p  class=\"\">Oder verleihen Sie Material oder Artikel an Studenten und Menschen in der Ausbildung? Nach dem gleichen Ausleihprinzip k\u00f6nnen Materialien ein- und ausgecheckt und Reservierungen vorgenommen werden.<\/p>\r\n\r\n<\/div>\r\n<div  data-type=\"column\" class=\"\"><\/div>\r\n<\/div>\r\n<\/div>\r\n<\/div><div  data-label=\"About us\" data-id=\"about-image-section-pro-3\" data-category=\"about\" class=\"about-image-section-pro about-image-section-pro-3\" id=\"about-us-3\" style=\"background-color: rgb(255, 255, 255); background-image: none;\" data-ovid=\"ovid-about-us-3-123\">\r\n<div  class=\"gridContainer\">\r\n<div  class=\"row about-image-gridcol-pro\">\r\n<div  class=\"about-image-textcol-pro\" data-type=\"column\"><a class=\"button color1\" href=\"https:\/\/www.mirasoftware.be\/de\/modules-materieelbeheer\" target=\"_self\" data-icon=\"\" rel=\"noopener noreferrer\">\u00dcbersicht der Module<\/a><\/div>\r\n<div  data-type=\"column\" class=\"\">\r\n\r\n<p  class=\"\"><\/p><p  class=\"\">MIRA Software ist ein Produkt von <a  href=\"https:\/\/izit.be\" class=\"\">IZIT bv<\/a><\/p>\r\n\r\n<\/div>\r\n<\/div>\r\n<\/div>\r\n<\/div>","protected":false},"excerpt":{"rendered":"<p>Reservatiesoftware en verhuursoftware voor materiaal in \u00e9\u00e9n oplossing Bespaar tijd door te reserveren wat u nodig heeft Met MIRA als reservatiesoftware kan u op voorhand materiaal en gereedschap voor een bepaalde periode of project reserveren. De reservatie wordt doorgegeven. Bijgevolg zal alles beschikbaar zijn op het moment dat u het nodig heeft dankzij de pickinglijsten.&hellip; <br \/> <a class=\"button small blue\" href=\"https:\/\/www.mirasoftware.be\/de\/module-materialverwaltung\/software-reservierung-und-verleih\">Weiterlesen<\/a><\/p>","protected":false},"author":1,"featured_media":0,"parent":5,"menu_order":0,"comment_status":"closed","ping_status":"closed","template":"full-width-homepage-header.php","meta":{"_mi_skip_tracking":false,"_exactmetrics_sitenote_active":false,"_exactmetrics_sitenote_note":"","_exactmetrics_sitenote_category":0},"yoast_head":"<!-- This site is optimized with the Yoast SEO Premium plugin v19.2.1 (Yoast SEO v19.6.1) - https:\/\/yoast.com\/wordpress\/plugins\/seo\/ -->\n<title>Reservatiesoftware materiaalverhuur en materieelverhuur | Mira Software<\/title>\n<meta name=\"description\" content=\"Reserveer materiaal, materieel en gereedschap per periode\/project. Reservatiesoftware en verhuursoftware voor materiaalplanning en opvolging.\" \/>\n<meta name=\"robots\" content=\"index, follow, max-snippet:-1, max-image-preview:large, max-video-preview:-1\" \/>\n<link rel=\"canonical\" href=\"https:\/\/www.mirasoftware.be\/de\/modules-gestion-du-materiel\/reservation-logiciel-equipement-location\" \/>\n<meta property=\"og:locale\" content=\"de_DE\" \/>\n<meta property=\"og:type\" content=\"article\" \/>\n<meta property=\"og:title\" content=\"Reservatie, verhuur en pickinglijsten\" \/>\n<meta property=\"og:description\" content=\"Reservatiesoftware en verhuursoftware voor materiaal in \u00e9\u00e9n oplossing Bespaar tijd door te reserveren wat u nodig heeft Met MIRA als reservatiesoftware\" \/>\n<meta property=\"og:url\" content=\"https:\/\/www.mirasoftware.be\/de\/modules-gestion-du-materiel\/reservation-logiciel-equipement-location\" \/>\n<meta property=\"og:site_name\" content=\"Mira Software\" \/>\n<meta property=\"article:publisher\" content=\"https:\/\/www.facebook.com\/MiraSoftware\/\" \/>\n<meta property=\"article:modified_time\" content=\"2022-08-01T12:40:51+00:00\" \/>\n<meta property=\"og:image\" content=\"https:\/\/www.mirasoftware.be\/wp-content\/uploads\/Reservatie-600x400.jpg\" \/>\n<meta name=\"twitter:card\" content=\"summary_large_image\" \/>\n<meta name=\"twitter:label1\" content=\"Gesch\u00e4tzte Lesezeit\" \/>\n\t<meta name=\"twitter:data1\" content=\"2\u00a0Minuten\" \/>\n<script type=\"application\/ld+json\" class=\"yoast-schema-graph\">{\"@context\":\"https:\/\/schema.org\",\"@graph\":[{\"@type\":\"WebPage\",\"@id\":\"https:\/\/www.mirasoftware.be\/fr\/modules-gestion-du-materiel\/reservation-logiciel-equipement-location\",\"url\":\"https:\/\/www.mirasoftware.be\/fr\/modules-gestion-du-materiel\/reservation-logiciel-equipement-location\",\"name\":\"Reservatiesoftware materiaalverhuur en materieelverhuur | Mira Software\",\"isPartOf\":{\"@id\":\"https:\/\/www.mirasoftware.be\/#website\"},\"datePublished\":\"2013-04-19T10:45:12+00:00\",\"dateModified\":\"2022-08-01T12:40:51+00:00\",\"description\":\"Reserveer materiaal, materieel en gereedschap per periode\/project. Reservatiesoftware en verhuursoftware voor materiaalplanning en opvolging.\",\"breadcrumb\":{\"@id\":\"https:\/\/www.mirasoftware.be\/fr\/modules-gestion-du-materiel\/reservation-logiciel-equipement-location#breadcrumb\"},\"inLanguage\":\"de\",\"potentialAction\":[{\"@type\":\"ReadAction\",\"target\":[\"https:\/\/www.mirasoftware.be\/fr\/modules-gestion-du-materiel\/reservation-logiciel-equipement-location\"]}]},{\"@type\":\"BreadcrumbList\",\"@id\":\"https:\/\/www.mirasoftware.be\/fr\/modules-gestion-du-materiel\/reservation-logiciel-equipement-location#breadcrumb\",\"itemListElement\":[{\"@type\":\"ListItem\",\"position\":1,\"name\":\"Home\",\"item\":\"https:\/\/www.mirasoftware.be\/nl\/\"},{\"@type\":\"ListItem\",\"position\":2,\"name\":\"Modules\",\"item\":\"https:\/\/www.mirasoftware.be\/en_gb\/modules-material-management\"},{\"@type\":\"ListItem\",\"position\":3,\"name\":\"Reservatie, verhuur en pickinglijsten\"}]},{\"@type\":\"WebSite\",\"@id\":\"https:\/\/www.mirasoftware.be\/#website\",\"url\":\"https:\/\/www.mirasoftware.be\/\",\"name\":\"Mira Software\",\"description\":\"Beheer van materiaal\",\"publisher\":{\"@id\":\"https:\/\/www.mirasoftware.be\/#organization\"},\"potentialAction\":[{\"@type\":\"SearchAction\",\"target\":{\"@type\":\"EntryPoint\",\"urlTemplate\":\"https:\/\/www.mirasoftware.be\/?s={search_term_string}\"},\"query-input\":\"required name=search_term_string\"}],\"inLanguage\":\"de\"},{\"@type\":\"Organization\",\"@id\":\"https:\/\/www.mirasoftware.be\/#organization\",\"name\":\"MIRA Software\",\"url\":\"https:\/\/www.mirasoftware.be\/\",\"sameAs\":[\"https:\/\/www.linkedin.com\/company\/mira-software\/\",\"https:\/\/www.youtube.com\/watch?v=XQfjAqMiTiY\",\"https:\/\/www.facebook.com\/MiraSoftware\/\"],\"logo\":{\"@type\":\"ImageObject\",\"inLanguage\":\"de\",\"@id\":\"https:\/\/www.mirasoftware.be\/#\/schema\/logo\/image\/\",\"url\":\"https:\/\/www.mirasoftware.be\/wp-content\/uploads\/Logo-MIRA-Software.jpg\",\"contentUrl\":\"https:\/\/www.mirasoftware.be\/wp-content\/uploads\/Logo-MIRA-Software.jpg\",\"width\":603,\"height\":617,\"caption\":\"MIRA Software\"},\"image\":{\"@id\":\"https:\/\/www.mirasoftware.be\/#\/schema\/logo\/image\/\"}}]}<\/script>\n<!-- \/ Yoast SEO Premium plugin. -->","yoast_head_json":{"title":"Reservierungssoftware f\u00fcr Ger\u00e4teverleih | MIRA Software","description":"Reservieren Sie Material, Ger\u00e4te und Werkzeuge pro Periode\/Projekt. Reservierungs- und Vermietungssoftware f\u00fcr die Materialplanung und -verfolgung.","robots":{"index":"index","follow":"follow","max-snippet":"max-snippet:-1","max-image-preview":"max-image-preview:large","max-video-preview":"max-video-preview:-1"},"canonical":"https:\/\/www.mirasoftware.be\/de\/modules-gestion-du-materiel\/reservation-logiciel-equipement-location","og_locale":"de_DE","og_type":"article","og_title":"Reservatie, verhuur en pickinglijsten","og_description":"Reservatiesoftware en verhuursoftware voor materiaal in \u00e9\u00e9n oplossing Bespaar tijd door te reserveren wat u nodig heeft Met MIRA als reservatiesoftware","og_url":"https:\/\/www.mirasoftware.be\/de\/modules-gestion-du-materiel\/reservation-logiciel-equipement-location","og_site_name":"Mira Software","article_publisher":"https:\/\/www.facebook.com\/MiraSoftware\/","article_modified_time":"2022-08-01T12:40:51+00:00","og_image":[{"url":"https:\/\/www.mirasoftware.be\/wp-content\/uploads\/Reservatie-600x400.jpg"}],"twitter_card":"summary_large_image","twitter_misc":{"Gesch\u00e4tzte Lesezeit":"2\u00a0Minuten"},"schema":{"@context":"https:\/\/schema.org","@graph":[{"@type":"WebPage","@id":"https:\/\/www.mirasoftware.be\/fr\/modules-gestion-du-materiel\/reservation-logiciel-equipement-location","url":"https:\/\/www.mirasoftware.be\/fr\/modules-gestion-du-materiel\/reservation-logiciel-equipement-location","name":"Reservierungssoftware f\u00fcr Ger\u00e4teverleih | MIRA Software","isPartOf":{"@id":"https:\/\/www.mirasoftware.be\/#website"},"datePublished":"2013-04-19T10:45:12+00:00","dateModified":"2022-08-01T12:40:51+00:00","description":"Reservieren Sie Material, Ger\u00e4te und Werkzeuge pro Periode\/Projekt. Reservierungs- und Vermietungssoftware f\u00fcr die Materialplanung und -verfolgung.","breadcrumb":{"@id":"https:\/\/www.mirasoftware.be\/fr\/modules-gestion-du-materiel\/reservation-logiciel-equipement-location#breadcrumb"},"inLanguage":"de","potentialAction":[{"@type":"ReadAction","target":["https:\/\/www.mirasoftware.be\/fr\/modules-gestion-du-materiel\/reservation-logiciel-equipement-location"]}]},{"@type":"BreadcrumbList","@id":"https:\/\/www.mirasoftware.be\/fr\/modules-gestion-du-materiel\/reservation-logiciel-equipement-location#breadcrumb","itemListElement":[{"@type":"ListItem","position":1,"name":"Home","item":"https:\/\/www.mirasoftware.be\/nl\/"},{"@type":"ListItem","position":2,"name":"Modules","item":"https:\/\/www.mirasoftware.be\/en_gb\/modules-material-management"},{"@type":"ListItem","position":3,"name":"Reservatie, verhuur en pickinglijsten"}]},{"@type":"WebSite","@id":"https:\/\/www.mirasoftware.be\/#website","url":"https:\/\/www.mirasoftware.be\/","name":"MIRA Software","description":"Materialmanagement","publisher":{"@id":"https:\/\/www.mirasoftware.be\/#organization"},"potentialAction":[{"@type":"SearchAction","target":{"@type":"EntryPoint","urlTemplate":"https:\/\/www.mirasoftware.be\/?s={search_term_string}"},"query-input":"required name=search_term_string"}],"inLanguage":"de"},{"@type":"Organization","@id":"https:\/\/www.mirasoftware.be\/#organization","name":"MIRA Software","url":"https:\/\/www.mirasoftware.be\/","sameAs":["https:\/\/www.linkedin.com\/company\/mira-software\/","https:\/\/www.youtube.com\/watch?v=XQfjAqMiTiY","https:\/\/www.facebook.com\/MiraSoftware\/"],"logo":{"@type":"ImageObject","inLanguage":"de","@id":"https:\/\/www.mirasoftware.be\/#\/schema\/logo\/image\/","url":"https:\/\/www.mirasoftware.be\/wp-content\/uploads\/Logo-MIRA-Software.jpg","contentUrl":"https:\/\/www.mirasoftware.be\/wp-content\/uploads\/Logo-MIRA-Software.jpg","width":603,"height":617,"caption":"MIRA Software"},"image":{"@id":"https:\/\/www.mirasoftware.be\/#\/schema\/logo\/image\/"}}]}},"_links":{"self":[{"href":"https:\/\/www.mirasoftware.be\/de\/wp-json\/wp\/v2\/pages\/25"}],"collection":[{"href":"https:\/\/www.mirasoftware.be\/de\/wp-json\/wp\/v2\/pages"}],"about":[{"href":"https:\/\/www.mirasoftware.be\/de\/wp-json\/wp\/v2\/types\/page"}],"author":[{"embeddable":true,"href":"https:\/\/www.mirasoftware.be\/de\/wp-json\/wp\/v2\/users\/1"}],"replies":[{"embeddable":true,"href":"https:\/\/www.mirasoftware.be\/de\/wp-json\/wp\/v2\/comments?post=25"}],"version-history":[{"count":78,"href":"https:\/\/www.mirasoftware.be\/de\/wp-json\/wp\/v2\/pages\/25\/revisions"}],"predecessor-version":[{"id":4525,"href":"https:\/\/www.mirasoftware.be\/de\/wp-json\/wp\/v2\/pages\/25\/revisions\/4525"}],"up":[{"embeddable":true,"href":"https:\/\/www.mirasoftware.be\/de\/wp-json\/wp\/v2\/pages\/5"}],"wp:attachment":[{"href":"https:\/\/www.mirasoftware.be\/de\/wp-json\/wp\/v2\/media?parent=25"}],"curies":[{"name":"wp","href":"https:\/\/api.w.org\/{rel}","templated":true}]}}