{"id":2673,"date":"2020-10-22T09:08:11","date_gmt":"2020-10-22T07:08:11","guid":{"rendered":"https:\/\/www.mirasoftware.be\/?page_id=2673"},"modified":"2024-02-28T10:45:01","modified_gmt":"2024-02-28T08:45:01","slug":"over-team-mira","status":"publish","type":"page","link":"https:\/\/www.mirasoftware.be\/de\/uber-uns","title":{"rendered":"\u00dcber uns"},"content":{"rendered":"<div  data-label=\"Content\" data-id=\"content-image-left\" data-category=\"content\" class=\"content-left-image-section content-image-left\" id=\"content-3\" style=\"background-color: #ffffff; background-image: none;\" data-ovid=\"ovid-content-3-111\">\n<div  class=\"gridContainer\">\n<div  class=\"row\">\n<div  class=\"content-left-image-imgcol\" data-type=\"column\"><img decoding=\"async\"  src=\"https:\/\/www.mirasoftware.be\/wp-content\/uploads\/Team-MIRA.jpg\" class=\"\" alt=\"\"><\/div>\n<div  class=\"content-left-image-textcol dynamic-color\" data-type=\"column\">\n<h3  class=\"\">Wer wir sind<\/h3>\n<p  class=\"\">Hinter den Kulissen ist unser Team jeden Tag f\u00fcr Sie da. Eine Frage, ein Problem oder eine Anregung? Z\u00f6gern Sie nicht, uns zu kontaktieren. Wir helfen Ihnen gerne weiter! Eine Gruppe von enthusiastischen und motivierten Menschen baut MIRA Software gemeinsam auf, jedoch jeder auf seine Weise.<\/p>\n\n<h5  class=\"\">Werden Sie Teil unserer Geschichte<\/h5>\n<a class=\"button color1\" href=\"https:\/\/www.mirasoftware.be\/de\/over-team-mira\/vacatures\" target=\"_self\" data-icon=\"\" rel=\"noopener\"> Stellenangebote <\/a>\n\n<\/div>\n<\/div>\n<\/div>\n<\/div><div  data-label=\"Content\" data-id=\"content-image-right\" data-category=\"content\" class=\"content-right-image-section content-image-right\" id=\"content-4\" style=\"background-color: #f6f6f6; background-image: none;\" data-ovid=\"ovid-content-4-7535\">\n<div  class=\"gridContainer\">\n<div  class=\"content-right-image-gridcol\">\n<div  class=\"content-right-image-textcol dynamic-color\" data-type=\"column\">\n<h3  class=\"\">Wie wir arbeiten<\/h3>\n<p  class=\"\">\"Bei uns gibt es keine komplizierte Verwaltungssprache. Wir sind immer im Vorw\u00e4rtsgang, bauen auf, passen uns an und verbessern uns. Dabei ber\u00fccksichtigen wir jeden Tag, was unsere Kunden zu sagen haben. F\u00fcr sie sind wir da, um es zu erm\u00f6glichen. Wir tun dies mit einer sehr kompetenten und motivierten Gruppe. Der Helpdesk ist nur anderthalb Meter von den Entwicklern entfernt. Wir sind bescheiden, aber sehr stolz. Von unserem Produkt, von unseren zufriedenen Kunden, aber vor allem von unseren Mitarbeitern.\"<\/p>\n\n<h5  class=\"\">Ignace De Coster, Gesch\u00e4ftsf\u00fchrer<\/h5>\n<\/div>\n<div  class=\"content-right-image-imgcol\" data-type=\"column\"><img decoding=\"async\"  src=\"https:\/\/www.mirasoftware.be\/wp-content\/uploads\/IDC-webpagina.png\" class=\"\" alt=\"\"><\/div>\n<\/div>\n<\/div>\n<\/div>","protected":false},"excerpt":{"rendered":"<p>Wie we zijn Achter de schermen \u2013 en dit mag u in dit geval best letterlijk nemen \u2013 staat ons team elke dag voor u klaar. Een vraag, probleem of suggestie? Aarzel niet om contact met ons op te nemen. Wij helpen u graag verder! Een groep enthousiaste en gemotiveerde mensen bouwt samen, maar toch&hellip; <br \/> <a class=\"button small blue\" href=\"https:\/\/www.mirasoftware.be\/de\/uber-uns\">Weiterlesen<\/a><\/p>","protected":false},"author":8,"featured_media":0,"parent":0,"menu_order":0,"comment_status":"closed","ping_status":"closed","template":"full-width-homepage-header.php","meta":{"_mi_skip_tracking":false,"_exactmetrics_sitenote_active":false,"_exactmetrics_sitenote_note":"","_exactmetrics_sitenote_category":0},"yoast_head":"<!-- This site is optimized with the Yoast SEO Premium plugin v19.2.1 (Yoast SEO v19.6.1) - https:\/\/yoast.com\/wordpress\/plugins\/seo\/ -->\n<title>Over ons Mira Software - Mira Software<\/title>\n<meta name=\"description\" content=\"Het team achter MIRA software. Wie zijn we en wat doen we? Bekijk ook onze vacatures en wie weet maak jij deel uit van ons team!\" \/>\n<meta name=\"robots\" content=\"index, follow, max-snippet:-1, max-image-preview:large, max-video-preview:-1\" \/>\n<link rel=\"canonical\" href=\"https:\/\/www.mirasoftware.be\/de\/over-team-mira\" \/>\n<meta property=\"og:locale\" content=\"de_DE\" \/>\n<meta property=\"og:type\" content=\"article\" \/>\n<meta property=\"og:title\" content=\"Over ons\" \/>\n<meta property=\"og:description\" content=\"Wie we zijn Achter de schermen \u2013 en dit mag u in dit geval best letterlijk nemen \u2013 staat ons team elke dag voor u klaar. Een vraag, probleem of suggestie?\" \/>\n<meta property=\"og:url\" content=\"https:\/\/www.mirasoftware.be\/de\/over-team-mira\" \/>\n<meta property=\"og:site_name\" content=\"Mira Software\" \/>\n<meta property=\"article:publisher\" content=\"https:\/\/www.facebook.com\/MiraSoftware\/\" \/>\n<meta property=\"article:modified_time\" content=\"2024-02-28T08:45:01+00:00\" \/>\n<meta property=\"og:image\" content=\"https:\/\/www.mirasoftware.be\/wp-content\/uploads\/Team-MIRA.jpg\" \/>\n<meta name=\"twitter:card\" content=\"summary_large_image\" \/>\n<meta name=\"twitter:label1\" content=\"Gesch\u00e4tzte Lesezeit\" \/>\n\t<meta name=\"twitter:data1\" content=\"1\u00a0Minute\" \/>\n<script type=\"application\/ld+json\" class=\"yoast-schema-graph\">{\"@context\":\"https:\/\/schema.org\",\"@graph\":[{\"@type\":\"WebPage\",\"@id\":\"https:\/\/www.mirasoftware.be\/nl\/over-team-mira\",\"url\":\"https:\/\/www.mirasoftware.be\/nl\/over-team-mira\",\"name\":\"Over ons Mira Software - Mira Software\",\"isPartOf\":{\"@id\":\"https:\/\/www.mirasoftware.be\/#website\"},\"datePublished\":\"2020-10-22T07:08:11+00:00\",\"dateModified\":\"2024-02-28T08:45:01+00:00\",\"description\":\"Het team achter MIRA software. Wie zijn we en wat doen we? Bekijk ook onze vacatures en wie weet maak jij deel uit van ons team!\",\"breadcrumb\":{\"@id\":\"https:\/\/www.mirasoftware.be\/nl\/over-team-mira#breadcrumb\"},\"inLanguage\":\"de\",\"potentialAction\":[{\"@type\":\"ReadAction\",\"target\":[\"https:\/\/www.mirasoftware.be\/nl\/over-team-mira\"]}]},{\"@type\":\"BreadcrumbList\",\"@id\":\"https:\/\/www.mirasoftware.be\/nl\/over-team-mira#breadcrumb\",\"itemListElement\":[{\"@type\":\"ListItem\",\"position\":1,\"name\":\"Home\",\"item\":\"https:\/\/www.mirasoftware.be\/nl\/\"},{\"@type\":\"ListItem\",\"position\":2,\"name\":\"Over ons\"}]},{\"@type\":\"WebSite\",\"@id\":\"https:\/\/www.mirasoftware.be\/#website\",\"url\":\"https:\/\/www.mirasoftware.be\/\",\"name\":\"Mira Software\",\"description\":\"Beheer van materiaal\",\"publisher\":{\"@id\":\"https:\/\/www.mirasoftware.be\/#organization\"},\"potentialAction\":[{\"@type\":\"SearchAction\",\"target\":{\"@type\":\"EntryPoint\",\"urlTemplate\":\"https:\/\/www.mirasoftware.be\/?s={search_term_string}\"},\"query-input\":\"required name=search_term_string\"}],\"inLanguage\":\"de\"},{\"@type\":\"Organization\",\"@id\":\"https:\/\/www.mirasoftware.be\/#organization\",\"name\":\"MIRA Software\",\"url\":\"https:\/\/www.mirasoftware.be\/\",\"sameAs\":[\"https:\/\/www.linkedin.com\/company\/mira-software\/\",\"https:\/\/www.youtube.com\/watch?v=XQfjAqMiTiY\",\"https:\/\/www.facebook.com\/MiraSoftware\/\"],\"logo\":{\"@type\":\"ImageObject\",\"inLanguage\":\"de\",\"@id\":\"https:\/\/www.mirasoftware.be\/#\/schema\/logo\/image\/\",\"url\":\"https:\/\/www.mirasoftware.be\/wp-content\/uploads\/Logo-MIRA-Software.jpg\",\"contentUrl\":\"https:\/\/www.mirasoftware.be\/wp-content\/uploads\/Logo-MIRA-Software.jpg\",\"width\":603,\"height\":617,\"caption\":\"MIRA Software\"},\"image\":{\"@id\":\"https:\/\/www.mirasoftware.be\/#\/schema\/logo\/image\/\"}}]}<\/script>\n<!-- \/ Yoast SEO Premium plugin. -->","yoast_head_json":{"title":"\u00dcber uns MIRA Software - MIRA Software","description":"Das Team von MIRA Software. Wer sind wir und was machen wir? Werfen Sie einen Blick auf unsere Stellenangebote und wer wei\u00df, vielleicht geh\u00f6ren Sie ja zu unserem Team!","robots":{"index":"index","follow":"follow","max-snippet":"max-snippet:-1","max-image-preview":"max-image-preview:large","max-video-preview":"max-video-preview:-1"},"canonical":"https:\/\/www.mirasoftware.be\/de\/over-team-mira","og_locale":"de_DE","og_type":"article","og_title":"Over ons","og_description":"Wie we zijn Achter de schermen \u2013 en dit mag u in dit geval best letterlijk nemen \u2013 staat ons team elke dag voor u klaar. Een vraag, probleem of suggestie?","og_url":"https:\/\/www.mirasoftware.be\/de\/over-team-mira","og_site_name":"Mira Software","article_publisher":"https:\/\/www.facebook.com\/MiraSoftware\/","article_modified_time":"2024-02-28T08:45:01+00:00","og_image":[{"url":"https:\/\/www.mirasoftware.be\/wp-content\/uploads\/Team-MIRA.jpg"}],"twitter_card":"summary_large_image","twitter_misc":{"Gesch\u00e4tzte Lesezeit":"1\u00a0Minute"},"schema":{"@context":"https:\/\/schema.org","@graph":[{"@type":"WebPage","@id":"https:\/\/www.mirasoftware.be\/nl\/over-team-mira","url":"https:\/\/www.mirasoftware.be\/nl\/over-team-mira","name":"\u00dcber uns MIRA Software - MIRA Software","isPartOf":{"@id":"https:\/\/www.mirasoftware.be\/#website"},"datePublished":"2020-10-22T07:08:11+00:00","dateModified":"2024-02-28T08:45:01+00:00","description":"Das Team von MIRA Software. Wer sind wir und was machen wir? Werfen Sie einen Blick auf unsere Stellenangebote und wer wei\u00df, vielleicht geh\u00f6ren Sie ja zu unserem Team!","breadcrumb":{"@id":"https:\/\/www.mirasoftware.be\/nl\/over-team-mira#breadcrumb"},"inLanguage":"de","potentialAction":[{"@type":"ReadAction","target":["https:\/\/www.mirasoftware.be\/nl\/over-team-mira"]}]},{"@type":"BreadcrumbList","@id":"https:\/\/www.mirasoftware.be\/nl\/over-team-mira#breadcrumb","itemListElement":[{"@type":"ListItem","position":1,"name":"Home","item":"https:\/\/www.mirasoftware.be\/nl\/"},{"@type":"ListItem","position":2,"name":"Over ons"}]},{"@type":"WebSite","@id":"https:\/\/www.mirasoftware.be\/#website","url":"https:\/\/www.mirasoftware.be\/","name":"MIRA Software","description":"Materialmanagement","publisher":{"@id":"https:\/\/www.mirasoftware.be\/#organization"},"potentialAction":[{"@type":"SearchAction","target":{"@type":"EntryPoint","urlTemplate":"https:\/\/www.mirasoftware.be\/?s={search_term_string}"},"query-input":"required name=search_term_string"}],"inLanguage":"de"},{"@type":"Organization","@id":"https:\/\/www.mirasoftware.be\/#organization","name":"MIRA Software","url":"https:\/\/www.mirasoftware.be\/","sameAs":["https:\/\/www.linkedin.com\/company\/mira-software\/","https:\/\/www.youtube.com\/watch?v=XQfjAqMiTiY","https:\/\/www.facebook.com\/MiraSoftware\/"],"logo":{"@type":"ImageObject","inLanguage":"de","@id":"https:\/\/www.mirasoftware.be\/#\/schema\/logo\/image\/","url":"https:\/\/www.mirasoftware.be\/wp-content\/uploads\/Logo-MIRA-Software.jpg","contentUrl":"https:\/\/www.mirasoftware.be\/wp-content\/uploads\/Logo-MIRA-Software.jpg","width":603,"height":617,"caption":"MIRA Software"},"image":{"@id":"https:\/\/www.mirasoftware.be\/#\/schema\/logo\/image\/"}}]}},"_links":{"self":[{"href":"https:\/\/www.mirasoftware.be\/de\/wp-json\/wp\/v2\/pages\/2673"}],"collection":[{"href":"https:\/\/www.mirasoftware.be\/de\/wp-json\/wp\/v2\/pages"}],"about":[{"href":"https:\/\/www.mirasoftware.be\/de\/wp-json\/wp\/v2\/types\/page"}],"author":[{"embeddable":true,"href":"https:\/\/www.mirasoftware.be\/de\/wp-json\/wp\/v2\/users\/8"}],"replies":[{"embeddable":true,"href":"https:\/\/www.mirasoftware.be\/de\/wp-json\/wp\/v2\/comments?post=2673"}],"version-history":[{"count":48,"href":"https:\/\/www.mirasoftware.be\/de\/wp-json\/wp\/v2\/pages\/2673\/revisions"}],"predecessor-version":[{"id":4541,"href":"https:\/\/www.mirasoftware.be\/de\/wp-json\/wp\/v2\/pages\/2673\/revisions\/4541"}],"wp:attachment":[{"href":"https:\/\/www.mirasoftware.be\/de\/wp-json\/wp\/v2\/media?parent=2673"}],"curies":[{"name":"wp","href":"https:\/\/api.w.org\/{rel}","templated":true}]}}