{"id":27,"date":"2013-04-19T10:46:05","date_gmt":"2013-04-19T10:46:05","guid":{"rendered":"http:\/\/vpcdcizit:8000\/wp-mira\/?page_id=27"},"modified":"2021-10-15T10:19:39","modified_gmt":"2021-10-15T08:19:39","slug":"voorraadbeheer-en-inventarisatie-materiaal-in-magazijn","status":"publish","type":"page","link":"https:\/\/www.mirasoftware.be\/de\/module-materialverwaltung\/lagerverwaltung-und-inventarisierung-von-material-im-lager","title":{"rendered":"Lagerbestand &amp; Bestellungen"},"content":{"rendered":"<div  data-label=\"About us\" data-id=\"about-image-section-pro\" data-category=\"about\" class=\"about-image-section-pro\" id=\"about-us-2\" style=\"background-color: #ffffff; background-image: none;\" data-ovid=\"ovid-about-us-2-109\">\n<div  class=\"\">\n<div  class=\"row about-image-gridcol-pro\">\n<div  class=\"about-image-textcol-pro\" data-type=\"column\">\n<h2  class=\"\" style=\"text-align: left;\">Lagerkontrolle und Werkzeuginventur<\/h2>\n<h3  class=\"\" style=\"text-align: left;\">Verwalten Sie den Bestand im Lager durch Scannen<\/h3>\n<p  class=\"\" style=\"text-align: left;\">Wissen Sie, welches Material Sie haben und wo es sich befindet. Bestellen Sie den Greifervorrat rechtzeitig und erfassen Sie, wie viel Sie pro Artikel und Standort ben\u00f6tigen. Das Modul Lagerverwaltung und Bestellwesen hilft Ihnen, diese St\u00fcckzahlen genau zu \u00fcberwachen. Kein endloses Suchen in Excel-Dateien mit verschiedenen Versionen und Tabs mehr, sondern alles in einer zentralen \u00dcbersicht in unserer Softwareanwendung. Mit Hilfe eines <strong >Scansystems<\/strong> wird alles registriert und verfolgt. Einfachheit wird bei MIRA Software gro\u00df geschrieben, was auch die <strong >Nachkalkulation<\/strong> von Projekten und Standorten erleichtert. Ein <strong >SMART-Lager<\/strong> ist mit MIRA Software schnell erreicht.<\/p>\n\n<\/div>\n<div  data-type=\"column\" class=\"\"><\/div>\n<\/div>\n<\/div>\n<\/div><div  data-label=\"Content\" data-id=\"content-image-right\" data-category=\"content\" class=\"content-right-image-section content-image-right\" id=\"content-4\" style=\"background-color: #f6f6f6; background-image: none;\" data-ovid=\"ovid-content-4-112\">\n<div  class=\"gridContainer\">\n<div  class=\"content-right-image-gridcol\">\n<div  class=\"content-right-image-textcol dynamic-color\" data-type=\"column\">\n<h2  class=\"\">Lagerbestand &amp; Lagerverwaltung<\/h2>\n<p  class=\"large_text\">Sie k\u00f6nnen Ihre Bestandssituation und Inventur, die mit dem <a  href=\"https:\/\/www.mirasoftware.be\/de\/modules-materieelbeheer\/registratie-gebruik-en-verbruik-materiaal-opvolging-per-project-of-persoon\">Registrierungsmodul<\/a>verbunden sind, jederzeit anpassen. Aber nat\u00fcrlich m\u00f6chten Sie auch wissen, WO etwas liegt. Auch das ist m\u00f6glich! Jedem Artikel kann ein fester Platz zugewiesen werden. So wissen Sie immer, wo etwas sein muss. Die Verwaltung von Vorr\u00e4ten und Greifvorr\u00e4ten kann vollst\u00e4ndig an die Bed\u00fcrfnisse Ihres Lagers\/Ihrer Lager, Economat, Stapelwagen, Arbeitesbeh\u00e4lter, Lieferwagen,... angepasst werden. Wie ist\/war Ihre Bestandssituation zu einem bestimmten Datum und wie hoch ist\/war der aktuelle Wert? Dieses Lagermodul gibt Ihnen \u00fcber die Abfragebilder eine klare und eindeutige Antwort.<\/p>\n\n<\/div>\n<div  class=\"content-right-image-imgcol\" data-type=\"column\">\n<h2  class=\"\"><\/h2>\n<img decoding=\"async\"  loading=\"lazy\" src=\"https:\/\/www.mirasoftware.be\/wp-content\/uploads\/DSCN2820-scaled.jpg\" class=\"alignnone\" alt=\"Lagerverwaltungsscanner\">\n\n<\/div>\n<\/div>\n<\/div>\n<\/div><div  data-label=\"Features\" data-id=\"features-small-image-cards-section\" data-category=\"features\" class=\"features-small-image-cards-section\" style=\"background-color: #ffffff; background-image: none;\" id=\"features-6\" data-ovid=\"ovid-features-6-115\">\n<div  class=\"gridContainer\">\n<div  class=\"features-small-image-cards-textrow\">\n<div  class=\"features-small-image-cards-textcol dynamic-color\" data-type=\"column\">\n<h2  class=\"\">Lagerbestand verwalten: wie?<\/h2>\n<p  class=\"\">In der MIRA Software sind vier n\u00fctzliche Funktionalit\u00e4ten f\u00fcr die Lagerverwaltung eingerichtet worden, die Ihnen helfen, Ihren Bestand im Lager jederzeit optimal zu halten. Geben Sie einmalig einen Bestellhorizont und einen Mindestbestand pro Artikel ein und die Software hilft Ihnen, sich daran zu erinnern, wann es Zeit ist, eine Bestellung beim Lieferanten aufzugeben. Dies kann f\u00fcr Ger\u00e4te, aber auch f\u00fcr Verbrauchsmaterialien (Greiferbestand) geschehen. Entscheiden Sie sich f\u00fcr die Digitalisierung der administrativen Seite mit Lagerverwaltungssoftware!<\/p>\n\n<\/div>\n<\/div>\n<div  class=\"features-small-image-cards-featrow dark-text\" data-type=\"row\">\n<div  class=\"features-small-image-cards-featcol\">\n<div  class=\"features-small-image-cards-featinnerrow flexbox-list\">\n<div  class=\"features-small-image-cards-imgcol\" data-bg=\"image\" style=\"background-image: url('https:\/\/www.mirasoftware.be\/wp-content\/uploads\/noun_notification_3454270.png');\"><\/div>\n<div  class=\"features-small-image-cards-featcol-feattextcol\" data-type=\"column\">\n<h4  class=\"heading103\">1. Bestellhorizont<\/h4>\n<p  class=\"\">Sie werden benachrichtigt, wenn der Bestellhorizont erreicht ist. Es ist eine erste Warnung, dass der Vorrat fast ersch\u00f6pft ist.<\/p>\n\n<\/div>\n<\/div>\n<\/div>\n<div  class=\"features-small-image-cards-featcol\">\n<div  class=\"features-small-image-cards-featinnerrow flexbox-list\">\n<div  class=\"features-small-image-cards-imgcol\" data-bg=\"image\" style=\"background-image: url('https:\/\/www.mirasoftware.be\/wp-content\/uploads\/noun_shopping-list_1824339-1.png');\"><\/div>\n<div  class=\"features-small-image-cards-featcol-feattextcol\" data-type=\"column\">\n<h4  class=\"heading103\">3. Bestelllisten<\/h4>\n<p  class=\"\">Sie k\u00f6nnen den Artikel auf die Bestellliste setzen. Dort wartet es auf die Zustimmung der zu bestellenden autorisierten Person.<\/p>\n\n<\/div>\n<\/div>\n<\/div>\n<div  class=\"features-small-image-cards-featcol\">\n<div  class=\"features-small-image-cards-featinnerrow flexbox-list\">\n<div  class=\"features-small-image-cards-imgcol\" data-bg=\"image\" style=\"background-image: url('https:\/\/www.mirasoftware.be\/wp-content\/uploads\/noun_Warning_849636-2.png');\"><\/div>\n<div  class=\"features-small-image-cards-featcol-feattextcol\" data-type=\"column\">\n<h4  class=\"heading103\">2. Mindestbestand<\/h4>\n<p  class=\"\">Wenn ein Artikel unter den Mindestbestand f\u00e4llt, erhalten Sie eine weitere Benachrichtigung. Dies ist die zweite und letzte Alarmschwelle.<\/p>\n\n<\/div>\n<\/div>\n<\/div>\n<div  class=\"features-small-image-cards-featcol\">\n<div  class=\"features-small-image-cards-featinnerrow flexbox-list\">\n<div  class=\"features-small-image-cards-imgcol\" data-bg=\"image\" style=\"background-image: url('https:\/\/www.mirasoftware.be\/wp-content\/uploads\/noun_shopping-list_166411-1.png');\"><\/div>\n<div  class=\"features-small-image-cards-featcol-feattextcol\" data-type=\"column\">\n<h4  class=\"heading103\">4. Bestellformular<\/h4>\n<p  class=\"\">Aus der Bestellliste wird ein endg\u00fcltiges Bestellformular erstellt, das automatisch an den Lieferanten gesendet wird.<\/p>\n\n<\/div>\n<\/div>\n<\/div>\n<\/div>\n<\/div>\n<\/div><div  data-label=\"Content\" data-id=\"content-image-right-1\" data-category=\"content\" class=\"content-right-image-section content-image-right-1\" id=\"content-1\" style=\"background-color: #f6f6f6; background-image: none;\" data-ovid=\"ovid-content-1-118\">\n<div  class=\"gridContainer\">\n<div  class=\"content-right-image-gridcol\">\n<div  class=\"content-right-image-textcol dynamic-color\" data-type=\"column\">\n<h2  class=\"\">Lagerverwaltung &amp; Nachkalkulationen<\/h2>\n<p  class=\"large_text\">Effiziente Lagerverwaltung f\u00fchrt zu einer transparenten Kalkulation. Die Funktionalit\u00e4t der Standorte ist n\u00fctzlich f\u00fcr Nachkalkulationen von Standorten, Projekten, Schulungen usw. So wissen Sie zum Beispiel, wie viele Schrauben, Bolzen oder Muttern auf einer bestimmten Baustelle verwendet wurden oder welcher Mitarbeiter die meisten Schutzbrillen und Handschuhe ben\u00f6tigt hat. Mit MIRA Software k\u00f6nnen Sie nicht nur den Lagerbestand verwalten, sondern auch andere administrative Aufgaben wie die Buchung von Lieferungen, die \u00dcberwachung der Bestellhistorie und die \u00dcberpr\u00fcfung von R\u00fcckst\u00e4nden sind mit der Anwendung m\u00f6glich. Verwalten Sie Ihren Bestand effizient mit MIRA, es erspart Ihnen eine Menge Berechnungen und Unsicherheiten.<\/p>\n\n<\/div>\n<div  class=\"content-right-image-imgcol\" data-type=\"column\">\n<h2  class=\"\"><\/h2>\n<img decoding=\"async\"  loading=\"lazy\" src=\"https:\/\/www.mirasoftware.be\/wp-content\/uploads\/facturatie-en-boekhouding.jpg\" class=\"alignnone\" alt=\"Nachkalkulation von Auftr\u00e4gen in der Lagerverwaltung und Bestandsf\u00fchrung im Lager\" width=\"8688\" height=\"5792\">\n\n<\/div>\n<\/div>\n<\/div>\n<\/div><div  data-label=\"About us\" data-id=\"about-image-section-pro-1\" data-category=\"about\" class=\"about-image-section-pro about-image-section-pro-1\" id=\"about-us-1\" style=\"background-color: #ffffff; background-image: none;\" data-ovid=\"ovid-about-us-1-121\">\n<div  class=\"gridContainer\">\n<div  class=\"row about-image-gridcol-pro\">\n<div  class=\"about-image-textcol-pro\" data-type=\"column\">\n\n<a class=\"button color1\" href=\"https:\/\/www.mirasoftware.be\/de\/modules-materieelbeheer\" target=\"_self\" data-icon=\"\" rel=\"noopener noreferrer\">\u00dcbersicht der Module<\/a>\n<p  class=\"\">MIRA Software ist ein Produkt von <a  href=\"https:\/\/izit.be\" class=\"\">IZIT bv<\/a><\/p>\n\n<\/div>\n<div  data-type=\"column\" class=\"\"><\/div>\n<\/div>\n<\/div>\n<\/div>","protected":false},"excerpt":{"rendered":"<p>Voorraadbeheer en materiaalinventarisatie Beheer de voorraad in het magazijn via scanning Weet welk materiaal u heeft en op welke locatie het ligt. Bestel tijdig grijpvoorraad bij en leg per artikel vast hoeveel u ervan nodig heeft per locatie. De module Stockbeheer en bestellingen helpt u om deze aantallen nauwgezet op te volgen. Gedaan met eindeloos&hellip; <br \/> <a class=\"button small blue\" href=\"https:\/\/www.mirasoftware.be\/de\/module-materialverwaltung\/lagerverwaltung-und-inventarisierung-von-material-im-lager\">Weiterlesen<\/a><\/p>","protected":false},"author":1,"featured_media":0,"parent":5,"menu_order":0,"comment_status":"closed","ping_status":"closed","template":"full-width-homepage-header.php","meta":{"_mi_skip_tracking":false,"_exactmetrics_sitenote_active":false,"_exactmetrics_sitenote_note":"","_exactmetrics_sitenote_category":0},"yoast_head":"<!-- This site is optimized with the Yoast SEO Premium plugin v19.2.1 (Yoast SEO v19.6.1) - https:\/\/yoast.com\/wordpress\/plugins\/seo\/ -->\n<title>Voorraadbeheer materiaal magazijn met scanning software | Mira Software<\/title>\n<meta name=\"description\" content=\"Software voor voorraadbeheer materiaal, materieel en grijpvoorraad in het magazijn.\u00a0Beheer en opvolging stock, bestelbonnen en nacalculaties.\" \/>\n<meta name=\"robots\" content=\"index, follow, max-snippet:-1, max-image-preview:large, max-video-preview:-1\" \/>\n<link rel=\"canonical\" href=\"https:\/\/www.mirasoftware.be\/de\/moduli-gestione-dei-materiali\/gestione-delle-scorte-e-inventario-del-materiale-in-magazzino\" \/>\n<meta property=\"og:locale\" content=\"de_DE\" \/>\n<meta property=\"og:type\" content=\"article\" \/>\n<meta property=\"og:title\" content=\"Stock en bestellingen\" \/>\n<meta property=\"og:description\" content=\"Voorraadbeheer en materiaalinventarisatie Beheer de voorraad in het magazijn via scanning Weet welk materiaal u heeft en op welke locatie het ligt. Bestel\" \/>\n<meta property=\"og:url\" content=\"https:\/\/www.mirasoftware.be\/de\/moduli-gestione-dei-materiali\/gestione-delle-scorte-e-inventario-del-materiale-in-magazzino\" \/>\n<meta property=\"og:site_name\" content=\"Mira Software\" \/>\n<meta property=\"article:publisher\" content=\"https:\/\/www.facebook.com\/MiraSoftware\/\" \/>\n<meta property=\"article:modified_time\" content=\"2021-10-15T08:19:39+00:00\" \/>\n<meta property=\"og:image\" content=\"https:\/\/www.mirasoftware.be\/wp-content\/uploads\/DSCN2820-scaled.jpg\" \/>\n<meta name=\"twitter:card\" content=\"summary_large_image\" \/>\n<meta name=\"twitter:label1\" content=\"Gesch\u00e4tzte Lesezeit\" \/>\n\t<meta name=\"twitter:data1\" content=\"3\u00a0Minuten\" \/>\n<script type=\"application\/ld+json\" class=\"yoast-schema-graph\">{\"@context\":\"https:\/\/schema.org\",\"@graph\":[{\"@type\":\"WebPage\",\"@id\":\"https:\/\/www.mirasoftware.be\/it\/moduli-gestione-dei-materiali\/gestione-delle-scorte-e-inventario-del-materiale-in-magazzino\",\"url\":\"https:\/\/www.mirasoftware.be\/it\/moduli-gestione-dei-materiali\/gestione-delle-scorte-e-inventario-del-materiale-in-magazzino\",\"name\":\"Voorraadbeheer materiaal magazijn met scanning software | Mira Software\",\"isPartOf\":{\"@id\":\"https:\/\/www.mirasoftware.be\/#website\"},\"datePublished\":\"2013-04-19T10:46:05+00:00\",\"dateModified\":\"2021-10-15T08:19:39+00:00\",\"description\":\"Software voor voorraadbeheer materiaal, materieel en grijpvoorraad in het magazijn.\u00a0Beheer en opvolging stock, bestelbonnen en nacalculaties.\",\"breadcrumb\":{\"@id\":\"https:\/\/www.mirasoftware.be\/it\/moduli-gestione-dei-materiali\/gestione-delle-scorte-e-inventario-del-materiale-in-magazzino#breadcrumb\"},\"inLanguage\":\"de\",\"potentialAction\":[{\"@type\":\"ReadAction\",\"target\":[\"https:\/\/www.mirasoftware.be\/it\/moduli-gestione-dei-materiali\/gestione-delle-scorte-e-inventario-del-materiale-in-magazzino\"]}]},{\"@type\":\"BreadcrumbList\",\"@id\":\"https:\/\/www.mirasoftware.be\/it\/moduli-gestione-dei-materiali\/gestione-delle-scorte-e-inventario-del-materiale-in-magazzino#breadcrumb\",\"itemListElement\":[{\"@type\":\"ListItem\",\"position\":1,\"name\":\"Home\",\"item\":\"https:\/\/www.mirasoftware.be\/nl\/\"},{\"@type\":\"ListItem\",\"position\":2,\"name\":\"Modules\",\"item\":\"https:\/\/www.mirasoftware.be\/en_gb\/modules-material-management\"},{\"@type\":\"ListItem\",\"position\":3,\"name\":\"Stock en bestellingen\"}]},{\"@type\":\"WebSite\",\"@id\":\"https:\/\/www.mirasoftware.be\/#website\",\"url\":\"https:\/\/www.mirasoftware.be\/\",\"name\":\"Mira Software\",\"description\":\"Beheer van materiaal\",\"publisher\":{\"@id\":\"https:\/\/www.mirasoftware.be\/#organization\"},\"potentialAction\":[{\"@type\":\"SearchAction\",\"target\":{\"@type\":\"EntryPoint\",\"urlTemplate\":\"https:\/\/www.mirasoftware.be\/?s={search_term_string}\"},\"query-input\":\"required name=search_term_string\"}],\"inLanguage\":\"de\"},{\"@type\":\"Organization\",\"@id\":\"https:\/\/www.mirasoftware.be\/#organization\",\"name\":\"MIRA Software\",\"url\":\"https:\/\/www.mirasoftware.be\/\",\"sameAs\":[\"https:\/\/www.linkedin.com\/company\/mira-software\/\",\"https:\/\/www.youtube.com\/watch?v=XQfjAqMiTiY\",\"https:\/\/www.facebook.com\/MiraSoftware\/\"],\"logo\":{\"@type\":\"ImageObject\",\"inLanguage\":\"de\",\"@id\":\"https:\/\/www.mirasoftware.be\/#\/schema\/logo\/image\/\",\"url\":\"https:\/\/www.mirasoftware.be\/wp-content\/uploads\/Logo-MIRA-Software.jpg\",\"contentUrl\":\"https:\/\/www.mirasoftware.be\/wp-content\/uploads\/Logo-MIRA-Software.jpg\",\"width\":603,\"height\":617,\"caption\":\"MIRA Software\"},\"image\":{\"@id\":\"https:\/\/www.mirasoftware.be\/#\/schema\/logo\/image\/\"}}]}<\/script>\n<!-- \/ Yoast SEO Premium plugin. -->","yoast_head_json":{"title":"Bestandskontrolle des Materiallagers mit Scansoftware | MIRA Software","description":"Software zur Bestandsverwaltung von Material, Ger\u00e4ten und Stock im Lager.\u00a0Verwaltung und Nachverfolgung von Best\u00e4nden, Bestellformularen und Nachkalkulationen.","robots":{"index":"index","follow":"follow","max-snippet":"max-snippet:-1","max-image-preview":"max-image-preview:large","max-video-preview":"max-video-preview:-1"},"canonical":"https:\/\/www.mirasoftware.be\/de\/moduli-gestione-dei-materiali\/gestione-delle-scorte-e-inventario-del-materiale-in-magazzino","og_locale":"de_DE","og_type":"article","og_title":"Stock en bestellingen","og_description":"Voorraadbeheer en materiaalinventarisatie Beheer de voorraad in het magazijn via scanning Weet welk materiaal u heeft en op welke locatie het ligt. Bestel","og_url":"https:\/\/www.mirasoftware.be\/de\/moduli-gestione-dei-materiali\/gestione-delle-scorte-e-inventario-del-materiale-in-magazzino","og_site_name":"Mira Software","article_publisher":"https:\/\/www.facebook.com\/MiraSoftware\/","article_modified_time":"2021-10-15T08:19:39+00:00","og_image":[{"url":"https:\/\/www.mirasoftware.be\/wp-content\/uploads\/DSCN2820-scaled.jpg"}],"twitter_card":"summary_large_image","twitter_misc":{"Gesch\u00e4tzte Lesezeit":"3\u00a0Minuten"},"schema":{"@context":"https:\/\/schema.org","@graph":[{"@type":"WebPage","@id":"https:\/\/www.mirasoftware.be\/it\/moduli-gestione-dei-materiali\/gestione-delle-scorte-e-inventario-del-materiale-in-magazzino","url":"https:\/\/www.mirasoftware.be\/it\/moduli-gestione-dei-materiali\/gestione-delle-scorte-e-inventario-del-materiale-in-magazzino","name":"Bestandskontrolle des Materiallagers mit Scansoftware | MIRA Software","isPartOf":{"@id":"https:\/\/www.mirasoftware.be\/#website"},"datePublished":"2013-04-19T10:46:05+00:00","dateModified":"2021-10-15T08:19:39+00:00","description":"Software zur Bestandsverwaltung von Material, Ger\u00e4ten und Stock im Lager.\u00a0Verwaltung und Nachverfolgung von Best\u00e4nden, Bestellformularen und Nachkalkulationen.","breadcrumb":{"@id":"https:\/\/www.mirasoftware.be\/it\/moduli-gestione-dei-materiali\/gestione-delle-scorte-e-inventario-del-materiale-in-magazzino#breadcrumb"},"inLanguage":"de","potentialAction":[{"@type":"ReadAction","target":["https:\/\/www.mirasoftware.be\/it\/moduli-gestione-dei-materiali\/gestione-delle-scorte-e-inventario-del-materiale-in-magazzino"]}]},{"@type":"BreadcrumbList","@id":"https:\/\/www.mirasoftware.be\/it\/moduli-gestione-dei-materiali\/gestione-delle-scorte-e-inventario-del-materiale-in-magazzino#breadcrumb","itemListElement":[{"@type":"ListItem","position":1,"name":"Home","item":"https:\/\/www.mirasoftware.be\/nl\/"},{"@type":"ListItem","position":2,"name":"Modules","item":"https:\/\/www.mirasoftware.be\/en_gb\/modules-material-management"},{"@type":"ListItem","position":3,"name":"Stock en bestellingen"}]},{"@type":"WebSite","@id":"https:\/\/www.mirasoftware.be\/#website","url":"https:\/\/www.mirasoftware.be\/","name":"MIRA Software","description":"Materialmanagement","publisher":{"@id":"https:\/\/www.mirasoftware.be\/#organization"},"potentialAction":[{"@type":"SearchAction","target":{"@type":"EntryPoint","urlTemplate":"https:\/\/www.mirasoftware.be\/?s={search_term_string}"},"query-input":"required name=search_term_string"}],"inLanguage":"de"},{"@type":"Organization","@id":"https:\/\/www.mirasoftware.be\/#organization","name":"MIRA Software","url":"https:\/\/www.mirasoftware.be\/","sameAs":["https:\/\/www.linkedin.com\/company\/mira-software\/","https:\/\/www.youtube.com\/watch?v=XQfjAqMiTiY","https:\/\/www.facebook.com\/MiraSoftware\/"],"logo":{"@type":"ImageObject","inLanguage":"de","@id":"https:\/\/www.mirasoftware.be\/#\/schema\/logo\/image\/","url":"https:\/\/www.mirasoftware.be\/wp-content\/uploads\/Logo-MIRA-Software.jpg","contentUrl":"https:\/\/www.mirasoftware.be\/wp-content\/uploads\/Logo-MIRA-Software.jpg","width":603,"height":617,"caption":"MIRA Software"},"image":{"@id":"https:\/\/www.mirasoftware.be\/#\/schema\/logo\/image\/"}}]}},"_links":{"self":[{"href":"https:\/\/www.mirasoftware.be\/de\/wp-json\/wp\/v2\/pages\/27"}],"collection":[{"href":"https:\/\/www.mirasoftware.be\/de\/wp-json\/wp\/v2\/pages"}],"about":[{"href":"https:\/\/www.mirasoftware.be\/de\/wp-json\/wp\/v2\/types\/page"}],"author":[{"embeddable":true,"href":"https:\/\/www.mirasoftware.be\/de\/wp-json\/wp\/v2\/users\/1"}],"replies":[{"embeddable":true,"href":"https:\/\/www.mirasoftware.be\/de\/wp-json\/wp\/v2\/comments?post=27"}],"version-history":[{"count":119,"href":"https:\/\/www.mirasoftware.be\/de\/wp-json\/wp\/v2\/pages\/27\/revisions"}],"predecessor-version":[{"id":4134,"href":"https:\/\/www.mirasoftware.be\/de\/wp-json\/wp\/v2\/pages\/27\/revisions\/4134"}],"up":[{"embeddable":true,"href":"https:\/\/www.mirasoftware.be\/de\/wp-json\/wp\/v2\/pages\/5"}],"wp:attachment":[{"href":"https:\/\/www.mirasoftware.be\/de\/wp-json\/wp\/v2\/media?parent=27"}],"curies":[{"name":"wp","href":"https:\/\/api.w.org\/{rel}","templated":true}]}}