{"id":32,"date":"2013-04-19T10:48:17","date_gmt":"2013-04-19T10:48:17","guid":{"rendered":"http:\/\/vpcdcizit:8000\/wp-mira\/?page_id=32"},"modified":"2021-05-21T11:21:31","modified_gmt":"2021-05-21T09:21:31","slug":"onderhoud-materieel-gereedschap-bijhouden","status":"publish","type":"page","link":"https:\/\/www.mirasoftware.be\/de\/module-materialverwaltung\/wartung-von-material-und-werkzeughaltung","title":{"rendered":"Wartung und Reparaturen"},"content":{"rendered":"<div data-label=\"Features\" data-id=\"features-square-image-section\" data-category=\"features\" class=\"features-square-image-section\" id=\"features-7\" style=\"background-color: #ffffff; background-image: none;\" data-ovid=\"ovid-features-7-109\">\r\n<div class=\"dynamic-color\">\r\n<div class=\"features-square-image-textrow\">\r\n<div class=\"features-square-image-textcol\" data-type=\"column\">\r\n<h2 class=\"\" style=\"text-align: left;\">Wartung, Inspektion und Reparatur von Ger\u00e4ten und Werkzeugen<\/h2>\r\n<h3 class=\"\" style=\"text-align: left;\">Verfolgen Sie die Wartung von Ger\u00e4ten und Werkzeugen<\/h3>\r\n<p class=\"\" style=\"text-align: left;\">Das Wartungsmodul von MIRA Software erm\u00f6glicht ein effizientes <strong>Wartungsmanagement<\/strong> . Sie werden \u00fcber die Wartung von Ger\u00e4ten und Reparaturen informiert und wissen, wann welches Ger\u00e4t gewartet oder repariert wird. Nach einer Reparatur oder Wartung kann ein Formular zur \u00dcberpr\u00fcfung ausgef\u00fcllt werden. Das Modul enth\u00e4lt auch spezielle Funktionen f\u00fcr die Verwaltung kleiner bis mittelgro\u00dfer <strong>Flotten<\/strong> (Anh\u00e4nger, Servicefahrzeuge usw.) und kann als praktisches Hilfsmittel f\u00fcr alle Arten von Inspektionen und Kontrollen an Ger\u00e4ten (intern, extern, SCC usw.) dienen. Das <strong>Pr\u00fcfzertifikat<\/strong> kann digital mit dem Werkzeug verkn\u00fcpft werden.<\/p>\r\n\r\n<\/div>\r\n<\/div>\r\n<div class=\"features-square-image-innerrow\" data-type=\"row\">\r\n<div class=\"features-square-image-featcol cp4cols cp6cols-tablet\">\r\n\r\n<img decoding=\"async\" loading=\"lazy\" class=\"features-square-image-featimg alignnone\" src=\"https:\/\/www.mirasoftware.be\/wp-content\/uploads\/Onderhoud-1-scaled.jpg\" alt=\"Wartung von Ger\u00e4ten und Werkzeugen durch Wartungsmanagement in MIRA\" width=\"2560\" height=\"1709\" \/>\r\n<h3 class=\"\" style=\"text-align: center;\">Wartung<\/h3>\r\n<p class=\"\" style=\"text-align: center;\">Die Wartungsh\u00e4ufigkeit eines jeden Artikels kann einmalig eingegeben werden, danach tut die Software den Rest! Sie k\u00f6nnen eine einfache \u00dcbersicht anfordern, welche Ger\u00e4te - fast - gewartet werden m\u00fcssen. Der Lagermitarbeiter oder autorisierte Mitarbeiter kann mit der MIRA Software intern oder extern Wartungen und Reparaturen von Werkzeugen planen und nachverfolgen. Das Ger\u00e4t oder die Anlage wird automatisch au\u00dfer Betrieb genommen. Bei Bedarf kann sie \u00fcber das <a href=\"https:\/\/www.mirasoftware.be\/de\/modules-materieelbeheer\/reservatiesoftware-materiaal-en-materiaalverhuur\">Reservierungsmodul<\/a> weitergegeben werden, wenn sie wieder verf\u00fcgbar ist und somit genutzt werden kann.<\/p>\r\n\r\n<\/div>\r\n<div class=\"features-square-image-featcol cp4cols cp6cols-tablet\">\r\n\r\n<img decoding=\"async\" loading=\"lazy\" class=\"features-square-image-featimg alignnone\" src=\"https:\/\/www.mirasoftware.be\/wp-content\/uploads\/keuring-en-inspectie-brandblussers-scaled.jpg\" alt=\"Pr\u00fcfung und Inspektion von Materialien und Werkzeugen\" width=\"2560\" height=\"1707\" \/>\r\n<h3 class=\"\" style=\"text-align: center;\">Inspektionen<\/h3>\r\n<p class=\"\" style=\"text-align: center;\">Neben den Wartungsarbeiten k\u00f6nnen auch Inspektionen und Kontrollen von Fahrzeugen, Ger\u00e4ten und Material durchgef\u00fchrt werden. Konfigurieren Sie nur einmal und MIRA Software erinnert Sie an die bevorstehende Pr\u00fcfung oder Inspektion des Materials und der Werkzeuge. Nach einer Pr\u00fcfung oder Inspektion k\u00f6nnen Sie das Pr\u00fcfzertifikat und eventuelle weitere Dokumente mit dem Artikel verkn\u00fcpfen.<\/p>\r\n\r\n<\/div>\r\n<div class=\"features-square-image-featcol cp4cols cp6cols-tablet\">\r\n\r\n<img decoding=\"async\" loading=\"lazy\" class=\"features-square-image-featimg alignnone\" src=\"https:\/\/www.mirasoftware.be\/wp-content\/uploads\/herstelling-scaled.jpg\" alt=\"Wartungsmanagement f\u00fcr Ger\u00e4tereparaturen\" width=\"2560\" height=\"1709\" \/>\r\n<h3 class=\"\" style=\"text-align: center;\">Reparaturen<\/h3>\r\n<p class=\"\" style=\"text-align: center;\">F\u00e4llt in Ihrem Unternehmen oder Ihrer Organisation pl\u00f6tzlich etwas aus? Abgesehen von den periodischen Wartungsbedingungen kann das Ger\u00e4t auch zur Reparatur geschickt werden. Bei der Wartung und Inspektion wird der Status des Ger\u00e4ts oder Werkzeugs jedoch angepasst, sobald Sie es zur Reparatur schicken. So kann jeder wissen, ob ein Artikel verf\u00fcgbar ist und es geht keine Zeit durch vergebliches Suchen nach einem Artikel in der Reparatur verloren. Haben Sie vergessen, eine Reparatur zu registrieren? Kein Problem, Sie k\u00f6nnen es sp\u00e4ter immer noch am richtigen Datum eingeben.<\/p>\r\n\r\n<\/div>\r\n<\/div>\r\n<\/div>\r\n<\/div>\r\n<div data-label=\"Content\" data-id=\"content-image-left\" data-category=\"content\" class=\"content-left-image-section content-image-left\" id=\"content-3\" style=\"background-color: #f6f6f6; background-image: none;\" data-ovid=\"ovid-content-3-112\">\r\n<div class=\"gridContainer\">\r\n<div class=\"row\">\r\n<div class=\"content-left-image-imgcol\" data-type=\"column\"><img decoding=\"async\" loading=\"lazy\" src=\"https:\/\/www.mirasoftware.be\/wp-content\/uploads\/facturatie-en-boekhouding.jpg\" class=\"alignnone\" alt=\"Behalten Sie den \u00dcberblick \u00fcber Wartungs- und Reparaturkosten in der MIRA Software\" width=\"8688\" height=\"5792\" \/><\/div>\r\n<div class=\"content-left-image-textcol dynamic-color\" data-type=\"column\">\r\n<h2 class=\"\">Buchhaltung &amp; Fakturierung<\/h2>\r\n<p class=\"large_text\">Das Wartungs- und Reparaturmodul von Ger\u00e4ten enth\u00e4lt auch einen Teil f\u00fcr die Buchhaltung und Rechnungsstellung. Sie k\u00f6nnen die Wartungshistorie f\u00fcr jeden Artikel abrufen und sehen dann genau, was bereits f\u00fcr Wartung, Tests\/Inspektionen und Reparaturen f\u00fcr das Ger\u00e4t ausgegeben wurde. Diese kann einfach nach Ger\u00e4t, Gruppe, Datum, Benutzer, ... gefiltert werden.<\/p>\r\n\r\n<\/div>\r\n<\/div>\r\n<\/div>\r\n<\/div>\r\n<div data-label=\"Features\" data-id=\"features-square-image-section-1\" data-category=\"features\" class=\"features-square-image-section features-square-image-section-1\" id=\"features-1\" style=\"background-color: #ffffff; background-image: none;\" data-ovid=\"ovid-features-1-115\">\r\n<div class=\"gridContainer dynamic-color\">\r\n<div class=\"features-square-image-textrow\">\r\n<div class=\"features-square-image-textcol\" data-type=\"column\"><\/div>\r\n<\/div>\r\n<div class=\"features-square-image-innerrow\" data-type=\"row\">\r\n<div class=\"features-square-image-featcol cp6cols-tablet cp12cols\">\r\n<h2 class=\"\" style=\"text-align: center;\">Formulare f\u00fcr die Wartung von Ger\u00e4ten<\/h2>\r\n<p class=\"\" style=\"text-align: center;\">In der Wartungs- und Reparatursoftware k\u00f6nnen <a href=\"https:\/\/www.mirasoftware.be\/de\/formulier-koppelen-aan-materiaal\">Formulare<\/a> f\u00fcr einen optimalen Betrieb und Sicherheit erstellt, bearbeitet und gepflegt werden. Auf diese Weise wird es m\u00f6glich, f\u00fcr jeden Artikel eine Anzahl fester Pr\u00fcfpunkte ausf\u00fcllen zu lassen, wenn ein Ger\u00e4t zur Wartung geht oder von der Wartung zur\u00fcckkehrt. Es wird dokumentiert, wer die Kontrollpunkte durchlaufen und zur Genehmigung angekreuzt hat. Auf diese Weise ist immer eine doppelte Kontrolle der Werkzeuge m\u00f6glich, da Sie immer wissen, wer die Checkliste ausgef\u00fcllt oder beendet hat. Wartungsmanagement wird leicht gemacht<\/p>\r\n\r\n<div class=\"spacer\" data-type=\"group\"><span class=\"fa before\"><\/span><i class=\"fa fa-bandcamp color6\" data-reiki-hidden=\"true\"><\/i><span class=\"fa after\"><\/span><\/div>\r\n<h2 class=\"\" style=\"text-align: center;\">Automatisches Sperren<\/h2>\r\n<p class=\"\" style=\"text-align: center;\">MIRA Software sendet Benachrichtigungen an Personen, die f\u00fcr ein bestimmtes Ger\u00e4t verantwortlich sind. Auf diese Weise wird nichts zu sp\u00e4t kontrolliert, zur Wartung geschickt oder repariert. Wenn eine periodische Aktion nicht rechtzeitig ausgef\u00fchrt wird, kann MIRA dieses Werkzeug automatisch f\u00fcr die Verwendung sperren. Diese Sperrung ist mit dem Status des Artikels verkn\u00fcpft. \u00dcber diese Zust\u00e4nde wei\u00df jeder, ob das Werkzeug verwendet werden kann oder nicht. Sind diese Standard-Status nicht auf Ihre Organisation zugeschnitten? Legen Sie selbst zus\u00e4tzliche Status an, so dass die Software vollst\u00e4ndig mit Ihren unternehmensspezifischen Prozessen kompatibel ist. So k\u00f6nnen Sie die Wartung und Inspektion der Ger\u00e4te auf Ihre Bed\u00fcrfnisse abstimmen.<\/p>\r\n\r\n<\/div>\r\n<\/div>\r\n<\/div>\r\n<\/div>\r\n<div data-label=\"About us\" data-id=\"about-image-section-pro-1\" data-category=\"about\" class=\"about-image-section-pro about-image-section-pro-1\" id=\"about-us-1\" style=\"background-color: #ffffff; background-image: none;\" data-ovid=\"ovid-about-us-1-145\">\r\n<div class=\"\">\r\n<div class=\"row about-image-gridcol-pro\">\r\n<div class=\"about-image-textcol-pro\" data-type=\"column\">\r\n\r\n<a class=\"button color1\" href=\"https:\/\/www.mirasoftware.be\/de\/modules-materieelbeheer\" target=\"_self\" data-icon=\"\" rel=\"noopener noreferrer\">\u00dcbersicht der Module<\/a>\r\n<p class=\"\">MIRA Software ist ein Produkt von <a href=\"https:\/\/izit.be\" class=\"\">IZIT bv<\/a><\/p>\r\n\r\n<\/div>\r\n<div data-type=\"column\" class=\"\"><\/div>\r\n<\/div>\r\n<\/div>\r\n<\/div>","protected":false},"excerpt":{"rendered":"<p>Onderhoud, keuring\/inspectie en herstelling van materieel en gereedschap Volg het onderhoud van materieel en gereedschap op De onderhoudsmodule van MIRA Software laat effici\u00ebnt onderhoudsmanagement toe. U bent op de hoogte van het onderhoud van materieel, reparaties van toestellen en weet wanneer welk materieel wordt onderhouden of gerepareerd wordt. Na reparatie of onderhoud kan een formulier&hellip; <br \/> <a class=\"button small blue\" href=\"https:\/\/www.mirasoftware.be\/de\/module-materialverwaltung\/wartung-von-material-und-werkzeughaltung\">Weiterlesen<\/a><\/p>","protected":false},"author":1,"featured_media":3581,"parent":5,"menu_order":0,"comment_status":"closed","ping_status":"closed","template":"full-width-homepage-header.php","meta":{"_mi_skip_tracking":false,"_exactmetrics_sitenote_active":false,"_exactmetrics_sitenote_note":"","_exactmetrics_sitenote_category":0},"yoast_head":"<!-- This site is optimized with the Yoast SEO Premium plugin v19.2.1 (Yoast SEO v19.6.1) - https:\/\/yoast.com\/wordpress\/plugins\/seo\/ -->\n<title>Onderhoud materieel, opvolgen herstellingen en keuringen | Mira Software<\/title>\n<meta name=\"description\" content=\"Volg onderhoud, keuring, inspectie en herstelling van materieel en gereedschap op. Software voor onderhoudsmanagement met historiek.\" \/>\n<meta name=\"robots\" content=\"index, follow, max-snippet:-1, max-image-preview:large, max-video-preview:-1\" \/>\n<link rel=\"canonical\" href=\"https:\/\/www.mirasoftware.be\/de\/modules-gestion-du-materiel\/suivi-dentretien-equipements-et-outils\" \/>\n<meta property=\"og:locale\" content=\"de_DE\" \/>\n<meta property=\"og:type\" content=\"article\" \/>\n<meta property=\"og:title\" content=\"Onderhoud en herstellingen\" \/>\n<meta property=\"og:description\" content=\"Onderhoud, keuring\/inspectie en herstelling van materieel en gereedschap Volg het onderhoud van materieel en gereedschap op De onderhoudsmodule van MIRA\" \/>\n<meta property=\"og:url\" content=\"https:\/\/www.mirasoftware.be\/de\/modules-gestion-du-materiel\/suivi-dentretien-equipements-et-outils\" \/>\n<meta property=\"og:site_name\" content=\"Mira Software\" \/>\n<meta property=\"article:publisher\" content=\"https:\/\/www.facebook.com\/MiraSoftware\/\" \/>\n<meta property=\"article:modified_time\" content=\"2021-05-21T09:21:31+00:00\" \/>\n<meta property=\"og:image\" content=\"https:\/\/www.mirasoftware.be\/wp-content\/uploads\/brandblusser-app-scaled.jpg\" \/>\n\t<meta property=\"og:image:width\" content=\"2560\" \/>\n\t<meta property=\"og:image:height\" content=\"1920\" \/>\n\t<meta property=\"og:image:type\" content=\"image\/jpeg\" \/>\n<meta name=\"twitter:card\" content=\"summary_large_image\" \/>\n<meta name=\"twitter:label1\" content=\"Gesch\u00e4tzte Lesezeit\" \/>\n\t<meta name=\"twitter:data1\" content=\"4\u00a0Minuten\" \/>\n<script type=\"application\/ld+json\" class=\"yoast-schema-graph\">{\"@context\":\"https:\/\/schema.org\",\"@graph\":[{\"@type\":\"WebPage\",\"@id\":\"https:\/\/www.mirasoftware.be\/fr\/modules-gestion-du-materiel\/suivi-dentretien-equipements-et-outils\",\"url\":\"https:\/\/www.mirasoftware.be\/fr\/modules-gestion-du-materiel\/suivi-dentretien-equipements-et-outils\",\"name\":\"Onderhoud materieel, opvolgen herstellingen en keuringen | Mira Software\",\"isPartOf\":{\"@id\":\"https:\/\/www.mirasoftware.be\/#website\"},\"datePublished\":\"2013-04-19T10:48:17+00:00\",\"dateModified\":\"2021-05-21T09:21:31+00:00\",\"description\":\"Volg onderhoud, keuring, inspectie en herstelling van materieel en gereedschap op. Software voor onderhoudsmanagement met historiek.\",\"breadcrumb\":{\"@id\":\"https:\/\/www.mirasoftware.be\/fr\/modules-gestion-du-materiel\/suivi-dentretien-equipements-et-outils#breadcrumb\"},\"inLanguage\":\"de\",\"potentialAction\":[{\"@type\":\"ReadAction\",\"target\":[\"https:\/\/www.mirasoftware.be\/fr\/modules-gestion-du-materiel\/suivi-dentretien-equipements-et-outils\"]}]},{\"@type\":\"BreadcrumbList\",\"@id\":\"https:\/\/www.mirasoftware.be\/fr\/modules-gestion-du-materiel\/suivi-dentretien-equipements-et-outils#breadcrumb\",\"itemListElement\":[{\"@type\":\"ListItem\",\"position\":1,\"name\":\"Home\",\"item\":\"https:\/\/www.mirasoftware.be\/nl\/\"},{\"@type\":\"ListItem\",\"position\":2,\"name\":\"Modules\",\"item\":\"https:\/\/www.mirasoftware.be\/en_gb\/modules-material-management\"},{\"@type\":\"ListItem\",\"position\":3,\"name\":\"Onderhoud en herstellingen\"}]},{\"@type\":\"WebSite\",\"@id\":\"https:\/\/www.mirasoftware.be\/#website\",\"url\":\"https:\/\/www.mirasoftware.be\/\",\"name\":\"Mira Software\",\"description\":\"Beheer van materiaal\",\"publisher\":{\"@id\":\"https:\/\/www.mirasoftware.be\/#organization\"},\"potentialAction\":[{\"@type\":\"SearchAction\",\"target\":{\"@type\":\"EntryPoint\",\"urlTemplate\":\"https:\/\/www.mirasoftware.be\/?s={search_term_string}\"},\"query-input\":\"required name=search_term_string\"}],\"inLanguage\":\"de\"},{\"@type\":\"Organization\",\"@id\":\"https:\/\/www.mirasoftware.be\/#organization\",\"name\":\"MIRA Software\",\"url\":\"https:\/\/www.mirasoftware.be\/\",\"sameAs\":[\"https:\/\/www.linkedin.com\/company\/mira-software\/\",\"https:\/\/www.youtube.com\/watch?v=XQfjAqMiTiY\",\"https:\/\/www.facebook.com\/MiraSoftware\/\"],\"logo\":{\"@type\":\"ImageObject\",\"inLanguage\":\"de\",\"@id\":\"https:\/\/www.mirasoftware.be\/#\/schema\/logo\/image\/\",\"url\":\"https:\/\/www.mirasoftware.be\/wp-content\/uploads\/Logo-MIRA-Software.jpg\",\"contentUrl\":\"https:\/\/www.mirasoftware.be\/wp-content\/uploads\/Logo-MIRA-Software.jpg\",\"width\":603,\"height\":617,\"caption\":\"MIRA Software\"},\"image\":{\"@id\":\"https:\/\/www.mirasoftware.be\/#\/schema\/logo\/image\/\"}}]}<\/script>\n<!-- \/ Yoast SEO Premium plugin. -->","yoast_head_json":{"title":"Wartung Ger\u00e4ten, Nachverfolgung Reparaturen und Inspektionen | MIRA Software","description":"Wartung, Pr\u00fcfung, Inspektion und Reparatur von Ger\u00e4ten und Werkzeugen verfolgen. Software f\u00fcr das Wartungsmanagement mit Historie.","robots":{"index":"index","follow":"follow","max-snippet":"max-snippet:-1","max-image-preview":"max-image-preview:large","max-video-preview":"max-video-preview:-1"},"canonical":"https:\/\/www.mirasoftware.be\/de\/modules-gestion-du-materiel\/suivi-dentretien-equipements-et-outils","og_locale":"de_DE","og_type":"article","og_title":"Onderhoud en herstellingen","og_description":"Onderhoud, keuring\/inspectie en herstelling van materieel en gereedschap Volg het onderhoud van materieel en gereedschap op De onderhoudsmodule van MIRA","og_url":"https:\/\/www.mirasoftware.be\/de\/modules-gestion-du-materiel\/suivi-dentretien-equipements-et-outils","og_site_name":"Mira Software","article_publisher":"https:\/\/www.facebook.com\/MiraSoftware\/","article_modified_time":"2021-05-21T09:21:31+00:00","og_image":[{"width":2560,"height":1920,"url":"https:\/\/www.mirasoftware.be\/wp-content\/uploads\/brandblusser-app-scaled.jpg","type":"image\/jpeg"}],"twitter_card":"summary_large_image","twitter_misc":{"Gesch\u00e4tzte Lesezeit":"4\u00a0Minuten"},"schema":{"@context":"https:\/\/schema.org","@graph":[{"@type":"WebPage","@id":"https:\/\/www.mirasoftware.be\/fr\/modules-gestion-du-materiel\/suivi-dentretien-equipements-et-outils","url":"https:\/\/www.mirasoftware.be\/fr\/modules-gestion-du-materiel\/suivi-dentretien-equipements-et-outils","name":"Wartung Ger\u00e4ten, Nachverfolgung Reparaturen und Inspektionen | MIRA Software","isPartOf":{"@id":"https:\/\/www.mirasoftware.be\/#website"},"datePublished":"2013-04-19T10:48:17+00:00","dateModified":"2021-05-21T09:21:31+00:00","description":"Wartung, Pr\u00fcfung, Inspektion und Reparatur von Ger\u00e4ten und Werkzeugen verfolgen. Software f\u00fcr das Wartungsmanagement mit Historie.","breadcrumb":{"@id":"https:\/\/www.mirasoftware.be\/fr\/modules-gestion-du-materiel\/suivi-dentretien-equipements-et-outils#breadcrumb"},"inLanguage":"de","potentialAction":[{"@type":"ReadAction","target":["https:\/\/www.mirasoftware.be\/fr\/modules-gestion-du-materiel\/suivi-dentretien-equipements-et-outils"]}]},{"@type":"BreadcrumbList","@id":"https:\/\/www.mirasoftware.be\/fr\/modules-gestion-du-materiel\/suivi-dentretien-equipements-et-outils#breadcrumb","itemListElement":[{"@type":"ListItem","position":1,"name":"Home","item":"https:\/\/www.mirasoftware.be\/nl\/"},{"@type":"ListItem","position":2,"name":"Modules","item":"https:\/\/www.mirasoftware.be\/en_gb\/modules-material-management"},{"@type":"ListItem","position":3,"name":"Onderhoud en herstellingen"}]},{"@type":"WebSite","@id":"https:\/\/www.mirasoftware.be\/#website","url":"https:\/\/www.mirasoftware.be\/","name":"MIRA Software","description":"Materialmanagement","publisher":{"@id":"https:\/\/www.mirasoftware.be\/#organization"},"potentialAction":[{"@type":"SearchAction","target":{"@type":"EntryPoint","urlTemplate":"https:\/\/www.mirasoftware.be\/?s={search_term_string}"},"query-input":"required name=search_term_string"}],"inLanguage":"de"},{"@type":"Organization","@id":"https:\/\/www.mirasoftware.be\/#organization","name":"MIRA Software","url":"https:\/\/www.mirasoftware.be\/","sameAs":["https:\/\/www.linkedin.com\/company\/mira-software\/","https:\/\/www.youtube.com\/watch?v=XQfjAqMiTiY","https:\/\/www.facebook.com\/MiraSoftware\/"],"logo":{"@type":"ImageObject","inLanguage":"de","@id":"https:\/\/www.mirasoftware.be\/#\/schema\/logo\/image\/","url":"https:\/\/www.mirasoftware.be\/wp-content\/uploads\/Logo-MIRA-Software.jpg","contentUrl":"https:\/\/www.mirasoftware.be\/wp-content\/uploads\/Logo-MIRA-Software.jpg","width":603,"height":617,"caption":"MIRA Software"},"image":{"@id":"https:\/\/www.mirasoftware.be\/#\/schema\/logo\/image\/"}}]}},"_links":{"self":[{"href":"https:\/\/www.mirasoftware.be\/de\/wp-json\/wp\/v2\/pages\/32"}],"collection":[{"href":"https:\/\/www.mirasoftware.be\/de\/wp-json\/wp\/v2\/pages"}],"about":[{"href":"https:\/\/www.mirasoftware.be\/de\/wp-json\/wp\/v2\/types\/page"}],"author":[{"embeddable":true,"href":"https:\/\/www.mirasoftware.be\/de\/wp-json\/wp\/v2\/users\/1"}],"replies":[{"embeddable":true,"href":"https:\/\/www.mirasoftware.be\/de\/wp-json\/wp\/v2\/comments?post=32"}],"version-history":[{"count":115,"href":"https:\/\/www.mirasoftware.be\/de\/wp-json\/wp\/v2\/pages\/32\/revisions"}],"predecessor-version":[{"id":4091,"href":"https:\/\/www.mirasoftware.be\/de\/wp-json\/wp\/v2\/pages\/32\/revisions\/4091"}],"up":[{"embeddable":true,"href":"https:\/\/www.mirasoftware.be\/de\/wp-json\/wp\/v2\/pages\/5"}],"wp:featuredmedia":[{"embeddable":true,"href":"https:\/\/www.mirasoftware.be\/de\/wp-json\/wp\/v2\/media\/3581"}],"wp:attachment":[{"href":"https:\/\/www.mirasoftware.be\/de\/wp-json\/wp\/v2\/media?parent=32"}],"curies":[{"name":"wp","href":"https:\/\/api.w.org\/{rel}","templated":true}]}}