{"id":5,"date":"2013-04-18T12:17:34","date_gmt":"2013-04-18T12:17:34","guid":{"rendered":"http:\/\/vpcdcizit:8000\/wp-mira\/?page_id=5"},"modified":"2022-07-26T13:53:33","modified_gmt":"2022-07-26T11:53:33","slug":"modules-materieelbeheer","status":"publish","type":"page","link":"https:\/\/www.mirasoftware.be\/de\/module-materialverwaltung","title":{"rendered":"Module"},"content":{"rendered":"<div  data-label=\"About us\" data-id=\"about-image-section-pro-1\" data-category=\"about\" class=\"about-image-section-pro about-image-section-pro-1\" id=\"about-us-1\" style=\"background-color: rgb(255, 255, 255); background-image: none;\" data-ovid=\"ovid-about-us-1-127\"> <div  class=\"gridContainer\"> <div  class=\"row about-image-gridcol-pro\"> <div  class=\"about-image-textcol-pro\" data-type=\"column\"> <h2  class=\"\"> Overzichtelijk materieelbeheer op uw maat <\/h2> <p  class=\"\"> MIRA Software bestaat uit vier modules die eenvoudig te raadplegen zijn. Het is een totaalpakket dat vier verschillende modules bevat en zorgt voor een vlot en effici\u00ebnt materieelbeheer binnen uw organisatie of bedrijf. <\/p> <\/div> <div  data-type=\"column\" class=\"\">  <\/div> <\/div> <\/div> <\/div><div  data-label=\"Features\" data-id=\"features-overlapped-icons-section-1\" data-category=\"features\" class=\"features-overlapped-icons-section features-overlapped-icons-section-1\" id=\"features-1\" style=\"background-color: #ffffff; background-image: none;\" data-ovid=\"ovid-features-1-159\">\r\n<div  class=\"gridContainer\">\r\n<div  class=\"features-overlapped-icons-textrow\">\r\n<div  class=\"features-overlapped-icons-textcol dynamic-color\" data-type=\"column\">\r\n\r\n\r\n\r\n<\/div>\r\n<\/div>\r\n<div  class=\"features-overlapped-icons-featuresrow flexbox-list\" data-type=\"row\">\r\n<div  class=\"features-large-icons-featcol cp3cols cp6cols-tablet\">\r\n<div  class=\"features-overlapped-icons-featinnerrow\">\r\n<div  class=\"features-icon-container\"><i  class=\"font-icon-features-icon-container fa fa-arrow-circle-up color6\" data-cp-fa=\"true\"><\/i><\/div>\r\n<div  data-type=\"column\" class=\"\">\r\n<h4  class=\"\">Registratie<\/h4>\r\n<p  class=\"\">Wie heeft iets gebruikt?<br >\r\nWaar is het gebruikt?<br >\r\nHoeveel is ervan gebruikt?<br >\r\nHoe lang is het gebruikt?<br >\r\nWaar is het defect gegaan?<br >\r\nWie bracht het terug?<\/p>\r\n\r\n<\/div>\r\n<\/div>\r\n<\/div>\r\n<div  class=\"features-large-icons-featcol cp3cols cp6cols-tablet\">\r\n<div  class=\"features-overlapped-icons-featinnerrow\">\r\n<div  class=\"features-icon-container\"><i  class=\"font-icon-features-icon-container fa fa-calendar color6\" data-cp-fa=\"true\"><\/i><\/div>\r\n<div  data-type=\"column\" class=\"\">\r\n<h4  class=\"\">Reservatie<\/h4>\r\n<p  class=\"\">Is het toestel beschikbaar?<br >\r\nZal het gereedschap op tijd klaarliggen?<br >\r\nKan ik dit apparaat gedurende een week gebruiken?<\/p>\r\n\r\n<\/div>\r\n<\/div>\r\n<\/div>\r\n<div  class=\"features-large-icons-featcol cp3cols cp6cols-tablet\">\r\n<div  class=\"features-overlapped-icons-featinnerrow\">\r\n<div  class=\"features-icon-container\"><i  class=\"font-icon-features-icon-container fa fa-bar-chart color6\" data-cp-fa=\"true\"><\/i><\/div>\r\n<div  data-type=\"column\" class=\"\">\r\n<h4  class=\"\">Voorraad &amp; stock<\/h4>\r\n<p  class=\"\">Wanneer moet de voorraad aangevuld worden?<br >\r\nWat is de huidige voorraadsituatie en wat is de actuele waarde ervan?<br >\r\nWaar staan er nog toestellen?<\/p>\r\n\r\n<\/div>\r\n<\/div>\r\n<\/div>\r\n<div  class=\"features-large-icons-featcol cp3cols cp6cols-tablet\">\r\n<div  class=\"features-overlapped-icons-featinnerrow\">\r\n<div  class=\"features-icon-container\"><i  class=\"font-icon-features-icon-container fa fa-wrench color6\" data-cp-fa=\"true\"><\/i><\/div>\r\n<div  data-type=\"column\" class=\"\">\r\n<h4  class=\"\">Onderhoud<\/h4>\r\n<p  class=\"\">Wat is de onderhoudshistoriek van mijn gereedschap?<br >\r\nWanneer moet dit toestel op onderhoud?<br >\r\nMag ik dit toestel gebruiken?<\/p>\r\n\r\n<\/div>\r\n<\/div>\r\n<\/div>\r\n<\/div>\r\n<\/div>\r\n<\/div><div  data-label=\"Content\" data-id=\"content-image-left\" data-category=\"content\" class=\"content-left-image-section content-image-left\" id=\"content-3\" style=\"background-color: rgb(246, 246, 246); background-image: none;\" data-ovid=\"ovid-content-3-139\">\r\n<div  class=\"gridContainer\">\r\n<div  class=\"row\">\r\n<div  class=\"content-left-image-imgcol\" data-type=\"column\"><img decoding=\"async\"  loading=\"lazy\" src=\"https:\/\/www.mirasoftware.be\/wp-content\/uploads\/Registratie-scaled.jpg\" class=\"alignnone\" title=\"registratie materiaal en gereedschap\" alt=\"registratie materiaal en gereedschap\" width=\"2560\" height=\"1707\"><\/div>\r\n<div  class=\"content-left-image-textcol dynamic-color\" data-type=\"column\">\r\n<h2  class=\"\">Module registratie<\/h2>\r\n<p  class=\"large_text\">De werkwijze van deze module is bewust zeer eenvoudig gehouden en de vereiste handelingen zijn tot een minimum beperkt. Op het moment dat iemand iets in- of uitcheckt, hoeft MIRA Software slechts twee zaken te weten: WIE en WAT? Met deze info weet iedereen wie een bepaald apparaat of toestel heeft meegenomen en wanneer. Dankzij deze handige module is materieelbeheer logisch en kan u hiervan analyses maken.<\/p>\r\n<a class=\"button color1\" href=\"https:\/\/www.mirasoftware.be\/nl\/modules-materieelbeheer\/registratie-gebruik-en-verbruik-materiaal-opvolging-per-project-of-persoon\" target=\"_self\" data-icon=\"\" rel=\"noopener noreferrer\"> Meer over Registratie <\/a>\r\n\r\n<\/div>\r\n<\/div>\r\n<\/div>\r\n<\/div><div  data-label=\"Content\" data-id=\"content-image-right\" data-category=\"content\" class=\"content-right-image-section content-image-right\" id=\"content-4\" style=\"background-color: rgb(255, 255, 255); background-image: none;\" data-ovid=\"ovid-content-4-142\">\r\n<div  class=\"gridContainer\">\r\n<div  class=\"content-right-image-gridcol\">\r\n<div  class=\"content-right-image-textcol dynamic-color\" data-type=\"column\">\r\n<h2  class=\"\">Module reservatie<\/h2>\r\n<p  class=\"large_text\">Om \u00e9cht vlot samen te werken, kan het ook van belang zijn om machines of materialen te kunnen reserveren voor een bepaalde periode. Dit vereenvoudigt het inplannen van verschillende werken, vermijdt oponthoud en doet gereedschap zelf ook optimaal renderen! Beter plannen maakt het aankopen van onnodig reservemateriaal immers overbodig.<\/p>\r\n<a class=\"button color1\" href=\"https:\/\/www.mirasoftware.be\/nl\/modules-materieelbeheer\/reservatiesoftware-materiaal-en-materiaalverhuur\" target=\"_self\" data-icon=\"\" rel=\"noopener noreferrer\"> Meer over Reservatie <\/a>\r\n\r\n<\/div>\r\n<div  class=\"content-right-image-imgcol\" data-type=\"column\"><img decoding=\"async\"  loading=\"lazy\" src=\"https:\/\/www.mirasoftware.be\/wp-content\/uploads\/Reservatie-scaled.jpg\" class=\"alignnone\" title=\"reservatie planning\" alt=\"reservatie planning\" width=\"2560\" height=\"1709\"><\/div>\r\n<\/div>\r\n<\/div>\r\n<\/div><div  data-label=\"Content\" data-id=\"content-image-left-1\" data-category=\"content\" class=\"content-left-image-section content-image-left-1\" id=\"content-1\" style=\"background-color: rgb(246, 246, 246); background-image: none;\" data-ovid=\"ovid-content-1-145\">\r\n<div  class=\"gridContainer\">\r\n<div  class=\"row\">\r\n<div  class=\"content-left-image-imgcol\" data-type=\"column\"><img decoding=\"async\"  src=\"https:\/\/www.mirasoftware.be\/wp-content\/uploads\/Magazijn-app-scaled.jpg\" class=\"alignnone\" title=\"scanner voor stockbeheer\" alt=\"scanner voor stockbeheer\"><\/div>\r\n<div  class=\"content-left-image-textcol dynamic-color\" data-type=\"column\">\r\n<h2  class=\"\">Module voorraad &amp; stock<\/h2>\r\n<p  class=\"large_text\">Met de module voorraad en stock hoeft u nooit meer vast te stellen dat een bepaald artikel niet meer op voorraad is, terwijl iemand het dringend nodig heeft! U weet niet alleen wie en wat, \u2026 maar ook WAAR! Dit kan handig zijn voor nacalculatie van werven, projecten, opleidingen, enz. Als een artikel onder de minimumvoorraad zakt, krijgt u een melding en kan u zelfs een automatische bestelmail opmaken.<\/p>\r\n<a class=\"button color1\" href=\"https:\/\/www.mirasoftware.be\/nl\/modules-materieelbeheer\/voorraadbeheer-en-inventarisatie-materiaal-in-magazijn\" target=\"_self\" data-icon=\"\" rel=\"noopener noreferrer\"> Meer over Voorraad &amp; stock <\/a>\r\n\r\n<\/div>\r\n<\/div>\r\n<\/div>\r\n<\/div><div  data-label=\"Content\" data-id=\"content-image-right-2\" data-category=\"content\" class=\"content-right-image-section content-image-right-2\" id=\"content-2\" style=\"background-color: rgb(255, 255, 255); background-image: none;\" data-ovid=\"ovid-content-2-148\">\r\n<div  class=\"gridContainer\">\r\n<div  class=\"content-right-image-gridcol\">\r\n<div  class=\"content-right-image-textcol dynamic-color\" data-type=\"column\">\r\n<h2  class=\"\">Module onderhoud<\/h2>\r\n<p  class=\"large_text\">Met deze module kan de onderhoud \u2013 en\/of herstelhistoriek van alle gereedschap en apparaten worden bijgehouden. Door eenmalig een onderhoudsfrequentie in te geven, krijgt u een automatische herinnering bij naderend onderhoud. Andere acties zoals keuringen en inspecties kunnen op dezelfde manier ingesteld worden. Toch een plotse herstelling nodig? Ook dat kan geregistreerd worden. Deze module bevat bovendien specifieke functionaliteiten voor het beheren van wagenparken en kan tevens dienst doen als handige hulp bij allerhande keuringen.<\/p>\r\n<a class=\"button color1\" href=\"https:\/\/www.mirasoftware.be\/nl\/modules-materieelbeheer\/onderhoud-materieel-gereedschap-bijhouden\" target=\"_self\" data-icon=\"\" rel=\"noopener noreferrer\"> Meer over Onderhoud <\/a>\r\n\r\n<\/div>\r\n<div  class=\"content-right-image-imgcol\" data-type=\"column\"><img decoding=\"async\"  src=\"https:\/\/www.mirasoftware.be\/wp-content\/uploads\/brandblusser-app-scaled.jpg\" class=\"alignnone\" title=\"onderhoud voor machines en apparaten\" alt=\"onderhoud voor machines en apparaten\"><\/div>\r\n<\/div>\r\n<\/div>\r\n<\/div><div  data-label=\"About us\" data-id=\"about-image-section-pro\" data-category=\"about\" class=\"about-image-section-pro\" id=\"about-us-2\" style=\"background-color: #ffffff; background-image: none;\" data-ovid=\"ovid-about-us-2-10949\">\r\n<div  class=\"\">\r\n<div  class=\"row about-image-gridcol-pro\">\r\n<div  class=\"about-image-textcol-pro\" data-type=\"column\">\r\n<p  class=\"\">MIRA Software is een product van <a  href=\"https:\/\/izit.be\" class=\"\">IZIT bv<\/a><\/p>\r\n\r\n<\/div>\r\n<div  data-type=\"column\" class=\"\"><\/div>\r\n<\/div>\r\n<\/div>\r\n<\/div><div  data-label=\"Cta\" data-id=\"cta-centered-bg-section\" data-category=\"cta\" class=\"cta-centered-bg-section white-text\" data-parallax-depth=\"20\" id=\"cta-2\" style=\"background-color: rgb(255, 255, 255); background-image: url(&quot;https:\/\/www.mirasoftware.be\/wp-content\/uploads\/Powerpoint-MIRA-5.png&quot;); background-size: cover; background-position: center top;\" data-ovid=\"ovid-cta-2-125\">\r\n<div  class=\"gridContainer\">\r\n<div  class=\"cta-centered-bg-section-row\">\r\n<div  class=\"cta-centered-bg-section-row-2\">\r\n<div  class=\"cta-centered-bg-section-col dynamic-color\" data-type=\"column\">\r\n<h3  class=\"cta-centered-bg-section-title\"><b >Interesse in een live demo?<\/b><\/h3>\r\n<a class=\"button big color8 dark-text popmake-demorequest pum-trigger\" href=\"http:\/\/[contact-form-7%20id=2293%20title=Demoaanvraag]\" data-icon=\"\" rel=\"noopener noreferrer\" style=\"cursor: pointer;\"> ik wens een demo <\/a>\r\n\r\n<\/div>\r\n<\/div>\r\n<\/div>\r\n<\/div>\r\n<\/div>","protected":false},"excerpt":{"rendered":"<p>Overzichtelijk materieelbeheer op uw maat MIRA Software bestaat uit vier modules die eenvoudig te raadplegen zijn. Het is een totaalpakket dat vier verschillende modules bevat en zorgt voor een vlot en effici\u00ebnt materieelbeheer binnen uw organisatie of bedrijf. Registratie Wie heeft iets gebruikt? Waar is het gebruikt? Hoeveel is ervan gebruikt? Hoe lang is het&hellip; <br \/> <a class=\"button small blue\" href=\"https:\/\/www.mirasoftware.be\/de\/module-materialverwaltung\">Weiterlesen<\/a><\/p>","protected":false},"author":1,"featured_media":779,"parent":0,"menu_order":0,"comment_status":"closed","ping_status":"closed","template":"full-width-homepage-header.php","meta":{"_mi_skip_tracking":false,"_exactmetrics_sitenote_active":false,"_exactmetrics_sitenote_note":"","_exactmetrics_sitenote_category":0},"yoast_head":"<!-- This site is optimized with the Yoast SEO Premium plugin v19.2.1 (Yoast SEO v19.6.1) - https:\/\/yoast.com\/wordpress\/plugins\/seo\/ -->\n<title>Materieelbeheer | Registratie reservatie stock onderhoud | Mira Software<\/title>\n<meta name=\"description\" content=\"Beheer van materieel en opvolging van voorraad, onderhoud, herstellingen, keuringen inspecties, reservatie en materiaalregistratie.\" \/>\n<meta name=\"robots\" content=\"index, follow, max-snippet:-1, max-image-preview:large, max-video-preview:-1\" \/>\n<link rel=\"canonical\" href=\"https:\/\/www.mirasoftware.be\/de\/modules-material-management\" \/>\n<meta property=\"og:locale\" content=\"de_DE\" \/>\n<meta property=\"og:type\" content=\"article\" \/>\n<meta property=\"og:title\" content=\"Modules\" \/>\n<meta property=\"og:description\" content=\"Overzichtelijk materieelbeheer op uw maat MIRA Software bestaat uit vier modules die eenvoudig te raadplegen zijn. Het is een totaalpakket dat vier\" \/>\n<meta property=\"og:url\" content=\"https:\/\/www.mirasoftware.be\/de\/modules-material-management\" \/>\n<meta property=\"og:site_name\" content=\"Mira Software\" \/>\n<meta property=\"article:publisher\" content=\"https:\/\/www.facebook.com\/MiraSoftware\/\" \/>\n<meta property=\"article:modified_time\" content=\"2022-07-26T11:53:33+00:00\" \/>\n<meta property=\"og:image\" content=\"https:\/\/www.mirasoftware.be\/wp-content\/uploads\/Banner4-1.gif\" \/>\n\t<meta property=\"og:image:width\" content=\"998\" \/>\n\t<meta property=\"og:image:height\" content=\"370\" \/>\n\t<meta property=\"og:image:type\" content=\"image\/gif\" \/>\n<meta name=\"twitter:card\" content=\"summary_large_image\" \/>\n<meta name=\"twitter:label1\" content=\"Gesch\u00e4tzte Lesezeit\" \/>\n\t<meta name=\"twitter:data1\" content=\"3\u00a0Minuten\" \/>\n<script type=\"application\/ld+json\" class=\"yoast-schema-graph\">{\"@context\":\"https:\/\/schema.org\",\"@graph\":[{\"@type\":\"WebPage\",\"@id\":\"https:\/\/www.mirasoftware.be\/en_gb\/modules-material-management\",\"url\":\"https:\/\/www.mirasoftware.be\/en_gb\/modules-material-management\",\"name\":\"Materieelbeheer | Registratie reservatie stock onderhoud | Mira Software\",\"isPartOf\":{\"@id\":\"https:\/\/www.mirasoftware.be\/#website\"},\"datePublished\":\"2013-04-18T12:17:34+00:00\",\"dateModified\":\"2022-07-26T11:53:33+00:00\",\"description\":\"Beheer van materieel en opvolging van voorraad, onderhoud, herstellingen, keuringen inspecties, reservatie en materiaalregistratie.\",\"breadcrumb\":{\"@id\":\"https:\/\/www.mirasoftware.be\/en_gb\/modules-material-management#breadcrumb\"},\"inLanguage\":\"de\",\"potentialAction\":[{\"@type\":\"ReadAction\",\"target\":[\"https:\/\/www.mirasoftware.be\/en_gb\/modules-material-management\"]}]},{\"@type\":\"BreadcrumbList\",\"@id\":\"https:\/\/www.mirasoftware.be\/en_gb\/modules-material-management#breadcrumb\",\"itemListElement\":[{\"@type\":\"ListItem\",\"position\":1,\"name\":\"Home\",\"item\":\"https:\/\/www.mirasoftware.be\/nl\/\"},{\"@type\":\"ListItem\",\"position\":2,\"name\":\"Modules\"}]},{\"@type\":\"WebSite\",\"@id\":\"https:\/\/www.mirasoftware.be\/#website\",\"url\":\"https:\/\/www.mirasoftware.be\/\",\"name\":\"Mira Software\",\"description\":\"Beheer van materiaal\",\"publisher\":{\"@id\":\"https:\/\/www.mirasoftware.be\/#organization\"},\"potentialAction\":[{\"@type\":\"SearchAction\",\"target\":{\"@type\":\"EntryPoint\",\"urlTemplate\":\"https:\/\/www.mirasoftware.be\/?s={search_term_string}\"},\"query-input\":\"required name=search_term_string\"}],\"inLanguage\":\"de\"},{\"@type\":\"Organization\",\"@id\":\"https:\/\/www.mirasoftware.be\/#organization\",\"name\":\"MIRA Software\",\"url\":\"https:\/\/www.mirasoftware.be\/\",\"sameAs\":[\"https:\/\/www.linkedin.com\/company\/mira-software\/\",\"https:\/\/www.youtube.com\/watch?v=XQfjAqMiTiY\",\"https:\/\/www.facebook.com\/MiraSoftware\/\"],\"logo\":{\"@type\":\"ImageObject\",\"inLanguage\":\"de\",\"@id\":\"https:\/\/www.mirasoftware.be\/#\/schema\/logo\/image\/\",\"url\":\"https:\/\/www.mirasoftware.be\/wp-content\/uploads\/Logo-MIRA-Software.jpg\",\"contentUrl\":\"https:\/\/www.mirasoftware.be\/wp-content\/uploads\/Logo-MIRA-Software.jpg\",\"width\":603,\"height\":617,\"caption\":\"MIRA Software\"},\"image\":{\"@id\":\"https:\/\/www.mirasoftware.be\/#\/schema\/logo\/image\/\"}}]}<\/script>\n<!-- \/ Yoast SEO Premium plugin. -->","yoast_head_json":{"title":"Ger\u00e4teverwaltung | Registrierung Reservierung Bestand Wartung | MIRA Software","description":"Verwaltung von Ger\u00e4ten und \u00dcberwachung von Bestand, Wartung, Reparaturen, Inspektionen, Reservierungen und Materialerfassung.","robots":{"index":"index","follow":"follow","max-snippet":"max-snippet:-1","max-image-preview":"max-image-preview:large","max-video-preview":"max-video-preview:-1"},"canonical":"https:\/\/www.mirasoftware.be\/de\/modules-material-management","og_locale":"de_DE","og_type":"article","og_title":"Modules","og_description":"Overzichtelijk materieelbeheer op uw maat MIRA Software bestaat uit vier modules die eenvoudig te raadplegen zijn. Het is een totaalpakket dat vier","og_url":"https:\/\/www.mirasoftware.be\/de\/modules-material-management","og_site_name":"Mira Software","article_publisher":"https:\/\/www.facebook.com\/MiraSoftware\/","article_modified_time":"2022-07-26T11:53:33+00:00","og_image":[{"width":998,"height":370,"url":"https:\/\/www.mirasoftware.be\/wp-content\/uploads\/Banner4-1.gif","type":"image\/gif"}],"twitter_card":"summary_large_image","twitter_misc":{"Gesch\u00e4tzte Lesezeit":"3\u00a0Minuten"},"schema":{"@context":"https:\/\/schema.org","@graph":[{"@type":"WebPage","@id":"https:\/\/www.mirasoftware.be\/en_gb\/modules-material-management","url":"https:\/\/www.mirasoftware.be\/en_gb\/modules-material-management","name":"Ger\u00e4teverwaltung | Registrierung Reservierung Bestand Wartung | MIRA Software","isPartOf":{"@id":"https:\/\/www.mirasoftware.be\/#website"},"datePublished":"2013-04-18T12:17:34+00:00","dateModified":"2022-07-26T11:53:33+00:00","description":"Verwaltung von Ger\u00e4ten und \u00dcberwachung von Bestand, Wartung, Reparaturen, Inspektionen, Reservierungen und Materialerfassung.","breadcrumb":{"@id":"https:\/\/www.mirasoftware.be\/en_gb\/modules-material-management#breadcrumb"},"inLanguage":"de","potentialAction":[{"@type":"ReadAction","target":["https:\/\/www.mirasoftware.be\/en_gb\/modules-material-management"]}]},{"@type":"BreadcrumbList","@id":"https:\/\/www.mirasoftware.be\/en_gb\/modules-material-management#breadcrumb","itemListElement":[{"@type":"ListItem","position":1,"name":"Home","item":"https:\/\/www.mirasoftware.be\/nl\/"},{"@type":"ListItem","position":2,"name":"Modules"}]},{"@type":"WebSite","@id":"https:\/\/www.mirasoftware.be\/#website","url":"https:\/\/www.mirasoftware.be\/","name":"MIRA Software","description":"Materialmanagement","publisher":{"@id":"https:\/\/www.mirasoftware.be\/#organization"},"potentialAction":[{"@type":"SearchAction","target":{"@type":"EntryPoint","urlTemplate":"https:\/\/www.mirasoftware.be\/?s={search_term_string}"},"query-input":"required name=search_term_string"}],"inLanguage":"de"},{"@type":"Organization","@id":"https:\/\/www.mirasoftware.be\/#organization","name":"MIRA Software","url":"https:\/\/www.mirasoftware.be\/","sameAs":["https:\/\/www.linkedin.com\/company\/mira-software\/","https:\/\/www.youtube.com\/watch?v=XQfjAqMiTiY","https:\/\/www.facebook.com\/MiraSoftware\/"],"logo":{"@type":"ImageObject","inLanguage":"de","@id":"https:\/\/www.mirasoftware.be\/#\/schema\/logo\/image\/","url":"https:\/\/www.mirasoftware.be\/wp-content\/uploads\/Logo-MIRA-Software.jpg","contentUrl":"https:\/\/www.mirasoftware.be\/wp-content\/uploads\/Logo-MIRA-Software.jpg","width":603,"height":617,"caption":"MIRA Software"},"image":{"@id":"https:\/\/www.mirasoftware.be\/#\/schema\/logo\/image\/"}}]}},"_links":{"self":[{"href":"https:\/\/www.mirasoftware.be\/de\/wp-json\/wp\/v2\/pages\/5"}],"collection":[{"href":"https:\/\/www.mirasoftware.be\/de\/wp-json\/wp\/v2\/pages"}],"about":[{"href":"https:\/\/www.mirasoftware.be\/de\/wp-json\/wp\/v2\/types\/page"}],"author":[{"embeddable":true,"href":"https:\/\/www.mirasoftware.be\/de\/wp-json\/wp\/v2\/users\/1"}],"replies":[{"embeddable":true,"href":"https:\/\/www.mirasoftware.be\/de\/wp-json\/wp\/v2\/comments?post=5"}],"version-history":[{"count":116,"href":"https:\/\/www.mirasoftware.be\/de\/wp-json\/wp\/v2\/pages\/5\/revisions"}],"predecessor-version":[{"id":4510,"href":"https:\/\/www.mirasoftware.be\/de\/wp-json\/wp\/v2\/pages\/5\/revisions\/4510"}],"wp:featuredmedia":[{"embeddable":true,"href":"https:\/\/www.mirasoftware.be\/de\/wp-json\/wp\/v2\/media\/779"}],"wp:attachment":[{"href":"https:\/\/www.mirasoftware.be\/de\/wp-json\/wp\/v2\/media?parent=5"}],"curies":[{"name":"wp","href":"https:\/\/api.w.org\/{rel}","templated":true}]}}