{"id":1677,"date":"2018-01-29T13:34:47","date_gmt":"2018-01-29T13:34:47","guid":{"rendered":"http:\/\/localhost\/mira2\/?page_id=1677"},"modified":"2022-09-07T20:37:21","modified_gmt":"2022-09-07T18:37:21","slug":"mobiel-beheer-van-gereedschap-en-materiaal","status":"publish","type":"page","link":"https:\/\/www.mirasoftware.be\/fr\/gestion-en-mouvement-des-outils-et-du-materiel","title":{"rendered":"Mobiel"},"content":{"rendered":"<div  data-label=\"Features\" data-id=\"features-square-image-section\" data-category=\"features\" class=\"features-square-image-section\" id=\"features-7\" style=\"background-color: #ffffff; background-image: none;\" data-ovid=\"ovid-features-7-824\">\r\n<div  class=\"gridContainer dynamic-color\">\r\n<div  class=\"features-square-image-textrow\">\r\n<div  class=\"features-square-image-textcol\" data-type=\"column\"><\/div>\r\n<\/div>\r\n<div  class=\"features-square-image-innerrow\" data-type=\"row\">\r\n<div  class=\"features-square-image-featcol cp6cols-tablet cp12cols\">\r\n<h2  class=\"\">Gardez une vue d'ensemble partout<\/h2>\r\n<h3  class=\"\">Suivi des outils sur la route ou o\u00f9 que vous soyez<\/h3>\r\n<p  class=\"\" style=\"text-align: justify;\">La gestion mobile des outils et du mat\u00e9riel peut se faire n'importe o\u00f9, n'importe quand. Gr\u00e2ce \u00e0 notre application pratique, vous pouvez g\u00e9rer et enregistrer votre mat\u00e9riel, vos \u00e9quipements, vos outils, vos consommables et vos appareils de n'importe o\u00f9. Vous pouvez enregistrer du mat\u00e9riel au nom d'une personne, d'un projet, d'un client, etc. mais vous pouvez \u00e9galement obtenir toutes les informations d'un outil sp\u00e9cifique. Vous est-il d\u00e9j\u00e0 arriv\u00e9 de trouver une machine o\u00f9 personne ne sait comment elle est arriv\u00e9e et qui l'a utilis\u00e9e en dernier? Eh bien, Mira peut vous dire exactement qui a utilis\u00e9 cette machine, o\u00f9, quand et pendant combien de temps. Mais vous pouvez aussi voir imm\u00e9diatement en un clic s'il y a des <a href=\"https:\/\/www.mirasoftware.be\/fr\/modules-materieelbeheer\/reservatiesoftware-materiaal-en-materiaalverhuur\">organiser les r\u00e9servations<\/a> pour cette machine, quand elle doit \u00eatre entretenue ou inspect\u00e9e, quel est l'historique de son utilisation, etc.<\/p>\r\n\r\n<\/div>\r\n<\/div>\r\n<\/div>\r\n<\/div><div  data-label=\"Content\" data-id=\"content-full-left-image-section\" data-category=\"content\" class=\"content-full-left-image-section\" id=\"content-1\" style=\"background-color: #ffffff; background-image: none;\" data-ovid=\"ovid-content-1-821\">\r\n<div  class=\"content-full-left-image-innerrow\">\r\n<div  data-bg=\"image\" class=\"content-full-left-image-imgcol\" style=\"background-image: url('https:\/\/www.mirasoftware.be\/wp-content\/uploads\/AppWorking.jpg');\"><\/div>\r\n<div  class=\"content-full-left-image-textcol dynamic-color\">\r\n<div  data-type=\"column\" class=\"\">\r\n<h5  class=\"\">Utilisation simple et logique<\/h5>\r\n<h2  class=\"\">Gestion mobile des outils<\/h2>\r\n<p  class=\"\">Gr\u00e2ce \u00e0 notre application, vous pouvez enregistrer ou consulter l'utilisation ou la consommation de mat\u00e9riel en d\u00e9placement. Les op\u00e9rations effectu\u00e9es sur l'application sont imm\u00e9diatement transmises \u00e0 la base de donn\u00e9es centrale. Une vue d'ensemble du mat\u00e9riel et des \u00e9quipements est donc toujours disponible en temps r\u00e9el. L'application fonctionne sur les syst\u00e8mes op\u00e9ratoires Android et iOS et peut \u00e9galement \u00eatre install\u00e9e sur les scanners et les ordinateurs de bureau de votre organisation.<\/p>\r\n\r\n<\/div>\r\n<div  class=\"content-full-left-image-featuresrow\">\r\n<div  class=\"content-full-left-image-featurescol\" data-type=\"column\">\r\n<h5  class=\"\">L\u2019ENREGISTREMENT<\/h5>\r\n<p  class=\"\">Quand un objet est-il pris dans une camionnette ou consomm\u00e9 sur un site?<\/p>\r\n\r\n<h5  class=\"\">D\u00c9PLACEMENTS<\/h5>\r\n<p  class=\"\">D\u00e9placer du mat\u00e9riel ou des consommables d'un endroit \u00e0 un autre.<\/p>\r\n\r\n<\/div>\r\n<div  class=\"content-full-left-image-featurescol\" data-type=\"column\">\r\n<h5  class=\"\">CONSULTATION<\/h5>\r\n<p  class=\"\">Quelle est l'histoire d'une machine ou d'une pi\u00e8ce que je trouve quelque part?<\/p>\r\n\r\n<h5  class=\"\">TRANSMISSION<\/h5>\r\n<p  class=\"\">Enregistrez-vous lorsque vos employ\u00e9s se transmettent du mat\u00e9riel.<\/p>\r\n\r\n<\/div>\r\n<\/div>\r\n<\/div>\r\n<\/div>\r\n<\/div>","protected":false},"excerpt":{"rendered":"<p>Behoud overal het overzicht Opvolging van gereedschap onderweg of waar u ook bent Mobiel beheer van gereedschap en materiaal kan overal en altijd. Dankzij onze handige app kan u uw materiaal, materieel, gereedschap, verbruiksgoederen en toestellen van overal beheren en registreren. U kan materiaal registreren op naam van een persoon, project, klant enz. maar eveneens&hellip; <br \/> <a class=\"button small blue\" href=\"https:\/\/www.mirasoftware.be\/fr\/gestion-en-mouvement-des-outils-et-du-materiel\">Lire la suite<\/a><\/p>","protected":false},"author":1,"featured_media":1654,"parent":0,"menu_order":0,"comment_status":"closed","ping_status":"closed","template":"full-width-homepage-header.php","meta":{"_mi_skip_tracking":false,"_exactmetrics_sitenote_active":false,"_exactmetrics_sitenote_note":"","_exactmetrics_sitenote_category":0},"yoast_head":"<!-- This site is optimized with the Yoast SEO Premium plugin v19.2.1 (Yoast SEO v19.6.1) - https:\/\/yoast.com\/wordpress\/plugins\/seo\/ -->\n<title>Mobiel beheer gereedschap materieel en materiaal via app | Mira Software<\/title>\n<meta name=\"description\" content=\"Beheer gereedschap en materiaal. Opvolgen en registreren van gebruik en verbruik onderweg via de mobiele applicatie voor Apple en Android.\" \/>\n<meta name=\"robots\" content=\"index, follow, max-snippet:-1, max-image-preview:large, max-video-preview:-1\" \/>\n<link rel=\"canonical\" href=\"https:\/\/www.mirasoftware.be\/fr\/gestione-mobile-dei-materiali-e-strumenti\" \/>\n<meta property=\"og:locale\" content=\"fr_FR\" \/>\n<meta property=\"og:type\" content=\"article\" \/>\n<meta property=\"og:title\" content=\"Mobiel\" \/>\n<meta property=\"og:description\" content=\"Behoud overal het overzicht Opvolging van gereedschap onderweg of waar u ook bent Mobiel beheer van gereedschap en materiaal kan overal en altijd. Dankzij\" \/>\n<meta property=\"og:url\" content=\"https:\/\/www.mirasoftware.be\/fr\/gestione-mobile-dei-materiali-e-strumenti\" \/>\n<meta property=\"og:site_name\" content=\"Mira Software\" \/>\n<meta property=\"article:publisher\" content=\"https:\/\/www.facebook.com\/MiraSoftware\/\" \/>\n<meta property=\"article:modified_time\" content=\"2022-09-07T18:37:21+00:00\" \/>\n<meta property=\"og:image\" content=\"https:\/\/www.mirasoftware.be\/wp-content\/uploads\/Helm.jpg\" \/>\n\t<meta property=\"og:image:width\" content=\"1491\" \/>\n\t<meta property=\"og:image:height\" content=\"750\" \/>\n\t<meta property=\"og:image:type\" content=\"image\/jpeg\" \/>\n<meta name=\"twitter:card\" content=\"summary_large_image\" \/>\n<meta name=\"twitter:label1\" content=\"Dur\u00e9e de lecture estim\u00e9e\" \/>\n\t<meta name=\"twitter:data1\" content=\"2 minutes\" \/>\n<script type=\"application\/ld+json\" class=\"yoast-schema-graph\">{\"@context\":\"https:\/\/schema.org\",\"@graph\":[{\"@type\":\"WebPage\",\"@id\":\"https:\/\/www.mirasoftware.be\/it\/gestione-mobile-dei-materiali-e-strumenti\",\"url\":\"https:\/\/www.mirasoftware.be\/it\/gestione-mobile-dei-materiali-e-strumenti\",\"name\":\"Mobiel beheer gereedschap materieel en materiaal via app | Mira Software\",\"isPartOf\":{\"@id\":\"https:\/\/www.mirasoftware.be\/#website\"},\"datePublished\":\"2018-01-29T13:34:47+00:00\",\"dateModified\":\"2022-09-07T18:37:21+00:00\",\"description\":\"Beheer gereedschap en materiaal. Opvolgen en registreren van gebruik en verbruik onderweg via de mobiele applicatie voor Apple en Android.\",\"breadcrumb\":{\"@id\":\"https:\/\/www.mirasoftware.be\/it\/gestione-mobile-dei-materiali-e-strumenti#breadcrumb\"},\"inLanguage\":\"fr-FR\",\"potentialAction\":[{\"@type\":\"ReadAction\",\"target\":[\"https:\/\/www.mirasoftware.be\/it\/gestione-mobile-dei-materiali-e-strumenti\"]}]},{\"@type\":\"BreadcrumbList\",\"@id\":\"https:\/\/www.mirasoftware.be\/it\/gestione-mobile-dei-materiali-e-strumenti#breadcrumb\",\"itemListElement\":[{\"@type\":\"ListItem\",\"position\":1,\"name\":\"Home\",\"item\":\"https:\/\/www.mirasoftware.be\/nl\/\"},{\"@type\":\"ListItem\",\"position\":2,\"name\":\"Mobiel\"}]},{\"@type\":\"WebSite\",\"@id\":\"https:\/\/www.mirasoftware.be\/#website\",\"url\":\"https:\/\/www.mirasoftware.be\/\",\"name\":\"Mira Software\",\"description\":\"Beheer van materiaal\",\"publisher\":{\"@id\":\"https:\/\/www.mirasoftware.be\/#organization\"},\"potentialAction\":[{\"@type\":\"SearchAction\",\"target\":{\"@type\":\"EntryPoint\",\"urlTemplate\":\"https:\/\/www.mirasoftware.be\/?s={search_term_string}\"},\"query-input\":\"required name=search_term_string\"}],\"inLanguage\":\"fr-FR\"},{\"@type\":\"Organization\",\"@id\":\"https:\/\/www.mirasoftware.be\/#organization\",\"name\":\"MIRA Software\",\"url\":\"https:\/\/www.mirasoftware.be\/\",\"sameAs\":[\"https:\/\/www.linkedin.com\/company\/mira-software\/\",\"https:\/\/www.youtube.com\/watch?v=XQfjAqMiTiY\",\"https:\/\/www.facebook.com\/MiraSoftware\/\"],\"logo\":{\"@type\":\"ImageObject\",\"inLanguage\":\"fr-FR\",\"@id\":\"https:\/\/www.mirasoftware.be\/#\/schema\/logo\/image\/\",\"url\":\"https:\/\/www.mirasoftware.be\/wp-content\/uploads\/Logo-MIRA-Software.jpg\",\"contentUrl\":\"https:\/\/www.mirasoftware.be\/wp-content\/uploads\/Logo-MIRA-Software.jpg\",\"width\":603,\"height\":617,\"caption\":\"MIRA Software\"},\"image\":{\"@id\":\"https:\/\/www.mirasoftware.be\/#\/schema\/logo\/image\/\"}}]}<\/script>\n<!-- \/ Yoast SEO Premium plugin. -->","yoast_head_json":{"title":"Gestion mobile des outils et du mat\u00e9riel via application | MIRA Software","description":"G\u00e9rer les outils et les mat\u00e9riaux. Suivi et enregistrement de l'utilisation et de la consommation sur la route via l'application mobile pour Apple et Android.","robots":{"index":"index","follow":"follow","max-snippet":"max-snippet:-1","max-image-preview":"max-image-preview:large","max-video-preview":"max-video-preview:-1"},"canonical":"https:\/\/www.mirasoftware.be\/fr\/gestione-mobile-dei-materiali-e-strumenti","og_locale":"fr_FR","og_type":"article","og_title":"Mobiel","og_description":"Behoud overal het overzicht Opvolging van gereedschap onderweg of waar u ook bent Mobiel beheer van gereedschap en materiaal kan overal en altijd. Dankzij","og_url":"https:\/\/www.mirasoftware.be\/fr\/gestione-mobile-dei-materiali-e-strumenti","og_site_name":"Mira Software","article_publisher":"https:\/\/www.facebook.com\/MiraSoftware\/","article_modified_time":"2022-09-07T18:37:21+00:00","og_image":[{"width":1491,"height":750,"url":"https:\/\/www.mirasoftware.be\/wp-content\/uploads\/Helm.jpg","type":"image\/jpeg"}],"twitter_card":"summary_large_image","twitter_misc":{"Dur\u00e9e de lecture estim\u00e9e":"2 minutes"},"schema":{"@context":"https:\/\/schema.org","@graph":[{"@type":"WebPage","@id":"https:\/\/www.mirasoftware.be\/it\/gestione-mobile-dei-materiali-e-strumenti","url":"https:\/\/www.mirasoftware.be\/it\/gestione-mobile-dei-materiali-e-strumenti","name":"Gestion mobile des outils et du mat\u00e9riel via application | MIRA Software","isPartOf":{"@id":"https:\/\/www.mirasoftware.be\/#website"},"datePublished":"2018-01-29T13:34:47+00:00","dateModified":"2022-09-07T18:37:21+00:00","description":"G\u00e9rer les outils et les mat\u00e9riaux. Suivi et enregistrement de l'utilisation et de la consommation sur la route via l'application mobile pour Apple et Android.","breadcrumb":{"@id":"https:\/\/www.mirasoftware.be\/it\/gestione-mobile-dei-materiali-e-strumenti#breadcrumb"},"inLanguage":"fr-FR","potentialAction":[{"@type":"ReadAction","target":["https:\/\/www.mirasoftware.be\/it\/gestione-mobile-dei-materiali-e-strumenti"]}]},{"@type":"BreadcrumbList","@id":"https:\/\/www.mirasoftware.be\/it\/gestione-mobile-dei-materiali-e-strumenti#breadcrumb","itemListElement":[{"@type":"ListItem","position":1,"name":"Home","item":"https:\/\/www.mirasoftware.be\/nl\/"},{"@type":"ListItem","position":2,"name":"Mobiel"}]},{"@type":"WebSite","@id":"https:\/\/www.mirasoftware.be\/#website","url":"https:\/\/www.mirasoftware.be\/","name":"MIRA Software","description":"Gestion du mat\u00e9riel","publisher":{"@id":"https:\/\/www.mirasoftware.be\/#organization"},"potentialAction":[{"@type":"SearchAction","target":{"@type":"EntryPoint","urlTemplate":"https:\/\/www.mirasoftware.be\/?s={search_term_string}"},"query-input":"required name=search_term_string"}],"inLanguage":"fr-FR"},{"@type":"Organization","@id":"https:\/\/www.mirasoftware.be\/#organization","name":"MIRA Software","url":"https:\/\/www.mirasoftware.be\/","sameAs":["https:\/\/www.linkedin.com\/company\/mira-software\/","https:\/\/www.youtube.com\/watch?v=XQfjAqMiTiY","https:\/\/www.facebook.com\/MiraSoftware\/"],"logo":{"@type":"ImageObject","inLanguage":"fr-FR","@id":"https:\/\/www.mirasoftware.be\/#\/schema\/logo\/image\/","url":"https:\/\/www.mirasoftware.be\/wp-content\/uploads\/Logo-MIRA-Software.jpg","contentUrl":"https:\/\/www.mirasoftware.be\/wp-content\/uploads\/Logo-MIRA-Software.jpg","width":603,"height":617,"caption":"MIRA Software"},"image":{"@id":"https:\/\/www.mirasoftware.be\/#\/schema\/logo\/image\/"}}]}},"_links":{"self":[{"href":"https:\/\/www.mirasoftware.be\/fr\/wp-json\/wp\/v2\/pages\/1677"}],"collection":[{"href":"https:\/\/www.mirasoftware.be\/fr\/wp-json\/wp\/v2\/pages"}],"about":[{"href":"https:\/\/www.mirasoftware.be\/fr\/wp-json\/wp\/v2\/types\/page"}],"author":[{"embeddable":true,"href":"https:\/\/www.mirasoftware.be\/fr\/wp-json\/wp\/v2\/users\/1"}],"replies":[{"embeddable":true,"href":"https:\/\/www.mirasoftware.be\/fr\/wp-json\/wp\/v2\/comments?post=1677"}],"version-history":[{"count":51,"href":"https:\/\/www.mirasoftware.be\/fr\/wp-json\/wp\/v2\/pages\/1677\/revisions"}],"predecessor-version":[{"id":4528,"href":"https:\/\/www.mirasoftware.be\/fr\/wp-json\/wp\/v2\/pages\/1677\/revisions\/4528"}],"wp:featuredmedia":[{"embeddable":true,"href":"https:\/\/www.mirasoftware.be\/fr\/wp-json\/wp\/v2\/media\/1654"}],"wp:attachment":[{"href":"https:\/\/www.mirasoftware.be\/fr\/wp-json\/wp\/v2\/media?parent=1677"}],"curies":[{"name":"wp","href":"https:\/\/api.w.org\/{rel}","templated":true}]}}