{"id":1781,"date":"2018-03-10T14:58:50","date_gmt":"2018-03-10T14:58:50","guid":{"rendered":"http:\/\/localhost\/mira2\/?page_id=1781"},"modified":"2022-09-07T20:38:27","modified_gmt":"2022-09-07T18:38:27","slug":"formulier-koppelen-aan-materiaal","status":"publish","type":"page","link":"https:\/\/www.mirasoftware.be\/fr\/lier-formulaire-au-materiel","title":{"rendered":"Formulaires"},"content":{"rendered":"<div  data-label=\"Features\" data-id=\"features-square-image-section\" data-category=\"features\" class=\"features-square-image-section\" id=\"features-7\" style=\"background-color: #ffffff; background-image: none;\" data-ovid=\"ovid-features-7-1676\">\r\n<div  class=\"dynamic-color gridContainer\">\r\n<div  class=\"features-square-image-textrow\">\r\n<div  class=\"features-square-image-textcol\" data-type=\"column\"><\/div>\r\n<\/div>\r\n<div  class=\"features-square-image-innerrow\" data-type=\"row\">\r\n<div  class=\"features-square-image-featcol cp6cols-tablet cp12cols\">\r\n<h3  class=\"\">V\u00e9rifiez ce que vous apportez ou rapportez avec un formulaire!<\/h3>\r\n<p  class=\"\">Les listes de contr\u00f4le et les formulaires sont tr\u00e8s pratiques! Il est probablement d\u00e9j\u00e0 arriv\u00e9 dans votre entreprise ou organisation que quelqu'un emporte et\/ou renvoie du mat\u00e9riel incomplet ou endommag\u00e9. MIRA Software peut vous offrir une solution \u00e0 ce probl\u00e8me. Utilisez un formulaire lorsque quelque chose part ou revient!<\/p>\r\n<p  class=\"\">Gr\u00e2ce \u00e0 ces listes de contr\u00f4le, vous pouvez facilement cr\u00e9er des questionnaires dans le logiciel, que vous pouvez ensuite relier \u00e0 un appareil, un \u00e9quipement ou un autre article. Par exemple, lors du pr\u00eat d'une perceuse, vous pouvez demander si le mandrin est encore en bon \u00e9tat ou si la batterie a d\u00e9j\u00e0 \u00e9t\u00e9 charg\u00e9e apr\u00e8s utilisation. Chaque fois  un appareil quitte votre entreprise ou revient, le questionnaire est affich\u00e9 \u00e0 l'\u00e9cran. Le pr\u00eateur est tenu de le remplir. Vous \u00e9vitez ainsi de mauvaises surprises \u00e0 vos employ\u00e9s, clients, sous-traitants, etc. En outre, vous gardez un meilleur contr\u00f4le, ce qui vous assure un rendement plus \u00e9lev\u00e9. C'est simple, n'est-ce pas?<\/p>\r\n\r\n<\/div>\r\n<\/div>\r\n<\/div>\r\n<\/div><div  data-label=\"Content\" data-id=\"content-image-left\" data-category=\"content\" class=\"content-left-image-section content-image-left\" id=\"content-3\" style=\"background-color: #ffffff; background-image: none;\" data-ovid=\"ovid-content-3-1606\">\r\n<div  class=\"gridContainer\">\r\n<div  class=\"row\">\r\n<div  class=\"content-left-image-imgcol\" data-type=\"column\"><img decoding=\"async\" loading=\"lazy\"  src=\"https:\/\/www.mirasoftware.be\/wp-content\/uploads\/checklist-1-scaled.jpg\" class=\"alignnone\" width=\"2560\" height=\"1707\" alt=\"Liste de contr\u00f4le pour le pr\u00eat et le retour de mat\u00e9riel et d&#039;outils\"><\/div>\r\n<div  class=\"content-left-image-textcol dynamic-color\" data-type=\"column\">\r\n<h2  class=\"\">Cr\u00e9ez vos propres questionnaires<\/h2>\r\n<p  class=\"\">Vous d\u00e9cidez de ce qui est important pour vous et de ce qui ne l'est pas. Une liste de contr\u00f4le distincte peut \u00eatre jointe \u00e0 chaque article, avec les \u00e9l\u00e9ments que vous souhaitez voir contr\u00f4l\u00e9s lorsque cet appareil quitte votre entreprise et\/ou revient.<\/p>\r\n<a class=\"button color1\" href=\"https:\/\/www.mirasoftware.be\/fr\/contact\" target=\"_self\" data-icon=\"\" rel=\"noopener noreferrer\"> Contactez-nous <\/a>\r\n\r\n<\/div>\r\n<\/div>\r\n<\/div>\r\n<\/div>","protected":false},"excerpt":{"rendered":"<p>Controleer wat u meegeeft of terugneemt met een formulier! Formulieren en checklists zijn zeer handig! Het is in uw bedrijf of organisatie waarschijnlijk wel al&nbsp; eens voorgevallen dat iemand materiaal meeneemt en\/of terugbrengt, waarvan achteraf blijkt dat het onvolledig of beschadigd is. MIRA Software kan u hiervoor een oplossing bieden. Gebruik een formulier wanneer iets&hellip; <br \/> <a class=\"button small blue\" href=\"https:\/\/www.mirasoftware.be\/fr\/lier-formulaire-au-materiel\">Lire la suite<\/a><\/p>","protected":false},"author":1,"featured_media":0,"parent":0,"menu_order":0,"comment_status":"closed","ping_status":"closed","template":"page-templates\/homepage.php","meta":{"_mi_skip_tracking":false,"_exactmetrics_sitenote_active":false,"_exactmetrics_sitenote_note":"","_exactmetrics_sitenote_category":0},"yoast_head":"<!-- This site is optimized with the Yoast SEO Premium plugin v19.2.1 (Yoast SEO v19.6.1) - https:\/\/yoast.com\/wordpress\/plugins\/seo\/ -->\n<title>Formulier koppelen aan apparaten voor opvolging | Mira Software<\/title>\n<meta name=\"description\" content=\"Koppel de formulieren in MIRA aan uw materieel, toestellen, apparaten en gereedschap bij het uitlenen en binnenkomen voor betere controle.\" \/>\n<meta name=\"robots\" content=\"index, follow, max-snippet:-1, max-image-preview:large, max-video-preview:-1\" \/>\n<link rel=\"canonical\" href=\"https:\/\/www.mirasoftware.be\/fr\/form-linking-to-material\" \/>\n<meta property=\"og:locale\" content=\"fr_FR\" \/>\n<meta property=\"og:type\" content=\"article\" \/>\n<meta property=\"og:title\" content=\"Formulieren\" \/>\n<meta property=\"og:description\" content=\"Controleer wat u meegeeft of terugneemt met een formulier! Formulieren en checklists zijn zeer handig! Het is in uw bedrijf of organisatie waarschijnlijk\" \/>\n<meta property=\"og:url\" content=\"https:\/\/www.mirasoftware.be\/fr\/form-linking-to-material\" \/>\n<meta property=\"og:site_name\" content=\"Mira Software\" \/>\n<meta property=\"article:publisher\" content=\"https:\/\/www.facebook.com\/MiraSoftware\/\" \/>\n<meta property=\"article:modified_time\" content=\"2022-09-07T18:38:27+00:00\" \/>\n<meta property=\"og:image\" content=\"https:\/\/www.mirasoftware.be\/wp-content\/uploads\/checklist-1-scaled.jpg\" \/>\n<meta name=\"twitter:card\" content=\"summary_large_image\" \/>\n<meta name=\"twitter:label1\" content=\"Dur\u00e9e de lecture estim\u00e9e\" \/>\n\t<meta name=\"twitter:data1\" content=\"2 minutes\" \/>\n<script type=\"application\/ld+json\" class=\"yoast-schema-graph\">{\"@context\":\"https:\/\/schema.org\",\"@graph\":[{\"@type\":\"WebPage\",\"@id\":\"https:\/\/www.mirasoftware.be\/en_gb\/form-linking-to-material\",\"url\":\"https:\/\/www.mirasoftware.be\/en_gb\/form-linking-to-material\",\"name\":\"Formulier koppelen aan apparaten voor opvolging | Mira Software\",\"isPartOf\":{\"@id\":\"https:\/\/www.mirasoftware.be\/#website\"},\"datePublished\":\"2018-03-10T14:58:50+00:00\",\"dateModified\":\"2022-09-07T18:38:27+00:00\",\"description\":\"Koppel de formulieren in MIRA aan uw materieel, toestellen, apparaten en gereedschap bij het uitlenen en binnenkomen voor betere controle.\",\"breadcrumb\":{\"@id\":\"https:\/\/www.mirasoftware.be\/en_gb\/form-linking-to-material#breadcrumb\"},\"inLanguage\":\"fr-FR\",\"potentialAction\":[{\"@type\":\"ReadAction\",\"target\":[\"https:\/\/www.mirasoftware.be\/en_gb\/form-linking-to-material\"]}]},{\"@type\":\"BreadcrumbList\",\"@id\":\"https:\/\/www.mirasoftware.be\/en_gb\/form-linking-to-material#breadcrumb\",\"itemListElement\":[{\"@type\":\"ListItem\",\"position\":1,\"name\":\"Home\",\"item\":\"https:\/\/www.mirasoftware.be\/nl\/\"},{\"@type\":\"ListItem\",\"position\":2,\"name\":\"Formulieren\"}]},{\"@type\":\"WebSite\",\"@id\":\"https:\/\/www.mirasoftware.be\/#website\",\"url\":\"https:\/\/www.mirasoftware.be\/\",\"name\":\"Mira Software\",\"description\":\"Beheer van materiaal\",\"publisher\":{\"@id\":\"https:\/\/www.mirasoftware.be\/#organization\"},\"potentialAction\":[{\"@type\":\"SearchAction\",\"target\":{\"@type\":\"EntryPoint\",\"urlTemplate\":\"https:\/\/www.mirasoftware.be\/?s={search_term_string}\"},\"query-input\":\"required name=search_term_string\"}],\"inLanguage\":\"fr-FR\"},{\"@type\":\"Organization\",\"@id\":\"https:\/\/www.mirasoftware.be\/#organization\",\"name\":\"MIRA Software\",\"url\":\"https:\/\/www.mirasoftware.be\/\",\"sameAs\":[\"https:\/\/www.linkedin.com\/company\/mira-software\/\",\"https:\/\/www.youtube.com\/watch?v=XQfjAqMiTiY\",\"https:\/\/www.facebook.com\/MiraSoftware\/\"],\"logo\":{\"@type\":\"ImageObject\",\"inLanguage\":\"fr-FR\",\"@id\":\"https:\/\/www.mirasoftware.be\/#\/schema\/logo\/image\/\",\"url\":\"https:\/\/www.mirasoftware.be\/wp-content\/uploads\/Logo-MIRA-Software.jpg\",\"contentUrl\":\"https:\/\/www.mirasoftware.be\/wp-content\/uploads\/Logo-MIRA-Software.jpg\",\"width\":603,\"height\":617,\"caption\":\"MIRA Software\"},\"image\":{\"@id\":\"https:\/\/www.mirasoftware.be\/#\/schema\/logo\/image\/\"}}]}<\/script>\n<!-- \/ Yoast SEO Premium plugin. -->","yoast_head_json":{"title":"Relier le formulaire aux appareils pour le suivi | MIRA Software","description":"Associez les formulaires de MIRA \u00e0 vos \u00e9quipements, appareils, dispositifs et outils au moment o\u00f9 ils sont pr\u00eat\u00e9s et apport\u00e9s pour un meilleur contr\u00f4le.","robots":{"index":"index","follow":"follow","max-snippet":"max-snippet:-1","max-image-preview":"max-image-preview:large","max-video-preview":"max-video-preview:-1"},"canonical":"https:\/\/www.mirasoftware.be\/fr\/form-linking-to-material","og_locale":"fr_FR","og_type":"article","og_title":"Formulieren","og_description":"Controleer wat u meegeeft of terugneemt met een formulier! Formulieren en checklists zijn zeer handig! Het is in uw bedrijf of organisatie waarschijnlijk","og_url":"https:\/\/www.mirasoftware.be\/fr\/form-linking-to-material","og_site_name":"Mira Software","article_publisher":"https:\/\/www.facebook.com\/MiraSoftware\/","article_modified_time":"2022-09-07T18:38:27+00:00","og_image":[{"url":"https:\/\/www.mirasoftware.be\/wp-content\/uploads\/checklist-1-scaled.jpg"}],"twitter_card":"summary_large_image","twitter_misc":{"Dur\u00e9e de lecture estim\u00e9e":"2 minutes"},"schema":{"@context":"https:\/\/schema.org","@graph":[{"@type":"WebPage","@id":"https:\/\/www.mirasoftware.be\/en_gb\/form-linking-to-material","url":"https:\/\/www.mirasoftware.be\/en_gb\/form-linking-to-material","name":"Relier le formulaire aux appareils pour le suivi | MIRA Software","isPartOf":{"@id":"https:\/\/www.mirasoftware.be\/#website"},"datePublished":"2018-03-10T14:58:50+00:00","dateModified":"2022-09-07T18:38:27+00:00","description":"Associez les formulaires de MIRA \u00e0 vos \u00e9quipements, appareils, dispositifs et outils au moment o\u00f9 ils sont pr\u00eat\u00e9s et apport\u00e9s pour un meilleur contr\u00f4le.","breadcrumb":{"@id":"https:\/\/www.mirasoftware.be\/en_gb\/form-linking-to-material#breadcrumb"},"inLanguage":"fr-FR","potentialAction":[{"@type":"ReadAction","target":["https:\/\/www.mirasoftware.be\/en_gb\/form-linking-to-material"]}]},{"@type":"BreadcrumbList","@id":"https:\/\/www.mirasoftware.be\/en_gb\/form-linking-to-material#breadcrumb","itemListElement":[{"@type":"ListItem","position":1,"name":"Home","item":"https:\/\/www.mirasoftware.be\/nl\/"},{"@type":"ListItem","position":2,"name":"Formulieren"}]},{"@type":"WebSite","@id":"https:\/\/www.mirasoftware.be\/#website","url":"https:\/\/www.mirasoftware.be\/","name":"MIRA Software","description":"Gestion du mat\u00e9riel","publisher":{"@id":"https:\/\/www.mirasoftware.be\/#organization"},"potentialAction":[{"@type":"SearchAction","target":{"@type":"EntryPoint","urlTemplate":"https:\/\/www.mirasoftware.be\/?s={search_term_string}"},"query-input":"required name=search_term_string"}],"inLanguage":"fr-FR"},{"@type":"Organization","@id":"https:\/\/www.mirasoftware.be\/#organization","name":"MIRA Software","url":"https:\/\/www.mirasoftware.be\/","sameAs":["https:\/\/www.linkedin.com\/company\/mira-software\/","https:\/\/www.youtube.com\/watch?v=XQfjAqMiTiY","https:\/\/www.facebook.com\/MiraSoftware\/"],"logo":{"@type":"ImageObject","inLanguage":"fr-FR","@id":"https:\/\/www.mirasoftware.be\/#\/schema\/logo\/image\/","url":"https:\/\/www.mirasoftware.be\/wp-content\/uploads\/Logo-MIRA-Software.jpg","contentUrl":"https:\/\/www.mirasoftware.be\/wp-content\/uploads\/Logo-MIRA-Software.jpg","width":603,"height":617,"caption":"MIRA Software"},"image":{"@id":"https:\/\/www.mirasoftware.be\/#\/schema\/logo\/image\/"}}]}},"_links":{"self":[{"href":"https:\/\/www.mirasoftware.be\/fr\/wp-json\/wp\/v2\/pages\/1781"}],"collection":[{"href":"https:\/\/www.mirasoftware.be\/fr\/wp-json\/wp\/v2\/pages"}],"about":[{"href":"https:\/\/www.mirasoftware.be\/fr\/wp-json\/wp\/v2\/types\/page"}],"author":[{"embeddable":true,"href":"https:\/\/www.mirasoftware.be\/fr\/wp-json\/wp\/v2\/users\/1"}],"replies":[{"embeddable":true,"href":"https:\/\/www.mirasoftware.be\/fr\/wp-json\/wp\/v2\/comments?post=1781"}],"version-history":[{"count":30,"href":"https:\/\/www.mirasoftware.be\/fr\/wp-json\/wp\/v2\/pages\/1781\/revisions"}],"predecessor-version":[{"id":4529,"href":"https:\/\/www.mirasoftware.be\/fr\/wp-json\/wp\/v2\/pages\/1781\/revisions\/4529"}],"wp:attachment":[{"href":"https:\/\/www.mirasoftware.be\/fr\/wp-json\/wp\/v2\/media?parent=1781"}],"curies":[{"name":"wp","href":"https:\/\/api.w.org\/{rel}","templated":true}]}}