{"id":24,"date":"2013-04-19T10:44:53","date_gmt":"2013-04-19T10:44:53","guid":{"rendered":"http:\/\/vpcdcizit:8000\/wp-mira\/?page_id=24"},"modified":"2021-05-17T17:35:32","modified_gmt":"2021-05-17T15:35:32","slug":"registratie-gebruik-en-verbruik-materiaal-opvolging-per-project-of-persoon","status":"publish","type":"page","link":"https:\/\/www.mirasoftware.be\/fr\/modules-gestion-du-materiel\/enregistrement-utilisation-et-consommation-du-materiel-suivi-par-projet-ou-personne","title":{"rendered":"l'enregistrement de l'utilisation et de la consommation"},"content":{"rendered":"<div >\n\n&nbsp;\n\n<\/div><div  data-label=\"About us\" data-id=\"about-image-section-pro-1\" data-category=\"about\" class=\"about-image-section-pro about-image-section-pro-1\" id=\"about-us-1\" style=\"background-color: #ffffff; background-image: none;\" data-ovid=\"ovid-about-us-1-1086\">\n<div  class=\"\">\n<div  class=\"row about-image-gridcol-pro\">\n<div  class=\"about-image-textcol-pro\" data-type=\"column\">\n<h2  class=\"\" style=\"text-align: left;\">Enregistrement de l'utilisation des mat\u00e9riels, \u00e9quipements et dispositifs<\/h2>\n<h3  class=\"\" style=\"text-align: left;\">Am\u00e9liorez et acc\u00e9l\u00e9rez l'enregistrement des mat\u00e9riaux gr\u00e2ce \u00e0 un syst\u00e8me de lecture de codes \u00e0 barres.<\/h3>\n<p  class=\"\" style=\"text-align: left;\">Reconnaissez-vous la situation suivante? Quelqu'un demande o\u00f9 se trouve un appareil, parce qu'il n'est pas \u00e0 sa place fixe dans l'organisation. Donc quelqu'un l'a pris, mais personne ne sait qui. La seule solution: appeler jusqu'\u00e0 ce que l\u2019appareil soit trouv\u00e9... Ainsi, vous et vos coll\u00e8gues perdez jusqu'\u00e0 une semaine de recherches inutiles et frustrantes sur une base annuelle. Nous (<a  href=\"https:\/\/izit.be\" class=\"\">IZIT bv<\/a>) voulons offrir une r\u00e9ponse avec un <strong >syst\u00e8me pratique<\/strong> pour <strong >l'enregistrement du mat\u00e9riel<\/strong> par <strong >scanner<\/strong>. N'importe qui peut suivre le mat\u00e9riel n'importe o\u00f9.<\/p>\n\n<\/div>\n<div  data-type=\"column\" class=\"\"><\/div>\n<\/div>\n<\/div>\n<\/div><div  data-label=\"Content\" data-id=\"video-on-bottom-2\" data-category=\"content\" class=\"row_292 video-on-bottom-2\" id=\"content-2\" style=\"background-color: #ffffff; background-image: none;\" data-ovid=\"ovid-content-2-138\">\n<div  class=\"gridContainer\">\n<div  class=\"row\">\n<div  class=\"column_269 dynamic-color\">\n<h2 ><span  style=\"font-weight: 300;\">Voyez comme l'enregistrement des mat\u00e9riaux est facile avec MIRA!<\/span><\/h2>\n<div  class=\"row_296\">\n<div  class=\"content-center-video-imgcol\" data-bg=\"image\" data-type=\"group\" style=\"background-image: url('https:\/\/www.mirasoftware.be\/wp-content\/uploads\/Videomirasoftware.jpg');\"><a  data-fancybox=\"\" href=\"https:\/\/www.youtube.com\/watch?v=XQfjAqMiTiY\" data-video-lightbox=\"true\" class=\"\"> <i  class=\"font-icon-video-on-bottom fa fa-play-circle-o color6\" data-cp-fa=\"true\"><\/i><\/a><\/div>\n<\/div>\n<\/div>\n<\/div>\n<\/div>\n<\/div><div  data-label=\"Features\" data-id=\"features-image-cards-section\" data-category=\"features\" class=\"features-image-cards-section\" style=\"background-color: #f6f6f6;\" id=\"features-2\">\n<div  class=\"gridContainer\">\n<div  class=\"features-image-cards-textrow\">\n<div  class=\"features-image-cards-textcol dynamic-color\" data-type=\"column\">\n<h2  class=\"\">Enregistrement du mat\u00e9riel et des \u00e9quipements en quatre \u00e9tapes simples<\/h2>\n<p  class=\"\">Gr\u00e2ce au module Enregistrement des mat\u00e9riaux et des equipements, chacun dans votre organisation sait imm\u00e9diatement qui est responsable de quels articles. Apr\u00e8s tout, c'est la base de toute gestion du mat\u00e9riel harmonieuse et transparente. La m\u00e9thode de balayage du mat\u00e9riel a \u00e9t\u00e9 maintenue tr\u00e8s simple. Enregistrez le mat\u00e9riel en quatre \u00e9tapes:<\/p>\n\n<\/div>\n<\/div>\n<div  class=\"features-image-cards-innerrow flexbox-list dark-text\" data-type=\"row\">\n<div  class=\"features-image-cards-cardcol cp6cols-tablet cp3cols\">\n<div  class=\"features-image-cards-cardrow\">\n\n<img decoding=\"async\" loading=\"lazy\"  class=\"features-image-cards-featimg alignnone\" src=\"https:\/\/www.mirasoftware.be\/wp-content\/uploads\/pijluitlenen.png\" alt=\"enregistrement \u00e0 la caisse avec Mira Software pour le suivi des mat\u00e9riaux\" width=\"337\" height=\"337\">\n<div  class=\"features-image-cards-cardtextrow\" data-type=\"column\">\n<h4  class=\"\">\u00c9TAPE 1: CHECKOUT<\/h4>\n<p  class=\"\">D\u2019abord, l'employ\u00e9 autoris\u00e9 scanne le badge du personnel. Cette action est imm\u00e9diatement enregistr\u00e9e dans le programme.<\/p>\n\n<\/div>\n<\/div>\n<\/div>\n<div  class=\"features-image-cards-cardcol cp6cols-tablet cp3cols\">\n<div  class=\"features-image-cards-cardrow\">\n\n<img decoding=\"async\" loading=\"lazy\"  class=\"features-image-cards-featimg alignnone\" src=\"https:\/\/www.mirasoftware.be\/wp-content\/uploads\/stap2.jpg\" alt=\"Scanner logiciel MIRA pour le suivi des mat\u00e9riaux\" width=\"1200\" height=\"1200\">\n<div  class=\"features-image-cards-cardtextrow\" data-type=\"column\">\n<h4  class=\"\">\u00c9TAPE 2: SCAN<\/h4>\n<p  class=\"\">L'outil ou le mat\u00e9riel est scann\u00e9 et reli\u00e9 \u00e0 l'employ\u00e9 par un code \u00e0 barres ou un code QR.<\/p>\n\n<\/div>\n<\/div>\n<\/div>\n<div  class=\"features-image-cards-cardcol cp6cols-tablet cp3cols\">\n<div  class=\"features-image-cards-cardrow\">\n\n<img decoding=\"async\" loading=\"lazy\"  class=\"features-image-cards-featimg alignnone\" src=\"https:\/\/www.mirasoftware.be\/wp-content\/uploads\/website3.png\" alt=\"Enregistrement du client, du projet, du lieu dans le logiciel de suivi du mat\u00e9riel MIRA\" width=\"639\" height=\"639\">\n<div  class=\"features-image-cards-cardtextrow\" data-type=\"column\">\n<h4  class=\"\">\u00c9TAPE 3 : INFORMATIONS COMPL\u00c9MENTAIRES<\/h4>\n<p  class=\"\">En option, l'article scann\u00e9 est affect\u00e9 \u00e0 un projet, un client et un lieu. Une fois enregistr\u00e9, l'article est pr\u00eat \u00e0 l'emploi.<\/p>\n\n<\/div>\n<\/div>\n<\/div>\n<div  class=\"features-image-cards-cardcol cp6cols-tablet cp3cols\">\n<div  class=\"features-image-cards-cardrow\">\n\n<img decoding=\"async\" loading=\"lazy\"  class=\"features-image-cards-featimg alignnone\" src=\"https:\/\/www.mirasoftware.be\/wp-content\/uploads\/incheckenmira.jpg\" alt=\"enregistrement des mat\u00e9riaux dans le logiciel de suivi des mat\u00e9riaux MIRA\" width=\"352\" height=\"352\">\n<div  class=\"features-image-cards-cardtextrow\" data-type=\"column\">\n<h4  class=\"\">\u00c9TAPE 4: CHECKIN<\/h4>\n<p  class=\"\">L'employ\u00e9 revient avec l'article et le scanne. L'article est maintenant r\u00e9enregistr\u00e9 et disponible pour le prochain utilisateur.<\/p>\n\n<\/div>\n<\/div>\n<\/div>\n<\/div>\n<\/div>\n<\/div><div  data-label=\"Content\" data-id=\"content-image-left\" data-category=\"content\" class=\"content-left-image-section content-image-left\" id=\"content-3\" style=\"background-color: #ffffff;\">\n<div  class=\"gridContainer\">\n<div  class=\"row\">\n<div  class=\"content-left-image-imgcol\" data-type=\"column\"><img decoding=\"async\" loading=\"lazy\"  src=\"https:\/\/www.mirasoftware.be\/wp-content\/uploads\/Registratie-scaled.jpg\" class=\"alignnone\" alt=\"consultation de l&#039;enregistrement du mat\u00e9riel\" width=\"2560\" height=\"1707\"><\/div>\n<div  class=\"content-left-image-textcol dynamic-color\" data-type=\"column\">\n<h2  class=\"\">Consultation<\/h2>\n<p  class=\"\">Via l'\u00e9cran de consultation de MIRA, vous obtenez une liste avec un aper\u00e7u de tous les mat\u00e9riaux emprunt\u00e9s et retourn\u00e9s. En utilisant le filtre, vous pouvez obtenir un aper\u00e7u d\u00e9taill\u00e9 d'un d\u00e9partement, d'un centre de co\u00fbts, d'un employ\u00e9, d'un article, d'une p\u00e9riode, d'un projet, ... Vous pouvez toujours exporter ces donn\u00e9es vers Excel si vous le souhaitez.<\/p>\n<p  class=\"\">Regardez \u00e9galement quels articles sont compos\u00e9s et de quelles parties ils se composent. De cette fa\u00e7on, vous savez exactement ce qui se trouve o\u00f9. Cela vous permet de suivre rapidement et efficacement les informations relatives aux diff\u00e9rents clients et projets. Le MIRA Software rend l'enregistrement des mat\u00e9riaux et des \u00e9quipements pr\u00e9cis et simple.<\/p>\n\n<\/div>\n<\/div>\n<\/div>\n<\/div><div  data-label=\"Content\" data-id=\"content-image-right\" data-category=\"content\" class=\"content-right-image-section content-image-right\" id=\"content-4\" style=\"background-color: #f6f6f6;\">\n<div  class=\"gridContainer\">\n<div  class=\"content-right-image-gridcol\">\n<div  class=\"content-right-image-textcol dynamic-color\" data-type=\"column\">\n<h2  class=\"\">Enregistrement du mat\u00e9riel avec lecture des codes-barres et QR<\/h2>\n<p  class=\"large_text\">Le module d'enregistrement relie tr\u00e8s facilement les articles aux personnes gr\u00e2ce \u00e0 la lecture rapide des codes-barres. Les codes-barres peuvent \u00eatre cr\u00e9\u00e9s dans le logiciel lui-m\u00eame. L'utilisation d'un code-barres est facultative, mais nous savons par exp\u00e9rience que cela fonctionne beaucoup plus facilement et plus rapidement. Si, dans votre entreprise ou organisation, les produits n'ont pas de code \u00e0 barres, il est possible de travailler avec des num\u00e9ros fixes comme alternative.<\/p>\n\n<\/div>\n<div  class=\"content-right-image-imgcol\" data-type=\"column\"><img decoding=\"async\" loading=\"lazy\"  src=\"https:\/\/www.mirasoftware.be\/wp-content\/uploads\/QR-scanning-scaled.jpg\" class=\"alignnone\" alt=\"scanner pour l&#039;enregistrement dans le logiciel mira\" width=\"2560\" height=\"1707\"><\/div>\n<\/div>\n<\/div>\n<\/div><div  data-label=\"About\" data-id=\"about-four-boxes-section\" data-category=\"about\" class=\"about-four-boxes-section\" id=\"about-2\" style=\"background-color: #ffffff;\">\n<div  class=\"gridContainer\">\n<div  class=\"about-four-boxes-innerrow flexbox-list\">\n<div  class=\"about-four-boxes-imgcol\" data-bg=\"image\" style=\"background-image: url('https:\/\/www.mirasoftware.be\/wp-content\/uploads\/Consult.jpg');\"><\/div>\n<div  class=\"about-four-boxes-textcol\" data-type=\"column\">\n<h6  class=\"\">CONSULTATION<\/h6>\n<h2  class=\"\">Demandez MIRA<\/h2>\n<p  class=\"\">V\u00e9rifiez qui, quoi, o\u00f9, quand, combien de temps, sur quel projet, pour quel client, ... le mat\u00e9riel a \u00e9t\u00e9 utilis\u00e9 ou consomm\u00e9. MIRA vous donne la r\u00e9ponse dans une liste claire que vous pouvez exporter.<\/p>\n\n<\/div>\n<div  class=\"about-four-boxes-textcol\" data-type=\"column\">\n<h6  class=\"\">SIMPLE ET MODERNE<\/h6>\n<h2  class=\"\">Grands boutons<\/h2>\n<p  class=\"\">MIRA Software peut \u00eatre utilis\u00e9 sur un \u00e9cran tactile. Enregistrez le mat\u00e9riel par balayage comme au supermarch\u00e9.<\/p>\n\n<\/div>\n<div  class=\"about-four-boxes-imgcol2\" data-bg=\"image\" style=\"background-image: url('https:\/\/www.mirasoftware.be\/wp-content\/uploads\/Config.jpg');\"><\/div>\n<\/div>\n<\/div>\n<\/div><div  data-label=\"About us\" data-id=\"about-image-section-pro\" data-category=\"about\" class=\"about-image-section-pro\" id=\"about-us-2\" style=\"background-color: #ffffff; background-image: none;\" data-ovid=\"ovid-about-us-2-3112\">\n<div  class=\"gridContainer\">\n<div  class=\"row about-image-gridcol-pro\">\n<div  class=\"about-image-textcol-pro\" data-type=\"column\">\n\n<a class=\"button color1\" href=\"https:\/\/www.mirasoftware.be\/fr\/modules-materieelbeheer\" target=\"_self\" data-icon=\"\" rel=\"noopener noreferrer\">Modules<\/a>\n<h2  class=\"\"><\/h2>\n<p  class=\"\">MIRA Software est un produit d' <a  href=\"https:\/\/izit.be\" class=\"\">IZIT bv<\/a><\/p>\n\n<\/div>\n<div  data-type=\"column\" class=\"\"><\/div>\n<\/div>\n<\/div>\n<\/div>","protected":false},"excerpt":{"rendered":"<p>&nbsp; Registratie van gebruik van materiaal, materieel en toestellen Maak materiaalregistratie beter en sneller met barcode scanning Herkent u de volgende situatie? Iemand vraagt waar een toestel is, want het staat niet op zijn vaste plek in de organisatie. Iemand heeft het dus meegenomen, maar niemand weet wie. De enige oplossing: beginnen bellen tot het&hellip; <br \/> <a class=\"button small blue\" href=\"https:\/\/www.mirasoftware.be\/fr\/modules-gestion-du-materiel\/enregistrement-utilisation-et-consommation-du-materiel-suivi-par-projet-ou-personne\">Lire la suite<\/a><\/p>","protected":false},"author":1,"featured_media":3585,"parent":5,"menu_order":0,"comment_status":"closed","ping_status":"closed","template":"full-width-homepage-header.php","meta":{"_mi_skip_tracking":false,"_exactmetrics_sitenote_active":false,"_exactmetrics_sitenote_note":"","_exactmetrics_sitenote_category":0},"yoast_head":"<!-- This site is optimized with the Yoast SEO Premium plugin v19.2.1 (Yoast SEO v19.6.1) - https:\/\/yoast.com\/wordpress\/plugins\/seo\/ -->\n<title>Registratie materiaal en materieelopvolging via scanning | Mira Software<\/title>\n<meta name=\"description\" content=\"Registratie en opvolging van gebruik en verbruik materiaal, materieel en gereedschap. Uitleningen per project\/werknemer met barcode scanning.\" \/>\n<meta name=\"robots\" content=\"index, follow, max-snippet:-1, max-image-preview:large, max-video-preview:-1\" \/>\n<link rel=\"canonical\" href=\"https:\/\/www.mirasoftware.be\/fr\/modules-material-management\/registration-of-use-and-consumption-of-materials-follow-up-by-project-or-person\" \/>\n<meta property=\"og:locale\" content=\"fr_FR\" \/>\n<meta property=\"og:type\" content=\"article\" \/>\n<meta property=\"og:title\" content=\"Registratie gebruik &amp; verbruik\" \/>\n<meta property=\"og:description\" content=\"&nbsp; Registratie van gebruik van materiaal, materieel en toestellen Maak materiaalregistratie beter en sneller met barcode scanning Herkent u de\" \/>\n<meta property=\"og:url\" content=\"https:\/\/www.mirasoftware.be\/fr\/modules-material-management\/registration-of-use-and-consumption-of-materials-follow-up-by-project-or-person\" \/>\n<meta property=\"og:site_name\" content=\"Mira Software\" \/>\n<meta property=\"article:publisher\" content=\"https:\/\/www.facebook.com\/MiraSoftware\/\" \/>\n<meta property=\"article:modified_time\" content=\"2021-05-17T15:35:32+00:00\" \/>\n<meta property=\"og:image\" content=\"https:\/\/www.mirasoftware.be\/wp-content\/uploads\/werkbak-app-scaled.jpg\" \/>\n\t<meta property=\"og:image:width\" content=\"2560\" \/>\n\t<meta property=\"og:image:height\" content=\"1920\" \/>\n\t<meta property=\"og:image:type\" content=\"image\/jpeg\" \/>\n<meta name=\"twitter:card\" content=\"summary_large_image\" \/>\n<meta name=\"twitter:label1\" content=\"Dur\u00e9e de lecture estim\u00e9e\" \/>\n\t<meta name=\"twitter:data1\" content=\"4 minutes\" \/>\n<script type=\"application\/ld+json\" class=\"yoast-schema-graph\">{\"@context\":\"https:\/\/schema.org\",\"@graph\":[{\"@type\":\"WebPage\",\"@id\":\"https:\/\/www.mirasoftware.be\/en_gb\/modules-material-management\/registration-of-use-and-consumption-of-materials-follow-up-by-project-or-person\",\"url\":\"https:\/\/www.mirasoftware.be\/en_gb\/modules-material-management\/registration-of-use-and-consumption-of-materials-follow-up-by-project-or-person\",\"name\":\"Registratie materiaal en materieelopvolging via scanning | Mira Software\",\"isPartOf\":{\"@id\":\"https:\/\/www.mirasoftware.be\/#website\"},\"datePublished\":\"2013-04-19T10:44:53+00:00\",\"dateModified\":\"2021-05-17T15:35:32+00:00\",\"description\":\"Registratie en opvolging van gebruik en verbruik materiaal, materieel en gereedschap. Uitleningen per project\/werknemer met barcode scanning.\",\"breadcrumb\":{\"@id\":\"https:\/\/www.mirasoftware.be\/en_gb\/modules-material-management\/registration-of-use-and-consumption-of-materials-follow-up-by-project-or-person#breadcrumb\"},\"inLanguage\":\"fr-FR\",\"potentialAction\":[{\"@type\":\"ReadAction\",\"target\":[\"https:\/\/www.mirasoftware.be\/en_gb\/modules-material-management\/registration-of-use-and-consumption-of-materials-follow-up-by-project-or-person\"]}]},{\"@type\":\"BreadcrumbList\",\"@id\":\"https:\/\/www.mirasoftware.be\/en_gb\/modules-material-management\/registration-of-use-and-consumption-of-materials-follow-up-by-project-or-person#breadcrumb\",\"itemListElement\":[{\"@type\":\"ListItem\",\"position\":1,\"name\":\"Home\",\"item\":\"https:\/\/www.mirasoftware.be\/nl\/\"},{\"@type\":\"ListItem\",\"position\":2,\"name\":\"Modules\",\"item\":\"https:\/\/www.mirasoftware.be\/en_gb\/modules-material-management\"},{\"@type\":\"ListItem\",\"position\":3,\"name\":\"Registratie gebruik &#038; verbruik\"}]},{\"@type\":\"WebSite\",\"@id\":\"https:\/\/www.mirasoftware.be\/#website\",\"url\":\"https:\/\/www.mirasoftware.be\/\",\"name\":\"Mira Software\",\"description\":\"Beheer van materiaal\",\"publisher\":{\"@id\":\"https:\/\/www.mirasoftware.be\/#organization\"},\"potentialAction\":[{\"@type\":\"SearchAction\",\"target\":{\"@type\":\"EntryPoint\",\"urlTemplate\":\"https:\/\/www.mirasoftware.be\/?s={search_term_string}\"},\"query-input\":\"required name=search_term_string\"}],\"inLanguage\":\"fr-FR\"},{\"@type\":\"Organization\",\"@id\":\"https:\/\/www.mirasoftware.be\/#organization\",\"name\":\"MIRA Software\",\"url\":\"https:\/\/www.mirasoftware.be\/\",\"sameAs\":[\"https:\/\/www.linkedin.com\/company\/mira-software\/\",\"https:\/\/www.youtube.com\/watch?v=XQfjAqMiTiY\",\"https:\/\/www.facebook.com\/MiraSoftware\/\"],\"logo\":{\"@type\":\"ImageObject\",\"inLanguage\":\"fr-FR\",\"@id\":\"https:\/\/www.mirasoftware.be\/#\/schema\/logo\/image\/\",\"url\":\"https:\/\/www.mirasoftware.be\/wp-content\/uploads\/Logo-MIRA-Software.jpg\",\"contentUrl\":\"https:\/\/www.mirasoftware.be\/wp-content\/uploads\/Logo-MIRA-Software.jpg\",\"width\":603,\"height\":617,\"caption\":\"MIRA Software\"},\"image\":{\"@id\":\"https:\/\/www.mirasoftware.be\/#\/schema\/logo\/image\/\"}}]}<\/script>\n<!-- \/ Yoast SEO Premium plugin. -->","yoast_head_json":{"title":"Enregistrement du mat\u00e9riel et suivi du mat\u00e9riel par scan | Mira Software","description":"Enregistrement et suivi de l'utilisation et de la consommation des mat\u00e9riaux, des \u00e9quipements et des outils. Checkouts par projet\/employ\u00e9 avec lecture de codes-barres.","robots":{"index":"index","follow":"follow","max-snippet":"max-snippet:-1","max-image-preview":"max-image-preview:large","max-video-preview":"max-video-preview:-1"},"canonical":"https:\/\/www.mirasoftware.be\/fr\/modules-material-management\/registration-of-use-and-consumption-of-materials-follow-up-by-project-or-person","og_locale":"fr_FR","og_type":"article","og_title":"Registratie gebruik & verbruik","og_description":"&nbsp; Registratie van gebruik van materiaal, materieel en toestellen Maak materiaalregistratie beter en sneller met barcode scanning Herkent u de","og_url":"https:\/\/www.mirasoftware.be\/fr\/modules-material-management\/registration-of-use-and-consumption-of-materials-follow-up-by-project-or-person","og_site_name":"Mira Software","article_publisher":"https:\/\/www.facebook.com\/MiraSoftware\/","article_modified_time":"2021-05-17T15:35:32+00:00","og_image":[{"width":2560,"height":1920,"url":"https:\/\/www.mirasoftware.be\/wp-content\/uploads\/werkbak-app-scaled.jpg","type":"image\/jpeg"}],"twitter_card":"summary_large_image","twitter_misc":{"Dur\u00e9e de lecture estim\u00e9e":"4 minutes"},"schema":{"@context":"https:\/\/schema.org","@graph":[{"@type":"WebPage","@id":"https:\/\/www.mirasoftware.be\/en_gb\/modules-material-management\/registration-of-use-and-consumption-of-materials-follow-up-by-project-or-person","url":"https:\/\/www.mirasoftware.be\/en_gb\/modules-material-management\/registration-of-use-and-consumption-of-materials-follow-up-by-project-or-person","name":"Enregistrement du mat\u00e9riel et suivi du mat\u00e9riel par scan | Mira Software","isPartOf":{"@id":"https:\/\/www.mirasoftware.be\/#website"},"datePublished":"2013-04-19T10:44:53+00:00","dateModified":"2021-05-17T15:35:32+00:00","description":"Enregistrement et suivi de l'utilisation et de la consommation des mat\u00e9riaux, des \u00e9quipements et des outils. Checkouts par projet\/employ\u00e9 avec lecture de codes-barres.","breadcrumb":{"@id":"https:\/\/www.mirasoftware.be\/en_gb\/modules-material-management\/registration-of-use-and-consumption-of-materials-follow-up-by-project-or-person#breadcrumb"},"inLanguage":"fr-FR","potentialAction":[{"@type":"ReadAction","target":["https:\/\/www.mirasoftware.be\/en_gb\/modules-material-management\/registration-of-use-and-consumption-of-materials-follow-up-by-project-or-person"]}]},{"@type":"BreadcrumbList","@id":"https:\/\/www.mirasoftware.be\/en_gb\/modules-material-management\/registration-of-use-and-consumption-of-materials-follow-up-by-project-or-person#breadcrumb","itemListElement":[{"@type":"ListItem","position":1,"name":"Home","item":"https:\/\/www.mirasoftware.be\/nl\/"},{"@type":"ListItem","position":2,"name":"Modules","item":"https:\/\/www.mirasoftware.be\/en_gb\/modules-material-management"},{"@type":"ListItem","position":3,"name":"Registratie gebruik &#038; verbruik"}]},{"@type":"WebSite","@id":"https:\/\/www.mirasoftware.be\/#website","url":"https:\/\/www.mirasoftware.be\/","name":"MIRA Software","description":"Gestion du mat\u00e9riel","publisher":{"@id":"https:\/\/www.mirasoftware.be\/#organization"},"potentialAction":[{"@type":"SearchAction","target":{"@type":"EntryPoint","urlTemplate":"https:\/\/www.mirasoftware.be\/?s={search_term_string}"},"query-input":"required name=search_term_string"}],"inLanguage":"fr-FR"},{"@type":"Organization","@id":"https:\/\/www.mirasoftware.be\/#organization","name":"MIRA Software","url":"https:\/\/www.mirasoftware.be\/","sameAs":["https:\/\/www.linkedin.com\/company\/mira-software\/","https:\/\/www.youtube.com\/watch?v=XQfjAqMiTiY","https:\/\/www.facebook.com\/MiraSoftware\/"],"logo":{"@type":"ImageObject","inLanguage":"fr-FR","@id":"https:\/\/www.mirasoftware.be\/#\/schema\/logo\/image\/","url":"https:\/\/www.mirasoftware.be\/wp-content\/uploads\/Logo-MIRA-Software.jpg","contentUrl":"https:\/\/www.mirasoftware.be\/wp-content\/uploads\/Logo-MIRA-Software.jpg","width":603,"height":617,"caption":"MIRA Software"},"image":{"@id":"https:\/\/www.mirasoftware.be\/#\/schema\/logo\/image\/"}}]}},"_links":{"self":[{"href":"https:\/\/www.mirasoftware.be\/fr\/wp-json\/wp\/v2\/pages\/24"}],"collection":[{"href":"https:\/\/www.mirasoftware.be\/fr\/wp-json\/wp\/v2\/pages"}],"about":[{"href":"https:\/\/www.mirasoftware.be\/fr\/wp-json\/wp\/v2\/types\/page"}],"author":[{"embeddable":true,"href":"https:\/\/www.mirasoftware.be\/fr\/wp-json\/wp\/v2\/users\/1"}],"replies":[{"embeddable":true,"href":"https:\/\/www.mirasoftware.be\/fr\/wp-json\/wp\/v2\/comments?post=24"}],"version-history":[{"count":129,"href":"https:\/\/www.mirasoftware.be\/fr\/wp-json\/wp\/v2\/pages\/24\/revisions"}],"predecessor-version":[{"id":4083,"href":"https:\/\/www.mirasoftware.be\/fr\/wp-json\/wp\/v2\/pages\/24\/revisions\/4083"}],"up":[{"embeddable":true,"href":"https:\/\/www.mirasoftware.be\/fr\/wp-json\/wp\/v2\/pages\/5"}],"wp:featuredmedia":[{"embeddable":true,"href":"https:\/\/www.mirasoftware.be\/fr\/wp-json\/wp\/v2\/media\/3585"}],"wp:attachment":[{"href":"https:\/\/www.mirasoftware.be\/fr\/wp-json\/wp\/v2\/media?parent=24"}],"curies":[{"name":"wp","href":"https:\/\/api.w.org\/{rel}","templated":true}]}}