{"id":25,"date":"2013-04-19T10:45:12","date_gmt":"2013-04-19T10:45:12","guid":{"rendered":"http:\/\/vpcdcizit:8000\/wp-mira\/?page_id=25"},"modified":"2022-08-01T14:40:51","modified_gmt":"2022-08-01T12:40:51","slug":"reservatiesoftware-materiaal-en-materiaalverhuur","status":"publish","type":"page","link":"https:\/\/www.mirasoftware.be\/fr\/modules-gestion-du-materiel\/reservation-logiciel-equipement-location","title":{"rendered":"R\u00e9servation, location et listes de s\u00e9lection"},"content":{"rendered":"<div  data-label=\"About us\" data-id=\"about-image-section-pro\" data-category=\"about\" class=\"about-image-section-pro\" id=\"about-us-2\" style=\"background-color: rgb(255, 255, 255); background-image: none;\" data-ovid=\"ovid-about-us-2-109\">\r\n<div  class=\"\">\r\n<div  class=\"row about-image-gridcol-pro\">\r\n<div  class=\"about-image-textcol-pro\" data-type=\"column\">\r\n<h2  class=\"\" style=\"text-align: left;\">Logiciel de r\u00e9servation et de location de mat\u00e9riel en une seule solution<\/h2>\r\n<h3  class=\"\" style=\"text-align: left;\">Gagnez du temps en r\u00e9servant ce dont vous avez besoin<\/h3>\r\n<p  class=\"\" style=\"text-align: left;\">Avec MIRA comme logiciel de r\u00e9servation, vous pouvez r\u00e9server \u00e0 l'avance des mat\u00e9riaux et des outils pour une certaine p\u00e9riode ou un certain projet. La r\u00e9servation sera transmise. Par cons\u00e9quent, tout sera disponible lorsque vous en aurez besoin gr\u00e2ce aux <strong >listes de pr\u00e9l\u00e8vement<\/strong>. Comparez <strong >stock<\/strong>th\u00e9orique avec le stock pratique, prenez des mesures opportunes et \u00e9vitez les lacunes dans votre <strong >planification<\/strong>. Le module de r\u00e9servation peut \u00e9galement servir de logiciel de location pour pr\u00eater ou louer des articles \u00e0 des parties externes.<\/p>\r\n\r\n<\/div>\r\n<div  data-type=\"column\" class=\"\"><\/div>\r\n<\/div>\r\n<\/div>\r\n<\/div><div  data-label=\"Content\" data-id=\"content-image-left\" data-category=\"content\" class=\"content-left-image-section content-image-left\" id=\"content-3\" style=\"background-color: rgb(246, 246, 246); background-image: none;\" data-ovid=\"ovid-content-3-112\">\r\n<div  class=\"gridContainer\">\r\n<div  class=\"row\">\r\n<div  class=\"content-left-image-imgcol\" data-type=\"column\"><img decoding=\"async\" loading=\"lazy\"  src=\"https:\/\/www.mirasoftware.be\/wp-content\/uploads\/Reservatie-600x400.jpg\" class=\"alignnone\" alt=\"logiciel de r\u00e9servation pour planifier la gestion du mat\u00e9riel\" width=\"2560\" height=\"1709\"><\/div>\r\n<div  class=\"content-left-image-textcol dynamic-color\" data-type=\"column\">\r\n<h2  class=\"\">Logiciel de r\u00e9servation<\/h2>\r\n<p  class=\"large_text\">L'employ\u00e9 ou le magasinier recherche un certain appareil et le relie \u00e0 une personne ou \u00e0 un projet pendant une certaine p\u00e9riode. En cas d'une deuxi\u00e8me demande pour la m\u00eame p\u00e9riode, ce dispositif sp\u00e9cifique ne sera plus disponible, mais le sera pour d'autres p\u00e9riodes. Comme solution, autres dispositifs pourront \u00eatre propos\u00e9s. Restez donc sur les rails de votre planification en r\u00e9servant les \u00e9quipements au moment et \u00e0 l'endroit souhait\u00e9s gr\u00e2ce au logiciel de r\u00e9servation.<\/p>\r\n\r\n<\/div>\r\n<\/div>\r\n<\/div>\r\n<\/div><div  data-label=\"Content\" data-id=\"content-image-right\" data-category=\"content\" class=\"content-right-image-section content-image-right\" id=\"content-4\" style=\"background-color: rgb(255, 255, 255); background-image: none;\" data-ovid=\"ovid-content-4-115\">\r\n<div  class=\"gridContainer\">\r\n<div  class=\"content-right-image-gridcol\">\r\n<div  class=\"content-right-image-textcol dynamic-color\" data-type=\"column\">\r\n<h2  class=\"\">Listes de s\u00e9lection<\/h2>\r\n<p  class=\"large_text\">Une \"liste de s\u00e9lection\" peut \u00eatre \u00e9tablie pour chaque r\u00e9servation. Avec les listes de s\u00e9lection, les r\u00e9servations peuvent \u00eatre pr\u00e9par\u00e9es quand cela vous convient. Gr\u00e2ce \u00e0 un code couleur dans le programme, vous pouvez suivre \u00e0 quel point la r\u00e9servation a d\u00e9j\u00e0 \u00e9t\u00e9 pr\u00e9par\u00e9e. Au moment o\u00f9 le mat\u00e9riel r\u00e9serv\u00e9 est enlev\u00e9, vous pouvez \u00eatre s\u00fbr qu'il est pr\u00eat et, en un clic, le mat\u00e9riel est enregistr\u00e9. Ainsi, vous n'aurez pas de mauvaises surprises.<\/p>\r\n\r\n<\/div>\r\n<div  class=\"content-right-image-imgcol\" data-type=\"column\"><img decoding=\"async\" loading=\"lazy\"  src=\"https:\/\/www.mirasoftware.be\/wp-content\/uploads\/pickinglist-600x400.jpg\" class=\"alignnone\" alt=\"liste de pr\u00e9paration pour la r\u00e9servation d&#039;\u00e9quipements avec un logiciel de location et un logiciel de r\u00e9servation\" width=\"2560\" height=\"1707\"><\/div>\r\n<\/div>\r\n<\/div>\r\n<\/div><div  data-label=\"About us\" data-id=\"about-image-section-pro-1\" data-category=\"about\" class=\"about-image-section-pro about-image-section-pro-1\" id=\"about-us-1\" style=\"background-color: rgb(246, 246, 246); background-image: none;\" data-ovid=\"ovid-about-us-1-118\">\r\n<div  class=\"\">\r\n<div  class=\"row about-image-gridcol-pro\">\r\n<div  class=\"about-image-textcol-pro\" data-type=\"column\">\r\n<h2  class=\"\">Logiciel de location<\/h2>\r\n<p  class=\"\">Travaillez-vous pour une entreprise de location et louez-vous \u00e0 des clients externes? Le logiciel de r\u00e9servation peut \u00e9galement \u00eatre utilis\u00e9 comme logiciel de location. MIRA s'occupera alors non seulement de la gestion de votre mat\u00e9riel (r\u00e9servations), mais aussi du calcul des co\u00fbts. Il sera facile de savoir quel client souhaite louer votre \u00e9quipement \u00e0 quel moment et combien cela co\u00fbtera.<\/p>\r\n<p  class=\"\">Ou bien pr\u00eatez-vous du mat\u00e9riel ou des articles aux \u00e9tudiants et aux personnes en formation? Selon le m\u00eame principe de pr\u00eat, il est possible d'enregistrer et de retirer du mat\u00e9riel et de faire des r\u00e9servations.<\/p>\r\n\r\n<\/div>\r\n<div  data-type=\"column\" class=\"\"><\/div>\r\n<\/div>\r\n<\/div>\r\n<\/div><div  data-label=\"About us\" data-id=\"about-image-section-pro-3\" data-category=\"about\" class=\"about-image-section-pro about-image-section-pro-3\" id=\"about-us-3\" style=\"background-color: rgb(255, 255, 255); background-image: none;\" data-ovid=\"ovid-about-us-3-123\">\r\n<div  class=\"gridContainer\">\r\n<div  class=\"row about-image-gridcol-pro\">\r\n<div  class=\"about-image-textcol-pro\" data-type=\"column\"><a class=\"button color1\" href=\"https:\/\/www.mirasoftware.be\/fr\/modules-materieelbeheer\" target=\"_self\" data-icon=\"\" rel=\"noopener noreferrer\">Modules<\/a><\/div>\r\n<div  data-type=\"column\" class=\"\">\r\n\r\n<p  class=\"\"><\/p><p  class=\"\">MIRA Software est un produit d' <a  href=\"https:\/\/izit.be\" class=\"\">IZIT bv<\/a><\/p>\r\n\r\n<\/div>\r\n<\/div>\r\n<\/div>\r\n<\/div>","protected":false},"excerpt":{"rendered":"<p>Reservatiesoftware en verhuursoftware voor materiaal in \u00e9\u00e9n oplossing Bespaar tijd door te reserveren wat u nodig heeft Met MIRA als reservatiesoftware kan u op voorhand materiaal en gereedschap voor een bepaalde periode of project reserveren. De reservatie wordt doorgegeven. Bijgevolg zal alles beschikbaar zijn op het moment dat u het nodig heeft dankzij de pickinglijsten.&hellip; <br \/> <a class=\"button small blue\" href=\"https:\/\/www.mirasoftware.be\/fr\/modules-gestion-du-materiel\/reservation-logiciel-equipement-location\">Lire la suite<\/a><\/p>","protected":false},"author":1,"featured_media":0,"parent":5,"menu_order":0,"comment_status":"closed","ping_status":"closed","template":"full-width-homepage-header.php","meta":{"_mi_skip_tracking":false,"_exactmetrics_sitenote_active":false,"_exactmetrics_sitenote_note":"","_exactmetrics_sitenote_category":0},"yoast_head":"<!-- This site is optimized with the Yoast SEO Premium plugin v19.2.1 (Yoast SEO v19.6.1) - https:\/\/yoast.com\/wordpress\/plugins\/seo\/ -->\n<title>Reservatiesoftware materiaalverhuur en materieelverhuur | Mira Software<\/title>\n<meta name=\"description\" content=\"Reserveer materiaal, materieel en gereedschap per periode\/project. Reservatiesoftware en verhuursoftware voor materiaalplanning en opvolging.\" \/>\n<meta name=\"robots\" content=\"index, follow, max-snippet:-1, max-image-preview:large, max-video-preview:-1\" \/>\n<link rel=\"canonical\" href=\"https:\/\/www.mirasoftware.be\/fr\/modules-gestion-du-materiel\/reservation-logiciel-equipement-location\" \/>\n<meta property=\"og:locale\" content=\"fr_FR\" \/>\n<meta property=\"og:type\" content=\"article\" \/>\n<meta property=\"og:title\" content=\"Reservatie, verhuur en pickinglijsten\" \/>\n<meta property=\"og:description\" content=\"Reservatiesoftware en verhuursoftware voor materiaal in \u00e9\u00e9n oplossing Bespaar tijd door te reserveren wat u nodig heeft Met MIRA als reservatiesoftware\" \/>\n<meta property=\"og:url\" content=\"https:\/\/www.mirasoftware.be\/fr\/modules-gestion-du-materiel\/reservation-logiciel-equipement-location\" \/>\n<meta property=\"og:site_name\" content=\"Mira Software\" \/>\n<meta property=\"article:publisher\" content=\"https:\/\/www.facebook.com\/MiraSoftware\/\" \/>\n<meta property=\"article:modified_time\" content=\"2022-08-01T12:40:51+00:00\" \/>\n<meta property=\"og:image\" content=\"https:\/\/www.mirasoftware.be\/wp-content\/uploads\/Reservatie-600x400.jpg\" \/>\n<meta name=\"twitter:card\" content=\"summary_large_image\" \/>\n<meta name=\"twitter:label1\" content=\"Dur\u00e9e de lecture estim\u00e9e\" \/>\n\t<meta name=\"twitter:data1\" content=\"2 minutes\" \/>\n<script type=\"application\/ld+json\" class=\"yoast-schema-graph\">{\"@context\":\"https:\/\/schema.org\",\"@graph\":[{\"@type\":\"WebPage\",\"@id\":\"https:\/\/www.mirasoftware.be\/fr\/modules-gestion-du-materiel\/reservation-logiciel-equipement-location\",\"url\":\"https:\/\/www.mirasoftware.be\/fr\/modules-gestion-du-materiel\/reservation-logiciel-equipement-location\",\"name\":\"Reservatiesoftware materiaalverhuur en materieelverhuur | Mira Software\",\"isPartOf\":{\"@id\":\"https:\/\/www.mirasoftware.be\/#website\"},\"datePublished\":\"2013-04-19T10:45:12+00:00\",\"dateModified\":\"2022-08-01T12:40:51+00:00\",\"description\":\"Reserveer materiaal, materieel en gereedschap per periode\/project. Reservatiesoftware en verhuursoftware voor materiaalplanning en opvolging.\",\"breadcrumb\":{\"@id\":\"https:\/\/www.mirasoftware.be\/fr\/modules-gestion-du-materiel\/reservation-logiciel-equipement-location#breadcrumb\"},\"inLanguage\":\"fr-FR\",\"potentialAction\":[{\"@type\":\"ReadAction\",\"target\":[\"https:\/\/www.mirasoftware.be\/fr\/modules-gestion-du-materiel\/reservation-logiciel-equipement-location\"]}]},{\"@type\":\"BreadcrumbList\",\"@id\":\"https:\/\/www.mirasoftware.be\/fr\/modules-gestion-du-materiel\/reservation-logiciel-equipement-location#breadcrumb\",\"itemListElement\":[{\"@type\":\"ListItem\",\"position\":1,\"name\":\"Home\",\"item\":\"https:\/\/www.mirasoftware.be\/nl\/\"},{\"@type\":\"ListItem\",\"position\":2,\"name\":\"Modules\",\"item\":\"https:\/\/www.mirasoftware.be\/en_gb\/modules-material-management\"},{\"@type\":\"ListItem\",\"position\":3,\"name\":\"Reservatie, verhuur en pickinglijsten\"}]},{\"@type\":\"WebSite\",\"@id\":\"https:\/\/www.mirasoftware.be\/#website\",\"url\":\"https:\/\/www.mirasoftware.be\/\",\"name\":\"Mira Software\",\"description\":\"Beheer van materiaal\",\"publisher\":{\"@id\":\"https:\/\/www.mirasoftware.be\/#organization\"},\"potentialAction\":[{\"@type\":\"SearchAction\",\"target\":{\"@type\":\"EntryPoint\",\"urlTemplate\":\"https:\/\/www.mirasoftware.be\/?s={search_term_string}\"},\"query-input\":\"required name=search_term_string\"}],\"inLanguage\":\"fr-FR\"},{\"@type\":\"Organization\",\"@id\":\"https:\/\/www.mirasoftware.be\/#organization\",\"name\":\"MIRA Software\",\"url\":\"https:\/\/www.mirasoftware.be\/\",\"sameAs\":[\"https:\/\/www.linkedin.com\/company\/mira-software\/\",\"https:\/\/www.youtube.com\/watch?v=XQfjAqMiTiY\",\"https:\/\/www.facebook.com\/MiraSoftware\/\"],\"logo\":{\"@type\":\"ImageObject\",\"inLanguage\":\"fr-FR\",\"@id\":\"https:\/\/www.mirasoftware.be\/#\/schema\/logo\/image\/\",\"url\":\"https:\/\/www.mirasoftware.be\/wp-content\/uploads\/Logo-MIRA-Software.jpg\",\"contentUrl\":\"https:\/\/www.mirasoftware.be\/wp-content\/uploads\/Logo-MIRA-Software.jpg\",\"width\":603,\"height\":617,\"caption\":\"MIRA Software\"},\"image\":{\"@id\":\"https:\/\/www.mirasoftware.be\/#\/schema\/logo\/image\/\"}}]}<\/script>\n<!-- \/ Yoast SEO Premium plugin. -->","yoast_head_json":{"title":"Logiciel de r\u00e9servation pour la location de mat\u00e9riel | MIRA Software","description":"R\u00e9server le mat\u00e9riel, l'\u00e9quipement et les outils par p\u00e9riode\/projet. Logiciel de r\u00e9servation et de location pour la planification et le suivi du mat\u00e9riel.","robots":{"index":"index","follow":"follow","max-snippet":"max-snippet:-1","max-image-preview":"max-image-preview:large","max-video-preview":"max-video-preview:-1"},"canonical":"https:\/\/www.mirasoftware.be\/fr\/modules-gestion-du-materiel\/reservation-logiciel-equipement-location","og_locale":"fr_FR","og_type":"article","og_title":"Reservatie, verhuur en pickinglijsten","og_description":"Reservatiesoftware en verhuursoftware voor materiaal in \u00e9\u00e9n oplossing Bespaar tijd door te reserveren wat u nodig heeft Met MIRA als reservatiesoftware","og_url":"https:\/\/www.mirasoftware.be\/fr\/modules-gestion-du-materiel\/reservation-logiciel-equipement-location","og_site_name":"Mira Software","article_publisher":"https:\/\/www.facebook.com\/MiraSoftware\/","article_modified_time":"2022-08-01T12:40:51+00:00","og_image":[{"url":"https:\/\/www.mirasoftware.be\/wp-content\/uploads\/Reservatie-600x400.jpg"}],"twitter_card":"summary_large_image","twitter_misc":{"Dur\u00e9e de lecture estim\u00e9e":"2 minutes"},"schema":{"@context":"https:\/\/schema.org","@graph":[{"@type":"WebPage","@id":"https:\/\/www.mirasoftware.be\/fr\/modules-gestion-du-materiel\/reservation-logiciel-equipement-location","url":"https:\/\/www.mirasoftware.be\/fr\/modules-gestion-du-materiel\/reservation-logiciel-equipement-location","name":"Logiciel de r\u00e9servation pour la location de mat\u00e9riel | MIRA Software","isPartOf":{"@id":"https:\/\/www.mirasoftware.be\/#website"},"datePublished":"2013-04-19T10:45:12+00:00","dateModified":"2022-08-01T12:40:51+00:00","description":"R\u00e9server le mat\u00e9riel, l'\u00e9quipement et les outils par p\u00e9riode\/projet. Logiciel de r\u00e9servation et de location pour la planification et le suivi du mat\u00e9riel.","breadcrumb":{"@id":"https:\/\/www.mirasoftware.be\/fr\/modules-gestion-du-materiel\/reservation-logiciel-equipement-location#breadcrumb"},"inLanguage":"fr-FR","potentialAction":[{"@type":"ReadAction","target":["https:\/\/www.mirasoftware.be\/fr\/modules-gestion-du-materiel\/reservation-logiciel-equipement-location"]}]},{"@type":"BreadcrumbList","@id":"https:\/\/www.mirasoftware.be\/fr\/modules-gestion-du-materiel\/reservation-logiciel-equipement-location#breadcrumb","itemListElement":[{"@type":"ListItem","position":1,"name":"Home","item":"https:\/\/www.mirasoftware.be\/nl\/"},{"@type":"ListItem","position":2,"name":"Modules","item":"https:\/\/www.mirasoftware.be\/en_gb\/modules-material-management"},{"@type":"ListItem","position":3,"name":"Reservatie, verhuur en pickinglijsten"}]},{"@type":"WebSite","@id":"https:\/\/www.mirasoftware.be\/#website","url":"https:\/\/www.mirasoftware.be\/","name":"MIRA Software","description":"Gestion du mat\u00e9riel","publisher":{"@id":"https:\/\/www.mirasoftware.be\/#organization"},"potentialAction":[{"@type":"SearchAction","target":{"@type":"EntryPoint","urlTemplate":"https:\/\/www.mirasoftware.be\/?s={search_term_string}"},"query-input":"required name=search_term_string"}],"inLanguage":"fr-FR"},{"@type":"Organization","@id":"https:\/\/www.mirasoftware.be\/#organization","name":"MIRA Software","url":"https:\/\/www.mirasoftware.be\/","sameAs":["https:\/\/www.linkedin.com\/company\/mira-software\/","https:\/\/www.youtube.com\/watch?v=XQfjAqMiTiY","https:\/\/www.facebook.com\/MiraSoftware\/"],"logo":{"@type":"ImageObject","inLanguage":"fr-FR","@id":"https:\/\/www.mirasoftware.be\/#\/schema\/logo\/image\/","url":"https:\/\/www.mirasoftware.be\/wp-content\/uploads\/Logo-MIRA-Software.jpg","contentUrl":"https:\/\/www.mirasoftware.be\/wp-content\/uploads\/Logo-MIRA-Software.jpg","width":603,"height":617,"caption":"MIRA Software"},"image":{"@id":"https:\/\/www.mirasoftware.be\/#\/schema\/logo\/image\/"}}]}},"_links":{"self":[{"href":"https:\/\/www.mirasoftware.be\/fr\/wp-json\/wp\/v2\/pages\/25"}],"collection":[{"href":"https:\/\/www.mirasoftware.be\/fr\/wp-json\/wp\/v2\/pages"}],"about":[{"href":"https:\/\/www.mirasoftware.be\/fr\/wp-json\/wp\/v2\/types\/page"}],"author":[{"embeddable":true,"href":"https:\/\/www.mirasoftware.be\/fr\/wp-json\/wp\/v2\/users\/1"}],"replies":[{"embeddable":true,"href":"https:\/\/www.mirasoftware.be\/fr\/wp-json\/wp\/v2\/comments?post=25"}],"version-history":[{"count":78,"href":"https:\/\/www.mirasoftware.be\/fr\/wp-json\/wp\/v2\/pages\/25\/revisions"}],"predecessor-version":[{"id":4525,"href":"https:\/\/www.mirasoftware.be\/fr\/wp-json\/wp\/v2\/pages\/25\/revisions\/4525"}],"up":[{"embeddable":true,"href":"https:\/\/www.mirasoftware.be\/fr\/wp-json\/wp\/v2\/pages\/5"}],"wp:attachment":[{"href":"https:\/\/www.mirasoftware.be\/fr\/wp-json\/wp\/v2\/media?parent=25"}],"curies":[{"name":"wp","href":"https:\/\/api.w.org\/{rel}","templated":true}]}}