{"id":2746,"date":"2020-10-26T14:57:21","date_gmt":"2020-10-26T12:57:21","guid":{"rendered":"https:\/\/www.mirasoftware.be\/?page_id=2746"},"modified":"2022-09-07T20:39:36","modified_gmt":"2022-09-07T18:39:36","slug":"klanten-in-de-bouw","status":"publish","type":"page","link":"https:\/\/www.mirasoftware.be\/fr\/clients-de-la-branche-construction","title":{"rendered":"Klanten bouwsector"},"content":{"rendered":"<div  data-label=\"About us\" data-id=\"about-image-section-pro\" data-category=\"about\" class=\"about-image-section-pro\" id=\"about-us-2\" style=\"background-color: #ffffff; background-image: none;\" data-ovid=\"ovid-about-us-2-109\">\r\n<div  class=\"gridContainer\">\r\n<div  class=\"row about-image-gridcol-pro\">\r\n<div  class=\"about-image-textcol-pro\" data-type=\"column\">\r\n<h2  class=\"\">MIRA Software dans le monde de la construction<\/h2>\r\n<p  class=\"\">Lorsque vous pensez \u00e0 une entreprise de construction, vous pensez imm\u00e9diatement aux mat\u00e9riaux et aux outils. Toutefois, il n'est pas toujours facile de garder une bonne vue d'ensemble de tous les mat\u00e9riaux et outils dans une organisation. Vous voulez de l'ordre et une vue d'ensemble sans perdre de temps? C'est exactement l\u00e0 que MIRA Software peut aider votre organisation. IBS bouw a \u00e9galement choisi MIRA Software. Lisez pourquoi ici.<\/p>\r\n<img decoding=\"async\"  loading=\"lazy\" class=\"custom-image alignnone\" src=\"https:\/\/www.mirasoftware.be\/wp-content\/uploads\/cropped-Bouw-scaled-2.jpg\" alt=\"MIRA Software dans le monde de la construction\">\r\n\r\n<\/div>\r\n<div  data-type=\"column\" class=\"\"><\/div>\r\n<\/div>\r\n<\/div>\r\n<\/div><div  data-label=\"About us\" data-id=\"about-image-section-pro-1\" data-category=\"about\" class=\"about-image-section-pro about-image-section-pro-1\" id=\"about-us-1\" style=\"background-color: #ffffff; background-image: none;\" data-ovid=\"ovid-about-us-1-130\">\r\n<div  class=\"gridContainer\">\r\n<div  class=\"row about-image-gridcol-pro\">\r\n<div  class=\"about-image-textcol-pro\" data-type=\"column\">\r\n<h2  class=\"\">Commentaires des clients: IBS Construction<\/h2>\r\n<\/div>\r\n<div  data-type=\"column\" class=\"\"><\/div>\r\n<\/div>\r\n<\/div>\r\n<\/div><div  data-label=\"Content\" data-id=\"content-image-right\" data-category=\"content\" class=\"content-right-image-section content-image-right\" id=\"content-4\" style=\"background-color: #ffffff; background-image: none;\" data-ovid=\"ovid-content-4-112\">\r\n<div  class=\"gridContainer\">\r\n<div  class=\"content-right-image-gridcol\">\r\n<div  class=\"content-right-image-textcol dynamic-color\" data-type=\"column\">\r\n<h4  class=\"\">Quand IBS a-t-elle commenc\u00e9 \u00e0 utiliser MIRA Software et pourquoi?<\/h4>\r\n<p  class=\"\">\"Nous avons commenc\u00e9 \u00e0 utiliser le logiciel MIRA au milieu de l'ann\u00e9e 2020. Nous avons acquis le programme pour optimiser notre <strong >LE logiciel de gestion d'entrep\u00f4t<\/strong> . En tant qu'entreprise de construction, il est important de savoir sur quels projets se trouvent nos \u00e9quipements. Avec le logiciel MIRA, nous pouvons localiser nos \u00e9quipements de mani\u00e8re simple. De plus, \u00e0 l'aide des <strong >scanners<\/strong> , nous pouvons facilement scanner les entr\u00e9es et sorties d'\u00e9quipements sans avoir \u00e0 faire beaucoup d'administration.\"<\/p>\r\n\r\n<h4  class=\"\">Comment s'est d\u00e9roul\u00e9e la mise en \u0153uvre de MIRA dans l'entreprise?<\/h4>\r\n<p  class=\"\">\"La mise en \u0153uvre a \u00e9t\u00e9 cahoteuse, mais cela \u00e9tait principalement d\u00fb au fait que notre base de donn\u00e9es interne n'\u00e9tait pas encore au point (lire : donn\u00e9es pollu\u00e9es). La mise en \u0153uvre de MIRA en tant que logiciel en soi s'est d\u00e9roul\u00e9e sans probl\u00e8me et a \u00e9t\u00e9 accompagn\u00e9e d'une explication claire. Gr\u00e2ce aux <strong >mod\u00e8les d'importation<\/strong> , il est \u00e9galement (relativement) facile de t\u00e9l\u00e9charger les donn\u00e9es dans la base de donn\u00e9es du logiciel MIRA. Le logiciel lui-m\u00eame est \u00e9galement tr\u00e8s <strong >convivial<\/strong> , ce qui permet aux coll\u00e8gues de travailler rapidement avec le logiciel.\"<\/p>\r\n\r\n<h4  class=\"\">\u00cates-vous satisfait des possibilit\u00e9s offertes par le logiciel MIRA?<\/h4>\r\n<p  class=\"\">\"En termes de logiciel de gestion des \u00e9quipements, les fonctionnalit\u00e9s les plus importantes sont certainement l\u00e0! Le logiciel r\u00e9pond largement \u00e0 nos attentes. Bien s\u00fbr, il y a toujours de (petites) choses qui peuvent \u00eatre am\u00e9lior\u00e9es et il y a certaines fonctionnalit\u00e9s que nous aimerions voir ajout\u00e9es. L'\u00e9quipe de d\u00e9veloppement est toujours ouverte pour \u00e9couter nos commentaires et \u00e9ventuellement ajouter des fonctionnalit\u00e9s.\"<\/p>\r\n<p  class=\"\">(<a  href=\"https:\/\/www.ibs-bouw.be\" class=\"\">IBS Bouw<\/a>, 2021)<\/p>\r\n\r\n<\/div>\r\n<div  class=\"content-right-image-imgcol\" data-type=\"column\"><img decoding=\"async\"  loading=\"lazy\" src=\"https:\/\/www.mirasoftware.be\/wp-content\/uploads\/ibs-logo-vierkant.jpg\" class=\"alignnone\" width=\"1768\" height=\"1772\" alt=\"IBS Bouw utilise MIRA Software pour la gestion de ses entrep\u00f4ts.\"><\/div>\r\n<\/div>\r\n<\/div>\r\n<\/div><div  data-label=\"About us\" data-id=\"about-image-section-pro-3\" data-category=\"about\" class=\"about-image-section-pro about-image-section-pro-3\" id=\"about-us-3\" style=\"background-color: #f6f6f6;\">\r\n<div  class=\"gridContainer\">\r\n<div  class=\"row about-image-gridcol-pro\">\r\n<div  class=\"about-image-textcol-pro\" data-type=\"column\"><a class=\"button color1\" href=\"https:\/\/www.mirasoftware.be\/fr\/\" target=\"_self\" data-icon=\"\" rel=\"noopener noreferrer\">HOMEPAGE<\/a><\/div>\r\n<div  data-type=\"column\" class=\"\"><\/div>\r\n<\/div>\r\n<\/div>\r\n<\/div>","protected":false},"excerpt":{"rendered":"<p>MIRA Software in de bouwsector Wie aan een bouwbedrijf denkt, stelt zich onmiddellijk ook materiaal en gereedschap voor. Toch is het niet steeds zo eenvoudig om als organisatie een goed overzicht op alle materiaal en gereedschap te bewaren. Wilt u orde en overzicht zonder tijdverlies? Net hier kan MIRA Software hulp bieden in uw organisatie.&hellip; <br \/> <a class=\"button small blue\" href=\"https:\/\/www.mirasoftware.be\/fr\/clients-de-la-branche-construction\">Lire la suite<\/a><\/p>","protected":false},"author":8,"featured_media":0,"parent":0,"menu_order":0,"comment_status":"closed","ping_status":"closed","template":"full-width-homepage-header.php","meta":{"_mi_skip_tracking":false,"_exactmetrics_sitenote_active":false,"_exactmetrics_sitenote_note":"","_exactmetrics_sitenote_category":0},"yoast_head":"<!-- This site is optimized with the Yoast SEO Premium plugin v19.2.1 (Yoast SEO v19.6.1) - https:\/\/yoast.com\/wordpress\/plugins\/seo\/ -->\n<title>Mira Software materiaal- en magazijnbeheer in de bouw | Mira Software<\/title>\n<meta name=\"description\" content=\"MIRA Software is een tool voor overzicht en opvolging van materiaal en materieel. Geschikt voor de bouw, kleine en grote bedrijven.\" \/>\n<meta name=\"robots\" content=\"index, follow, max-snippet:-1, max-image-preview:large, max-video-preview:-1\" \/>\n<link rel=\"canonical\" href=\"https:\/\/www.mirasoftware.be\/fr\/kunden-im-bau-industrie\" \/>\n<meta property=\"og:locale\" content=\"fr_FR\" \/>\n<meta property=\"og:type\" content=\"article\" \/>\n<meta property=\"og:title\" content=\"Klanten bouwsector\" \/>\n<meta property=\"og:description\" content=\"MIRA Software in de bouwsector Wie aan een bouwbedrijf denkt, stelt zich onmiddellijk ook materiaal en gereedschap voor. Toch is het niet steeds zo\" \/>\n<meta property=\"og:url\" content=\"https:\/\/www.mirasoftware.be\/fr\/kunden-im-bau-industrie\" \/>\n<meta property=\"og:site_name\" content=\"Mira Software\" \/>\n<meta property=\"article:publisher\" content=\"https:\/\/www.facebook.com\/MiraSoftware\/\" \/>\n<meta property=\"article:modified_time\" content=\"2022-09-07T18:39:36+00:00\" \/>\n<meta property=\"og:image\" content=\"https:\/\/www.mirasoftware.be\/wp-content\/uploads\/cropped-Bouw-scaled-2.jpg\" \/>\n<meta name=\"twitter:card\" content=\"summary_large_image\" \/>\n<meta name=\"twitter:label1\" content=\"Dur\u00e9e de lecture estim\u00e9e\" \/>\n\t<meta name=\"twitter:data1\" content=\"2 minutes\" \/>\n<script type=\"application\/ld+json\" class=\"yoast-schema-graph\">{\"@context\":\"https:\/\/schema.org\",\"@graph\":[{\"@type\":\"WebPage\",\"@id\":\"https:\/\/www.mirasoftware.be\/de\/kunden-im-bau-industrie\",\"url\":\"https:\/\/www.mirasoftware.be\/de\/kunden-im-bau-industrie\",\"name\":\"Mira Software materiaal- en magazijnbeheer in de bouw | Mira Software\",\"isPartOf\":{\"@id\":\"https:\/\/www.mirasoftware.be\/#website\"},\"datePublished\":\"2020-10-26T12:57:21+00:00\",\"dateModified\":\"2022-09-07T18:39:36+00:00\",\"description\":\"MIRA Software is een tool voor overzicht en opvolging van materiaal en materieel. Geschikt voor de bouw, kleine en grote bedrijven.\",\"breadcrumb\":{\"@id\":\"https:\/\/www.mirasoftware.be\/de\/kunden-im-bau-industrie#breadcrumb\"},\"inLanguage\":\"fr-FR\",\"potentialAction\":[{\"@type\":\"ReadAction\",\"target\":[\"https:\/\/www.mirasoftware.be\/de\/kunden-im-bau-industrie\"]}]},{\"@type\":\"BreadcrumbList\",\"@id\":\"https:\/\/www.mirasoftware.be\/de\/kunden-im-bau-industrie#breadcrumb\",\"itemListElement\":[{\"@type\":\"ListItem\",\"position\":1,\"name\":\"Home\",\"item\":\"https:\/\/www.mirasoftware.be\/nl\/\"},{\"@type\":\"ListItem\",\"position\":2,\"name\":\"Klanten bouwsector\"}]},{\"@type\":\"WebSite\",\"@id\":\"https:\/\/www.mirasoftware.be\/#website\",\"url\":\"https:\/\/www.mirasoftware.be\/\",\"name\":\"Mira Software\",\"description\":\"Beheer van materiaal\",\"publisher\":{\"@id\":\"https:\/\/www.mirasoftware.be\/#organization\"},\"potentialAction\":[{\"@type\":\"SearchAction\",\"target\":{\"@type\":\"EntryPoint\",\"urlTemplate\":\"https:\/\/www.mirasoftware.be\/?s={search_term_string}\"},\"query-input\":\"required name=search_term_string\"}],\"inLanguage\":\"fr-FR\"},{\"@type\":\"Organization\",\"@id\":\"https:\/\/www.mirasoftware.be\/#organization\",\"name\":\"MIRA Software\",\"url\":\"https:\/\/www.mirasoftware.be\/\",\"sameAs\":[\"https:\/\/www.linkedin.com\/company\/mira-software\/\",\"https:\/\/www.youtube.com\/watch?v=XQfjAqMiTiY\",\"https:\/\/www.facebook.com\/MiraSoftware\/\"],\"logo\":{\"@type\":\"ImageObject\",\"inLanguage\":\"fr-FR\",\"@id\":\"https:\/\/www.mirasoftware.be\/#\/schema\/logo\/image\/\",\"url\":\"https:\/\/www.mirasoftware.be\/wp-content\/uploads\/Logo-MIRA-Software.jpg\",\"contentUrl\":\"https:\/\/www.mirasoftware.be\/wp-content\/uploads\/Logo-MIRA-Software.jpg\",\"width\":603,\"height\":617,\"caption\":\"MIRA Software\"},\"image\":{\"@id\":\"https:\/\/www.mirasoftware.be\/#\/schema\/logo\/image\/\"}}]}<\/script>\n<!-- \/ Yoast SEO Premium plugin. -->","yoast_head_json":{"title":"Gestion des mat\u00e9riaux et des entrep\u00f4ts dans le secteur de la construction | MIRA Software","description":"Le logiciel MIRA est un outil d'aper\u00e7u et de suivi du mat\u00e9riel et des \u00e9quipements. Convient au secteur de la construction, aux petites et grandes entreprises.","robots":{"index":"index","follow":"follow","max-snippet":"max-snippet:-1","max-image-preview":"max-image-preview:large","max-video-preview":"max-video-preview:-1"},"canonical":"https:\/\/www.mirasoftware.be\/fr\/kunden-im-bau-industrie","og_locale":"fr_FR","og_type":"article","og_title":"Klanten bouwsector","og_description":"MIRA Software in de bouwsector Wie aan een bouwbedrijf denkt, stelt zich onmiddellijk ook materiaal en gereedschap voor. Toch is het niet steeds zo","og_url":"https:\/\/www.mirasoftware.be\/fr\/kunden-im-bau-industrie","og_site_name":"Mira Software","article_publisher":"https:\/\/www.facebook.com\/MiraSoftware\/","article_modified_time":"2022-09-07T18:39:36+00:00","og_image":[{"url":"https:\/\/www.mirasoftware.be\/wp-content\/uploads\/cropped-Bouw-scaled-2.jpg"}],"twitter_card":"summary_large_image","twitter_misc":{"Dur\u00e9e de lecture estim\u00e9e":"2 minutes"},"schema":{"@context":"https:\/\/schema.org","@graph":[{"@type":"WebPage","@id":"https:\/\/www.mirasoftware.be\/de\/kunden-im-bau-industrie","url":"https:\/\/www.mirasoftware.be\/de\/kunden-im-bau-industrie","name":"Gestion des mat\u00e9riaux et des entrep\u00f4ts dans le secteur de la construction | MIRA Software","isPartOf":{"@id":"https:\/\/www.mirasoftware.be\/#website"},"datePublished":"2020-10-26T12:57:21+00:00","dateModified":"2022-09-07T18:39:36+00:00","description":"Le logiciel MIRA est un outil d'aper\u00e7u et de suivi du mat\u00e9riel et des \u00e9quipements. Convient au secteur de la construction, aux petites et grandes entreprises.","breadcrumb":{"@id":"https:\/\/www.mirasoftware.be\/de\/kunden-im-bau-industrie#breadcrumb"},"inLanguage":"fr-FR","potentialAction":[{"@type":"ReadAction","target":["https:\/\/www.mirasoftware.be\/de\/kunden-im-bau-industrie"]}]},{"@type":"BreadcrumbList","@id":"https:\/\/www.mirasoftware.be\/de\/kunden-im-bau-industrie#breadcrumb","itemListElement":[{"@type":"ListItem","position":1,"name":"Home","item":"https:\/\/www.mirasoftware.be\/nl\/"},{"@type":"ListItem","position":2,"name":"Klanten bouwsector"}]},{"@type":"WebSite","@id":"https:\/\/www.mirasoftware.be\/#website","url":"https:\/\/www.mirasoftware.be\/","name":"MIRA Software","description":"Gestion du mat\u00e9riel","publisher":{"@id":"https:\/\/www.mirasoftware.be\/#organization"},"potentialAction":[{"@type":"SearchAction","target":{"@type":"EntryPoint","urlTemplate":"https:\/\/www.mirasoftware.be\/?s={search_term_string}"},"query-input":"required name=search_term_string"}],"inLanguage":"fr-FR"},{"@type":"Organization","@id":"https:\/\/www.mirasoftware.be\/#organization","name":"MIRA Software","url":"https:\/\/www.mirasoftware.be\/","sameAs":["https:\/\/www.linkedin.com\/company\/mira-software\/","https:\/\/www.youtube.com\/watch?v=XQfjAqMiTiY","https:\/\/www.facebook.com\/MiraSoftware\/"],"logo":{"@type":"ImageObject","inLanguage":"fr-FR","@id":"https:\/\/www.mirasoftware.be\/#\/schema\/logo\/image\/","url":"https:\/\/www.mirasoftware.be\/wp-content\/uploads\/Logo-MIRA-Software.jpg","contentUrl":"https:\/\/www.mirasoftware.be\/wp-content\/uploads\/Logo-MIRA-Software.jpg","width":603,"height":617,"caption":"MIRA Software"},"image":{"@id":"https:\/\/www.mirasoftware.be\/#\/schema\/logo\/image\/"}}]}},"_links":{"self":[{"href":"https:\/\/www.mirasoftware.be\/fr\/wp-json\/wp\/v2\/pages\/2746"}],"collection":[{"href":"https:\/\/www.mirasoftware.be\/fr\/wp-json\/wp\/v2\/pages"}],"about":[{"href":"https:\/\/www.mirasoftware.be\/fr\/wp-json\/wp\/v2\/types\/page"}],"author":[{"embeddable":true,"href":"https:\/\/www.mirasoftware.be\/fr\/wp-json\/wp\/v2\/users\/8"}],"replies":[{"embeddable":true,"href":"https:\/\/www.mirasoftware.be\/fr\/wp-json\/wp\/v2\/comments?post=2746"}],"version-history":[{"count":26,"href":"https:\/\/www.mirasoftware.be\/fr\/wp-json\/wp\/v2\/pages\/2746\/revisions"}],"predecessor-version":[{"id":4531,"href":"https:\/\/www.mirasoftware.be\/fr\/wp-json\/wp\/v2\/pages\/2746\/revisions\/4531"}],"wp:attachment":[{"href":"https:\/\/www.mirasoftware.be\/fr\/wp-json\/wp\/v2\/media?parent=2746"}],"curies":[{"name":"wp","href":"https:\/\/api.w.org\/{rel}","templated":true}]}}