{"id":32,"date":"2013-04-19T10:48:17","date_gmt":"2013-04-19T10:48:17","guid":{"rendered":"http:\/\/vpcdcizit:8000\/wp-mira\/?page_id=32"},"modified":"2021-05-21T11:21:31","modified_gmt":"2021-05-21T09:21:31","slug":"onderhoud-materieel-gereedschap-bijhouden","status":"publish","type":"page","link":"https:\/\/www.mirasoftware.be\/fr\/modules-gestion-du-materiel\/suivi-dentretien-equipements-et-outils","title":{"rendered":"Entretien et r\u00e9parations"},"content":{"rendered":"<div data-label=\"Features\" data-id=\"features-square-image-section\" data-category=\"features\" class=\"features-square-image-section\" id=\"features-7\" style=\"background-color: #ffffff; background-image: none;\" data-ovid=\"ovid-features-7-109\">\r\n<div class=\"dynamic-color\">\r\n<div class=\"features-square-image-textrow\">\r\n<div class=\"features-square-image-textcol\" data-type=\"column\">\r\n<h2 class=\"\" style=\"text-align: left;\">Entretien, inspection et r\u00e9paration d'\u00e9quipements et d'outils<\/h2>\r\n<h3 class=\"\" style=\"text-align: left;\">Suivi de l'entretien des \u00e9quipements et des outils<\/h3>\r\n<p class=\"\" style=\"text-align: left;\">Le module de maintenance du logiciel MIRA permet <strong>une gestion efficace de la maintenance<\/strong> . Vous \u00eates tenu au courant de l'entretien des \u00e9quipements, des r\u00e9parations et vous savez \u00e0 quel moment les \u00e9quipements sont entretenus ou r\u00e9par\u00e9s. Apr\u00e8s une r\u00e9paration ou un entretien, un formulaire peut \u00eatre rempli pour v\u00e9rification. Le module contient \u00e9galement des fonctions sp\u00e9cifiques pour la gestion de petites et moyennes <strong>flottes<\/strong> (remorques, v\u00e9hicules de service, etc.) et peut servir d'aide pratique pour toutes sortes d'inspections et de contr\u00f4les des \u00e9quipements (internes, externes, MASE, etc.). Le <strong>certificat d'inspection<\/strong> peut \u00eatre li\u00e9 digitalement \u00e0 l'outil.<\/p>\r\n\r\n<\/div>\r\n<\/div>\r\n<div class=\"features-square-image-innerrow\" data-type=\"row\">\r\n<div class=\"features-square-image-featcol cp4cols cp6cols-tablet\">\r\n\r\n<img decoding=\"async\" loading=\"lazy\" class=\"features-square-image-featimg alignnone\" src=\"https:\/\/www.mirasoftware.be\/wp-content\/uploads\/Onderhoud-1-scaled.jpg\" alt=\"l&#039;entretien des \u00e9quipements et des outils par la gestion de la maintenance dans MIRA\" width=\"2560\" height=\"1709\" \/>\r\n<h3 class=\"\" style=\"text-align: center;\">Entretien<\/h3>\r\n<p class=\"\" style=\"text-align: center;\">La fr\u00e9quence des entretiens de chaque article peut \u00eatre saisie une seule fois, puis le logiciel fait le reste! Vous pouvez demander un simple aper\u00e7u des appareils qui - presque - ont besoin d'entretien. Le magasinier ou l'employ\u00e9 autoris\u00e9 peut planifier et suivre l'entretien et les r\u00e9parations des outils en interne ou en externe avec MIRA Software. L'appareil ou le dispositif est automatiquement \u00e9teint. Si n\u00e9cessaire, il peut \u00eatre transmis via le <a href=\"https:\/\/www.mirasoftware.be\/fr\/modules-materieelbeheer\/reservatiesoftware-materiaal-en-materiaalverhuur\">module de r\u00e9servation<\/a> lorsque l\u2019appareil ou le dispositif est \u00e0 nouveau disponible et peut donc \u00eatre utilis\u00e9.<\/p>\r\n\r\n<\/div>\r\n<div class=\"features-square-image-featcol cp4cols cp6cols-tablet\">\r\n\r\n<img decoding=\"async\" loading=\"lazy\" class=\"features-square-image-featimg alignnone\" src=\"https:\/\/www.mirasoftware.be\/wp-content\/uploads\/keuring-en-inspectie-brandblussers-scaled.jpg\" alt=\"le contr\u00f4le et l&#039;inspection des mat\u00e9riaux et des outils\" width=\"2560\" height=\"1707\" \/>\r\n<h3 class=\"\" style=\"text-align: center;\">Contr\u00f4les et inspections<\/h3>\r\n<p class=\"\" style=\"text-align: center;\">Comme les op\u00e9rations d\u2019entretien, des inspections et des contr\u00f4les du mat\u00e9riel roulant, des \u00e9quipements et du mat\u00e9riel peuvent \u00e9galement \u00eatre institu\u00e9s. Configur\u00e9 une seule fois et MIRA Software vous rappelle l'inspection ou le contr\u00f4le imminent du mat\u00e9riel et des outils. Apr\u00e8s une inspection ou un contr\u00f4le, vous pouvez lier le certificat d'inspection et tout autre document \u00e0 l'article.<\/p>\r\n\r\n<\/div>\r\n<div class=\"features-square-image-featcol cp4cols cp6cols-tablet\">\r\n\r\n<img decoding=\"async\" loading=\"lazy\" class=\"features-square-image-featimg alignnone\" src=\"https:\/\/www.mirasoftware.be\/wp-content\/uploads\/herstelling-scaled.jpg\" alt=\"gestion de la maintenance pour les r\u00e9parations d&#039;\u00e9quipements\" width=\"2560\" height=\"1709\" \/>\r\n<h3 class=\"\" style=\"text-align: center;\">R\u00e9parations<\/h3>\r\n<p class=\"\" style=\"text-align: center;\">Quelque chose se casse soudainement dans votre entreprise ou organisation? Outre les conditions d'entretien p\u00e9riodique, l'outil peut \u00e9galement \u00eatre envoy\u00e9 en r\u00e9paration. Toutefois, comme pour l'entretien et les inspections des outils, le statut du mat\u00e9riel ou de l'outil est ajust\u00e9 d\u00e8s que vous l'envoyez en r\u00e9paration. Ainsi, chacun peut savoir si un objet est disponible et on ne perd pas de temps \u00e0 chercher un objet en r\u00e9paration. Avez-vous oubli\u00e9 d'enregistrer une r\u00e9paration? Pas de probl\u00e8me, vous pouvez toujours le saisir plus tard \u00e0 la bonne date.<\/p>\r\n\r\n<\/div>\r\n<\/div>\r\n<\/div>\r\n<\/div>\r\n<div data-label=\"Content\" data-id=\"content-image-left\" data-category=\"content\" class=\"content-left-image-section content-image-left\" id=\"content-3\" style=\"background-color: #f6f6f6; background-image: none;\" data-ovid=\"ovid-content-3-112\">\r\n<div class=\"gridContainer\">\r\n<div class=\"row\">\r\n<div class=\"content-left-image-imgcol\" data-type=\"column\"><img decoding=\"async\" loading=\"lazy\" src=\"https:\/\/www.mirasoftware.be\/wp-content\/uploads\/facturatie-en-boekhouding.jpg\" class=\"alignnone\" alt=\"Suivre les co\u00fbts d&#039;entretien et de r\u00e9paration dans MIRA Software\" width=\"8688\" height=\"5792\" \/><\/div>\r\n<div class=\"content-left-image-textcol dynamic-color\" data-type=\"column\">\r\n<h2 class=\"\">Comptabilit\u00e9 et facturation<\/h2>\r\n<p class=\"large_text\">Le module de r\u00e9paration et d'entretien des \u00e9quipements comprend \u00e9galement une section sur la comptabilit\u00e9 et la facturation. Vous pouvez consulter l'historique de la maintenance pour chaque article et voir exactement ce qui a d\u00e9j\u00e0 \u00e9t\u00e9 d\u00e9pens\u00e9 pour la maintenance, les tests\/inspections et les r\u00e9parations de l'\u00e9quipement. Ces donn\u00e9es peuvent \u00eatre facilement filtr\u00e9es par appareil, groupe, date, utilisateurs...<\/p>\r\n\r\n<\/div>\r\n<\/div>\r\n<\/div>\r\n<\/div>\r\n<div data-label=\"Features\" data-id=\"features-square-image-section-1\" data-category=\"features\" class=\"features-square-image-section features-square-image-section-1\" id=\"features-1\" style=\"background-color: #ffffff; background-image: none;\" data-ovid=\"ovid-features-1-115\">\r\n<div class=\"gridContainer dynamic-color\">\r\n<div class=\"features-square-image-textrow\">\r\n<div class=\"features-square-image-textcol\" data-type=\"column\"><\/div>\r\n<\/div>\r\n<div class=\"features-square-image-innerrow\" data-type=\"row\">\r\n<div class=\"features-square-image-featcol cp6cols-tablet cp12cols\">\r\n<h2 class=\"\" style=\"text-align: center;\">Formulaires pour l'entretien des \u00e9quipements<\/h2>\r\n<p class=\"\" style=\"text-align: center;\">Dans le programme de maintenance et de r\u00e9paration, <a href=\"https:\/\/www.mirasoftware.be\/fr\/formulier-koppelen-aan-materiaal\">des listes de contr\u00f4le<\/a> peuvent \u00eatre cr\u00e9\u00e9es, \u00e9dit\u00e9es et maintenues pour un fonctionnement et une s\u00e9curit\u00e9 optimale. De cette mani\u00e8re, il devient possible de remplir un certain nombre de points de contr\u00f4le fixes pour chaque article lorsqu'un appareil va \u00e0 l'entretien ou revient de l'entretien. Un registre est tenu sur les personnes qui ont pass\u00e9 les points de contr\u00f4le et qui ont \u00e9t\u00e9 coch\u00e9es pour approbation. De cette mani\u00e8re, une double contr\u00f4le du mat\u00e9riel est toujours possible, car vous savez toujours qui a rempli ou termin\u00e9 la liste de contr\u00f4le. La gestion de la maintenance devient simple comme bonjour.<\/p>\r\n\r\n<div class=\"spacer\" data-type=\"group\"><span class=\"fa before\"><\/span><i class=\"fa fa-bandcamp color6\" data-reiki-hidden=\"true\"><\/i><span class=\"fa after\"><\/span><\/div>\r\n<h2 class=\"\" style=\"text-align: center;\">Blocage automatique<\/h2>\r\n<p class=\"\" style=\"text-align: center;\">MIRA Software envoie des notifications aux personnes responsables d'un appareil particulier. De cette fa\u00e7on, rien n'est inspect\u00e9, envoy\u00e9 \u00e0 l'entretien ou r\u00e9par\u00e9 trop tard. Si une action p\u00e9riodique n'est pas effectu\u00e9e \u00e0 temps, MIRA peut automatiquement bloquer l'utilisation de cet outil. Ce blocage est li\u00e9 au statut de l'article. Gr\u00e2ce \u00e0 ces statuts, chacun sait si l'outil peut \u00eatre utilis\u00e9 ou non. Ces statuts standard ne sont-ils pas adapt\u00e9s \u00e0 votre organisation? Cr\u00e9ez vous-m\u00eame des statuts suppl\u00e9mentaires afin que le logiciel soit enti\u00e8rement compatible avec les processus propres \u00e0 votre entreprise. Cela vous permet d'adapter la maintenance et les inspections des \u00e9quipements \u00e0 vos besoins.<\/p>\r\n\r\n<\/div>\r\n<\/div>\r\n<\/div>\r\n<\/div>\r\n<div data-label=\"About us\" data-id=\"about-image-section-pro-1\" data-category=\"about\" class=\"about-image-section-pro about-image-section-pro-1\" id=\"about-us-1\" style=\"background-color: #ffffff; background-image: none;\" data-ovid=\"ovid-about-us-1-145\">\r\n<div class=\"\">\r\n<div class=\"row about-image-gridcol-pro\">\r\n<div class=\"about-image-textcol-pro\" data-type=\"column\">\r\n\r\n<a class=\"button color1\" href=\"https:\/\/www.mirasoftware.be\/fr\/modules-materieelbeheer\" target=\"_self\" data-icon=\"\" rel=\"noopener noreferrer\">Modules<\/a>\r\n<p class=\"\">MIRA Software est un produit d' <a href=\"https:\/\/izit.be\" class=\"\">IZIT bv<\/a><\/p>\r\n\r\n<\/div>\r\n<div data-type=\"column\" class=\"\"><\/div>\r\n<\/div>\r\n<\/div>\r\n<\/div>","protected":false},"excerpt":{"rendered":"<p>Onderhoud, keuring\/inspectie en herstelling van materieel en gereedschap Volg het onderhoud van materieel en gereedschap op De onderhoudsmodule van MIRA Software laat effici\u00ebnt onderhoudsmanagement toe. U bent op de hoogte van het onderhoud van materieel, reparaties van toestellen en weet wanneer welk materieel wordt onderhouden of gerepareerd wordt. Na reparatie of onderhoud kan een formulier&hellip; <br \/> <a class=\"button small blue\" href=\"https:\/\/www.mirasoftware.be\/fr\/modules-gestion-du-materiel\/suivi-dentretien-equipements-et-outils\">Lire la suite<\/a><\/p>","protected":false},"author":1,"featured_media":3581,"parent":5,"menu_order":0,"comment_status":"closed","ping_status":"closed","template":"full-width-homepage-header.php","meta":{"_mi_skip_tracking":false,"_exactmetrics_sitenote_active":false,"_exactmetrics_sitenote_note":"","_exactmetrics_sitenote_category":0},"yoast_head":"<!-- This site is optimized with the Yoast SEO Premium plugin v19.2.1 (Yoast SEO v19.6.1) - https:\/\/yoast.com\/wordpress\/plugins\/seo\/ -->\n<title>Onderhoud materieel, opvolgen herstellingen en keuringen | Mira Software<\/title>\n<meta name=\"description\" content=\"Volg onderhoud, keuring, inspectie en herstelling van materieel en gereedschap op. Software voor onderhoudsmanagement met historiek.\" \/>\n<meta name=\"robots\" content=\"index, follow, max-snippet:-1, max-image-preview:large, max-video-preview:-1\" \/>\n<link rel=\"canonical\" href=\"https:\/\/www.mirasoftware.be\/fr\/modules-gestion-du-materiel\/suivi-dentretien-equipements-et-outils\" \/>\n<meta property=\"og:locale\" content=\"fr_FR\" \/>\n<meta property=\"og:type\" content=\"article\" \/>\n<meta property=\"og:title\" content=\"Onderhoud en herstellingen\" \/>\n<meta property=\"og:description\" content=\"Onderhoud, keuring\/inspectie en herstelling van materieel en gereedschap Volg het onderhoud van materieel en gereedschap op De onderhoudsmodule van MIRA\" \/>\n<meta property=\"og:url\" content=\"https:\/\/www.mirasoftware.be\/fr\/modules-gestion-du-materiel\/suivi-dentretien-equipements-et-outils\" \/>\n<meta property=\"og:site_name\" content=\"Mira Software\" \/>\n<meta property=\"article:publisher\" content=\"https:\/\/www.facebook.com\/MiraSoftware\/\" \/>\n<meta property=\"article:modified_time\" content=\"2021-05-21T09:21:31+00:00\" \/>\n<meta property=\"og:image\" content=\"https:\/\/www.mirasoftware.be\/wp-content\/uploads\/brandblusser-app-scaled.jpg\" \/>\n\t<meta property=\"og:image:width\" content=\"2560\" \/>\n\t<meta property=\"og:image:height\" content=\"1920\" \/>\n\t<meta property=\"og:image:type\" content=\"image\/jpeg\" \/>\n<meta name=\"twitter:card\" content=\"summary_large_image\" \/>\n<meta name=\"twitter:label1\" content=\"Dur\u00e9e de lecture estim\u00e9e\" \/>\n\t<meta name=\"twitter:data1\" content=\"4 minutes\" \/>\n<script type=\"application\/ld+json\" class=\"yoast-schema-graph\">{\"@context\":\"https:\/\/schema.org\",\"@graph\":[{\"@type\":\"WebPage\",\"@id\":\"https:\/\/www.mirasoftware.be\/fr\/modules-gestion-du-materiel\/suivi-dentretien-equipements-et-outils\",\"url\":\"https:\/\/www.mirasoftware.be\/fr\/modules-gestion-du-materiel\/suivi-dentretien-equipements-et-outils\",\"name\":\"Onderhoud materieel, opvolgen herstellingen en keuringen | Mira Software\",\"isPartOf\":{\"@id\":\"https:\/\/www.mirasoftware.be\/#website\"},\"datePublished\":\"2013-04-19T10:48:17+00:00\",\"dateModified\":\"2021-05-21T09:21:31+00:00\",\"description\":\"Volg onderhoud, keuring, inspectie en herstelling van materieel en gereedschap op. Software voor onderhoudsmanagement met historiek.\",\"breadcrumb\":{\"@id\":\"https:\/\/www.mirasoftware.be\/fr\/modules-gestion-du-materiel\/suivi-dentretien-equipements-et-outils#breadcrumb\"},\"inLanguage\":\"fr-FR\",\"potentialAction\":[{\"@type\":\"ReadAction\",\"target\":[\"https:\/\/www.mirasoftware.be\/fr\/modules-gestion-du-materiel\/suivi-dentretien-equipements-et-outils\"]}]},{\"@type\":\"BreadcrumbList\",\"@id\":\"https:\/\/www.mirasoftware.be\/fr\/modules-gestion-du-materiel\/suivi-dentretien-equipements-et-outils#breadcrumb\",\"itemListElement\":[{\"@type\":\"ListItem\",\"position\":1,\"name\":\"Home\",\"item\":\"https:\/\/www.mirasoftware.be\/nl\/\"},{\"@type\":\"ListItem\",\"position\":2,\"name\":\"Modules\",\"item\":\"https:\/\/www.mirasoftware.be\/en_gb\/modules-material-management\"},{\"@type\":\"ListItem\",\"position\":3,\"name\":\"Onderhoud en herstellingen\"}]},{\"@type\":\"WebSite\",\"@id\":\"https:\/\/www.mirasoftware.be\/#website\",\"url\":\"https:\/\/www.mirasoftware.be\/\",\"name\":\"Mira Software\",\"description\":\"Beheer van materiaal\",\"publisher\":{\"@id\":\"https:\/\/www.mirasoftware.be\/#organization\"},\"potentialAction\":[{\"@type\":\"SearchAction\",\"target\":{\"@type\":\"EntryPoint\",\"urlTemplate\":\"https:\/\/www.mirasoftware.be\/?s={search_term_string}\"},\"query-input\":\"required name=search_term_string\"}],\"inLanguage\":\"fr-FR\"},{\"@type\":\"Organization\",\"@id\":\"https:\/\/www.mirasoftware.be\/#organization\",\"name\":\"MIRA Software\",\"url\":\"https:\/\/www.mirasoftware.be\/\",\"sameAs\":[\"https:\/\/www.linkedin.com\/company\/mira-software\/\",\"https:\/\/www.youtube.com\/watch?v=XQfjAqMiTiY\",\"https:\/\/www.facebook.com\/MiraSoftware\/\"],\"logo\":{\"@type\":\"ImageObject\",\"inLanguage\":\"fr-FR\",\"@id\":\"https:\/\/www.mirasoftware.be\/#\/schema\/logo\/image\/\",\"url\":\"https:\/\/www.mirasoftware.be\/wp-content\/uploads\/Logo-MIRA-Software.jpg\",\"contentUrl\":\"https:\/\/www.mirasoftware.be\/wp-content\/uploads\/Logo-MIRA-Software.jpg\",\"width\":603,\"height\":617,\"caption\":\"MIRA Software\"},\"image\":{\"@id\":\"https:\/\/www.mirasoftware.be\/#\/schema\/logo\/image\/\"}}]}<\/script>\n<!-- \/ Yoast SEO Premium plugin. -->","yoast_head_json":{"title":"Entretien \u00e9quipements, suivi r\u00e9parations et inspections | MIRA Software","description":"Suivi de l'entretien, de l'inspection et de la r\u00e9paration des \u00e9quipements et des outils. Logiciel de gestion de la maintenance avec historique.","robots":{"index":"index","follow":"follow","max-snippet":"max-snippet:-1","max-image-preview":"max-image-preview:large","max-video-preview":"max-video-preview:-1"},"canonical":"https:\/\/www.mirasoftware.be\/fr\/modules-gestion-du-materiel\/suivi-dentretien-equipements-et-outils","og_locale":"fr_FR","og_type":"article","og_title":"Onderhoud en herstellingen","og_description":"Onderhoud, keuring\/inspectie en herstelling van materieel en gereedschap Volg het onderhoud van materieel en gereedschap op De onderhoudsmodule van MIRA","og_url":"https:\/\/www.mirasoftware.be\/fr\/modules-gestion-du-materiel\/suivi-dentretien-equipements-et-outils","og_site_name":"Mira Software","article_publisher":"https:\/\/www.facebook.com\/MiraSoftware\/","article_modified_time":"2021-05-21T09:21:31+00:00","og_image":[{"width":2560,"height":1920,"url":"https:\/\/www.mirasoftware.be\/wp-content\/uploads\/brandblusser-app-scaled.jpg","type":"image\/jpeg"}],"twitter_card":"summary_large_image","twitter_misc":{"Dur\u00e9e de lecture estim\u00e9e":"4 minutes"},"schema":{"@context":"https:\/\/schema.org","@graph":[{"@type":"WebPage","@id":"https:\/\/www.mirasoftware.be\/fr\/modules-gestion-du-materiel\/suivi-dentretien-equipements-et-outils","url":"https:\/\/www.mirasoftware.be\/fr\/modules-gestion-du-materiel\/suivi-dentretien-equipements-et-outils","name":"Entretien \u00e9quipements, suivi r\u00e9parations et inspections | MIRA Software","isPartOf":{"@id":"https:\/\/www.mirasoftware.be\/#website"},"datePublished":"2013-04-19T10:48:17+00:00","dateModified":"2021-05-21T09:21:31+00:00","description":"Suivi de l'entretien, de l'inspection et de la r\u00e9paration des \u00e9quipements et des outils. Logiciel de gestion de la maintenance avec historique.","breadcrumb":{"@id":"https:\/\/www.mirasoftware.be\/fr\/modules-gestion-du-materiel\/suivi-dentretien-equipements-et-outils#breadcrumb"},"inLanguage":"fr-FR","potentialAction":[{"@type":"ReadAction","target":["https:\/\/www.mirasoftware.be\/fr\/modules-gestion-du-materiel\/suivi-dentretien-equipements-et-outils"]}]},{"@type":"BreadcrumbList","@id":"https:\/\/www.mirasoftware.be\/fr\/modules-gestion-du-materiel\/suivi-dentretien-equipements-et-outils#breadcrumb","itemListElement":[{"@type":"ListItem","position":1,"name":"Home","item":"https:\/\/www.mirasoftware.be\/nl\/"},{"@type":"ListItem","position":2,"name":"Modules","item":"https:\/\/www.mirasoftware.be\/en_gb\/modules-material-management"},{"@type":"ListItem","position":3,"name":"Onderhoud en herstellingen"}]},{"@type":"WebSite","@id":"https:\/\/www.mirasoftware.be\/#website","url":"https:\/\/www.mirasoftware.be\/","name":"MIRA Software","description":"Gestion du mat\u00e9riel","publisher":{"@id":"https:\/\/www.mirasoftware.be\/#organization"},"potentialAction":[{"@type":"SearchAction","target":{"@type":"EntryPoint","urlTemplate":"https:\/\/www.mirasoftware.be\/?s={search_term_string}"},"query-input":"required name=search_term_string"}],"inLanguage":"fr-FR"},{"@type":"Organization","@id":"https:\/\/www.mirasoftware.be\/#organization","name":"MIRA Software","url":"https:\/\/www.mirasoftware.be\/","sameAs":["https:\/\/www.linkedin.com\/company\/mira-software\/","https:\/\/www.youtube.com\/watch?v=XQfjAqMiTiY","https:\/\/www.facebook.com\/MiraSoftware\/"],"logo":{"@type":"ImageObject","inLanguage":"fr-FR","@id":"https:\/\/www.mirasoftware.be\/#\/schema\/logo\/image\/","url":"https:\/\/www.mirasoftware.be\/wp-content\/uploads\/Logo-MIRA-Software.jpg","contentUrl":"https:\/\/www.mirasoftware.be\/wp-content\/uploads\/Logo-MIRA-Software.jpg","width":603,"height":617,"caption":"MIRA Software"},"image":{"@id":"https:\/\/www.mirasoftware.be\/#\/schema\/logo\/image\/"}}]}},"_links":{"self":[{"href":"https:\/\/www.mirasoftware.be\/fr\/wp-json\/wp\/v2\/pages\/32"}],"collection":[{"href":"https:\/\/www.mirasoftware.be\/fr\/wp-json\/wp\/v2\/pages"}],"about":[{"href":"https:\/\/www.mirasoftware.be\/fr\/wp-json\/wp\/v2\/types\/page"}],"author":[{"embeddable":true,"href":"https:\/\/www.mirasoftware.be\/fr\/wp-json\/wp\/v2\/users\/1"}],"replies":[{"embeddable":true,"href":"https:\/\/www.mirasoftware.be\/fr\/wp-json\/wp\/v2\/comments?post=32"}],"version-history":[{"count":115,"href":"https:\/\/www.mirasoftware.be\/fr\/wp-json\/wp\/v2\/pages\/32\/revisions"}],"predecessor-version":[{"id":4091,"href":"https:\/\/www.mirasoftware.be\/fr\/wp-json\/wp\/v2\/pages\/32\/revisions\/4091"}],"up":[{"embeddable":true,"href":"https:\/\/www.mirasoftware.be\/fr\/wp-json\/wp\/v2\/pages\/5"}],"wp:featuredmedia":[{"embeddable":true,"href":"https:\/\/www.mirasoftware.be\/fr\/wp-json\/wp\/v2\/media\/3581"}],"wp:attachment":[{"href":"https:\/\/www.mirasoftware.be\/fr\/wp-json\/wp\/v2\/media?parent=32"}],"curies":[{"name":"wp","href":"https:\/\/api.w.org\/{rel}","templated":true}]}}