{"id":24,"date":"2013-04-19T10:44:53","date_gmt":"2013-04-19T10:44:53","guid":{"rendered":"http:\/\/vpcdcizit:8000\/wp-mira\/?page_id=24"},"modified":"2021-05-17T17:35:32","modified_gmt":"2021-05-17T15:35:32","slug":"registratie-gebruik-en-verbruik-materiaal-opvolging-per-project-of-persoon","status":"publish","type":"page","link":"https:\/\/www.mirasoftware.be\/it\/moduli-gestione-dei-materiali\/registrazione-uso-e-consumo-materiale-follow-up-per-progetto-o-persona","title":{"rendered":"Registrazione dell'uso e del consumo"},"content":{"rendered":"<div >\n\n&nbsp;\n\n<\/div><div  data-label=\"About us\" data-id=\"about-image-section-pro-1\" data-category=\"about\" class=\"about-image-section-pro about-image-section-pro-1\" id=\"about-us-1\" style=\"background-color: #ffffff; background-image: none;\" data-ovid=\"ovid-about-us-1-1086\">\n<div  class=\"\">\n<div  class=\"row about-image-gridcol-pro\">\n<div  class=\"about-image-textcol-pro\" data-type=\"column\">\n<h2  class=\"\" style=\"text-align: left;\">Registrazione dell'uso di materiali, apparecchiature e dispositivi<\/h2>\n<h3  class=\"\" style=\"text-align: left;\">Rendi la registrazione dei materiali migliore e pi\u00f9 veloce con la scansione dei codici a barre<\/h3>\n<p  class=\"\" style=\"text-align: left;\">Riconosce la seguente situazione? Qualcuno chiede dove si trova un dispositivo, perch\u00e9 non \u00e8 al suo posto fisso nell'organizzazione. Cos\u00ec qualcuno l'ha presa, ma nessuno sa chi. L'unica soluzione: chiamare fino a quando il dispositivo \u00e8 stato ritrovato... Cos\u00ec tu e i tuoi colleghi perdete fino a una settimana di ricerche inutili e frustranti su base annuale. Noi (<a  href=\"https:\/\/izit.be\" class=\"\">IZIT bv<\/a>) vogliamo offrire una risposta con un <strong >sistema conveniente<\/strong> per <strong >la registrazione del materiale<\/strong> tramite <strong >scansione<\/strong>. Chiunque pu\u00f2 seguire il materiale ovunque.<\/p>\n\n<\/div>\n<div  data-type=\"column\" class=\"\"><\/div>\n<\/div>\n<\/div>\n<\/div><div  data-label=\"Content\" data-id=\"video-on-bottom-2\" data-category=\"content\" class=\"row_292 video-on-bottom-2\" id=\"content-2\" style=\"background-color: #ffffff; background-image: none;\" data-ovid=\"ovid-content-2-138\">\n<div  class=\"gridContainer\">\n<div  class=\"row\">\n<div  class=\"column_269 dynamic-color\">\n<h2 ><span  style=\"font-weight: 300;\">Vedi com'\u00e8 facile la registrazione del materiale con MIRA!<\/span><\/h2>\n<div  class=\"row_296\">\n<div  class=\"content-center-video-imgcol\" data-bg=\"image\" data-type=\"group\" style=\"background-image: url('https:\/\/www.mirasoftware.be\/wp-content\/uploads\/Videomirasoftware.jpg');\"><a  data-fancybox=\"\" href=\"https:\/\/www.youtube.com\/watch?v=XQfjAqMiTiY\" data-video-lightbox=\"true\" class=\"\"> <i  class=\"font-icon-video-on-bottom fa fa-play-circle-o color6\" data-cp-fa=\"true\"><\/i><\/a><\/div>\n<\/div>\n<\/div>\n<\/div>\n<\/div>\n<\/div><div  data-label=\"Features\" data-id=\"features-image-cards-section\" data-category=\"features\" class=\"features-image-cards-section\" style=\"background-color: #f6f6f6;\" id=\"features-2\">\n<div  class=\"gridContainer\">\n<div  class=\"features-image-cards-textrow\">\n<div  class=\"features-image-cards-textcol dynamic-color\" data-type=\"column\">\n<h2  class=\"\">Registrazione di materiale e attrezzature in quattro semplici fasi<\/h2>\n<p  class=\"\">Grazie al modulo Registrazione di materiali e merci, tutti nella vostra organizzazione sanno immediatamente chi \u00e8 responsabile di quali articoli. Dopotutto, questa \u00e8 la base di qualsiasi gestione del materiale regolare e trasparente. Il metodo di scansione del materiale \u00e8 stato volutamente mantenuto molto semplice. Registra il materiale in quattro fasi:<\/p>\n\n<\/div>\n<\/div>\n<div  class=\"features-image-cards-innerrow flexbox-list dark-text\" data-type=\"row\">\n<div  class=\"features-image-cards-cardcol cp6cols-tablet cp3cols\">\n<div  class=\"features-image-cards-cardrow\">\n\n<img decoding=\"async\" loading=\"lazy\"  class=\"features-image-cards-featimg alignnone\" src=\"https:\/\/www.mirasoftware.be\/wp-content\/uploads\/pijluitlenen.png\" alt=\"registrazione della cassa con Mira Software per il monitoraggio dei materiali\" width=\"337\" height=\"337\">\n<div  class=\"features-image-cards-cardtextrow\" data-type=\"column\">\n<h4  class=\"\">FASE 1: CHECKOUT<\/h4>\n<p  class=\"\">L'impiegato autorizzato effettua prima la scansione del badge personale. Questa azione viene immediatamente registrata nel programma.<\/p>\n\n<\/div>\n<\/div>\n<\/div>\n<div  class=\"features-image-cards-cardcol cp6cols-tablet cp3cols\">\n<div  class=\"features-image-cards-cardrow\">\n\n<img decoding=\"async\" loading=\"lazy\"  class=\"features-image-cards-featimg alignnone\" src=\"https:\/\/www.mirasoftware.be\/wp-content\/uploads\/stap2.jpg\" alt=\"Scanner software MIRA per il tracciamento dei materiali\" width=\"1200\" height=\"1200\">\n<div  class=\"features-image-cards-cardtextrow\" data-type=\"column\">\n<h4  class=\"\">FASE 2: SCANSIONE<\/h4>\n<p  class=\"\">Tramite codice a barre o codice QR lo strumento o il materiale viene scansionato e collegato al dipendente.<\/p>\n\n<\/div>\n<\/div>\n<\/div>\n<div  class=\"features-image-cards-cardcol cp6cols-tablet cp3cols\">\n<div  class=\"features-image-cards-cardrow\">\n\n<img decoding=\"async\" loading=\"lazy\"  class=\"features-image-cards-featimg alignnone\" src=\"https:\/\/www.mirasoftware.be\/wp-content\/uploads\/website3.png\" alt=\"Registrazione cliente, progetto, posizione in MIRA software per materiali\" width=\"639\" height=\"639\">\n<div  class=\"features-image-cards-cardtextrow\" data-type=\"column\">\n<h4  class=\"\">FASE 3: INFORMAZIONI<\/h4>\n<p  class=\"\">Opzionalmente, l'articolo scansionato viene assegnato a un progetto, a un cliente e a un luogo. Una volta registrato, l'articolo \u00e8 pronto per l'uso.<\/p>\n\n<\/div>\n<\/div>\n<\/div>\n<div  class=\"features-image-cards-cardcol cp6cols-tablet cp3cols\">\n<div  class=\"features-image-cards-cardrow\">\n\n<img decoding=\"async\" loading=\"lazy\"  class=\"features-image-cards-featimg alignnone\" src=\"https:\/\/www.mirasoftware.be\/wp-content\/uploads\/incheckenmira.jpg\" alt=\"check-in del materiale nel software di monitoraggio dei materiali MIRA\" width=\"352\" height=\"352\">\n<div  class=\"features-image-cards-cardtextrow\" data-type=\"column\">\n<h4  class=\"\">FASE 4: CHECKIN<\/h4>\n<p  class=\"\">Il dipendente ritorna con l'articolo e lo scansiona. L'articolo \u00e8 ora disponibile per il prossimo utente.<\/p>\n\n<\/div>\n<\/div>\n<\/div>\n<\/div>\n<\/div>\n<\/div><div  data-label=\"Content\" data-id=\"content-image-left\" data-category=\"content\" class=\"content-left-image-section content-image-left\" id=\"content-3\" style=\"background-color: #ffffff;\">\n<div  class=\"gridContainer\">\n<div  class=\"row\">\n<div  class=\"content-left-image-imgcol\" data-type=\"column\"><img decoding=\"async\" loading=\"lazy\"  src=\"https:\/\/www.mirasoftware.be\/wp-content\/uploads\/Registratie-scaled.jpg\" class=\"alignnone\" alt=\"consultazione della registrazione del materiale\" width=\"2560\" height=\"1707\"><\/div>\n<div  class=\"content-left-image-textcol dynamic-color\" data-type=\"column\">\n<h2  class=\"\">Consultazione<\/h2>\n<p  class=\"\">Attraverso lo schermo di consultazione per la registrazione del materiale in MIRA si ottiene un elenco con una panoramica di tutti i materiali in prestito e riportati. Utilizzando il filtro, \u00e8 possibile ottenere una panoramica dettagliata di un reparto, centro di costo, dipendente, articolo, periodo di tempo, progetto, ... \u00c8 sempre possibile esportare questi dati in Excel, se lo si desidera.<\/p>\n<p  class=\"\">Dai anche un'occhiata a quali articoli sono composti e di quali parti sono composti. In questo modo si sa esattamente dove si trova. Ci\u00f2 consente di seguire in modo rapido ed efficiente il materiale relativo a vari clienti e progetti. Il software MIRA rende la registrazione di materiali e attrezzature accurata e semplice.<\/p>\n\n<\/div>\n<\/div>\n<\/div>\n<\/div><div  data-label=\"Content\" data-id=\"content-image-right\" data-category=\"content\" class=\"content-right-image-section content-image-right\" id=\"content-4\" style=\"background-color: #f6f6f6;\">\n<div  class=\"gridContainer\">\n<div  class=\"content-right-image-gridcol\">\n<div  class=\"content-right-image-textcol dynamic-color\" data-type=\"column\">\n<h2  class=\"\">Registrazione del materiale con scansione di codici QR e a barre<\/h2>\n<p  class=\"large_text\">Il modulo di registrazione collega molto facilmente gli articoli alle persone attraverso la scansione veloce dei codici a barre. I codici a barre possono essere creati nel software stesso. L'uso del codice a barre \u00e8 facoltativo, ma sappiamo per esperienza che funziona pi\u00f9 facilmente e pi\u00f9 velocemente. Se nella tua azienda o organizzazione i prodotti non hanno un codice a barre, puoi lavorare con numeri fissi come alternativa.<\/p>\n\n<\/div>\n<div  class=\"content-right-image-imgcol\" data-type=\"column\"><img decoding=\"async\" loading=\"lazy\"  src=\"https:\/\/www.mirasoftware.be\/wp-content\/uploads\/QR-scanning-scaled.jpg\" class=\"alignnone\" alt=\"scansione per registrazione in MIRA Software\" width=\"2560\" height=\"1707\"><\/div>\n<\/div>\n<\/div>\n<\/div><div  data-label=\"About\" data-id=\"about-four-boxes-section\" data-category=\"about\" class=\"about-four-boxes-section\" id=\"about-2\" style=\"background-color: #ffffff;\">\n<div  class=\"gridContainer\">\n<div  class=\"about-four-boxes-innerrow flexbox-list\">\n<div  class=\"about-four-boxes-imgcol\" data-bg=\"image\" style=\"background-image: url('https:\/\/www.mirasoftware.be\/wp-content\/uploads\/Consult.jpg');\"><\/div>\n<div  class=\"about-four-boxes-textcol\" data-type=\"column\">\n<h6  class=\"\">CONSULTAZIONE<\/h6>\n<h2  class=\"\">Chiedi a Mira<\/h2>\n<p  class=\"\">Controlli chi, cosa, dove, quando, quanto tempo, su quale progetto, per quale cliente, ... materiale \u00e8 stato utilizzato o consumato. MIRA ti d\u00e0 la risposta in un elenco chiaro che puoi esportare.<\/p>\n\n<\/div>\n<div  class=\"about-four-boxes-textcol\" data-type=\"column\">\n<h6  class=\"\">SEMPLICE E MODERNO<\/h6>\n<h2  class=\"\">Pulsanti grandi<\/h2>\n<p  class=\"\">MIRA Software pu\u00f2 essere utilizzato su un touch screen. Registri il materiale tramite scansione come al supermercato.<\/p>\n\n<\/div>\n<div  class=\"about-four-boxes-imgcol2\" data-bg=\"image\" style=\"background-image: url('https:\/\/www.mirasoftware.be\/wp-content\/uploads\/Config.jpg');\"><\/div>\n<\/div>\n<\/div>\n<\/div><div  data-label=\"About us\" data-id=\"about-image-section-pro\" data-category=\"about\" class=\"about-image-section-pro\" id=\"about-us-2\" style=\"background-color: #ffffff; background-image: none;\" data-ovid=\"ovid-about-us-2-3112\">\n<div  class=\"gridContainer\">\n<div  class=\"row about-image-gridcol-pro\">\n<div  class=\"about-image-textcol-pro\" data-type=\"column\">\n\n<a class=\"button color1\" href=\"https:\/\/www.mirasoftware.be\/it\/modules-materieelbeheer\" target=\"_self\" data-icon=\"\" rel=\"noopener noreferrer\">Tutti i moduli<\/a>\n<h2  class=\"\"><\/h2>\n<p  class=\"\">MIRA Software e un prodotto di <a  href=\"https:\/\/izit.be\" class=\"\">IZIT bv<\/a><\/p>\n\n<\/div>\n<div  data-type=\"column\" class=\"\"><\/div>\n<\/div>\n<\/div>\n<\/div>","protected":false},"excerpt":{"rendered":"<p>&nbsp; Registratie van gebruik van materiaal, materieel en toestellen Maak materiaalregistratie beter en sneller met barcode scanning Herkent u de volgende situatie? Iemand vraagt waar een toestel is, want het staat niet op zijn vaste plek in de organisatie. Iemand heeft het dus meegenomen, maar niemand weet wie. De enige oplossing: beginnen bellen tot het&hellip; <br \/> <a class=\"button small blue\" href=\"https:\/\/www.mirasoftware.be\/it\/moduli-gestione-dei-materiali\/registrazione-uso-e-consumo-materiale-follow-up-per-progetto-o-persona\">Leggi tutto<\/a><\/p>","protected":false},"author":1,"featured_media":3585,"parent":5,"menu_order":0,"comment_status":"closed","ping_status":"closed","template":"full-width-homepage-header.php","meta":{"_mi_skip_tracking":false,"_exactmetrics_sitenote_active":false,"_exactmetrics_sitenote_note":"","_exactmetrics_sitenote_category":0},"yoast_head":"<!-- This site is optimized with the Yoast SEO Premium plugin v19.2.1 (Yoast SEO v19.6.1) - https:\/\/yoast.com\/wordpress\/plugins\/seo\/ -->\n<title>Registratie materiaal en materieelopvolging via scanning | Mira Software<\/title>\n<meta name=\"description\" content=\"Registratie en opvolging van gebruik en verbruik materiaal, materieel en gereedschap. Uitleningen per project\/werknemer met barcode scanning.\" \/>\n<meta name=\"robots\" content=\"index, follow, max-snippet:-1, max-image-preview:large, max-video-preview:-1\" \/>\n<link rel=\"canonical\" href=\"https:\/\/www.mirasoftware.be\/it\/modules-material-management\/registration-of-use-and-consumption-of-materials-follow-up-by-project-or-person\" \/>\n<meta property=\"og:locale\" content=\"it_IT\" \/>\n<meta property=\"og:type\" content=\"article\" \/>\n<meta property=\"og:title\" content=\"Registratie gebruik &amp; verbruik\" \/>\n<meta property=\"og:description\" content=\"&nbsp; Registratie van gebruik van materiaal, materieel en toestellen Maak materiaalregistratie beter en sneller met barcode scanning Herkent u de\" \/>\n<meta property=\"og:url\" content=\"https:\/\/www.mirasoftware.be\/it\/modules-material-management\/registration-of-use-and-consumption-of-materials-follow-up-by-project-or-person\" \/>\n<meta property=\"og:site_name\" content=\"Mira Software\" \/>\n<meta property=\"article:publisher\" content=\"https:\/\/www.facebook.com\/MiraSoftware\/\" \/>\n<meta property=\"article:modified_time\" content=\"2021-05-17T15:35:32+00:00\" \/>\n<meta property=\"og:image\" content=\"https:\/\/www.mirasoftware.be\/wp-content\/uploads\/werkbak-app-scaled.jpg\" \/>\n\t<meta property=\"og:image:width\" content=\"2560\" \/>\n\t<meta property=\"og:image:height\" content=\"1920\" \/>\n\t<meta property=\"og:image:type\" content=\"image\/jpeg\" \/>\n<meta name=\"twitter:card\" content=\"summary_large_image\" \/>\n<meta name=\"twitter:label1\" content=\"Tempo di lettura stimato\" \/>\n\t<meta name=\"twitter:data1\" content=\"4 minuti\" \/>\n<script type=\"application\/ld+json\" class=\"yoast-schema-graph\">{\"@context\":\"https:\/\/schema.org\",\"@graph\":[{\"@type\":\"WebPage\",\"@id\":\"https:\/\/www.mirasoftware.be\/en_gb\/modules-material-management\/registration-of-use-and-consumption-of-materials-follow-up-by-project-or-person\",\"url\":\"https:\/\/www.mirasoftware.be\/en_gb\/modules-material-management\/registration-of-use-and-consumption-of-materials-follow-up-by-project-or-person\",\"name\":\"Registratie materiaal en materieelopvolging via scanning | Mira Software\",\"isPartOf\":{\"@id\":\"https:\/\/www.mirasoftware.be\/#website\"},\"datePublished\":\"2013-04-19T10:44:53+00:00\",\"dateModified\":\"2021-05-17T15:35:32+00:00\",\"description\":\"Registratie en opvolging van gebruik en verbruik materiaal, materieel en gereedschap. Uitleningen per project\/werknemer met barcode scanning.\",\"breadcrumb\":{\"@id\":\"https:\/\/www.mirasoftware.be\/en_gb\/modules-material-management\/registration-of-use-and-consumption-of-materials-follow-up-by-project-or-person#breadcrumb\"},\"inLanguage\":\"it-IT\",\"potentialAction\":[{\"@type\":\"ReadAction\",\"target\":[\"https:\/\/www.mirasoftware.be\/en_gb\/modules-material-management\/registration-of-use-and-consumption-of-materials-follow-up-by-project-or-person\"]}]},{\"@type\":\"BreadcrumbList\",\"@id\":\"https:\/\/www.mirasoftware.be\/en_gb\/modules-material-management\/registration-of-use-and-consumption-of-materials-follow-up-by-project-or-person#breadcrumb\",\"itemListElement\":[{\"@type\":\"ListItem\",\"position\":1,\"name\":\"Home\",\"item\":\"https:\/\/www.mirasoftware.be\/nl\/\"},{\"@type\":\"ListItem\",\"position\":2,\"name\":\"Modules\",\"item\":\"https:\/\/www.mirasoftware.be\/en_gb\/modules-material-management\"},{\"@type\":\"ListItem\",\"position\":3,\"name\":\"Registratie gebruik &#038; verbruik\"}]},{\"@type\":\"WebSite\",\"@id\":\"https:\/\/www.mirasoftware.be\/#website\",\"url\":\"https:\/\/www.mirasoftware.be\/\",\"name\":\"Mira Software\",\"description\":\"Beheer van materiaal\",\"publisher\":{\"@id\":\"https:\/\/www.mirasoftware.be\/#organization\"},\"potentialAction\":[{\"@type\":\"SearchAction\",\"target\":{\"@type\":\"EntryPoint\",\"urlTemplate\":\"https:\/\/www.mirasoftware.be\/?s={search_term_string}\"},\"query-input\":\"required name=search_term_string\"}],\"inLanguage\":\"it-IT\"},{\"@type\":\"Organization\",\"@id\":\"https:\/\/www.mirasoftware.be\/#organization\",\"name\":\"MIRA Software\",\"url\":\"https:\/\/www.mirasoftware.be\/\",\"sameAs\":[\"https:\/\/www.linkedin.com\/company\/mira-software\/\",\"https:\/\/www.youtube.com\/watch?v=XQfjAqMiTiY\",\"https:\/\/www.facebook.com\/MiraSoftware\/\"],\"logo\":{\"@type\":\"ImageObject\",\"inLanguage\":\"it-IT\",\"@id\":\"https:\/\/www.mirasoftware.be\/#\/schema\/logo\/image\/\",\"url\":\"https:\/\/www.mirasoftware.be\/wp-content\/uploads\/Logo-MIRA-Software.jpg\",\"contentUrl\":\"https:\/\/www.mirasoftware.be\/wp-content\/uploads\/Logo-MIRA-Software.jpg\",\"width\":603,\"height\":617,\"caption\":\"MIRA Software\"},\"image\":{\"@id\":\"https:\/\/www.mirasoftware.be\/#\/schema\/logo\/image\/\"}}]}<\/script>\n<!-- \/ Yoast SEO Premium plugin. -->","yoast_head_json":{"title":"Registrazione e follow-up del materiale attraverso la scansione | Mira Software","description":"Registrazione e controllo dell'uso e del consumo di materiali, attrezzature e strumenti. Checkouts per progetto\/dipendente con scansione del codice a barre.","robots":{"index":"index","follow":"follow","max-snippet":"max-snippet:-1","max-image-preview":"max-image-preview:large","max-video-preview":"max-video-preview:-1"},"canonical":"https:\/\/www.mirasoftware.be\/it\/modules-material-management\/registration-of-use-and-consumption-of-materials-follow-up-by-project-or-person","og_locale":"it_IT","og_type":"article","og_title":"Registratie gebruik & verbruik","og_description":"&nbsp; Registratie van gebruik van materiaal, materieel en toestellen Maak materiaalregistratie beter en sneller met barcode scanning Herkent u de","og_url":"https:\/\/www.mirasoftware.be\/it\/modules-material-management\/registration-of-use-and-consumption-of-materials-follow-up-by-project-or-person","og_site_name":"Mira Software","article_publisher":"https:\/\/www.facebook.com\/MiraSoftware\/","article_modified_time":"2021-05-17T15:35:32+00:00","og_image":[{"width":2560,"height":1920,"url":"https:\/\/www.mirasoftware.be\/wp-content\/uploads\/werkbak-app-scaled.jpg","type":"image\/jpeg"}],"twitter_card":"summary_large_image","twitter_misc":{"Tempo di lettura stimato":"4 minuti"},"schema":{"@context":"https:\/\/schema.org","@graph":[{"@type":"WebPage","@id":"https:\/\/www.mirasoftware.be\/en_gb\/modules-material-management\/registration-of-use-and-consumption-of-materials-follow-up-by-project-or-person","url":"https:\/\/www.mirasoftware.be\/en_gb\/modules-material-management\/registration-of-use-and-consumption-of-materials-follow-up-by-project-or-person","name":"Registrazione e follow-up del materiale attraverso la scansione | Mira Software","isPartOf":{"@id":"https:\/\/www.mirasoftware.be\/#website"},"datePublished":"2013-04-19T10:44:53+00:00","dateModified":"2021-05-17T15:35:32+00:00","description":"Registrazione e controllo dell'uso e del consumo di materiali, attrezzature e strumenti. Checkouts per progetto\/dipendente con scansione del codice a barre.","breadcrumb":{"@id":"https:\/\/www.mirasoftware.be\/en_gb\/modules-material-management\/registration-of-use-and-consumption-of-materials-follow-up-by-project-or-person#breadcrumb"},"inLanguage":"it-IT","potentialAction":[{"@type":"ReadAction","target":["https:\/\/www.mirasoftware.be\/en_gb\/modules-material-management\/registration-of-use-and-consumption-of-materials-follow-up-by-project-or-person"]}]},{"@type":"BreadcrumbList","@id":"https:\/\/www.mirasoftware.be\/en_gb\/modules-material-management\/registration-of-use-and-consumption-of-materials-follow-up-by-project-or-person#breadcrumb","itemListElement":[{"@type":"ListItem","position":1,"name":"Home","item":"https:\/\/www.mirasoftware.be\/nl\/"},{"@type":"ListItem","position":2,"name":"Modules","item":"https:\/\/www.mirasoftware.be\/en_gb\/modules-material-management"},{"@type":"ListItem","position":3,"name":"Registratie gebruik &#038; verbruik"}]},{"@type":"WebSite","@id":"https:\/\/www.mirasoftware.be\/#website","url":"https:\/\/www.mirasoftware.be\/","name":"MIRA Software","description":"Gestione dei materiali","publisher":{"@id":"https:\/\/www.mirasoftware.be\/#organization"},"potentialAction":[{"@type":"SearchAction","target":{"@type":"EntryPoint","urlTemplate":"https:\/\/www.mirasoftware.be\/?s={search_term_string}"},"query-input":"required name=search_term_string"}],"inLanguage":"it-IT"},{"@type":"Organization","@id":"https:\/\/www.mirasoftware.be\/#organization","name":"MIRA Software","url":"https:\/\/www.mirasoftware.be\/","sameAs":["https:\/\/www.linkedin.com\/company\/mira-software\/","https:\/\/www.youtube.com\/watch?v=XQfjAqMiTiY","https:\/\/www.facebook.com\/MiraSoftware\/"],"logo":{"@type":"ImageObject","inLanguage":"it-IT","@id":"https:\/\/www.mirasoftware.be\/#\/schema\/logo\/image\/","url":"https:\/\/www.mirasoftware.be\/wp-content\/uploads\/Logo-MIRA-Software.jpg","contentUrl":"https:\/\/www.mirasoftware.be\/wp-content\/uploads\/Logo-MIRA-Software.jpg","width":603,"height":617,"caption":"MIRA Software"},"image":{"@id":"https:\/\/www.mirasoftware.be\/#\/schema\/logo\/image\/"}}]}},"_links":{"self":[{"href":"https:\/\/www.mirasoftware.be\/it\/wp-json\/wp\/v2\/pages\/24"}],"collection":[{"href":"https:\/\/www.mirasoftware.be\/it\/wp-json\/wp\/v2\/pages"}],"about":[{"href":"https:\/\/www.mirasoftware.be\/it\/wp-json\/wp\/v2\/types\/page"}],"author":[{"embeddable":true,"href":"https:\/\/www.mirasoftware.be\/it\/wp-json\/wp\/v2\/users\/1"}],"replies":[{"embeddable":true,"href":"https:\/\/www.mirasoftware.be\/it\/wp-json\/wp\/v2\/comments?post=24"}],"version-history":[{"count":129,"href":"https:\/\/www.mirasoftware.be\/it\/wp-json\/wp\/v2\/pages\/24\/revisions"}],"predecessor-version":[{"id":4083,"href":"https:\/\/www.mirasoftware.be\/it\/wp-json\/wp\/v2\/pages\/24\/revisions\/4083"}],"up":[{"embeddable":true,"href":"https:\/\/www.mirasoftware.be\/it\/wp-json\/wp\/v2\/pages\/5"}],"wp:featuredmedia":[{"embeddable":true,"href":"https:\/\/www.mirasoftware.be\/it\/wp-json\/wp\/v2\/media\/3585"}],"wp:attachment":[{"href":"https:\/\/www.mirasoftware.be\/it\/wp-json\/wp\/v2\/media?parent=24"}],"curies":[{"name":"wp","href":"https:\/\/api.w.org\/{rel}","templated":true}]}}