{"id":25,"date":"2013-04-19T10:45:12","date_gmt":"2013-04-19T10:45:12","guid":{"rendered":"http:\/\/vpcdcizit:8000\/wp-mira\/?page_id=25"},"modified":"2022-08-01T14:40:51","modified_gmt":"2022-08-01T12:40:51","slug":"reservatiesoftware-materiaal-en-materiaalverhuur","status":"publish","type":"page","link":"https:\/\/www.mirasoftware.be\/it\/moduli-gestione-dei-materiali\/software-prenotazione-e-noleggio","title":{"rendered":"Prenotazione, noleggio e liste di prelievo"},"content":{"rendered":"<div  data-label=\"About us\" data-id=\"about-image-section-pro\" data-category=\"about\" class=\"about-image-section-pro\" id=\"about-us-2\" style=\"background-color: rgb(255, 255, 255); background-image: none;\" data-ovid=\"ovid-about-us-2-109\">\r\n<div  class=\"\">\r\n<div  class=\"row about-image-gridcol-pro\">\r\n<div  class=\"about-image-textcol-pro\" data-type=\"column\">\r\n<h2  class=\"\" style=\"text-align: left;\">Software di prenotazione e noleggio di attrezzature in un'unica soluzione<\/h2>\r\n<h3  class=\"\" style=\"text-align: left;\">Risparmia tempo prenotando ci\u00f2 di cui hai bisogno<\/h3>\r\n<p  class=\"\" style=\"text-align: left;\">Con MIRA come software di prenotazione, \u00e8 possibile prenotare materiali e strumenti in anticipo per un certo periodo o progetto. La prenotazione sar\u00e0 trasmessa. Di conseguenza, tutto sar\u00e0 disponibile quando ne hai bisogno grazie alle <strong >liste di prelievo<\/strong>. Compara <strong >le scorte<\/strong>teoriche con quelle pratiche, agisci tempestivamente ed evita le lacune nella tua <strong >pianificazione<\/strong>. Il modulo di prenotazione \u00e8 anche adatto come software di noleggio per prestare o affittare articoli a parti esterne.<\/p>\r\n\r\n<\/div>\r\n<div  data-type=\"column\" class=\"\"><\/div>\r\n<\/div>\r\n<\/div>\r\n<\/div><div  data-label=\"Content\" data-id=\"content-image-left\" data-category=\"content\" class=\"content-left-image-section content-image-left\" id=\"content-3\" style=\"background-color: rgb(246, 246, 246); background-image: none;\" data-ovid=\"ovid-content-3-112\">\r\n<div  class=\"gridContainer\">\r\n<div  class=\"row\">\r\n<div  class=\"content-left-image-imgcol\" data-type=\"column\"><img decoding=\"async\" loading=\"lazy\"  src=\"https:\/\/www.mirasoftware.be\/wp-content\/uploads\/Reservatie-600x400.jpg\" class=\"alignnone\" alt=\"software di prenotazione per pianificare la gestione dei materiali\" width=\"2560\" height=\"1709\"><\/div>\r\n<div  class=\"content-left-image-textcol dynamic-color\" data-type=\"column\">\r\n<h2  class=\"\">Software di prenotazione<\/h2>\r\n<p  class=\"large_text\">Il dipendente o il magazziniere cerca un certo dispositivo e lo collega a una persona o a un progetto per un certo periodo di tempo. In caso di una seconda richiesta per lo stesso periodo, questo dispositivo specifico non sar\u00e0 pi\u00f9 disponibile, ma sar\u00e0 disponibile per altri periodi di tempo. Come soluzione, possono essere proposti al richiedente dispositivi alternativi. Quindi, rimani in linea con la tua pianificazione riservando l'attrezzatura all'ora e al luogo desiderati con il software di prenotazione.<\/p>\r\n\r\n<\/div>\r\n<\/div>\r\n<\/div>\r\n<\/div><div  data-label=\"Content\" data-id=\"content-image-right\" data-category=\"content\" class=\"content-right-image-section content-image-right\" id=\"content-4\" style=\"background-color: rgb(255, 255, 255); background-image: none;\" data-ovid=\"ovid-content-4-115\">\r\n<div  class=\"gridContainer\">\r\n<div  class=\"content-right-image-gridcol\">\r\n<div  class=\"content-right-image-textcol dynamic-color\" data-type=\"column\">\r\n<h2  class=\"\">Liste di prelievo<\/h2>\r\n<p  class=\"large_text\">Per ogni prenotazione \u00e8 possibile effettuare una \"lista di prelievo\". Con le liste di prelievo si possono preparare le prenotazioni e tutto viene preparato quando lo si desidera. Sulla base di un codice colore nel programma \u00e8 possibile seguire fino a che punto la prenotazione \u00e8 gi\u00e0 stata preparata. Quando vieni a ritirare l'attrezzatura prenotata, puoi essere sicuro che sia pronta. Il materiale viene registrato e prenotato con un clic. Ecco come possono essere logiche e corrette le cose con il software di prenotazione. Niente pi\u00f9 sorprese spiacevoli!<\/p>\r\n\r\n<\/div>\r\n<div  class=\"content-right-image-imgcol\" data-type=\"column\"><img decoding=\"async\" loading=\"lazy\"  src=\"https:\/\/www.mirasoftware.be\/wp-content\/uploads\/pickinglist-600x400.jpg\" class=\"alignnone\" alt=\"lista di prelievo per la prenotazione di attrezzature con software di noleggio e software di prenotazione\" width=\"2560\" height=\"1707\"><\/div>\r\n<\/div>\r\n<\/div>\r\n<\/div><div  data-label=\"About us\" data-id=\"about-image-section-pro-1\" data-category=\"about\" class=\"about-image-section-pro about-image-section-pro-1\" id=\"about-us-1\" style=\"background-color: rgb(246, 246, 246); background-image: none;\" data-ovid=\"ovid-about-us-1-118\">\r\n<div  class=\"\">\r\n<div  class=\"row about-image-gridcol-pro\">\r\n<div  class=\"about-image-textcol-pro\" data-type=\"column\">\r\n<h2  class=\"\">Software di noleggio<\/h2>\r\n<p  class=\"\">Lavori per una societ\u00e0 di noleggio e affitti a clienti esterni? Il software di prenotazione pu\u00f2 essere utilizzato anche come software di noleggio. MIRA si occuper\u00e0 quindi non solo della gestione del tuo materiale (prenotazioni), ma anche del calcolo dei costi. Sar\u00e0 facile tenere traccia di quale cliente vuole affittare la tua attrezzatura in quale momento e quanto coster\u00e0.<\/p>\r\n<p  class=\"\">O presti materiale o articoli a studenti e persone in formazione? Usando lo stesso principio di prestito, il materiale pu\u00f2 essere registrato e ritirato e si possono fare prenotazioni.<\/p>\r\n\r\n<\/div>\r\n<div  data-type=\"column\" class=\"\"><\/div>\r\n<\/div>\r\n<\/div>\r\n<\/div><div  data-label=\"About us\" data-id=\"about-image-section-pro-3\" data-category=\"about\" class=\"about-image-section-pro about-image-section-pro-3\" id=\"about-us-3\" style=\"background-color: rgb(255, 255, 255); background-image: none;\" data-ovid=\"ovid-about-us-3-123\">\r\n<div  class=\"gridContainer\">\r\n<div  class=\"row about-image-gridcol-pro\">\r\n<div  class=\"about-image-textcol-pro\" data-type=\"column\"><a class=\"button color1\" href=\"https:\/\/www.mirasoftware.be\/it\/modules-materieelbeheer\" target=\"_self\" data-icon=\"\" rel=\"noopener noreferrer\">Tutti i moduli<\/a><\/div>\r\n<div  data-type=\"column\" class=\"\">\r\n\r\n<p  class=\"\"><\/p><p  class=\"\">MIRA Software e un prodotto di <a  href=\"https:\/\/izit.be\" class=\"\">IZIT bv<\/a><\/p>\r\n\r\n<\/div>\r\n<\/div>\r\n<\/div>\r\n<\/div>","protected":false},"excerpt":{"rendered":"<p>Reservatiesoftware en verhuursoftware voor materiaal in \u00e9\u00e9n oplossing Bespaar tijd door te reserveren wat u nodig heeft Met MIRA als reservatiesoftware kan u op voorhand materiaal en gereedschap voor een bepaalde periode of project reserveren. De reservatie wordt doorgegeven. Bijgevolg zal alles beschikbaar zijn op het moment dat u het nodig heeft dankzij de pickinglijsten.&hellip; <br \/> <a class=\"button small blue\" href=\"https:\/\/www.mirasoftware.be\/it\/moduli-gestione-dei-materiali\/software-prenotazione-e-noleggio\">Leggi tutto<\/a><\/p>","protected":false},"author":1,"featured_media":0,"parent":5,"menu_order":0,"comment_status":"closed","ping_status":"closed","template":"full-width-homepage-header.php","meta":{"_mi_skip_tracking":false,"_exactmetrics_sitenote_active":false,"_exactmetrics_sitenote_note":"","_exactmetrics_sitenote_category":0},"yoast_head":"<!-- This site is optimized with the Yoast SEO Premium plugin v19.2.1 (Yoast SEO v19.6.1) - https:\/\/yoast.com\/wordpress\/plugins\/seo\/ -->\n<title>Reservatiesoftware materiaalverhuur en materieelverhuur | Mira Software<\/title>\n<meta name=\"description\" content=\"Reserveer materiaal, materieel en gereedschap per periode\/project. Reservatiesoftware en verhuursoftware voor materiaalplanning en opvolging.\" \/>\n<meta name=\"robots\" content=\"index, follow, max-snippet:-1, max-image-preview:large, max-video-preview:-1\" \/>\n<link rel=\"canonical\" href=\"https:\/\/www.mirasoftware.be\/it\/modules-gestion-du-materiel\/reservation-logiciel-equipement-location\" \/>\n<meta property=\"og:locale\" content=\"it_IT\" \/>\n<meta property=\"og:type\" content=\"article\" \/>\n<meta property=\"og:title\" content=\"Reservatie, verhuur en pickinglijsten\" \/>\n<meta property=\"og:description\" content=\"Reservatiesoftware en verhuursoftware voor materiaal in \u00e9\u00e9n oplossing Bespaar tijd door te reserveren wat u nodig heeft Met MIRA als reservatiesoftware\" \/>\n<meta property=\"og:url\" content=\"https:\/\/www.mirasoftware.be\/it\/modules-gestion-du-materiel\/reservation-logiciel-equipement-location\" \/>\n<meta property=\"og:site_name\" content=\"Mira Software\" \/>\n<meta property=\"article:publisher\" content=\"https:\/\/www.facebook.com\/MiraSoftware\/\" \/>\n<meta property=\"article:modified_time\" content=\"2022-08-01T12:40:51+00:00\" \/>\n<meta property=\"og:image\" content=\"https:\/\/www.mirasoftware.be\/wp-content\/uploads\/Reservatie-600x400.jpg\" \/>\n<meta name=\"twitter:card\" content=\"summary_large_image\" \/>\n<meta name=\"twitter:label1\" content=\"Tempo di lettura stimato\" \/>\n\t<meta name=\"twitter:data1\" content=\"2 minuti\" \/>\n<script type=\"application\/ld+json\" class=\"yoast-schema-graph\">{\"@context\":\"https:\/\/schema.org\",\"@graph\":[{\"@type\":\"WebPage\",\"@id\":\"https:\/\/www.mirasoftware.be\/fr\/modules-gestion-du-materiel\/reservation-logiciel-equipement-location\",\"url\":\"https:\/\/www.mirasoftware.be\/fr\/modules-gestion-du-materiel\/reservation-logiciel-equipement-location\",\"name\":\"Reservatiesoftware materiaalverhuur en materieelverhuur | Mira Software\",\"isPartOf\":{\"@id\":\"https:\/\/www.mirasoftware.be\/#website\"},\"datePublished\":\"2013-04-19T10:45:12+00:00\",\"dateModified\":\"2022-08-01T12:40:51+00:00\",\"description\":\"Reserveer materiaal, materieel en gereedschap per periode\/project. Reservatiesoftware en verhuursoftware voor materiaalplanning en opvolging.\",\"breadcrumb\":{\"@id\":\"https:\/\/www.mirasoftware.be\/fr\/modules-gestion-du-materiel\/reservation-logiciel-equipement-location#breadcrumb\"},\"inLanguage\":\"it-IT\",\"potentialAction\":[{\"@type\":\"ReadAction\",\"target\":[\"https:\/\/www.mirasoftware.be\/fr\/modules-gestion-du-materiel\/reservation-logiciel-equipement-location\"]}]},{\"@type\":\"BreadcrumbList\",\"@id\":\"https:\/\/www.mirasoftware.be\/fr\/modules-gestion-du-materiel\/reservation-logiciel-equipement-location#breadcrumb\",\"itemListElement\":[{\"@type\":\"ListItem\",\"position\":1,\"name\":\"Home\",\"item\":\"https:\/\/www.mirasoftware.be\/nl\/\"},{\"@type\":\"ListItem\",\"position\":2,\"name\":\"Modules\",\"item\":\"https:\/\/www.mirasoftware.be\/en_gb\/modules-material-management\"},{\"@type\":\"ListItem\",\"position\":3,\"name\":\"Reservatie, verhuur en pickinglijsten\"}]},{\"@type\":\"WebSite\",\"@id\":\"https:\/\/www.mirasoftware.be\/#website\",\"url\":\"https:\/\/www.mirasoftware.be\/\",\"name\":\"Mira Software\",\"description\":\"Beheer van materiaal\",\"publisher\":{\"@id\":\"https:\/\/www.mirasoftware.be\/#organization\"},\"potentialAction\":[{\"@type\":\"SearchAction\",\"target\":{\"@type\":\"EntryPoint\",\"urlTemplate\":\"https:\/\/www.mirasoftware.be\/?s={search_term_string}\"},\"query-input\":\"required name=search_term_string\"}],\"inLanguage\":\"it-IT\"},{\"@type\":\"Organization\",\"@id\":\"https:\/\/www.mirasoftware.be\/#organization\",\"name\":\"MIRA Software\",\"url\":\"https:\/\/www.mirasoftware.be\/\",\"sameAs\":[\"https:\/\/www.linkedin.com\/company\/mira-software\/\",\"https:\/\/www.youtube.com\/watch?v=XQfjAqMiTiY\",\"https:\/\/www.facebook.com\/MiraSoftware\/\"],\"logo\":{\"@type\":\"ImageObject\",\"inLanguage\":\"it-IT\",\"@id\":\"https:\/\/www.mirasoftware.be\/#\/schema\/logo\/image\/\",\"url\":\"https:\/\/www.mirasoftware.be\/wp-content\/uploads\/Logo-MIRA-Software.jpg\",\"contentUrl\":\"https:\/\/www.mirasoftware.be\/wp-content\/uploads\/Logo-MIRA-Software.jpg\",\"width\":603,\"height\":617,\"caption\":\"MIRA Software\"},\"image\":{\"@id\":\"https:\/\/www.mirasoftware.be\/#\/schema\/logo\/image\/\"}}]}<\/script>\n<!-- \/ Yoast SEO Premium plugin. -->","yoast_head_json":{"title":"Software di prenotazione per il noleggio di attrezzature | MIRA Software","description":"Riserva di materiale, attrezzature e strumenti per periodo\/progetto. Software di prenotazione e noleggio per la pianificazione e il controllo del materiale.","robots":{"index":"index","follow":"follow","max-snippet":"max-snippet:-1","max-image-preview":"max-image-preview:large","max-video-preview":"max-video-preview:-1"},"canonical":"https:\/\/www.mirasoftware.be\/it\/modules-gestion-du-materiel\/reservation-logiciel-equipement-location","og_locale":"it_IT","og_type":"article","og_title":"Reservatie, verhuur en pickinglijsten","og_description":"Reservatiesoftware en verhuursoftware voor materiaal in \u00e9\u00e9n oplossing Bespaar tijd door te reserveren wat u nodig heeft Met MIRA als reservatiesoftware","og_url":"https:\/\/www.mirasoftware.be\/it\/modules-gestion-du-materiel\/reservation-logiciel-equipement-location","og_site_name":"Mira Software","article_publisher":"https:\/\/www.facebook.com\/MiraSoftware\/","article_modified_time":"2022-08-01T12:40:51+00:00","og_image":[{"url":"https:\/\/www.mirasoftware.be\/wp-content\/uploads\/Reservatie-600x400.jpg"}],"twitter_card":"summary_large_image","twitter_misc":{"Tempo di lettura stimato":"2 minuti"},"schema":{"@context":"https:\/\/schema.org","@graph":[{"@type":"WebPage","@id":"https:\/\/www.mirasoftware.be\/fr\/modules-gestion-du-materiel\/reservation-logiciel-equipement-location","url":"https:\/\/www.mirasoftware.be\/fr\/modules-gestion-du-materiel\/reservation-logiciel-equipement-location","name":"Software di prenotazione per il noleggio di attrezzature | MIRA Software","isPartOf":{"@id":"https:\/\/www.mirasoftware.be\/#website"},"datePublished":"2013-04-19T10:45:12+00:00","dateModified":"2022-08-01T12:40:51+00:00","description":"Riserva di materiale, attrezzature e strumenti per periodo\/progetto. Software di prenotazione e noleggio per la pianificazione e il controllo del materiale.","breadcrumb":{"@id":"https:\/\/www.mirasoftware.be\/fr\/modules-gestion-du-materiel\/reservation-logiciel-equipement-location#breadcrumb"},"inLanguage":"it-IT","potentialAction":[{"@type":"ReadAction","target":["https:\/\/www.mirasoftware.be\/fr\/modules-gestion-du-materiel\/reservation-logiciel-equipement-location"]}]},{"@type":"BreadcrumbList","@id":"https:\/\/www.mirasoftware.be\/fr\/modules-gestion-du-materiel\/reservation-logiciel-equipement-location#breadcrumb","itemListElement":[{"@type":"ListItem","position":1,"name":"Home","item":"https:\/\/www.mirasoftware.be\/nl\/"},{"@type":"ListItem","position":2,"name":"Modules","item":"https:\/\/www.mirasoftware.be\/en_gb\/modules-material-management"},{"@type":"ListItem","position":3,"name":"Reservatie, verhuur en pickinglijsten"}]},{"@type":"WebSite","@id":"https:\/\/www.mirasoftware.be\/#website","url":"https:\/\/www.mirasoftware.be\/","name":"MIRA Software","description":"Gestione dei materiali","publisher":{"@id":"https:\/\/www.mirasoftware.be\/#organization"},"potentialAction":[{"@type":"SearchAction","target":{"@type":"EntryPoint","urlTemplate":"https:\/\/www.mirasoftware.be\/?s={search_term_string}"},"query-input":"required name=search_term_string"}],"inLanguage":"it-IT"},{"@type":"Organization","@id":"https:\/\/www.mirasoftware.be\/#organization","name":"MIRA Software","url":"https:\/\/www.mirasoftware.be\/","sameAs":["https:\/\/www.linkedin.com\/company\/mira-software\/","https:\/\/www.youtube.com\/watch?v=XQfjAqMiTiY","https:\/\/www.facebook.com\/MiraSoftware\/"],"logo":{"@type":"ImageObject","inLanguage":"it-IT","@id":"https:\/\/www.mirasoftware.be\/#\/schema\/logo\/image\/","url":"https:\/\/www.mirasoftware.be\/wp-content\/uploads\/Logo-MIRA-Software.jpg","contentUrl":"https:\/\/www.mirasoftware.be\/wp-content\/uploads\/Logo-MIRA-Software.jpg","width":603,"height":617,"caption":"MIRA Software"},"image":{"@id":"https:\/\/www.mirasoftware.be\/#\/schema\/logo\/image\/"}}]}},"_links":{"self":[{"href":"https:\/\/www.mirasoftware.be\/it\/wp-json\/wp\/v2\/pages\/25"}],"collection":[{"href":"https:\/\/www.mirasoftware.be\/it\/wp-json\/wp\/v2\/pages"}],"about":[{"href":"https:\/\/www.mirasoftware.be\/it\/wp-json\/wp\/v2\/types\/page"}],"author":[{"embeddable":true,"href":"https:\/\/www.mirasoftware.be\/it\/wp-json\/wp\/v2\/users\/1"}],"replies":[{"embeddable":true,"href":"https:\/\/www.mirasoftware.be\/it\/wp-json\/wp\/v2\/comments?post=25"}],"version-history":[{"count":78,"href":"https:\/\/www.mirasoftware.be\/it\/wp-json\/wp\/v2\/pages\/25\/revisions"}],"predecessor-version":[{"id":4525,"href":"https:\/\/www.mirasoftware.be\/it\/wp-json\/wp\/v2\/pages\/25\/revisions\/4525"}],"up":[{"embeddable":true,"href":"https:\/\/www.mirasoftware.be\/it\/wp-json\/wp\/v2\/pages\/5"}],"wp:attachment":[{"href":"https:\/\/www.mirasoftware.be\/it\/wp-json\/wp\/v2\/media?parent=25"}],"curies":[{"name":"wp","href":"https:\/\/api.w.org\/{rel}","templated":true}]}}