{"id":27,"date":"2013-04-19T10:46:05","date_gmt":"2013-04-19T10:46:05","guid":{"rendered":"http:\/\/vpcdcizit:8000\/wp-mira\/?page_id=27"},"modified":"2021-10-15T10:19:39","modified_gmt":"2021-10-15T08:19:39","slug":"voorraadbeheer-en-inventarisatie-materiaal-in-magazijn","status":"publish","type":"page","link":"https:\/\/www.mirasoftware.be\/it\/moduli-gestione-dei-materiali\/gestione-delle-scorte-e-inventario-del-materiale-in-magazzino","title":{"rendered":"Stock e ordini"},"content":{"rendered":"<div  data-label=\"About us\" data-id=\"about-image-section-pro\" data-category=\"about\" class=\"about-image-section-pro\" id=\"about-us-2\" style=\"background-color: #ffffff; background-image: none;\" data-ovid=\"ovid-about-us-2-109\">\n<div  class=\"\">\n<div  class=\"row about-image-gridcol-pro\">\n<div  class=\"about-image-textcol-pro\" data-type=\"column\">\n<h2  class=\"\" style=\"text-align: left;\">Gestione delle scorte e inventario degli strumenti<\/h2>\n<h3  class=\"\" style=\"text-align: left;\">Gestisci l'inventario nel magazzino attraverso la scansione<\/h3>\n<p  class=\"\" style=\"text-align: left;\">Sappi che materiale hai e dove si trova. Ordina delle scorte in tempo e segnala quanto ti serve per ogni articolo e per ogni luogo. Il modulo di gestione delle scorte e degli ordini ti aiuta a monitorare accuratamente queste quantit\u00e0. Niente pi\u00f9 ricerche infinite in file Excel con diverse versioni e schede, ma trova tutto in una panoramica centrale nella nostra applicazione software. Utilizzando un <strong >sistema di scansione<\/strong> , tutto viene registrato e monitorato. La semplicit\u00e0 \u00e8 la chiave di MIRA Software, che rende anche facile il <strong >post-calcolo<\/strong> di progetti e siti. <strong >Un magazzino SMART<\/strong> sar\u00e0 realizzato rapidamente con MIRA Software.<\/p>\n\n<\/div>\n<div  data-type=\"column\" class=\"\"><\/div>\n<\/div>\n<\/div>\n<\/div><div  data-label=\"Content\" data-id=\"content-image-right\" data-category=\"content\" class=\"content-right-image-section content-image-right\" id=\"content-4\" style=\"background-color: #f6f6f6; background-image: none;\" data-ovid=\"ovid-content-4-112\">\n<div  class=\"gridContainer\">\n<div  class=\"content-right-image-gridcol\">\n<div  class=\"content-right-image-textcol dynamic-color\" data-type=\"column\">\n<h2  class=\"\">Inventario delle scorte e gestione delle scorte<\/h2>\n<p  class=\"large_text\">\u00c8 possibile regolare la situazione delle scorte e l'inventario, che sono collegati al modulo di <a  href=\"https:\/\/www.mirasoftware.be\/it\/modules-materieelbeheer\/registratie-gebruik-en-verbruik-materiaal-opvolging-per-project-of-persoon\">registrazione<\/a>, in qualsiasi momento. Ma naturalmente vuoi anche sapere DOVE c'\u00e8 qualcosa. Anche questo \u00e8 possibile! Ad ogni articolo pu\u00f2 essere assegnata una posizione fissa. Cos\u00ec sai sempre dove dev\u2019essere qualcosa. La gestione dello stock pu\u00f2 essere completamente adattata alle esigenze del tuo magazzino (o dei tuoi magazzini), l'economato, i carrelli per l'impilaggio, i contenitori di lavoro, i furgoni,... Qual \u00e8\/era la situazione del tuo stock in una certa data e qual \u00e8\/era il suo valore attuale? Questo modulo di stock ti d\u00e0 una risposta chiara attraverso le schermate di consultazione.<\/p>\n\n<\/div>\n<div  class=\"content-right-image-imgcol\" data-type=\"column\">\n<h2  class=\"\"><\/h2>\n<img decoding=\"async\"  loading=\"lazy\" src=\"https:\/\/www.mirasoftware.be\/wp-content\/uploads\/DSCN2820-scaled.jpg\" class=\"alignnone\" alt=\"scanner per gestione di stock\">\n\n<\/div>\n<\/div>\n<\/div>\n<\/div><div  data-label=\"Features\" data-id=\"features-small-image-cards-section\" data-category=\"features\" class=\"features-small-image-cards-section\" style=\"background-color: #ffffff; background-image: none;\" id=\"features-6\" data-ovid=\"ovid-features-6-115\">\n<div  class=\"gridContainer\">\n<div  class=\"features-small-image-cards-textrow\">\n<div  class=\"features-small-image-cards-textcol dynamic-color\" data-type=\"column\">\n<h2  class=\"\">Gestire lo stock: come?<\/h2>\n<p  class=\"\">In MIRA Software ci sono predisposte quattro pratiche funzionalit\u00e0 per la gestione delle scorte che ti aiuteranno a mantenere il tuo stock nel magzzino ottimale in ogni momento. Inserisci una volta un orizzonte d'ordine e uno stock minimo per articolo e il software ti aiuter\u00e0 a ricordare quando \u00e8 il momento di effettuare un ordine con il fornitore. Questo pu\u00f2 essere fatto per le attrezzature, ma anche per i materiali di consumo (stock di massa).  Scegliete la digitalizzazione della parte amministrativa con un software di gestione del magazzino!<\/p>\n\n<\/div>\n<\/div>\n<div  class=\"features-small-image-cards-featrow dark-text\" data-type=\"row\">\n<div  class=\"features-small-image-cards-featcol\">\n<div  class=\"features-small-image-cards-featinnerrow flexbox-list\">\n<div  class=\"features-small-image-cards-imgcol\" data-bg=\"image\" style=\"background-image: url('https:\/\/www.mirasoftware.be\/wp-content\/uploads\/noun_notification_3454270.png');\"><\/div>\n<div  class=\"features-small-image-cards-featcol-feattextcol\" data-type=\"column\">\n<h4  class=\"heading103\">1. Orizzonte d\u2019ordine<\/h4>\n<p  class=\"\">Sarai avvisato quando l'orizzonte dell'ordine sar\u00e0 raggiunto. E' un primo avvertimento che le scorte sono quasi esaurite.<\/p>\n\n<\/div>\n<\/div>\n<\/div>\n<div  class=\"features-small-image-cards-featcol\">\n<div  class=\"features-small-image-cards-featinnerrow flexbox-list\">\n<div  class=\"features-small-image-cards-imgcol\" data-bg=\"image\" style=\"background-image: url('https:\/\/www.mirasoftware.be\/wp-content\/uploads\/noun_shopping-list_1824339-1.png');\"><\/div>\n<div  class=\"features-small-image-cards-featcol-feattextcol\" data-type=\"column\">\n<h4  class=\"heading103\">3. Lista di ordine<\/h4>\n<p  class=\"\">Puoi cliccare per inserire l\u2019articolo nell'elenco degli ordini. L\u00ec attende l'approvazione della persona autorizzata per essere ordinato.<\/p>\n\n<\/div>\n<\/div>\n<\/div>\n<div  class=\"features-small-image-cards-featcol\">\n<div  class=\"features-small-image-cards-featinnerrow flexbox-list\">\n<div  class=\"features-small-image-cards-imgcol\" data-bg=\"image\" style=\"background-image: url('https:\/\/www.mirasoftware.be\/wp-content\/uploads\/noun_Warning_849636-2.png');\"><\/div>\n<div  class=\"features-small-image-cards-featcol-feattextcol\" data-type=\"column\">\n<h4  class=\"heading103\">2. Stock minimo<\/h4>\n<p  class=\"\">Quando un articolo scende al di sotto dello stock minimo, si riceve un'altra notifica. Questa \u00e8 la seconda e ultima soglia di allarme.<\/p>\n\n<\/div>\n<\/div>\n<\/div>\n<div  class=\"features-small-image-cards-featcol\">\n<div  class=\"features-small-image-cards-featinnerrow flexbox-list\">\n<div  class=\"features-small-image-cards-imgcol\" data-bg=\"image\" style=\"background-image: url('https:\/\/www.mirasoftware.be\/wp-content\/uploads\/noun_shopping-list_166411-1.png');\"><\/div>\n<div  class=\"features-small-image-cards-featcol-feattextcol\" data-type=\"column\">\n<h4  class=\"heading103\">4. L\u2019ordinativo<\/h4>\n<p  class=\"\">Dall'elenco degli ordini viene redatto un modulo d'ordine definitivo, che viene inviato automaticamente al fornitore.<\/p>\n\n<\/div>\n<\/div>\n<\/div>\n<\/div>\n<\/div>\n<\/div><div  data-label=\"Content\" data-id=\"content-image-right-1\" data-category=\"content\" class=\"content-right-image-section content-image-right-1\" id=\"content-1\" style=\"background-color: #f6f6f6; background-image: none;\" data-ovid=\"ovid-content-1-118\">\n<div  class=\"gridContainer\">\n<div  class=\"content-right-image-gridcol\">\n<div  class=\"content-right-image-textcol dynamic-color\" data-type=\"column\">\n<h2  class=\"\">Gestione delle scorte e post-calcoli<\/h2>\n<p  class=\"large_text\">Una gestione efficiente delle scorte porta a un post-calcolo trasparente dei costi. La funzionalit\u00e0 delle localit\u00e0 \u00e8 utile per i post-calcoli di siti, progetti, formazione, ecc. Per esempio, sai quante viti, bulloni o dadi sono stati usati in un particolare sito o quale dipendente aveva bisogno di pi\u00f9 occhiali e guanti di sicurezza. MIRA Software non solo permette di gestire lo stock, ma anche altri compiti amministrativi come prenotare le consegne, seguire lo storico degli ordini e controllare gli ordini arretrati sono tutti possibili consultando l'applicazione. Gestisci il tuo stock in modo efficiente con MIRA, ti far\u00e0 risparmiare un sacco di calcoli e incertezze.<\/p>\n\n<\/div>\n<div  class=\"content-right-image-imgcol\" data-type=\"column\">\n<h2  class=\"\"><\/h2>\n<img decoding=\"async\"  loading=\"lazy\" src=\"https:\/\/www.mirasoftware.be\/wp-content\/uploads\/facturatie-en-boekhouding.jpg\" class=\"alignnone\" alt=\"post-calcolo degli ordini nella gestione delle scorte e nella gestione dello stock in magazzino\" width=\"8688\" height=\"5792\">\n\n<\/div>\n<\/div>\n<\/div>\n<\/div><div  data-label=\"About us\" data-id=\"about-image-section-pro-1\" data-category=\"about\" class=\"about-image-section-pro about-image-section-pro-1\" id=\"about-us-1\" style=\"background-color: #ffffff; background-image: none;\" data-ovid=\"ovid-about-us-1-121\">\n<div  class=\"gridContainer\">\n<div  class=\"row about-image-gridcol-pro\">\n<div  class=\"about-image-textcol-pro\" data-type=\"column\">\n\n<a class=\"button color1\" href=\"https:\/\/www.mirasoftware.be\/it\/modules-materieelbeheer\" target=\"_self\" data-icon=\"\" rel=\"noopener noreferrer\">Tutti i moduli<\/a>\n<p  class=\"\">MIRA Software e un prodotto di <a  href=\"https:\/\/izit.be\" class=\"\">IZIT bv<\/a><\/p>\n\n<\/div>\n<div  data-type=\"column\" class=\"\"><\/div>\n<\/div>\n<\/div>\n<\/div>","protected":false},"excerpt":{"rendered":"<p>Voorraadbeheer en materiaalinventarisatie Beheer de voorraad in het magazijn via scanning Weet welk materiaal u heeft en op welke locatie het ligt. Bestel tijdig grijpvoorraad bij en leg per artikel vast hoeveel u ervan nodig heeft per locatie. De module Stockbeheer en bestellingen helpt u om deze aantallen nauwgezet op te volgen. Gedaan met eindeloos&hellip; <br \/> <a class=\"button small blue\" href=\"https:\/\/www.mirasoftware.be\/it\/moduli-gestione-dei-materiali\/gestione-delle-scorte-e-inventario-del-materiale-in-magazzino\">Leggi tutto<\/a><\/p>","protected":false},"author":1,"featured_media":0,"parent":5,"menu_order":0,"comment_status":"closed","ping_status":"closed","template":"full-width-homepage-header.php","meta":{"_mi_skip_tracking":false,"_exactmetrics_sitenote_active":false,"_exactmetrics_sitenote_note":"","_exactmetrics_sitenote_category":0},"yoast_head":"<!-- This site is optimized with the Yoast SEO Premium plugin v19.2.1 (Yoast SEO v19.6.1) - https:\/\/yoast.com\/wordpress\/plugins\/seo\/ -->\n<title>Voorraadbeheer materiaal magazijn met scanning software | Mira Software<\/title>\n<meta name=\"description\" content=\"Software voor voorraadbeheer materiaal, materieel en grijpvoorraad in het magazijn.\u00a0Beheer en opvolging stock, bestelbonnen en nacalculaties.\" \/>\n<meta name=\"robots\" content=\"index, follow, max-snippet:-1, max-image-preview:large, max-video-preview:-1\" \/>\n<link rel=\"canonical\" href=\"https:\/\/www.mirasoftware.be\/it\/moduli-gestione-dei-materiali\/gestione-delle-scorte-e-inventario-del-materiale-in-magazzino\" \/>\n<meta property=\"og:locale\" content=\"it_IT\" \/>\n<meta property=\"og:type\" content=\"article\" \/>\n<meta property=\"og:title\" content=\"Stock en bestellingen\" \/>\n<meta property=\"og:description\" content=\"Voorraadbeheer en materiaalinventarisatie Beheer de voorraad in het magazijn via scanning Weet welk materiaal u heeft en op welke locatie het ligt. Bestel\" \/>\n<meta property=\"og:url\" content=\"https:\/\/www.mirasoftware.be\/it\/moduli-gestione-dei-materiali\/gestione-delle-scorte-e-inventario-del-materiale-in-magazzino\" \/>\n<meta property=\"og:site_name\" content=\"Mira Software\" \/>\n<meta property=\"article:publisher\" content=\"https:\/\/www.facebook.com\/MiraSoftware\/\" \/>\n<meta property=\"article:modified_time\" content=\"2021-10-15T08:19:39+00:00\" \/>\n<meta property=\"og:image\" content=\"https:\/\/www.mirasoftware.be\/wp-content\/uploads\/DSCN2820-scaled.jpg\" \/>\n<meta name=\"twitter:card\" content=\"summary_large_image\" \/>\n<meta name=\"twitter:label1\" content=\"Tempo di lettura stimato\" \/>\n\t<meta name=\"twitter:data1\" content=\"3 minuti\" \/>\n<script type=\"application\/ld+json\" class=\"yoast-schema-graph\">{\"@context\":\"https:\/\/schema.org\",\"@graph\":[{\"@type\":\"WebPage\",\"@id\":\"https:\/\/www.mirasoftware.be\/it\/moduli-gestione-dei-materiali\/gestione-delle-scorte-e-inventario-del-materiale-in-magazzino\",\"url\":\"https:\/\/www.mirasoftware.be\/it\/moduli-gestione-dei-materiali\/gestione-delle-scorte-e-inventario-del-materiale-in-magazzino\",\"name\":\"Voorraadbeheer materiaal magazijn met scanning software | Mira Software\",\"isPartOf\":{\"@id\":\"https:\/\/www.mirasoftware.be\/#website\"},\"datePublished\":\"2013-04-19T10:46:05+00:00\",\"dateModified\":\"2021-10-15T08:19:39+00:00\",\"description\":\"Software voor voorraadbeheer materiaal, materieel en grijpvoorraad in het magazijn.\u00a0Beheer en opvolging stock, bestelbonnen en nacalculaties.\",\"breadcrumb\":{\"@id\":\"https:\/\/www.mirasoftware.be\/it\/moduli-gestione-dei-materiali\/gestione-delle-scorte-e-inventario-del-materiale-in-magazzino#breadcrumb\"},\"inLanguage\":\"it-IT\",\"potentialAction\":[{\"@type\":\"ReadAction\",\"target\":[\"https:\/\/www.mirasoftware.be\/it\/moduli-gestione-dei-materiali\/gestione-delle-scorte-e-inventario-del-materiale-in-magazzino\"]}]},{\"@type\":\"BreadcrumbList\",\"@id\":\"https:\/\/www.mirasoftware.be\/it\/moduli-gestione-dei-materiali\/gestione-delle-scorte-e-inventario-del-materiale-in-magazzino#breadcrumb\",\"itemListElement\":[{\"@type\":\"ListItem\",\"position\":1,\"name\":\"Home\",\"item\":\"https:\/\/www.mirasoftware.be\/nl\/\"},{\"@type\":\"ListItem\",\"position\":2,\"name\":\"Modules\",\"item\":\"https:\/\/www.mirasoftware.be\/en_gb\/modules-material-management\"},{\"@type\":\"ListItem\",\"position\":3,\"name\":\"Stock en bestellingen\"}]},{\"@type\":\"WebSite\",\"@id\":\"https:\/\/www.mirasoftware.be\/#website\",\"url\":\"https:\/\/www.mirasoftware.be\/\",\"name\":\"Mira Software\",\"description\":\"Beheer van materiaal\",\"publisher\":{\"@id\":\"https:\/\/www.mirasoftware.be\/#organization\"},\"potentialAction\":[{\"@type\":\"SearchAction\",\"target\":{\"@type\":\"EntryPoint\",\"urlTemplate\":\"https:\/\/www.mirasoftware.be\/?s={search_term_string}\"},\"query-input\":\"required name=search_term_string\"}],\"inLanguage\":\"it-IT\"},{\"@type\":\"Organization\",\"@id\":\"https:\/\/www.mirasoftware.be\/#organization\",\"name\":\"MIRA Software\",\"url\":\"https:\/\/www.mirasoftware.be\/\",\"sameAs\":[\"https:\/\/www.linkedin.com\/company\/mira-software\/\",\"https:\/\/www.youtube.com\/watch?v=XQfjAqMiTiY\",\"https:\/\/www.facebook.com\/MiraSoftware\/\"],\"logo\":{\"@type\":\"ImageObject\",\"inLanguage\":\"it-IT\",\"@id\":\"https:\/\/www.mirasoftware.be\/#\/schema\/logo\/image\/\",\"url\":\"https:\/\/www.mirasoftware.be\/wp-content\/uploads\/Logo-MIRA-Software.jpg\",\"contentUrl\":\"https:\/\/www.mirasoftware.be\/wp-content\/uploads\/Logo-MIRA-Software.jpg\",\"width\":603,\"height\":617,\"caption\":\"MIRA Software\"},\"image\":{\"@id\":\"https:\/\/www.mirasoftware.be\/#\/schema\/logo\/image\/\"}}]}<\/script>\n<!-- \/ Yoast SEO Premium plugin. -->","yoast_head_json":{"title":"Gestione delle scorte del magazzino dei materiali con software di scansione | MIRA Software","description":"Software per gestione dell'inventario del materiale, delle attrezzature e delle giacenze di magazzino.\u00a0Gestione e controllo dello stock, dei moduli d'ordine e dei postcalcoli","robots":{"index":"index","follow":"follow","max-snippet":"max-snippet:-1","max-image-preview":"max-image-preview:large","max-video-preview":"max-video-preview:-1"},"canonical":"https:\/\/www.mirasoftware.be\/it\/moduli-gestione-dei-materiali\/gestione-delle-scorte-e-inventario-del-materiale-in-magazzino","og_locale":"it_IT","og_type":"article","og_title":"Stock en bestellingen","og_description":"Voorraadbeheer en materiaalinventarisatie Beheer de voorraad in het magazijn via scanning Weet welk materiaal u heeft en op welke locatie het ligt. Bestel","og_url":"https:\/\/www.mirasoftware.be\/it\/moduli-gestione-dei-materiali\/gestione-delle-scorte-e-inventario-del-materiale-in-magazzino","og_site_name":"Mira Software","article_publisher":"https:\/\/www.facebook.com\/MiraSoftware\/","article_modified_time":"2021-10-15T08:19:39+00:00","og_image":[{"url":"https:\/\/www.mirasoftware.be\/wp-content\/uploads\/DSCN2820-scaled.jpg"}],"twitter_card":"summary_large_image","twitter_misc":{"Tempo di lettura stimato":"3 minuti"},"schema":{"@context":"https:\/\/schema.org","@graph":[{"@type":"WebPage","@id":"https:\/\/www.mirasoftware.be\/it\/moduli-gestione-dei-materiali\/gestione-delle-scorte-e-inventario-del-materiale-in-magazzino","url":"https:\/\/www.mirasoftware.be\/it\/moduli-gestione-dei-materiali\/gestione-delle-scorte-e-inventario-del-materiale-in-magazzino","name":"Gestione delle scorte del magazzino dei materiali con software di scansione | MIRA Software","isPartOf":{"@id":"https:\/\/www.mirasoftware.be\/#website"},"datePublished":"2013-04-19T10:46:05+00:00","dateModified":"2021-10-15T08:19:39+00:00","description":"Software per gestione dell'inventario del materiale, delle attrezzature e delle giacenze di magazzino.\u00a0Gestione e controllo dello stock, dei moduli d'ordine e dei postcalcoli","breadcrumb":{"@id":"https:\/\/www.mirasoftware.be\/it\/moduli-gestione-dei-materiali\/gestione-delle-scorte-e-inventario-del-materiale-in-magazzino#breadcrumb"},"inLanguage":"it-IT","potentialAction":[{"@type":"ReadAction","target":["https:\/\/www.mirasoftware.be\/it\/moduli-gestione-dei-materiali\/gestione-delle-scorte-e-inventario-del-materiale-in-magazzino"]}]},{"@type":"BreadcrumbList","@id":"https:\/\/www.mirasoftware.be\/it\/moduli-gestione-dei-materiali\/gestione-delle-scorte-e-inventario-del-materiale-in-magazzino#breadcrumb","itemListElement":[{"@type":"ListItem","position":1,"name":"Home","item":"https:\/\/www.mirasoftware.be\/nl\/"},{"@type":"ListItem","position":2,"name":"Modules","item":"https:\/\/www.mirasoftware.be\/en_gb\/modules-material-management"},{"@type":"ListItem","position":3,"name":"Stock en bestellingen"}]},{"@type":"WebSite","@id":"https:\/\/www.mirasoftware.be\/#website","url":"https:\/\/www.mirasoftware.be\/","name":"MIRA Software","description":"Gestione dei materiali","publisher":{"@id":"https:\/\/www.mirasoftware.be\/#organization"},"potentialAction":[{"@type":"SearchAction","target":{"@type":"EntryPoint","urlTemplate":"https:\/\/www.mirasoftware.be\/?s={search_term_string}"},"query-input":"required name=search_term_string"}],"inLanguage":"it-IT"},{"@type":"Organization","@id":"https:\/\/www.mirasoftware.be\/#organization","name":"MIRA Software","url":"https:\/\/www.mirasoftware.be\/","sameAs":["https:\/\/www.linkedin.com\/company\/mira-software\/","https:\/\/www.youtube.com\/watch?v=XQfjAqMiTiY","https:\/\/www.facebook.com\/MiraSoftware\/"],"logo":{"@type":"ImageObject","inLanguage":"it-IT","@id":"https:\/\/www.mirasoftware.be\/#\/schema\/logo\/image\/","url":"https:\/\/www.mirasoftware.be\/wp-content\/uploads\/Logo-MIRA-Software.jpg","contentUrl":"https:\/\/www.mirasoftware.be\/wp-content\/uploads\/Logo-MIRA-Software.jpg","width":603,"height":617,"caption":"MIRA Software"},"image":{"@id":"https:\/\/www.mirasoftware.be\/#\/schema\/logo\/image\/"}}]}},"_links":{"self":[{"href":"https:\/\/www.mirasoftware.be\/it\/wp-json\/wp\/v2\/pages\/27"}],"collection":[{"href":"https:\/\/www.mirasoftware.be\/it\/wp-json\/wp\/v2\/pages"}],"about":[{"href":"https:\/\/www.mirasoftware.be\/it\/wp-json\/wp\/v2\/types\/page"}],"author":[{"embeddable":true,"href":"https:\/\/www.mirasoftware.be\/it\/wp-json\/wp\/v2\/users\/1"}],"replies":[{"embeddable":true,"href":"https:\/\/www.mirasoftware.be\/it\/wp-json\/wp\/v2\/comments?post=27"}],"version-history":[{"count":119,"href":"https:\/\/www.mirasoftware.be\/it\/wp-json\/wp\/v2\/pages\/27\/revisions"}],"predecessor-version":[{"id":4134,"href":"https:\/\/www.mirasoftware.be\/it\/wp-json\/wp\/v2\/pages\/27\/revisions\/4134"}],"up":[{"embeddable":true,"href":"https:\/\/www.mirasoftware.be\/it\/wp-json\/wp\/v2\/pages\/5"}],"wp:attachment":[{"href":"https:\/\/www.mirasoftware.be\/it\/wp-json\/wp\/v2\/media?parent=27"}],"curies":[{"name":"wp","href":"https:\/\/api.w.org\/{rel}","templated":true}]}}