{"id":2746,"date":"2020-10-26T14:57:21","date_gmt":"2020-10-26T12:57:21","guid":{"rendered":"https:\/\/www.mirasoftware.be\/?page_id=2746"},"modified":"2022-09-07T20:39:36","modified_gmt":"2022-09-07T18:39:36","slug":"klanten-in-de-bouw","status":"publish","type":"page","link":"https:\/\/www.mirasoftware.be\/it\/clienti-nel-settore-delle-costruzioni","title":{"rendered":"Klanten bouwsector"},"content":{"rendered":"<div  data-label=\"About us\" data-id=\"about-image-section-pro\" data-category=\"about\" class=\"about-image-section-pro\" id=\"about-us-2\" style=\"background-color: #ffffff; background-image: none;\" data-ovid=\"ovid-about-us-2-109\">\r\n<div  class=\"gridContainer\">\r\n<div  class=\"row about-image-gridcol-pro\">\r\n<div  class=\"about-image-textcol-pro\" data-type=\"column\">\r\n<h2  class=\"\">MIRA Software nel settore della costruzione<\/h2>\r\n<p  class=\"\">Quando si pensa a un'impresa di costruzioni, si pensa immediatamente ai materiali e agli strumenti. Per\u00f2 non \u00e8 sempre facile avere una buona panoramica di tutti i materiali e strumenti come organizzazione. Vuoi ordine e chiarezza senza perdere tempo? \u00c8 proprio qui che MIRA Software pu\u00f2 aiutare la tua organizzazione. Anche IBS bouw ha scelto MIRA Software. Leggi qui il motivo.<\/p>\r\n<img decoding=\"async\"  loading=\"lazy\" class=\"custom-image alignnone\" src=\"https:\/\/www.mirasoftware.be\/wp-content\/uploads\/cropped-Bouw-scaled-2.jpg\" alt=\"MIRA Software nel settore della costruzione\">\r\n\r\n<\/div>\r\n<div  data-type=\"column\" class=\"\"><\/div>\r\n<\/div>\r\n<\/div>\r\n<\/div><div  data-label=\"About us\" data-id=\"about-image-section-pro-1\" data-category=\"about\" class=\"about-image-section-pro about-image-section-pro-1\" id=\"about-us-1\" style=\"background-color: #ffffff; background-image: none;\" data-ovid=\"ovid-about-us-1-130\">\r\n<div  class=\"gridContainer\">\r\n<div  class=\"row about-image-gridcol-pro\">\r\n<div  class=\"about-image-textcol-pro\" data-type=\"column\">\r\n<h2  class=\"\">Opinione del cliente: IBS Construction<\/h2>\r\n<\/div>\r\n<div  data-type=\"column\" class=\"\"><\/div>\r\n<\/div>\r\n<\/div>\r\n<\/div><div  data-label=\"Content\" data-id=\"content-image-right\" data-category=\"content\" class=\"content-right-image-section content-image-right\" id=\"content-4\" style=\"background-color: #ffffff; background-image: none;\" data-ovid=\"ovid-content-4-112\">\r\n<div  class=\"gridContainer\">\r\n<div  class=\"content-right-image-gridcol\">\r\n<div  class=\"content-right-image-textcol dynamic-color\" data-type=\"column\">\r\n<h4  class=\"\">Quando IBS ha iniziato a usare MIRA Software e perch\u00e9?<\/h4>\r\n<p  class=\"\">\"Abbiamo iniziato a usare MIRA Software a met\u00e0 del 2020. Abbiamo acquistato il programma per ottimizzare il nostro <strong >software di gestione del magazzino<\/strong> . Come impresa di costruzioni, \u00e8 importante sapere in quali progetti si trovano le nostre attrezzature. Con il software MIRA possiamo localizzare le nostre attrezzature in modo semplice. Inoltre, con l'aiuto degli <strong >scanner<\/strong> possiamo facilmente scansionare le attrezzature senza dover fare molta amministrazione.\"<\/p>\r\n\r\n<h4  class=\"\">Come \u00e8 stata l'implementazione di MIRA nell'azienda?<\/h4>\r\n<p  class=\"\">\"L'implementazione \u00e8 stata un po' sconnessa, ma questo era dovuto principalmente al fatto che il nostro database interno non era ancora al passo con i tempi (leggi: dati inquinati). L'implementazione di MIRA come software in s\u00e9 \u00e8 andata liscia ed \u00e8 stata accompagnata da una chiara spiegazione. Con i <strong >modelli di importazione<\/strong> \u00e8 anche (relativamente) facile caricare i dati nel database del software MIRA. Il software stesso \u00e8 anche molto <strong >facile da usare<\/strong> , il che assicura che i colleghi possano lavorarci rapidamente\".<\/p>\r\n\r\n<h4  class=\"\">Siete soddisfatti delle possibilit\u00e0 che MIRA Software pu\u00f2 offrire?<\/h4>\r\n<p  class=\"\">\"In termini di software di gestione delle attrezzature, le caratteristiche pi\u00f9 importanti ci sono sicuramente! Il software soddisfa ampiamente le nostre aspettative. Naturalmente, ci sono sempre (piccole) cose che possono essere migliorate e ci sono alcune funzionalit\u00e0 che vorremmo vedere aggiunte. Il team di sviluppo \u00e8 sempre aperto ad ascoltare i nostri commenti ed eventualmente aggiungere funzionalit\u00e0\".<\/p>\r\n<p  class=\"\">(<a  href=\"https:\/\/www.ibs-bouw.be\" class=\"\">IBS Bouw<\/a>, 2021)<\/p>\r\n\r\n<\/div>\r\n<div  class=\"content-right-image-imgcol\" data-type=\"column\"><img decoding=\"async\"  loading=\"lazy\" src=\"https:\/\/www.mirasoftware.be\/wp-content\/uploads\/ibs-logo-vierkant.jpg\" class=\"alignnone\" width=\"1768\" height=\"1772\" alt=\"IBS Bouw utilizza il software MIRA per la gestione del magazzino\"><\/div>\r\n<\/div>\r\n<\/div>\r\n<\/div><div  data-label=\"About us\" data-id=\"about-image-section-pro-3\" data-category=\"about\" class=\"about-image-section-pro about-image-section-pro-3\" id=\"about-us-3\" style=\"background-color: #f6f6f6;\">\r\n<div  class=\"gridContainer\">\r\n<div  class=\"row about-image-gridcol-pro\">\r\n<div  class=\"about-image-textcol-pro\" data-type=\"column\"><a class=\"button color1\" href=\"https:\/\/www.mirasoftware.be\/it\/\" target=\"_self\" data-icon=\"\" rel=\"noopener noreferrer\">Torna alla HOME<\/a><\/div>\r\n<div  data-type=\"column\" class=\"\"><\/div>\r\n<\/div>\r\n<\/div>\r\n<\/div>","protected":false},"excerpt":{"rendered":"<p>MIRA Software in de bouwsector Wie aan een bouwbedrijf denkt, stelt zich onmiddellijk ook materiaal en gereedschap voor. Toch is het niet steeds zo eenvoudig om als organisatie een goed overzicht op alle materiaal en gereedschap te bewaren. Wilt u orde en overzicht zonder tijdverlies? Net hier kan MIRA Software hulp bieden in uw organisatie.&hellip; <br \/> <a class=\"button small blue\" href=\"https:\/\/www.mirasoftware.be\/it\/clienti-nel-settore-delle-costruzioni\">Leggi tutto<\/a><\/p>","protected":false},"author":8,"featured_media":0,"parent":0,"menu_order":0,"comment_status":"closed","ping_status":"closed","template":"full-width-homepage-header.php","meta":{"_mi_skip_tracking":false,"_exactmetrics_sitenote_active":false,"_exactmetrics_sitenote_note":"","_exactmetrics_sitenote_category":0},"yoast_head":"<!-- This site is optimized with the Yoast SEO Premium plugin v19.2.1 (Yoast SEO v19.6.1) - https:\/\/yoast.com\/wordpress\/plugins\/seo\/ -->\n<title>Mira Software materiaal- en magazijnbeheer in de bouw | Mira Software<\/title>\n<meta name=\"description\" content=\"MIRA Software is een tool voor overzicht en opvolging van materiaal en materieel. Geschikt voor de bouw, kleine en grote bedrijven.\" \/>\n<meta name=\"robots\" content=\"index, follow, max-snippet:-1, max-image-preview:large, max-video-preview:-1\" \/>\n<link rel=\"canonical\" href=\"https:\/\/www.mirasoftware.be\/it\/kunden-im-bau-industrie\" \/>\n<meta property=\"og:locale\" content=\"it_IT\" \/>\n<meta property=\"og:type\" content=\"article\" \/>\n<meta property=\"og:title\" content=\"Klanten bouwsector\" \/>\n<meta property=\"og:description\" content=\"MIRA Software in de bouwsector Wie aan een bouwbedrijf denkt, stelt zich onmiddellijk ook materiaal en gereedschap voor. Toch is het niet steeds zo\" \/>\n<meta property=\"og:url\" content=\"https:\/\/www.mirasoftware.be\/it\/kunden-im-bau-industrie\" \/>\n<meta property=\"og:site_name\" content=\"Mira Software\" \/>\n<meta property=\"article:publisher\" content=\"https:\/\/www.facebook.com\/MiraSoftware\/\" \/>\n<meta property=\"article:modified_time\" content=\"2022-09-07T18:39:36+00:00\" \/>\n<meta property=\"og:image\" content=\"https:\/\/www.mirasoftware.be\/wp-content\/uploads\/cropped-Bouw-scaled-2.jpg\" \/>\n<meta name=\"twitter:card\" content=\"summary_large_image\" \/>\n<meta name=\"twitter:label1\" content=\"Tempo di lettura stimato\" \/>\n\t<meta name=\"twitter:data1\" content=\"2 minuti\" \/>\n<script type=\"application\/ld+json\" class=\"yoast-schema-graph\">{\"@context\":\"https:\/\/schema.org\",\"@graph\":[{\"@type\":\"WebPage\",\"@id\":\"https:\/\/www.mirasoftware.be\/de\/kunden-im-bau-industrie\",\"url\":\"https:\/\/www.mirasoftware.be\/de\/kunden-im-bau-industrie\",\"name\":\"Mira Software materiaal- en magazijnbeheer in de bouw | Mira Software\",\"isPartOf\":{\"@id\":\"https:\/\/www.mirasoftware.be\/#website\"},\"datePublished\":\"2020-10-26T12:57:21+00:00\",\"dateModified\":\"2022-09-07T18:39:36+00:00\",\"description\":\"MIRA Software is een tool voor overzicht en opvolging van materiaal en materieel. Geschikt voor de bouw, kleine en grote bedrijven.\",\"breadcrumb\":{\"@id\":\"https:\/\/www.mirasoftware.be\/de\/kunden-im-bau-industrie#breadcrumb\"},\"inLanguage\":\"it-IT\",\"potentialAction\":[{\"@type\":\"ReadAction\",\"target\":[\"https:\/\/www.mirasoftware.be\/de\/kunden-im-bau-industrie\"]}]},{\"@type\":\"BreadcrumbList\",\"@id\":\"https:\/\/www.mirasoftware.be\/de\/kunden-im-bau-industrie#breadcrumb\",\"itemListElement\":[{\"@type\":\"ListItem\",\"position\":1,\"name\":\"Home\",\"item\":\"https:\/\/www.mirasoftware.be\/nl\/\"},{\"@type\":\"ListItem\",\"position\":2,\"name\":\"Klanten bouwsector\"}]},{\"@type\":\"WebSite\",\"@id\":\"https:\/\/www.mirasoftware.be\/#website\",\"url\":\"https:\/\/www.mirasoftware.be\/\",\"name\":\"Mira Software\",\"description\":\"Beheer van materiaal\",\"publisher\":{\"@id\":\"https:\/\/www.mirasoftware.be\/#organization\"},\"potentialAction\":[{\"@type\":\"SearchAction\",\"target\":{\"@type\":\"EntryPoint\",\"urlTemplate\":\"https:\/\/www.mirasoftware.be\/?s={search_term_string}\"},\"query-input\":\"required name=search_term_string\"}],\"inLanguage\":\"it-IT\"},{\"@type\":\"Organization\",\"@id\":\"https:\/\/www.mirasoftware.be\/#organization\",\"name\":\"MIRA Software\",\"url\":\"https:\/\/www.mirasoftware.be\/\",\"sameAs\":[\"https:\/\/www.linkedin.com\/company\/mira-software\/\",\"https:\/\/www.youtube.com\/watch?v=XQfjAqMiTiY\",\"https:\/\/www.facebook.com\/MiraSoftware\/\"],\"logo\":{\"@type\":\"ImageObject\",\"inLanguage\":\"it-IT\",\"@id\":\"https:\/\/www.mirasoftware.be\/#\/schema\/logo\/image\/\",\"url\":\"https:\/\/www.mirasoftware.be\/wp-content\/uploads\/Logo-MIRA-Software.jpg\",\"contentUrl\":\"https:\/\/www.mirasoftware.be\/wp-content\/uploads\/Logo-MIRA-Software.jpg\",\"width\":603,\"height\":617,\"caption\":\"MIRA Software\"},\"image\":{\"@id\":\"https:\/\/www.mirasoftware.be\/#\/schema\/logo\/image\/\"}}]}<\/script>\n<!-- \/ Yoast SEO Premium plugin. -->","yoast_head_json":{"title":"MIRA Software gestione del materiale e del magazzino nella settore delle costruzioni | MIRA Software","description":"Il software MIRA \u00e8 uno strumento per la panoramica e il follow-up del materiale e delle attrezzature. Adatto per l'industria delle costruzioni, piccole e grandi aziende.","robots":{"index":"index","follow":"follow","max-snippet":"max-snippet:-1","max-image-preview":"max-image-preview:large","max-video-preview":"max-video-preview:-1"},"canonical":"https:\/\/www.mirasoftware.be\/it\/kunden-im-bau-industrie","og_locale":"it_IT","og_type":"article","og_title":"Klanten bouwsector","og_description":"MIRA Software in de bouwsector Wie aan een bouwbedrijf denkt, stelt zich onmiddellijk ook materiaal en gereedschap voor. Toch is het niet steeds zo","og_url":"https:\/\/www.mirasoftware.be\/it\/kunden-im-bau-industrie","og_site_name":"Mira Software","article_publisher":"https:\/\/www.facebook.com\/MiraSoftware\/","article_modified_time":"2022-09-07T18:39:36+00:00","og_image":[{"url":"https:\/\/www.mirasoftware.be\/wp-content\/uploads\/cropped-Bouw-scaled-2.jpg"}],"twitter_card":"summary_large_image","twitter_misc":{"Tempo di lettura stimato":"2 minuti"},"schema":{"@context":"https:\/\/schema.org","@graph":[{"@type":"WebPage","@id":"https:\/\/www.mirasoftware.be\/de\/kunden-im-bau-industrie","url":"https:\/\/www.mirasoftware.be\/de\/kunden-im-bau-industrie","name":"MIRA Software gestione del materiale e del magazzino nella settore delle costruzioni | MIRA Software","isPartOf":{"@id":"https:\/\/www.mirasoftware.be\/#website"},"datePublished":"2020-10-26T12:57:21+00:00","dateModified":"2022-09-07T18:39:36+00:00","description":"Il software MIRA \u00e8 uno strumento per la panoramica e il follow-up del materiale e delle attrezzature. Adatto per l'industria delle costruzioni, piccole e grandi aziende.","breadcrumb":{"@id":"https:\/\/www.mirasoftware.be\/de\/kunden-im-bau-industrie#breadcrumb"},"inLanguage":"it-IT","potentialAction":[{"@type":"ReadAction","target":["https:\/\/www.mirasoftware.be\/de\/kunden-im-bau-industrie"]}]},{"@type":"BreadcrumbList","@id":"https:\/\/www.mirasoftware.be\/de\/kunden-im-bau-industrie#breadcrumb","itemListElement":[{"@type":"ListItem","position":1,"name":"Home","item":"https:\/\/www.mirasoftware.be\/nl\/"},{"@type":"ListItem","position":2,"name":"Klanten bouwsector"}]},{"@type":"WebSite","@id":"https:\/\/www.mirasoftware.be\/#website","url":"https:\/\/www.mirasoftware.be\/","name":"MIRA Software","description":"Gestione dei materiali","publisher":{"@id":"https:\/\/www.mirasoftware.be\/#organization"},"potentialAction":[{"@type":"SearchAction","target":{"@type":"EntryPoint","urlTemplate":"https:\/\/www.mirasoftware.be\/?s={search_term_string}"},"query-input":"required name=search_term_string"}],"inLanguage":"it-IT"},{"@type":"Organization","@id":"https:\/\/www.mirasoftware.be\/#organization","name":"MIRA Software","url":"https:\/\/www.mirasoftware.be\/","sameAs":["https:\/\/www.linkedin.com\/company\/mira-software\/","https:\/\/www.youtube.com\/watch?v=XQfjAqMiTiY","https:\/\/www.facebook.com\/MiraSoftware\/"],"logo":{"@type":"ImageObject","inLanguage":"it-IT","@id":"https:\/\/www.mirasoftware.be\/#\/schema\/logo\/image\/","url":"https:\/\/www.mirasoftware.be\/wp-content\/uploads\/Logo-MIRA-Software.jpg","contentUrl":"https:\/\/www.mirasoftware.be\/wp-content\/uploads\/Logo-MIRA-Software.jpg","width":603,"height":617,"caption":"MIRA Software"},"image":{"@id":"https:\/\/www.mirasoftware.be\/#\/schema\/logo\/image\/"}}]}},"_links":{"self":[{"href":"https:\/\/www.mirasoftware.be\/it\/wp-json\/wp\/v2\/pages\/2746"}],"collection":[{"href":"https:\/\/www.mirasoftware.be\/it\/wp-json\/wp\/v2\/pages"}],"about":[{"href":"https:\/\/www.mirasoftware.be\/it\/wp-json\/wp\/v2\/types\/page"}],"author":[{"embeddable":true,"href":"https:\/\/www.mirasoftware.be\/it\/wp-json\/wp\/v2\/users\/8"}],"replies":[{"embeddable":true,"href":"https:\/\/www.mirasoftware.be\/it\/wp-json\/wp\/v2\/comments?post=2746"}],"version-history":[{"count":26,"href":"https:\/\/www.mirasoftware.be\/it\/wp-json\/wp\/v2\/pages\/2746\/revisions"}],"predecessor-version":[{"id":4531,"href":"https:\/\/www.mirasoftware.be\/it\/wp-json\/wp\/v2\/pages\/2746\/revisions\/4531"}],"wp:attachment":[{"href":"https:\/\/www.mirasoftware.be\/it\/wp-json\/wp\/v2\/media?parent=2746"}],"curies":[{"name":"wp","href":"https:\/\/api.w.org\/{rel}","templated":true}]}}