{"id":2773,"date":"2020-10-26T15:57:59","date_gmt":"2020-10-26T13:57:59","guid":{"rendered":"https:\/\/www.mirasoftware.be\/?page_id=2773"},"modified":"2023-04-25T08:30:00","modified_gmt":"2023-04-25T06:30:00","slug":"klanten-materiaalbeheer-onderwijs-en-cultuur","status":"publish","type":"page","link":"https:\/\/www.mirasoftware.be\/it\/clienti-gestione-dei-materiali-educazione-e-cultura","title":{"rendered":"Klanten onderwijs en cultuur"},"content":{"rendered":"<div  data-label=\"About us\" data-id=\"about-image-section-pro\" data-category=\"about\" class=\"about-image-section-pro\" id=\"about-us-2\" style=\"background-color: #ffffff;\">\n<div  class=\"gridContainer\">\n<div  class=\"row about-image-gridcol-pro\">\n<div  class=\"about-image-textcol-pro\" data-type=\"column\">\n<h2  class=\"\">I nostri clienti nel settore dell'educazione e della cultura<\/h2>\n<p  class=\"\">Anche in questo settore si possono usare o prendere in prestito delle attrezzature. Basta pensare ai vari corsi (serali) e pratici in cui si usano strumenti o materiali e gli studenti possono lavorare con tali strumenti. MIRA Software pu\u00f2 essere di grande aiuto non solo nell'educazione ma anche nel settore culturale.<\/p>\n\n<\/div>\n<div  data-type=\"column\" class=\"\"><img decoding=\"async\"  class=\"custom-image\" src=\"https:\/\/www.mirasoftware.be\/wp-content\/uploads\/Onderwijs-cultuur-scaled.jpg\"><\/div>\n<\/div>\n<\/div>\n<\/div><div  data-label=\"About us\" data-id=\"about-image-section-pro-1\" data-category=\"about\" class=\"about-image-section-pro about-image-section-pro-1\" id=\"about-us-1\" style=\"background-color: #ffffff; background-image: none;\" data-ovid=\"ovid-about-us-1-27891\">\n<div  class=\"gridContainer\">\n<div  class=\"row about-image-gridcol-pro\">\n<div  class=\"about-image-textcol-pro\" data-type=\"column\">\n<h2  class=\"\">Opinione del cliente: Codarts<\/h2>\n<\/div>\n<div  data-type=\"column\" class=\"\"><\/div>\n<\/div>\n<\/div>\n<\/div><div  data-label=\"Content\" data-id=\"content-image-left\" data-category=\"content\" class=\"content-left-image-section content-image-left\" id=\"content-3\" style=\"background-color: #f6f6f6;\">\n<div  class=\"gridContainer\">\n<div  class=\"row\">\n<div  class=\"content-left-image-imgcol\" data-type=\"column\"><img decoding=\"async\"  src=\"https:\/\/www.mirasoftware.be\/wp-content\/uploads\/codarts.jpg\" class=\"\"><\/div>\n<div  class=\"content-left-image-textcol dynamic-color\" data-type=\"column\">\n<h4  class=\"\">Per cosa usa Codarts MIRA Software?<\/h4>\n<p  class=\"\">\"Usiamo il MIRA Software per il prestito di attrezzature audiovisive e la gestione degli strumenti (musicali).\"<\/p>\n\n<h4  class=\"\">Qual \u00e8 il pi\u00f9 grande vantaggio di MIRA Software?<\/h4>\n<p  class=\"\">\"Il pi\u00f9 grande vantaggio di MIRA Software \u00e8 la facilit\u00e0 d'uso. C'\u00e8 una navigazione logica attraverso i componenti e le categorie. C'\u00e8 anche una roadmap ambiziosa per soddisfare l'applicazione alle esigenze di processo (con priorit\u00e0).\"<\/p>\n<p  class=\"\">(<a  href=\"https:\/\/www.codarts.nl\" class=\"\">Codarts<\/a>, 2021)<\/p>\n\n<\/div>\n<\/div>\n<\/div>\n<\/div><div  data-label=\"About us\" data-id=\"about-image-section-pro-3\" data-category=\"about\" class=\"about-image-section-pro about-image-section-pro-3\" id=\"about-us-3\" style=\"background-color: rgb(255, 255, 255);\"> <div  class=\"gridContainer\"> <div  class=\"row about-image-gridcol-pro\"> <div  class=\"about-image-textcol-pro\" data-type=\"column\">   <\/div> <div  data-type=\"column\" class=\"\">  <a class=\"button color1\" href=\"https:\/\/www.mirasoftware.be\/it\/\" target=\"_self\" data-icon=\"\" rel=\"noopener noreferrer\">Torna alla HOME<\/a><\/div> <\/div> <\/div> <\/div>","protected":false},"excerpt":{"rendered":"<p>Onze klanten in de onderwijs- en cultuursector Ook in deze sector kan materiaal gebruikt of uitgeleend worden. Denk maar aan verschillende (avond)opleidingen en praktijkrichtingen waarbij gereedschap of materiaal gebruikt wordt en leerlingen ermee aan de slag kunnen. Niet alleen voor het onderwijs, maar ook voor de cultuursector kan MIRA Software een grote hulp zijn. Klanten&hellip; <br \/> <a class=\"button small blue\" href=\"https:\/\/www.mirasoftware.be\/it\/clienti-gestione-dei-materiali-educazione-e-cultura\">Leggi tutto<\/a><\/p>","protected":false},"author":8,"featured_media":0,"parent":0,"menu_order":0,"comment_status":"closed","ping_status":"closed","template":"full-width-homepage-header.php","meta":{"_mi_skip_tracking":false,"_exactmetrics_sitenote_active":false,"_exactmetrics_sitenote_note":"","_exactmetrics_sitenote_category":0},"yoast_head":"<!-- This site is optimized with the Yoast SEO Premium plugin v19.2.1 (Yoast SEO v19.6.1) - https:\/\/yoast.com\/wordpress\/plugins\/seo\/ -->\n<title>Klanten onderwijs en cultuur - Mira Software<\/title>\n<meta name=\"description\" content=\"MIRA Software is een tool voor overzicht en opvolging van materiaal en materieel. Geschikt voor (avond)scholen, mediabedrijven, etc.\" \/>\n<meta name=\"robots\" content=\"index, follow, max-snippet:-1, max-image-preview:large, max-video-preview:-1\" \/>\n<link rel=\"canonical\" href=\"https:\/\/www.mirasoftware.be\/it\/clienti-gestione-dei-materiali-educazione-e-cultura\" \/>\n<meta property=\"og:locale\" content=\"it_IT\" \/>\n<meta property=\"og:type\" content=\"article\" \/>\n<meta property=\"og:title\" content=\"Klanten onderwijs en cultuur\" \/>\n<meta property=\"og:description\" content=\"Onze klanten in de onderwijs- en cultuursector Ook in deze sector kan materiaal gebruikt of uitgeleend worden. Denk maar aan verschillende\" \/>\n<meta property=\"og:url\" content=\"https:\/\/www.mirasoftware.be\/it\/clienti-gestione-dei-materiali-educazione-e-cultura\" \/>\n<meta property=\"og:site_name\" content=\"Mira Software\" \/>\n<meta property=\"article:publisher\" content=\"https:\/\/www.facebook.com\/MiraSoftware\/\" \/>\n<meta property=\"article:modified_time\" content=\"2023-04-25T06:30:00+00:00\" \/>\n<meta property=\"og:image\" content=\"https:\/\/www.mirasoftware.be\/wp-content\/uploads\/Onderwijs-cultuur-scaled.jpg\" \/>\n<meta name=\"twitter:card\" content=\"summary_large_image\" \/>\n<meta name=\"twitter:label1\" content=\"Tempo di lettura stimato\" \/>\n\t<meta name=\"twitter:data1\" content=\"2 minuti\" \/>\n<script type=\"application\/ld+json\" class=\"yoast-schema-graph\">{\"@context\":\"https:\/\/schema.org\",\"@graph\":[{\"@type\":\"WebPage\",\"@id\":\"https:\/\/www.mirasoftware.be\/it\/clienti-gestione-dei-materiali-educazione-e-cultura\",\"url\":\"https:\/\/www.mirasoftware.be\/it\/clienti-gestione-dei-materiali-educazione-e-cultura\",\"name\":\"Klanten onderwijs en cultuur - Mira Software\",\"isPartOf\":{\"@id\":\"https:\/\/www.mirasoftware.be\/#website\"},\"datePublished\":\"2020-10-26T13:57:59+00:00\",\"dateModified\":\"2023-04-25T06:30:00+00:00\",\"description\":\"MIRA Software is een tool voor overzicht en opvolging van materiaal en materieel. Geschikt voor (avond)scholen, mediabedrijven, etc.\",\"breadcrumb\":{\"@id\":\"https:\/\/www.mirasoftware.be\/it\/clienti-gestione-dei-materiali-educazione-e-cultura#breadcrumb\"},\"inLanguage\":\"it-IT\",\"potentialAction\":[{\"@type\":\"ReadAction\",\"target\":[\"https:\/\/www.mirasoftware.be\/it\/clienti-gestione-dei-materiali-educazione-e-cultura\"]}]},{\"@type\":\"BreadcrumbList\",\"@id\":\"https:\/\/www.mirasoftware.be\/it\/clienti-gestione-dei-materiali-educazione-e-cultura#breadcrumb\",\"itemListElement\":[{\"@type\":\"ListItem\",\"position\":1,\"name\":\"Home\",\"item\":\"https:\/\/www.mirasoftware.be\/nl\/\"},{\"@type\":\"ListItem\",\"position\":2,\"name\":\"Klanten onderwijs en cultuur\"}]},{\"@type\":\"WebSite\",\"@id\":\"https:\/\/www.mirasoftware.be\/#website\",\"url\":\"https:\/\/www.mirasoftware.be\/\",\"name\":\"Mira Software\",\"description\":\"Beheer van materiaal\",\"publisher\":{\"@id\":\"https:\/\/www.mirasoftware.be\/#organization\"},\"potentialAction\":[{\"@type\":\"SearchAction\",\"target\":{\"@type\":\"EntryPoint\",\"urlTemplate\":\"https:\/\/www.mirasoftware.be\/?s={search_term_string}\"},\"query-input\":\"required name=search_term_string\"}],\"inLanguage\":\"it-IT\"},{\"@type\":\"Organization\",\"@id\":\"https:\/\/www.mirasoftware.be\/#organization\",\"name\":\"MIRA Software\",\"url\":\"https:\/\/www.mirasoftware.be\/\",\"sameAs\":[\"https:\/\/www.linkedin.com\/company\/mira-software\/\",\"https:\/\/www.youtube.com\/watch?v=XQfjAqMiTiY\",\"https:\/\/www.facebook.com\/MiraSoftware\/\"],\"logo\":{\"@type\":\"ImageObject\",\"inLanguage\":\"it-IT\",\"@id\":\"https:\/\/www.mirasoftware.be\/#\/schema\/logo\/image\/\",\"url\":\"https:\/\/www.mirasoftware.be\/wp-content\/uploads\/Logo-MIRA-Software.jpg\",\"contentUrl\":\"https:\/\/www.mirasoftware.be\/wp-content\/uploads\/Logo-MIRA-Software.jpg\",\"width\":603,\"height\":617,\"caption\":\"MIRA Software\"},\"image\":{\"@id\":\"https:\/\/www.mirasoftware.be\/#\/schema\/logo\/image\/\"}}]}<\/script>\n<!-- \/ Yoast SEO Premium plugin. -->","yoast_head_json":{"title":"Clienti educazione e cultura | MIRA Software","description":"MIRA software \u00e8 uno strumento per la panoramica e il follow-up del materiale e delle attrezzature. Adatto a scuole (serali), aziende di media, ecc.","robots":{"index":"index","follow":"follow","max-snippet":"max-snippet:-1","max-image-preview":"max-image-preview:large","max-video-preview":"max-video-preview:-1"},"canonical":"https:\/\/www.mirasoftware.be\/it\/clienti-gestione-dei-materiali-educazione-e-cultura","og_locale":"it_IT","og_type":"article","og_title":"Klanten onderwijs en cultuur","og_description":"Onze klanten in de onderwijs- en cultuursector Ook in deze sector kan materiaal gebruikt of uitgeleend worden. Denk maar aan verschillende","og_url":"https:\/\/www.mirasoftware.be\/it\/clienti-gestione-dei-materiali-educazione-e-cultura","og_site_name":"Mira Software","article_publisher":"https:\/\/www.facebook.com\/MiraSoftware\/","article_modified_time":"2023-04-25T06:30:00+00:00","og_image":[{"url":"https:\/\/www.mirasoftware.be\/wp-content\/uploads\/Onderwijs-cultuur-scaled.jpg"}],"twitter_card":"summary_large_image","twitter_misc":{"Tempo di lettura stimato":"2 minuti"},"schema":{"@context":"https:\/\/schema.org","@graph":[{"@type":"WebPage","@id":"https:\/\/www.mirasoftware.be\/it\/clienti-gestione-dei-materiali-educazione-e-cultura","url":"https:\/\/www.mirasoftware.be\/it\/clienti-gestione-dei-materiali-educazione-e-cultura","name":"Clienti educazione e cultura | MIRA Software","isPartOf":{"@id":"https:\/\/www.mirasoftware.be\/#website"},"datePublished":"2020-10-26T13:57:59+00:00","dateModified":"2023-04-25T06:30:00+00:00","description":"MIRA software \u00e8 uno strumento per la panoramica e il follow-up del materiale e delle attrezzature. Adatto a scuole (serali), aziende di media, ecc.","breadcrumb":{"@id":"https:\/\/www.mirasoftware.be\/it\/clienti-gestione-dei-materiali-educazione-e-cultura#breadcrumb"},"inLanguage":"it-IT","potentialAction":[{"@type":"ReadAction","target":["https:\/\/www.mirasoftware.be\/it\/clienti-gestione-dei-materiali-educazione-e-cultura"]}]},{"@type":"BreadcrumbList","@id":"https:\/\/www.mirasoftware.be\/it\/clienti-gestione-dei-materiali-educazione-e-cultura#breadcrumb","itemListElement":[{"@type":"ListItem","position":1,"name":"Home","item":"https:\/\/www.mirasoftware.be\/nl\/"},{"@type":"ListItem","position":2,"name":"Klanten onderwijs en cultuur"}]},{"@type":"WebSite","@id":"https:\/\/www.mirasoftware.be\/#website","url":"https:\/\/www.mirasoftware.be\/","name":"MIRA Software","description":"Gestione dei materiali","publisher":{"@id":"https:\/\/www.mirasoftware.be\/#organization"},"potentialAction":[{"@type":"SearchAction","target":{"@type":"EntryPoint","urlTemplate":"https:\/\/www.mirasoftware.be\/?s={search_term_string}"},"query-input":"required name=search_term_string"}],"inLanguage":"it-IT"},{"@type":"Organization","@id":"https:\/\/www.mirasoftware.be\/#organization","name":"MIRA Software","url":"https:\/\/www.mirasoftware.be\/","sameAs":["https:\/\/www.linkedin.com\/company\/mira-software\/","https:\/\/www.youtube.com\/watch?v=XQfjAqMiTiY","https:\/\/www.facebook.com\/MiraSoftware\/"],"logo":{"@type":"ImageObject","inLanguage":"it-IT","@id":"https:\/\/www.mirasoftware.be\/#\/schema\/logo\/image\/","url":"https:\/\/www.mirasoftware.be\/wp-content\/uploads\/Logo-MIRA-Software.jpg","contentUrl":"https:\/\/www.mirasoftware.be\/wp-content\/uploads\/Logo-MIRA-Software.jpg","width":603,"height":617,"caption":"MIRA Software"},"image":{"@id":"https:\/\/www.mirasoftware.be\/#\/schema\/logo\/image\/"}}]}},"_links":{"self":[{"href":"https:\/\/www.mirasoftware.be\/it\/wp-json\/wp\/v2\/pages\/2773"}],"collection":[{"href":"https:\/\/www.mirasoftware.be\/it\/wp-json\/wp\/v2\/pages"}],"about":[{"href":"https:\/\/www.mirasoftware.be\/it\/wp-json\/wp\/v2\/types\/page"}],"author":[{"embeddable":true,"href":"https:\/\/www.mirasoftware.be\/it\/wp-json\/wp\/v2\/users\/8"}],"replies":[{"embeddable":true,"href":"https:\/\/www.mirasoftware.be\/it\/wp-json\/wp\/v2\/comments?post=2773"}],"version-history":[{"count":20,"href":"https:\/\/www.mirasoftware.be\/it\/wp-json\/wp\/v2\/pages\/2773\/revisions"}],"predecessor-version":[{"id":4536,"href":"https:\/\/www.mirasoftware.be\/it\/wp-json\/wp\/v2\/pages\/2773\/revisions\/4536"}],"wp:attachment":[{"href":"https:\/\/www.mirasoftware.be\/it\/wp-json\/wp\/v2\/media?parent=2773"}],"curies":[{"name":"wp","href":"https:\/\/api.w.org\/{rel}","templated":true}]}}