{"id":32,"date":"2013-04-19T10:48:17","date_gmt":"2013-04-19T10:48:17","guid":{"rendered":"http:\/\/vpcdcizit:8000\/wp-mira\/?page_id=32"},"modified":"2021-05-21T11:21:31","modified_gmt":"2021-05-21T09:21:31","slug":"onderhoud-materieel-gereedschap-bijhouden","status":"publish","type":"page","link":"https:\/\/www.mirasoftware.be\/it\/moduli-gestione-dei-materiali\/gestione-della-manutenzione-degli-strumenti","title":{"rendered":"Manutenzione e riparazioni"},"content":{"rendered":"<div data-label=\"Features\" data-id=\"features-square-image-section\" data-category=\"features\" class=\"features-square-image-section\" id=\"features-7\" style=\"background-color: #ffffff; background-image: none;\" data-ovid=\"ovid-features-7-109\">\r\n<div class=\"dynamic-color\">\r\n<div class=\"features-square-image-textrow\">\r\n<div class=\"features-square-image-textcol\" data-type=\"column\">\r\n<h2 class=\"\" style=\"text-align: left;\">Manutenzione, ispezione e riparazione di attrezzature e strumenti<\/h2>\r\n<h3 class=\"\" style=\"text-align: left;\">Segui la manutenzione delle attrezzature e degli strumenti<\/h3>\r\n<p class=\"\" style=\"text-align: left;\">Il modulo di manutenzione di MIRA Software permette una <strong>gestione efficiente della manutenzione<\/strong> . Sei tenuto aggiornato sulla manutenzione delle attrezzature, sulle riparazioni e sai quando le attrezzature vengono revisionate o riparate. Dopo la riparazione o la manutenzione, un questionario pu\u00f2 essere compilato per il controllo. Il modulo contiene anche funzioni specifiche per la gestione di <strong>flotte<\/strong> di piccole e medie dimensioni (rimorchi, veicoli di servizio, ecc.) e pu\u00f2 servire come un pratico aiuto per tutti i tipi di ispezioni e controlli sulle attrezzature (interni, esterni, ecc.). Il <strong>certificato di ispezione<\/strong> pu\u00f2 essere collegato digitalmente allo strumento.<\/p>\r\n\r\n<\/div>\r\n<\/div>\r\n<div class=\"features-square-image-innerrow\" data-type=\"row\">\r\n<div class=\"features-square-image-featcol cp4cols cp6cols-tablet\">\r\n\r\n<img decoding=\"async\" loading=\"lazy\" class=\"features-square-image-featimg alignnone\" src=\"https:\/\/www.mirasoftware.be\/wp-content\/uploads\/Onderhoud-1-scaled.jpg\" alt=\"manutenzione di attrezzature e strumenti attraverso la gestione della manutenzione in MIRA\" width=\"2560\" height=\"1709\" \/>\r\n<h3 class=\"\" style=\"text-align: center;\">Manutenzione<\/h3>\r\n<p class=\"\" style=\"text-align: center;\">La frequenza di manutenzione di ogni articolo pu\u00f2 essere inserita una sola volta, dopodich\u00e9 il software fa il resto! Puoi richiedere una semplice panoramica di quali apparecchi - quasi - necessitano di manutenzione. Il magazziniere o il dipendente autorizzato pu\u00f2 pianificare e seguire la manutenzione e le riparazioni degli strumenti internamente o esternamente con MIRA Software. L'apparecchio o il dispositivo riceve automaticamente lo stato \u2018inattivo\u2019. Se necessario, pu\u00f2 essere trasmesso tramite il <a href=\"https:\/\/www.mirasoftware.be\/it\/modules-materieelbeheer\/reservatiesoftware-materiaal-en-materiaalverhuur\">modulo prenotazione<\/a> quando \u00e8 di nuovo disponibile e pu\u00f2 quindi essere utilizzato.<\/p>\r\n\r\n<\/div>\r\n<div class=\"features-square-image-featcol cp4cols cp6cols-tablet\">\r\n\r\n<img decoding=\"async\" loading=\"lazy\" class=\"features-square-image-featimg alignnone\" src=\"https:\/\/www.mirasoftware.be\/wp-content\/uploads\/keuring-en-inspectie-brandblussers-scaled.jpg\" alt=\"controllo e ispezione di materiali e strumenti\" width=\"2560\" height=\"1707\" \/>\r\n<h3 class=\"\" style=\"text-align: center;\">Ispezioni<\/h3>\r\n<p class=\"\" style=\"text-align: center;\">Proprio come le operazioni di manutenzione, possono essere istituite anche ispezioni e controlli del materiale rotabile, delle attrezzature e del materiale. Configura una sola volta e MIRA Software ricorda l'ispezione in avvicinamento o l'ispezione del materiale e degli strumenti. Dopo un'ispezione o un controllo, \u00e8 possibile collegare il certificato di ispezione e qualsiasi altro documento all'articolo.<\/p>\r\n\r\n<\/div>\r\n<div class=\"features-square-image-featcol cp4cols cp6cols-tablet\">\r\n\r\n<img decoding=\"async\" loading=\"lazy\" class=\"features-square-image-featimg alignnone\" src=\"https:\/\/www.mirasoftware.be\/wp-content\/uploads\/herstelling-scaled.jpg\" alt=\"gestione della manutenzione per le riparazioni delle attrezzature\" width=\"2560\" height=\"1709\" \/>\r\n<h3 class=\"\" style=\"text-align: center;\">Riparazioni<\/h3>\r\n<p class=\"\" style=\"text-align: center;\">C'\u00e8 qualcosa che si rompe all'improvviso nella tua azienda o organizzazione? Oltre alle condizioni di manutenzione periodica, lo strumento pu\u00f2 anche essere inviato per la riparazione. Tuttavia, come per la manutenzione e le ispezioni per i strumenti, lo stato dello strumento o dell'utensile viene regolato quando lo si invia per la riparazione. In questo modo tutti possono scoprire se un articolo \u00e8 disponibile e non si perde tempo cercando invano un articolo in riparazione. Hai dimenticato di registrare una riparazione? Nessun problema, si pu\u00f2 sempre inserire la data corretta in un altro momento.<\/p>\r\n\r\n<\/div>\r\n<\/div>\r\n<\/div>\r\n<\/div>\r\n<div data-label=\"Content\" data-id=\"content-image-left\" data-category=\"content\" class=\"content-left-image-section content-image-left\" id=\"content-3\" style=\"background-color: #f6f6f6; background-image: none;\" data-ovid=\"ovid-content-3-112\">\r\n<div class=\"gridContainer\">\r\n<div class=\"row\">\r\n<div class=\"content-left-image-imgcol\" data-type=\"column\"><img decoding=\"async\" loading=\"lazy\" src=\"https:\/\/www.mirasoftware.be\/wp-content\/uploads\/facturatie-en-boekhouding.jpg\" class=\"alignnone\" alt=\"Tenere traccia dei costi di manutenzione e riparazione nel software MIRA\" width=\"8688\" height=\"5792\" \/><\/div>\r\n<div class=\"content-left-image-textcol dynamic-color\" data-type=\"column\">\r\n<h2 class=\"\">Contabilit\u00e0 e fatturazione<\/h2>\r\n<p class=\"large_text\">Il modulo di riparazione e manutenzione delle attrezzature include anche una sezione sulla contabilit\u00e0 e la fatturazione. \u00c8 possibile richiamare lo storico della manutenzione per ogni articolo e quindi vedere esattamente quanto \u00e8 gi\u00e0 stato speso per la manutenzione, i test\/ispezioni e le riparazioni dell'attrezzatura. Questo pu\u00f2 essere facilmente filtrato per dispositivo, gruppo, data, utenti, ...<\/p>\r\n\r\n<\/div>\r\n<\/div>\r\n<\/div>\r\n<\/div>\r\n<div data-label=\"Features\" data-id=\"features-square-image-section-1\" data-category=\"features\" class=\"features-square-image-section features-square-image-section-1\" id=\"features-1\" style=\"background-color: #ffffff; background-image: none;\" data-ovid=\"ovid-features-1-115\">\r\n<div class=\"gridContainer dynamic-color\">\r\n<div class=\"features-square-image-textrow\">\r\n<div class=\"features-square-image-textcol\" data-type=\"column\"><\/div>\r\n<\/div>\r\n<div class=\"features-square-image-innerrow\" data-type=\"row\">\r\n<div class=\"features-square-image-featcol cp6cols-tablet cp12cols\">\r\n<h2 class=\"\" style=\"text-align: center;\">Formulari per la manutenzione delle attrezzature<\/h2>\r\n<p class=\"\" style=\"text-align: center;\">Nel software di manutenzione e riparazione, <a href=\"https:\/\/www.mirasoftware.be\/it\/formulier-koppelen-aan-materiaal\">formulari<\/a> possono essere create, modificate e mantenute per un funzionamento e una sicurezza ottimali. In questo modo, diventa possibile avere un numero di punti di controllo fissi compilati per ogni articolo quando un apparecchio dev\u2019essere mantenuto o ritorna dalla manutenzione. Si tiene un registro di chi ha superato i punti di controllo e spuntato per l'approvazione. In questo modo \u00e8 sempre possibile un doppio controllo degli strumenti, in quanto si sa sempre chi ha completato o terminato la lista di controllo. La gestione della manutenzione diventa un gioco da ragazzi.<\/p>\r\n\r\n<div class=\"spacer\" data-type=\"group\"><span class=\"fa before\"><\/span><i class=\"fa fa-bandcamp color6\" data-reiki-hidden=\"true\"><\/i><span class=\"fa after\"><\/span><\/div>\r\n<h2 class=\"\" style=\"text-align: center;\">Blocco automatico<\/h2>\r\n<p class=\"\" style=\"text-align: center;\">MIRA Software invia notifiche alle persone responsabili di un particolare dispositivo. In questo modo, nulla viene ispezionato, inviato o riparato troppo tardi. Se un'azione periodica non viene eseguita in tempo, MIRA pu\u00f2 bloccare automaticamente questo strumento dall'uso. Questo blocco \u00e8 legato allo stato dell'articolo. Attraverso questi stati, tutti sanno se lo strumento pu\u00f2 essere utilizzato o no. Questi stati standard non sono adatti alla tua organizzazione? Crea stesso degli stati aggiuntivi in modo che il software sia pienamente compatibile con i tuoi processi specifici dell'azienda. Questo ti permette di adattare la manutenzione e le ispezioni delle attrezzature alle tue esigenze.<\/p>\r\n\r\n<\/div>\r\n<\/div>\r\n<\/div>\r\n<\/div>\r\n<div data-label=\"About us\" data-id=\"about-image-section-pro-1\" data-category=\"about\" class=\"about-image-section-pro about-image-section-pro-1\" id=\"about-us-1\" style=\"background-color: #ffffff; background-image: none;\" data-ovid=\"ovid-about-us-1-145\">\r\n<div class=\"\">\r\n<div class=\"row about-image-gridcol-pro\">\r\n<div class=\"about-image-textcol-pro\" data-type=\"column\">\r\n\r\n<a class=\"button color1\" href=\"https:\/\/www.mirasoftware.be\/it\/modules-materieelbeheer\" target=\"_self\" data-icon=\"\" rel=\"noopener noreferrer\">Tutti i moduli<\/a>\r\n<p class=\"\">MIRA Software e un prodotto di <a href=\"https:\/\/izit.be\" class=\"\">IZIT bv<\/a><\/p>\r\n\r\n<\/div>\r\n<div data-type=\"column\" class=\"\"><\/div>\r\n<\/div>\r\n<\/div>\r\n<\/div>","protected":false},"excerpt":{"rendered":"<p>Onderhoud, keuring\/inspectie en herstelling van materieel en gereedschap Volg het onderhoud van materieel en gereedschap op De onderhoudsmodule van MIRA Software laat effici\u00ebnt onderhoudsmanagement toe. U bent op de hoogte van het onderhoud van materieel, reparaties van toestellen en weet wanneer welk materieel wordt onderhouden of gerepareerd wordt. Na reparatie of onderhoud kan een formulier&hellip; <br \/> <a class=\"button small blue\" href=\"https:\/\/www.mirasoftware.be\/it\/moduli-gestione-dei-materiali\/gestione-della-manutenzione-degli-strumenti\">Leggi tutto<\/a><\/p>","protected":false},"author":1,"featured_media":3581,"parent":5,"menu_order":0,"comment_status":"closed","ping_status":"closed","template":"full-width-homepage-header.php","meta":{"_mi_skip_tracking":false,"_exactmetrics_sitenote_active":false,"_exactmetrics_sitenote_note":"","_exactmetrics_sitenote_category":0},"yoast_head":"<!-- This site is optimized with the Yoast SEO Premium plugin v19.2.1 (Yoast SEO v19.6.1) - https:\/\/yoast.com\/wordpress\/plugins\/seo\/ -->\n<title>Onderhoud materieel, opvolgen herstellingen en keuringen | Mira Software<\/title>\n<meta name=\"description\" content=\"Volg onderhoud, keuring, inspectie en herstelling van materieel en gereedschap op. Software voor onderhoudsmanagement met historiek.\" \/>\n<meta name=\"robots\" content=\"index, follow, max-snippet:-1, max-image-preview:large, max-video-preview:-1\" \/>\n<link rel=\"canonical\" href=\"https:\/\/www.mirasoftware.be\/it\/modules-gestion-du-materiel\/suivi-dentretien-equipements-et-outils\" \/>\n<meta property=\"og:locale\" content=\"it_IT\" \/>\n<meta property=\"og:type\" content=\"article\" \/>\n<meta property=\"og:title\" content=\"Onderhoud en herstellingen\" \/>\n<meta property=\"og:description\" content=\"Onderhoud, keuring\/inspectie en herstelling van materieel en gereedschap Volg het onderhoud van materieel en gereedschap op De onderhoudsmodule van MIRA\" \/>\n<meta property=\"og:url\" content=\"https:\/\/www.mirasoftware.be\/it\/modules-gestion-du-materiel\/suivi-dentretien-equipements-et-outils\" \/>\n<meta property=\"og:site_name\" content=\"Mira Software\" \/>\n<meta property=\"article:publisher\" content=\"https:\/\/www.facebook.com\/MiraSoftware\/\" \/>\n<meta property=\"article:modified_time\" content=\"2021-05-21T09:21:31+00:00\" \/>\n<meta property=\"og:image\" content=\"https:\/\/www.mirasoftware.be\/wp-content\/uploads\/brandblusser-app-scaled.jpg\" \/>\n\t<meta property=\"og:image:width\" content=\"2560\" \/>\n\t<meta property=\"og:image:height\" content=\"1920\" \/>\n\t<meta property=\"og:image:type\" content=\"image\/jpeg\" \/>\n<meta name=\"twitter:card\" content=\"summary_large_image\" \/>\n<meta name=\"twitter:label1\" content=\"Tempo di lettura stimato\" \/>\n\t<meta name=\"twitter:data1\" content=\"4 minuti\" \/>\n<script type=\"application\/ld+json\" class=\"yoast-schema-graph\">{\"@context\":\"https:\/\/schema.org\",\"@graph\":[{\"@type\":\"WebPage\",\"@id\":\"https:\/\/www.mirasoftware.be\/fr\/modules-gestion-du-materiel\/suivi-dentretien-equipements-et-outils\",\"url\":\"https:\/\/www.mirasoftware.be\/fr\/modules-gestion-du-materiel\/suivi-dentretien-equipements-et-outils\",\"name\":\"Onderhoud materieel, opvolgen herstellingen en keuringen | Mira Software\",\"isPartOf\":{\"@id\":\"https:\/\/www.mirasoftware.be\/#website\"},\"datePublished\":\"2013-04-19T10:48:17+00:00\",\"dateModified\":\"2021-05-21T09:21:31+00:00\",\"description\":\"Volg onderhoud, keuring, inspectie en herstelling van materieel en gereedschap op. Software voor onderhoudsmanagement met historiek.\",\"breadcrumb\":{\"@id\":\"https:\/\/www.mirasoftware.be\/fr\/modules-gestion-du-materiel\/suivi-dentretien-equipements-et-outils#breadcrumb\"},\"inLanguage\":\"it-IT\",\"potentialAction\":[{\"@type\":\"ReadAction\",\"target\":[\"https:\/\/www.mirasoftware.be\/fr\/modules-gestion-du-materiel\/suivi-dentretien-equipements-et-outils\"]}]},{\"@type\":\"BreadcrumbList\",\"@id\":\"https:\/\/www.mirasoftware.be\/fr\/modules-gestion-du-materiel\/suivi-dentretien-equipements-et-outils#breadcrumb\",\"itemListElement\":[{\"@type\":\"ListItem\",\"position\":1,\"name\":\"Home\",\"item\":\"https:\/\/www.mirasoftware.be\/nl\/\"},{\"@type\":\"ListItem\",\"position\":2,\"name\":\"Modules\",\"item\":\"https:\/\/www.mirasoftware.be\/en_gb\/modules-material-management\"},{\"@type\":\"ListItem\",\"position\":3,\"name\":\"Onderhoud en herstellingen\"}]},{\"@type\":\"WebSite\",\"@id\":\"https:\/\/www.mirasoftware.be\/#website\",\"url\":\"https:\/\/www.mirasoftware.be\/\",\"name\":\"Mira Software\",\"description\":\"Beheer van materiaal\",\"publisher\":{\"@id\":\"https:\/\/www.mirasoftware.be\/#organization\"},\"potentialAction\":[{\"@type\":\"SearchAction\",\"target\":{\"@type\":\"EntryPoint\",\"urlTemplate\":\"https:\/\/www.mirasoftware.be\/?s={search_term_string}\"},\"query-input\":\"required name=search_term_string\"}],\"inLanguage\":\"it-IT\"},{\"@type\":\"Organization\",\"@id\":\"https:\/\/www.mirasoftware.be\/#organization\",\"name\":\"MIRA Software\",\"url\":\"https:\/\/www.mirasoftware.be\/\",\"sameAs\":[\"https:\/\/www.linkedin.com\/company\/mira-software\/\",\"https:\/\/www.youtube.com\/watch?v=XQfjAqMiTiY\",\"https:\/\/www.facebook.com\/MiraSoftware\/\"],\"logo\":{\"@type\":\"ImageObject\",\"inLanguage\":\"it-IT\",\"@id\":\"https:\/\/www.mirasoftware.be\/#\/schema\/logo\/image\/\",\"url\":\"https:\/\/www.mirasoftware.be\/wp-content\/uploads\/Logo-MIRA-Software.jpg\",\"contentUrl\":\"https:\/\/www.mirasoftware.be\/wp-content\/uploads\/Logo-MIRA-Software.jpg\",\"width\":603,\"height\":617,\"caption\":\"MIRA Software\"},\"image\":{\"@id\":\"https:\/\/www.mirasoftware.be\/#\/schema\/logo\/image\/\"}}]}<\/script>\n<!-- \/ Yoast SEO Premium plugin. -->","yoast_head_json":{"title":"Manutenzione attrezzature, follow-up riparazioni e ispezioni | MIRA Software","description":"Tracciare la manutenzione, l'ispezione e la riparazione di attrezzature e strumenti. Software per la gestione della manutenzione con cronologia.","robots":{"index":"index","follow":"follow","max-snippet":"max-snippet:-1","max-image-preview":"max-image-preview:large","max-video-preview":"max-video-preview:-1"},"canonical":"https:\/\/www.mirasoftware.be\/it\/modules-gestion-du-materiel\/suivi-dentretien-equipements-et-outils","og_locale":"it_IT","og_type":"article","og_title":"Onderhoud en herstellingen","og_description":"Onderhoud, keuring\/inspectie en herstelling van materieel en gereedschap Volg het onderhoud van materieel en gereedschap op De onderhoudsmodule van MIRA","og_url":"https:\/\/www.mirasoftware.be\/it\/modules-gestion-du-materiel\/suivi-dentretien-equipements-et-outils","og_site_name":"Mira Software","article_publisher":"https:\/\/www.facebook.com\/MiraSoftware\/","article_modified_time":"2021-05-21T09:21:31+00:00","og_image":[{"width":2560,"height":1920,"url":"https:\/\/www.mirasoftware.be\/wp-content\/uploads\/brandblusser-app-scaled.jpg","type":"image\/jpeg"}],"twitter_card":"summary_large_image","twitter_misc":{"Tempo di lettura stimato":"4 minuti"},"schema":{"@context":"https:\/\/schema.org","@graph":[{"@type":"WebPage","@id":"https:\/\/www.mirasoftware.be\/fr\/modules-gestion-du-materiel\/suivi-dentretien-equipements-et-outils","url":"https:\/\/www.mirasoftware.be\/fr\/modules-gestion-du-materiel\/suivi-dentretien-equipements-et-outils","name":"Manutenzione attrezzature, follow-up riparazioni e ispezioni | MIRA Software","isPartOf":{"@id":"https:\/\/www.mirasoftware.be\/#website"},"datePublished":"2013-04-19T10:48:17+00:00","dateModified":"2021-05-21T09:21:31+00:00","description":"Tracciare la manutenzione, l'ispezione e la riparazione di attrezzature e strumenti. Software per la gestione della manutenzione con cronologia.","breadcrumb":{"@id":"https:\/\/www.mirasoftware.be\/fr\/modules-gestion-du-materiel\/suivi-dentretien-equipements-et-outils#breadcrumb"},"inLanguage":"it-IT","potentialAction":[{"@type":"ReadAction","target":["https:\/\/www.mirasoftware.be\/fr\/modules-gestion-du-materiel\/suivi-dentretien-equipements-et-outils"]}]},{"@type":"BreadcrumbList","@id":"https:\/\/www.mirasoftware.be\/fr\/modules-gestion-du-materiel\/suivi-dentretien-equipements-et-outils#breadcrumb","itemListElement":[{"@type":"ListItem","position":1,"name":"Home","item":"https:\/\/www.mirasoftware.be\/nl\/"},{"@type":"ListItem","position":2,"name":"Modules","item":"https:\/\/www.mirasoftware.be\/en_gb\/modules-material-management"},{"@type":"ListItem","position":3,"name":"Onderhoud en herstellingen"}]},{"@type":"WebSite","@id":"https:\/\/www.mirasoftware.be\/#website","url":"https:\/\/www.mirasoftware.be\/","name":"MIRA Software","description":"Gestione dei materiali","publisher":{"@id":"https:\/\/www.mirasoftware.be\/#organization"},"potentialAction":[{"@type":"SearchAction","target":{"@type":"EntryPoint","urlTemplate":"https:\/\/www.mirasoftware.be\/?s={search_term_string}"},"query-input":"required name=search_term_string"}],"inLanguage":"it-IT"},{"@type":"Organization","@id":"https:\/\/www.mirasoftware.be\/#organization","name":"MIRA Software","url":"https:\/\/www.mirasoftware.be\/","sameAs":["https:\/\/www.linkedin.com\/company\/mira-software\/","https:\/\/www.youtube.com\/watch?v=XQfjAqMiTiY","https:\/\/www.facebook.com\/MiraSoftware\/"],"logo":{"@type":"ImageObject","inLanguage":"it-IT","@id":"https:\/\/www.mirasoftware.be\/#\/schema\/logo\/image\/","url":"https:\/\/www.mirasoftware.be\/wp-content\/uploads\/Logo-MIRA-Software.jpg","contentUrl":"https:\/\/www.mirasoftware.be\/wp-content\/uploads\/Logo-MIRA-Software.jpg","width":603,"height":617,"caption":"MIRA Software"},"image":{"@id":"https:\/\/www.mirasoftware.be\/#\/schema\/logo\/image\/"}}]}},"_links":{"self":[{"href":"https:\/\/www.mirasoftware.be\/it\/wp-json\/wp\/v2\/pages\/32"}],"collection":[{"href":"https:\/\/www.mirasoftware.be\/it\/wp-json\/wp\/v2\/pages"}],"about":[{"href":"https:\/\/www.mirasoftware.be\/it\/wp-json\/wp\/v2\/types\/page"}],"author":[{"embeddable":true,"href":"https:\/\/www.mirasoftware.be\/it\/wp-json\/wp\/v2\/users\/1"}],"replies":[{"embeddable":true,"href":"https:\/\/www.mirasoftware.be\/it\/wp-json\/wp\/v2\/comments?post=32"}],"version-history":[{"count":115,"href":"https:\/\/www.mirasoftware.be\/it\/wp-json\/wp\/v2\/pages\/32\/revisions"}],"predecessor-version":[{"id":4091,"href":"https:\/\/www.mirasoftware.be\/it\/wp-json\/wp\/v2\/pages\/32\/revisions\/4091"}],"up":[{"embeddable":true,"href":"https:\/\/www.mirasoftware.be\/it\/wp-json\/wp\/v2\/pages\/5"}],"wp:featuredmedia":[{"embeddable":true,"href":"https:\/\/www.mirasoftware.be\/it\/wp-json\/wp\/v2\/media\/3581"}],"wp:attachment":[{"href":"https:\/\/www.mirasoftware.be\/it\/wp-json\/wp\/v2\/media?parent=32"}],"curies":[{"name":"wp","href":"https:\/\/api.w.org\/{rel}","templated":true}]}}